{"id":4497,"date":"2025-03-25T09:50:08","date_gmt":"2025-03-25T12:50:08","guid":{"rendered":"https:\/\/sites.uel.br\/proppg\/?page_id=4497"},"modified":"2025-03-25T09:51:18","modified_gmt":"2025-03-25T12:51:18","slug":"edital-proppg-18-2025","status":"publish","type":"page","link":"https:\/\/sites.uel.br\/proppg\/edital-proppg-18-2025\/","title":{"rendered":"Edital PROPPG \u2013 18\/2025"},"content":{"rendered":"\n<p><a href=\"https:\/\/sites.uel.br\/proppg\/wp-content\/uploads\/2025\/03\/Edital_18_2025_distribuicao_de_bolsas_PROPPG_Fundacao_Araucaria202528MP29_assinado.pdf\">Distribui\u00e7\u00e3o de Bolsas Funda\u00e7\u00e3o Arauc\u00e1ria CHAMADA P\u00daBLICA n\u00ba 14\/2024 PROGRAMA DE BOLSAS DE MESTRADO PROFISSIONAL \u2013 Etapa III<\/a><\/p>\n\n\n\n<p>ANEXOS<\/p>\n\n\n\n<p><strong><a href=\"https:\/\/sites.uel.br\/proppg\/wp-content\/uploads\/2025\/03\/Anexo-IV_Chamada-14_2024-Edital-Interno-4.docx\">PLANO DE TRABALHO DO BOLSISTA<\/a><\/strong><\/p>\n\n\n\n<p><strong><a href=\"https:\/\/sites.uel.br\/proppg\/wp-content\/uploads\/2025\/03\/Formulario-de-Indicacao-do-Bolsista-1.docx\">FORMUL\u00c1RIO DE INDICA\u00c7\u00c3O OU SUBSTITUI\u00c7\u00c3O DE BOLSISTAS<\/a><\/strong><\/p>\n\n\n\n<p><a href=\"https:\/\/sites.uel.br\/proppg\/wp-content\/uploads\/2025\/03\/Cadastro-do-Bolsista-1.doc\"><strong>CADASTRO DO BOLSISTA<\/strong><\/a><\/p>\n\n\n\n<p><\/p>\n","protected":false},"excerpt":{"rendered":"<p>Distribui\u00e7\u00e3o de Bolsas Funda\u00e7\u00e3o Arauc\u00e1ria CHAMADA P\u00daBLICA n\u00ba 14\/2024 PROGRAMA DE BOLSAS DE MESTRADO PROFISSIONAL \u2013 Etapa III ANEXOS PLANO DE TRABALHO DO BOLSISTA FORMUL\u00c1RIO DE INDICA\u00c7\u00c3O OU SUBSTITUI\u00c7\u00c3O DE BOLSISTAS CADASTRO DO BOLSISTA<\/p>\n","protected":false},"author":17,"featured_media":0,"parent":0,"menu_order":0,"comment_status":"closed","ping_status":"closed","template":"","meta":{"_acf_changed":false,"_themeisle_gutenberg_block_has_review":false,"footnotes":""},"class_list":["post-4497","page","type-page","status-publish","hentry"],"acf":[],"_links":{"self":[{"href":"https:\/\/sites.uel.br\/proppg\/wp-json\/wp\/v2\/pages\/4497","targetHints":{"allow":["GET"]}}],"collection":[{"href":"https:\/\/sites.uel.br\/proppg\/wp-json\/wp\/v2\/pages"}],"about":[{"href":"https:\/\/sites.uel.br\/proppg\/wp-json\/wp\/v2\/types\/page"}],"author":[{"embeddable":true,"href":"https:\/\/sites.uel.br\/proppg\/wp-json\/wp\/v2\/users\/17"}],"replies":[{"embeddable":true,"href":"https:\/\/sites.uel.br\/proppg\/wp-json\/wp\/v2\/comments?post=4497"}],"version-history":[{"count":2,"href":"https:\/\/sites.uel.br\/proppg\/wp-json\/wp\/v2\/pages\/4497\/revisions"}],"predecessor-version":[{"id":4500,"href":"https:\/\/sites.uel.br\/proppg\/wp-json\/wp\/v2\/pages\/4497\/revisions\/4500"}],"wp:attachment":[{"href":"https:\/\/sites.uel.br\/proppg\/wp-json\/wp\/v2\/media?parent=4497"}],"curies":[{"name":"wp","href":"https:\/\/api.w.org\/{rel}","templated":true}]}}