{"id":3879,"date":"2024-11-01T09:59:42","date_gmt":"2024-11-01T12:59:42","guid":{"rendered":"https:\/\/sites.uel.br\/proppg\/?page_id=3879"},"modified":"2024-11-01T09:59:42","modified_gmt":"2024-11-01T12:59:42","slug":"edital-proppg-59-2024","status":"publish","type":"page","link":"https:\/\/sites.uel.br\/proppg\/edital-proppg-59-2024\/","title":{"rendered":"Edital PROPPG \u2013 59\/2024"},"content":{"rendered":"\n<p><a href=\"https:\/\/sites.uel.br\/proppg\/wp-content\/uploads\/2024\/11\/Edital_interno_distribuicao_de_bolsas_PROPPG_-59-2024.pdf\">Distribui\u00e7\u00e3o de Bolsas Funda\u00e7\u00e3o Arauc\u00e1ria CHAMADA P\u00daBLICA n\u00ba 14\/2024 PROGRAMA DE BOLSAS DE MESTRADO E DOUTORADO.<\/a><\/p>\n\n\n\n<p><a href=\"https:\/\/sites.uel.br\/proppg\/wp-content\/uploads\/2024\/11\/Termo-de-Ciencia-do-Bolsista_Chamada-14_2024.docx\">Termo de Ci\u00eancia do Bolsista<\/a><\/p>\n\n\n\n<p><a href=\"https:\/\/sites.uel.br\/proppg\/wp-content\/uploads\/2024\/11\/Anexo-IV_Chamada-14_2024.docx\">Plano de Trabalho do Bolsista<\/a><\/p>\n\n\n\n<p><\/p>\n","protected":false},"excerpt":{"rendered":"<p>Distribui\u00e7\u00e3o de Bolsas Funda\u00e7\u00e3o Arauc\u00e1ria CHAMADA P\u00daBLICA n\u00ba 14\/2024 PROGRAMA DE BOLSAS DE MESTRADO E DOUTORADO. Termo de Ci\u00eancia do Bolsista Plano de Trabalho do Bolsista<\/p>\n","protected":false},"author":17,"featured_media":0,"parent":0,"menu_order":0,"comment_status":"closed","ping_status":"closed","template":"","meta":{"_acf_changed":false,"_themeisle_gutenberg_block_has_review":false,"footnotes":""},"class_list":["post-3879","page","type-page","status-publish","hentry"],"acf":[],"_links":{"self":[{"href":"https:\/\/sites.uel.br\/proppg\/wp-json\/wp\/v2\/pages\/3879","targetHints":{"allow":["GET"]}}],"collection":[{"href":"https:\/\/sites.uel.br\/proppg\/wp-json\/wp\/v2\/pages"}],"about":[{"href":"https:\/\/sites.uel.br\/proppg\/wp-json\/wp\/v2\/types\/page"}],"author":[{"embeddable":true,"href":"https:\/\/sites.uel.br\/proppg\/wp-json\/wp\/v2\/users\/17"}],"replies":[{"embeddable":true,"href":"https:\/\/sites.uel.br\/proppg\/wp-json\/wp\/v2\/comments?post=3879"}],"version-history":[{"count":1,"href":"https:\/\/sites.uel.br\/proppg\/wp-json\/wp\/v2\/pages\/3879\/revisions"}],"predecessor-version":[{"id":3886,"href":"https:\/\/sites.uel.br\/proppg\/wp-json\/wp\/v2\/pages\/3879\/revisions\/3886"}],"wp:attachment":[{"href":"https:\/\/sites.uel.br\/proppg\/wp-json\/wp\/v2\/media?parent=3879"}],"curies":[{"name":"wp","href":"https:\/\/api.w.org\/{rel}","templated":true}]}}