{"id":3832,"date":"2024-10-18T16:57:35","date_gmt":"2024-10-18T19:57:35","guid":{"rendered":"https:\/\/sites.uel.br\/proppg\/?page_id=3832"},"modified":"2025-01-20T14:26:36","modified_gmt":"2025-01-20T17:26:36","slug":"edital-proppg-57-2024","status":"publish","type":"page","link":"https:\/\/sites.uel.br\/proppg\/edital-proppg-57-2024\/","title":{"rendered":"Edital PROPPG \u2013 58\/2024"},"content":{"rendered":"\n<p><a href=\"https:\/\/sites.uel.br\/proppg\/wp-content\/uploads\/2025\/01\/Edital-PROPPG_58_PDSE_UEL-2024_.pdf\">Edital CAPES N\u00ba 26\/2024 &#8211; PROGRAMA INSTITUCIONAL DE DOUTORADO SANDU\u00cdCHE NO EXTERIOR (PDSE) &#8211; 2024\/2025.<\/a><\/p>\n\n\n\n<p><a href=\"https:\/\/sites.uel.br\/proppg\/wp-content\/uploads\/2024\/10\/Anexo_I___Termo_de_Outorga___1_.pdf\">Anexo I &#8211; TERMO DE OUTORGA E ACEITE DE BOLSA<\/a><\/p>\n\n\n\n<p><a href=\"https:\/\/sites.uel.br\/proppg\/wp-content\/uploads\/2024\/10\/Anexo_II___Declaracao_Reconhecimento_da_Fluencia_Linguistica_do_cooorientador_no_exterior__1_.pdf\">Anexo II &#8211; Declara\u00e7\u00e3o de Reconhecimento da Flu\u00eancia Lingu\u00edstica Institui\u00e7\u00e3o no Exterior<\/a><\/p>\n\n\n\n<p><a href=\"https:\/\/sites.uel.br\/proppg\/wp-content\/uploads\/2024\/10\/Anexo_III___Declaracao_Reconhecimento_da_Fluencia___Orient_Brasileiro.pdf\">Anexo III &#8211; Declara\u00e7\u00e3o de Reconhecimento da Flu\u00eancia Lingu\u00edstica Institui\u00e7\u00e3o Brasileira<\/a><\/p>\n\n\n\n<p><a href=\"https:\/\/sites.uel.br\/proppg\/wp-content\/uploads\/2024\/11\/08102024_Edital_2391763_Anexo_IV__Proficiencia_2024.pdf\">Anexo IV &#8211; Requisitos de profici\u00eancia em l\u00edngua estrangeira<\/a><\/p>\n\n\n\n<p><a href=\"https:\/\/sites.uel.br\/proppg\/wp-content\/uploads\/2024\/10\/Anexo_V___MODELO_DA_DECLARACAO_DO_COORIENTADOR_NO_EXTERIOR_.pdf\">Anexo V &#8211; Modelo da carta do coorientador no exterior<\/a><\/p>\n\n\n\n<p><a href=\"https:\/\/sites.uel.br\/proppg\/wp-content\/uploads\/2024\/10\/Ata-de-Resultado-da-Selecao-Interna.docx\">Ata de Resultado da Sele\u00e7\u00e3o Interna<\/a><\/p>\n\n\n\n<p><a href=\"https:\/\/sites.uel.br\/proppg\/wp-content\/uploads\/2024\/10\/Edital_Modelo_UEL_PDSE2024.docx\">Edital MODELO<\/a><\/p>\n\n\n\n<p><\/p>\n","protected":false},"excerpt":{"rendered":"<p>Edital CAPES N\u00ba 26\/2024 &#8211; PROGRAMA INSTITUCIONAL DE DOUTORADO SANDU\u00cdCHE NO EXTERIOR (PDSE) &#8211; 2024\/2025. Anexo I &#8211; TERMO DE OUTORGA E ACEITE DE BOLSA Anexo II &#8211; Declara\u00e7\u00e3o de Reconhecimento da Flu\u00eancia Lingu\u00edstica Institui\u00e7\u00e3o no Exterior Anexo III &#8211; Declara\u00e7\u00e3o de Reconhecimento da Flu\u00eancia Lingu\u00edstica Institui\u00e7\u00e3o Brasileira Anexo IV &#8211; Requisitos de profici\u00eancia em [&hellip;]<\/p>\n","protected":false},"author":17,"featured_media":0,"parent":0,"menu_order":0,"comment_status":"closed","ping_status":"closed","template":"","meta":{"_acf_changed":false,"_themeisle_gutenberg_block_has_review":false,"footnotes":""},"class_list":["post-3832","page","type-page","status-publish","hentry"],"acf":[],"_links":{"self":[{"href":"https:\/\/sites.uel.br\/proppg\/wp-json\/wp\/v2\/pages\/3832","targetHints":{"allow":["GET"]}}],"collection":[{"href":"https:\/\/sites.uel.br\/proppg\/wp-json\/wp\/v2\/pages"}],"about":[{"href":"https:\/\/sites.uel.br\/proppg\/wp-json\/wp\/v2\/types\/page"}],"author":[{"embeddable":true,"href":"https:\/\/sites.uel.br\/proppg\/wp-json\/wp\/v2\/users\/17"}],"replies":[{"embeddable":true,"href":"https:\/\/sites.uel.br\/proppg\/wp-json\/wp\/v2\/comments?post=3832"}],"version-history":[{"count":7,"href":"https:\/\/sites.uel.br\/proppg\/wp-json\/wp\/v2\/pages\/3832\/revisions"}],"predecessor-version":[{"id":4173,"href":"https:\/\/sites.uel.br\/proppg\/wp-json\/wp\/v2\/pages\/3832\/revisions\/4173"}],"wp:attachment":[{"href":"https:\/\/sites.uel.br\/proppg\/wp-json\/wp\/v2\/media?parent=3832"}],"curies":[{"name":"wp","href":"https:\/\/api.w.org\/{rel}","templated":true}]}}