{"id":3456,"date":"2024-07-26T18:33:35","date_gmt":"2024-07-26T21:33:35","guid":{"rendered":"https:\/\/sites.uel.br\/proppg\/?page_id=3456"},"modified":"2024-07-26T18:33:35","modified_gmt":"2024-07-26T21:33:35","slug":"edital-proppg-33-2024","status":"publish","type":"page","link":"https:\/\/sites.uel.br\/proppg\/edital-proppg-33-2024\/","title":{"rendered":"Edital PROPPG 33\/2024"},"content":{"rendered":"\n<p>Sele\u00e7\u00e3o de propostas com base na Chamada P\u00fablica CNPq No 009\/2024 Programa de Mestrado e Doutorado Acad\u00eamico para Inova\u00e7\u00e3o &#8211; MAI\/DAI.<\/p>\n\n\n\n<p><a href=\"https:\/\/sites.uel.br\/proppg\/wp-content\/uploads\/2024\/07\/Edital_PROPPG_MAIDAI_2024.pdf\">Edital PROPPG 33\/2024<\/a><\/p>\n\n\n\n<p><a href=\"https:\/\/sites.uel.br\/proppg\/wp-content\/uploads\/2024\/07\/ANEXOS-MAI-DAI.doc\">Anexos<\/a><\/p>\n","protected":false},"excerpt":{"rendered":"<p>Sele\u00e7\u00e3o de propostas com base na Chamada P\u00fablica CNPq No 009\/2024 Programa de Mestrado e Doutorado Acad\u00eamico para Inova\u00e7\u00e3o &#8211; MAI\/DAI. Edital PROPPG 33\/2024 Anexos<\/p>\n","protected":false},"author":17,"featured_media":0,"parent":0,"menu_order":0,"comment_status":"closed","ping_status":"closed","template":"","meta":{"_acf_changed":false,"_themeisle_gutenberg_block_has_review":false,"footnotes":""},"class_list":["post-3456","page","type-page","status-publish","hentry"],"acf":[],"_links":{"self":[{"href":"https:\/\/sites.uel.br\/proppg\/wp-json\/wp\/v2\/pages\/3456","targetHints":{"allow":["GET"]}}],"collection":[{"href":"https:\/\/sites.uel.br\/proppg\/wp-json\/wp\/v2\/pages"}],"about":[{"href":"https:\/\/sites.uel.br\/proppg\/wp-json\/wp\/v2\/types\/page"}],"author":[{"embeddable":true,"href":"https:\/\/sites.uel.br\/proppg\/wp-json\/wp\/v2\/users\/17"}],"replies":[{"embeddable":true,"href":"https:\/\/sites.uel.br\/proppg\/wp-json\/wp\/v2\/comments?post=3456"}],"version-history":[{"count":2,"href":"https:\/\/sites.uel.br\/proppg\/wp-json\/wp\/v2\/pages\/3456\/revisions"}],"predecessor-version":[{"id":3459,"href":"https:\/\/sites.uel.br\/proppg\/wp-json\/wp\/v2\/pages\/3456\/revisions\/3459"}],"wp:attachment":[{"href":"https:\/\/sites.uel.br\/proppg\/wp-json\/wp\/v2\/media?parent=3456"}],"curies":[{"name":"wp","href":"https:\/\/api.w.org\/{rel}","templated":true}]}}