{"id":3428,"date":"2024-07-18T11:44:24","date_gmt":"2024-07-18T14:44:24","guid":{"rendered":"https:\/\/sites.uel.br\/proppg\/?page_id=3428"},"modified":"2024-07-18T12:55:14","modified_gmt":"2024-07-18T15:55:14","slug":"edital-proppg-37-2024","status":"publish","type":"page","link":"https:\/\/sites.uel.br\/proppg\/edital-proppg-37-2024\/","title":{"rendered":"Edital ProPPG 37\/2024"},"content":{"rendered":"\n<div style=\"height:30px\" aria-hidden=\"true\" class=\"wp-block-spacer\"><\/div>\n\n\n\n<p>Apoio institucional \u00e0 participa\u00e7\u00e3o em eventos t\u00e9cnicos-cient\u00edficos \u2013 2\u00aa Etapa<br>(EVENTOS DE SETEMBRO DE 2024 A FEVEREIRO DE 2025)<\/p>\n\n\n\n<div style=\"height:30px\" aria-hidden=\"true\" class=\"wp-block-spacer\"><\/div>\n\n\n\n<p><\/p>\n\n\n\n<ul class=\"wp-block-list\">\n<li><a href=\"https:\/\/sites.uel.br\/proppg\/wp-content\/uploads\/2024\/07\/Edital-Interno-APOIO-PARTICIPACAO-EVENTOS-2024-2.pdf\" target=\"_blank\" rel=\"noreferrer noopener\">Edital PROPPG 37\/2024<\/a><\/li>\n<\/ul>\n\n\n\n<ul class=\"wp-block-list\">\n<li><a href=\"https:\/\/forms.gle\/3Gi9vqFZZGvovW7N6\" target=\"_blank\" rel=\"noreferrer noopener\">Formul\u00e1rio de inscri\u00e7\u00e3o<\/a><\/li>\n<\/ul>\n\n\n\n<ul class=\"wp-block-list\">\n<li><a href=\"https:\/\/sites.uel.br\/proppg\/tabelas-de-avaliacao-por-area-do-conhecimento\/\" target=\"_blank\" rel=\"noreferrer noopener\">Tabelas de avalia\u00e7\u00e3o por \u00e1rea do conhecimento<\/a><\/li>\n<\/ul>\n\n\n\n<p><\/p>\n","protected":false},"excerpt":{"rendered":"<p>Apoio institucional \u00e0 participa\u00e7\u00e3o em eventos t\u00e9cnicos-cient\u00edficos \u2013 2\u00aa Etapa(EVENTOS DE SETEMBRO DE 2024 A FEVEREIRO DE 2025)<\/p>\n","protected":false},"author":12,"featured_media":0,"parent":0,"menu_order":0,"comment_status":"closed","ping_status":"closed","template":"","meta":{"_acf_changed":false,"_themeisle_gutenberg_block_has_review":false,"footnotes":""},"class_list":["post-3428","page","type-page","status-publish","hentry"],"acf":[],"_links":{"self":[{"href":"https:\/\/sites.uel.br\/proppg\/wp-json\/wp\/v2\/pages\/3428","targetHints":{"allow":["GET"]}}],"collection":[{"href":"https:\/\/sites.uel.br\/proppg\/wp-json\/wp\/v2\/pages"}],"about":[{"href":"https:\/\/sites.uel.br\/proppg\/wp-json\/wp\/v2\/types\/page"}],"author":[{"embeddable":true,"href":"https:\/\/sites.uel.br\/proppg\/wp-json\/wp\/v2\/users\/12"}],"replies":[{"embeddable":true,"href":"https:\/\/sites.uel.br\/proppg\/wp-json\/wp\/v2\/comments?post=3428"}],"version-history":[{"count":3,"href":"https:\/\/sites.uel.br\/proppg\/wp-json\/wp\/v2\/pages\/3428\/revisions"}],"predecessor-version":[{"id":3433,"href":"https:\/\/sites.uel.br\/proppg\/wp-json\/wp\/v2\/pages\/3428\/revisions\/3433"}],"wp:attachment":[{"href":"https:\/\/sites.uel.br\/proppg\/wp-json\/wp\/v2\/media?parent=3428"}],"curies":[{"name":"wp","href":"https:\/\/api.w.org\/{rel}","templated":true}]}}