{"id":3421,"date":"2024-07-18T11:09:38","date_gmt":"2024-07-18T14:09:38","guid":{"rendered":"https:\/\/sites.uel.br\/proppg\/?page_id=3421"},"modified":"2026-01-19T16:08:22","modified_gmt":"2026-01-19T19:08:22","slug":"tabelas-de-avaliacao-por-area-do-conhecimento","status":"publish","type":"page","link":"https:\/\/sites.uel.br\/proppg\/tabelas-de-avaliacao-por-area-do-conhecimento\/","title":{"rendered":"Tabelas de avalia\u00e7\u00e3o por \u00e1rea do conhecimento 2024"},"content":{"rendered":"\n<div style=\"height:30px\" aria-hidden=\"true\" class=\"wp-block-spacer\"><\/div>\n\n\n\n<p><a href=\"https:\/\/sites.uel.br\/proppg\/wp-content\/uploads\/2024\/03\/1_Tabela_Ciencias_Exatas_e_da_Terra_20241.docx\" target=\"_blank\" rel=\"noreferrer noopener\">I \u2013 Ci\u00eancias Exatas e da Terra<\/a><\/p>\n\n\n\n<p><a href=\"https:\/\/sites.uel.br\/proppg\/wp-content\/uploads\/2024\/03\/2_Tabela_Ciencias_Biologicas_20241.docx\" target=\"_blank\" rel=\"noreferrer noopener\">II \u2013 Ci\u00eancias Bi\u00f3logicas<\/a><\/p>\n\n\n\n<p><a href=\"https:\/\/sites.uel.br\/proppg\/wp-content\/uploads\/2024\/03\/3_Tabela_Engenharias_20241.docx\" target=\"_blank\" rel=\"noreferrer noopener\">III \u2013 Engenharias<\/a><\/p>\n\n\n\n<p><a href=\"https:\/\/sites.uel.br\/proppg\/wp-content\/uploads\/2024\/03\/4_Tabela_Ciencias_da_Saude_20241.docx\" target=\"_blank\" rel=\"noreferrer noopener\">IV \u2013 Ci\u00eancias da Sa\u00fade<\/a><\/p>\n\n\n\n<p><a href=\"https:\/\/sites.uel.br\/proppg\/wp-content\/uploads\/2024\/03\/5_Tabela_Ciencias_Agrarias_20241.docx\" target=\"_blank\" rel=\"noreferrer noopener\">V \u2013 Ci\u00eancias Agr\u00e1rias<\/a><\/p>\n\n\n\n<p><a href=\"https:\/\/sites.uel.br\/proppg\/wp-content\/uploads\/2024\/03\/6_Tabela_Ciencias_Sociais_e_Aplicadas_20241.docx\" target=\"_blank\" rel=\"noreferrer noopener\">VI \u2013 Ci\u00eancias Sociais Aplicadas<\/a><\/p>\n\n\n\n<p><a href=\"https:\/\/sites.uel.br\/proppg\/wp-content\/uploads\/2024\/03\/7_Tabela_Ciencias_Humanas_20241.docx\" target=\"_blank\" rel=\"noreferrer noopener\">VII \u2013 Ci\u00eancias Humanas<\/a><\/p>\n\n\n\n<p><a href=\"https:\/\/sites.uel.br\/proppg\/wp-content\/uploads\/2024\/03\/8_Tabela_Linguistica_Letras_-Artes_20241.docx\" target=\"_blank\" rel=\"noreferrer noopener\">VIII \u2013 Lingu\u00edstica, Letras e Artes<\/a><\/p>\n","protected":false},"excerpt":{"rendered":"<p>I \u2013 Ci\u00eancias Exatas e da Terra II \u2013 Ci\u00eancias Bi\u00f3logicas III \u2013 Engenharias IV \u2013 Ci\u00eancias da Sa\u00fade V \u2013 Ci\u00eancias Agr\u00e1rias VI \u2013 Ci\u00eancias Sociais Aplicadas VII \u2013 Ci\u00eancias Humanas VIII \u2013 Lingu\u00edstica, Letras e Artes<\/p>\n","protected":false},"author":12,"featured_media":0,"parent":0,"menu_order":0,"comment_status":"closed","ping_status":"closed","template":"","meta":{"_acf_changed":false,"_themeisle_gutenberg_block_has_review":false,"footnotes":""},"class_list":["post-3421","page","type-page","status-publish","hentry"],"acf":[],"_links":{"self":[{"href":"https:\/\/sites.uel.br\/proppg\/wp-json\/wp\/v2\/pages\/3421","targetHints":{"allow":["GET"]}}],"collection":[{"href":"https:\/\/sites.uel.br\/proppg\/wp-json\/wp\/v2\/pages"}],"about":[{"href":"https:\/\/sites.uel.br\/proppg\/wp-json\/wp\/v2\/types\/page"}],"author":[{"embeddable":true,"href":"https:\/\/sites.uel.br\/proppg\/wp-json\/wp\/v2\/users\/12"}],"replies":[{"embeddable":true,"href":"https:\/\/sites.uel.br\/proppg\/wp-json\/wp\/v2\/comments?post=3421"}],"version-history":[{"count":2,"href":"https:\/\/sites.uel.br\/proppg\/wp-json\/wp\/v2\/pages\/3421\/revisions"}],"predecessor-version":[{"id":5208,"href":"https:\/\/sites.uel.br\/proppg\/wp-json\/wp\/v2\/pages\/3421\/revisions\/5208"}],"wp:attachment":[{"href":"https:\/\/sites.uel.br\/proppg\/wp-json\/wp\/v2\/media?parent=3421"}],"curies":[{"name":"wp","href":"https:\/\/api.w.org\/{rel}","templated":true}]}}