{"id":3333,"date":"2024-05-22T14:34:22","date_gmt":"2024-05-22T17:34:22","guid":{"rendered":"https:\/\/sites.uel.br\/proppg\/?page_id=3333"},"modified":"2024-05-22T15:05:53","modified_gmt":"2024-05-22T18:05:53","slug":"noticias","status":"publish","type":"page","link":"https:\/\/sites.uel.br\/proppg\/noticias\/","title":{"rendered":"Not\u00edcias"},"content":{"rendered":"\n<div style=\"height:30px\" aria-hidden=\"true\" class=\"wp-block-spacer\"><\/div>\n\n\n\n<p>No \u00faltimo dia 14 de maio de 2024, o Centro de Escrita da UEL promoveu o curso &#8220;Quest\u00f5es \u00c9ticas na Escrita Cient\u00edfica&#8221;, ministrados pelas Professoras Doutoras Carla Mara Hil\u00e1rio Carassa e Juliana Cardoso dos Santos, ambas do Departamento de Ci\u00eancia da Informa\u00e7\u00e3o da UEL.<\/p>\n\n\n\n<p>O curso com dura\u00e7\u00e3o de 8 horas, teve os seguintes temas abordados:<\/p>\n\n\n\n<ul class=\"wp-block-list\">\n<li>\u00c9tica na produ\u00e7\u00e3o cient\u00edfica e suas diretrizes;<\/li>\n<\/ul>\n\n\n\n<ul class=\"wp-block-list\">\n<li>Autoria e Coautoria;<\/li>\n<\/ul>\n\n\n\n<ul class=\"wp-block-list\">\n<li>Pl\u00e1gio, Reciclagem de texto e Reuso de dados.<\/li>\n<\/ul>\n\n\n\n<div style=\"height:30px\" aria-hidden=\"true\" class=\"wp-block-spacer\"><\/div>\n\n\n\n<figure class=\"wp-block-image size-large\"><img loading=\"lazy\" decoding=\"async\" width=\"1024\" height=\"590\" src=\"https:\/\/sites.uel.br\/proppg\/wp-content\/uploads\/2024\/05\/Imagem-do-WhatsApp-de-2024-05-14-as-18.33.32_d2751972-1024x590.jpg\" alt=\"\" class=\"wp-image-3337\" srcset=\"https:\/\/sites.uel.br\/proppg\/wp-content\/uploads\/2024\/05\/Imagem-do-WhatsApp-de-2024-05-14-as-18.33.32_d2751972-1024x590.jpg 1024w, https:\/\/sites.uel.br\/proppg\/wp-content\/uploads\/2024\/05\/Imagem-do-WhatsApp-de-2024-05-14-as-18.33.32_d2751972-300x173.jpg 300w, https:\/\/sites.uel.br\/proppg\/wp-content\/uploads\/2024\/05\/Imagem-do-WhatsApp-de-2024-05-14-as-18.33.32_d2751972-768x443.jpg 768w, https:\/\/sites.uel.br\/proppg\/wp-content\/uploads\/2024\/05\/Imagem-do-WhatsApp-de-2024-05-14-as-18.33.32_d2751972-1536x885.jpg 1536w, https:\/\/sites.uel.br\/proppg\/wp-content\/uploads\/2024\/05\/Imagem-do-WhatsApp-de-2024-05-14-as-18.33.32_d2751972.jpg 1600w\" sizes=\"auto, (max-width: 1024px) 100vw, 1024px\" \/><\/figure>\n\n\n\n<div style=\"height:12px\" aria-hidden=\"true\" class=\"wp-block-spacer\"><\/div>\n\n\n\n<p>Para os participantes que desejam relembrar a tem\u00e1tica abordada ou para aqueles que n\u00e3o puderem comparecer no dia do curso e querem conhecer mais sobre o assunto, as professoras gentilmente permitiram a publica\u00e7\u00e3o do material utilizado\u00a0no\u00a0curso.<\/p>\n\n\n\n<div style=\"height:30px\" aria-hidden=\"true\" class=\"wp-block-spacer\"><\/div>\n\n\n\n<p><a href=\"https:\/\/sites.uel.br\/proppg\/wp-content\/uploads\/2024\/05\/Curso-Etica-e-Plagio-UEL-2024-14.05.2024.pdf\">Curso \u00c9tica e Pl\u00e1gio 2024<\/a><\/p>\n\n\n\n<div style=\"height:30px\" aria-hidden=\"true\" class=\"wp-block-spacer\"><\/div>\n\n\n\n<p>Fonte: Centro de Escrita Acad\u00eamica da UEL<\/p>\n\n\n\n<p><\/p>\n","protected":false},"excerpt":{"rendered":"<p>No \u00faltimo dia 14 de maio de 2024, o Centro de Escrita da UEL promoveu o curso &#8220;Quest\u00f5es \u00c9ticas na Escrita Cient\u00edfica&#8221;, ministrados pelas Professoras Doutoras Carla Mara Hil\u00e1rio Carassa e Juliana Cardoso dos Santos, ambas do Departamento de Ci\u00eancia da Informa\u00e7\u00e3o da UEL. O curso com dura\u00e7\u00e3o de 8 horas, teve os seguintes temas [&hellip;]<\/p>\n","protected":false},"author":12,"featured_media":0,"parent":0,"menu_order":0,"comment_status":"closed","ping_status":"closed","template":"","meta":{"_acf_changed":false,"_themeisle_gutenberg_block_has_review":false,"footnotes":""},"class_list":["post-3333","page","type-page","status-publish","hentry"],"acf":[],"_links":{"self":[{"href":"https:\/\/sites.uel.br\/proppg\/wp-json\/wp\/v2\/pages\/3333","targetHints":{"allow":["GET"]}}],"collection":[{"href":"https:\/\/sites.uel.br\/proppg\/wp-json\/wp\/v2\/pages"}],"about":[{"href":"https:\/\/sites.uel.br\/proppg\/wp-json\/wp\/v2\/types\/page"}],"author":[{"embeddable":true,"href":"https:\/\/sites.uel.br\/proppg\/wp-json\/wp\/v2\/users\/12"}],"replies":[{"embeddable":true,"href":"https:\/\/sites.uel.br\/proppg\/wp-json\/wp\/v2\/comments?post=3333"}],"version-history":[{"count":6,"href":"https:\/\/sites.uel.br\/proppg\/wp-json\/wp\/v2\/pages\/3333\/revisions"}],"predecessor-version":[{"id":3344,"href":"https:\/\/sites.uel.br\/proppg\/wp-json\/wp\/v2\/pages\/3333\/revisions\/3344"}],"wp:attachment":[{"href":"https:\/\/sites.uel.br\/proppg\/wp-json\/wp\/v2\/media?parent=3333"}],"curies":[{"name":"wp","href":"https:\/\/api.w.org\/{rel}","templated":true}]}}