{"id":3299,"date":"2024-05-13T17:28:48","date_gmt":"2024-05-13T20:28:48","guid":{"rendered":"https:\/\/sites.uel.br\/proppg\/?page_id=3299"},"modified":"2024-10-16T16:07:58","modified_gmt":"2024-10-16T19:07:58","slug":"edital-proppg-27-2024","status":"publish","type":"page","link":"https:\/\/sites.uel.br\/proppg\/edital-proppg-27-2024\/","title":{"rendered":"Edital PROPPG &#8211; 27\/2024"},"content":{"rendered":"\n<p>Apoio ao pagamento de tradu\u00e7\u00e3o ou revis\u00e3o de artigos cient\u00edficos.<\/p>\n\n\n\n<p>EDITAL PROPPG &#8211; 27\/2024<\/p>\n\n\n\n<p>ANEXO I &#8211; Formul\u00e1rio para solicita\u00e7\u00e3o de apoio ao pagamento de tradu\u00e7\u00e3o ou revis\u00e3o de artigos cient\u00edficos.<\/p>\n\n\n\n<p>ANEXO II &#8211; Declara\u00e7\u00e3o de ci\u00eancia do Programa de P\u00f3s-Gradua\u00e7\u00e3o.<\/p>\n\n\n\n<p><\/p>\n\n\n\n<p><\/p>\n","protected":false},"excerpt":{"rendered":"<p>Apoio ao pagamento de tradu\u00e7\u00e3o ou revis\u00e3o de artigos cient\u00edficos. EDITAL PROPPG &#8211; 27\/2024 ANEXO I &#8211; Formul\u00e1rio para solicita\u00e7\u00e3o de apoio ao pagamento de tradu\u00e7\u00e3o ou revis\u00e3o de artigos cient\u00edficos. ANEXO II &#8211; Declara\u00e7\u00e3o de ci\u00eancia do Programa de P\u00f3s-Gradua\u00e7\u00e3o.<\/p>\n","protected":false},"author":17,"featured_media":0,"parent":0,"menu_order":0,"comment_status":"closed","ping_status":"closed","template":"","meta":{"_acf_changed":false,"_themeisle_gutenberg_block_has_review":false,"footnotes":""},"class_list":["post-3299","page","type-page","status-publish","hentry"],"acf":[],"_links":{"self":[{"href":"https:\/\/sites.uel.br\/proppg\/wp-json\/wp\/v2\/pages\/3299","targetHints":{"allow":["GET"]}}],"collection":[{"href":"https:\/\/sites.uel.br\/proppg\/wp-json\/wp\/v2\/pages"}],"about":[{"href":"https:\/\/sites.uel.br\/proppg\/wp-json\/wp\/v2\/types\/page"}],"author":[{"embeddable":true,"href":"https:\/\/sites.uel.br\/proppg\/wp-json\/wp\/v2\/users\/17"}],"replies":[{"embeddable":true,"href":"https:\/\/sites.uel.br\/proppg\/wp-json\/wp\/v2\/comments?post=3299"}],"version-history":[{"count":3,"href":"https:\/\/sites.uel.br\/proppg\/wp-json\/wp\/v2\/pages\/3299\/revisions"}],"predecessor-version":[{"id":3811,"href":"https:\/\/sites.uel.br\/proppg\/wp-json\/wp\/v2\/pages\/3299\/revisions\/3811"}],"wp:attachment":[{"href":"https:\/\/sites.uel.br\/proppg\/wp-json\/wp\/v2\/media?parent=3299"}],"curies":[{"name":"wp","href":"https:\/\/api.w.org\/{rel}","templated":true}]}}