{"id":3192,"date":"2024-04-02T16:26:55","date_gmt":"2024-04-02T19:26:55","guid":{"rendered":"https:\/\/sites.uel.br\/proppg\/?page_id=3192"},"modified":"2024-04-02T16:26:55","modified_gmt":"2024-04-02T19:26:55","slug":"abertura-de-inscricoes-para-mestrado-e-doutorado-2024-2","status":"publish","type":"page","link":"https:\/\/sites.uel.br\/proppg\/abertura-de-inscricoes-para-mestrado-e-doutorado-2024-2\/","title":{"rendered":"Abertura de Inscri\u00e7\u00f5es para mestrado e doutorado 2024\/2"},"content":{"rendered":"\n<p><a href=\"https:\/\/sites.uel.br\/proppg\/wp-content\/uploads\/2024\/03\/Edital-022-2024.pdf\">Edital ProPPG\/DPG\/DAM 022\/2024<\/a><\/p>\n\n\n\n<p><a href=\"http:\/\/www.uel.br\/eventos\/sigec\/?id=8977\">Requerimento de isen\u00e7\u00e3o<\/a> (Cad\u00danico)<\/p>\n","protected":false},"excerpt":{"rendered":"<p>Edital ProPPG\/DPG\/DAM 022\/2024 Requerimento de isen\u00e7\u00e3o (Cad\u00danico)<\/p>\n","protected":false},"author":7,"featured_media":0,"parent":0,"menu_order":0,"comment_status":"closed","ping_status":"closed","template":"","meta":{"_acf_changed":false,"_themeisle_gutenberg_block_has_review":false,"footnotes":""},"class_list":["post-3192","page","type-page","status-publish","hentry"],"acf":[],"_links":{"self":[{"href":"https:\/\/sites.uel.br\/proppg\/wp-json\/wp\/v2\/pages\/3192","targetHints":{"allow":["GET"]}}],"collection":[{"href":"https:\/\/sites.uel.br\/proppg\/wp-json\/wp\/v2\/pages"}],"about":[{"href":"https:\/\/sites.uel.br\/proppg\/wp-json\/wp\/v2\/types\/page"}],"author":[{"embeddable":true,"href":"https:\/\/sites.uel.br\/proppg\/wp-json\/wp\/v2\/users\/7"}],"replies":[{"embeddable":true,"href":"https:\/\/sites.uel.br\/proppg\/wp-json\/wp\/v2\/comments?post=3192"}],"version-history":[{"count":1,"href":"https:\/\/sites.uel.br\/proppg\/wp-json\/wp\/v2\/pages\/3192\/revisions"}],"predecessor-version":[{"id":3193,"href":"https:\/\/sites.uel.br\/proppg\/wp-json\/wp\/v2\/pages\/3192\/revisions\/3193"}],"wp:attachment":[{"href":"https:\/\/sites.uel.br\/proppg\/wp-json\/wp\/v2\/media?parent=3192"}],"curies":[{"name":"wp","href":"https:\/\/api.w.org\/{rel}","templated":true}]}}