{"id":3142,"date":"2024-03-26T09:08:04","date_gmt":"2024-03-26T12:08:04","guid":{"rendered":"https:\/\/sites.uel.br\/proppg\/?page_id=3142"},"modified":"2024-03-26T09:36:45","modified_gmt":"2024-03-26T12:36:45","slug":"edital-proppg-16-2024","status":"publish","type":"page","link":"https:\/\/sites.uel.br\/proppg\/edital-proppg-16-2024\/","title":{"rendered":"Edital PROPPG \u2013 16\/2024"},"content":{"rendered":"\n<div style=\"height:30px\" aria-hidden=\"true\" class=\"wp-block-spacer\"><\/div>\n\n\n\n<p><a href=\"https:\/\/sites.uel.br\/proppg\/wp-content\/uploads\/2024\/03\/Edital_PROPPG_PDSE_UEL_2024_assinado_1_assinado.pdf\" target=\"_blank\" rel=\"noreferrer noopener\">REFERENTE \u00c0 EDITAL CAPES N\u00ba 06\/2024 &#8211; PROGRAMA INSTITUCIONAL DE DOUTORADO SANDU\u00cdCHE NO EXTERIOR (PDSE) &#8211; 2024<\/a><\/p>\n\n\n\n<p><a href=\"https:\/\/sites.uel.br\/proppg\/wp-content\/uploads\/2024\/03\/1.-Anexo_I___Termo_de_Outorga.pdf\" target=\"_blank\" rel=\"noreferrer noopener\">Anexo I Termo de Outorga<\/a><\/p>\n\n\n\n<p><a href=\"https:\/\/sites.uel.br\/proppg\/wp-content\/uploads\/2024\/03\/2.-Anexo-II_Declaracao_Reconhecimento_da_Fluencia_Linguistica_do_cooorientador_no_exterior__1_.pdf\" target=\"_blank\" rel=\"noreferrer noopener\">Anexo II Declara\u00e7\u00e3o Reconhecimento da Flu\u00eancia Lingu\u00edstica &#8211; coorientador no exterior<\/a><\/p>\n\n\n\n<p><a href=\"https:\/\/sites.uel.br\/proppg\/wp-content\/uploads\/2024\/03\/3.-AnexoIII_Declaracao_Reconhecimento_da_Fluencia___Orient_Brasileiro.pdf\" target=\"_blank\" rel=\"noreferrer noopener\">Anexo III Declara\u00e7\u00e3o Reconhecimento da Flu\u00eancia Lingu\u00edstica &#8211; Orientador Brasileiro<\/a><\/p>\n\n\n\n<p><a href=\"https:\/\/sites.uel.br\/proppg\/wp-content\/uploads\/2024\/03\/4.-Anexo_IV__Requisitos_Proficiencia_2024.pdf\">Anexo IV Requisitos para apresenta\u00e7\u00e3o do teste de profici\u00eancia em l\u00edngua estrangeira<\/a><\/p>\n\n\n\n<p><a href=\"https:\/\/sites.uel.br\/proppg\/wp-content\/uploads\/2024\/03\/5.-MODELO_DA_DECLARACAO_DO_COORIENTADOR_NO_EXTERIOR_2.pdf\" target=\"_blank\" rel=\"noreferrer noopener\">DECLARACAO DO COORIENTADOR NO EXTERIOR<\/a><\/p>\n\n\n\n<p><a href=\"https:\/\/sites.uel.br\/proppg\/wp-content\/uploads\/2024\/03\/6.-Edital_Modelo_UEL_PDSE2024.docx\" target=\"_blank\" rel=\"noreferrer noopener\">Edital Modelo para Sele\u00e7\u00e3o Interna do PPG<\/a><\/p>\n\n\n\n<p><a href=\"https:\/\/sites.uel.br\/proppg\/wp-content\/uploads\/2024\/03\/7.-Ata-de-Resultado-da-Selecao-Interna.pdf\" target=\"_blank\" rel=\"noreferrer noopener\">Ata de Resultado da Sele\u00e7\u00e3o Interna<\/a> (modelo)<\/p>\n\n\n\n<p><\/p>\n\n\n\n<p><\/p>\n","protected":false},"excerpt":{"rendered":"<p>REFERENTE \u00c0 EDITAL CAPES N\u00ba 06\/2024 &#8211; PROGRAMA INSTITUCIONAL DE DOUTORADO SANDU\u00cdCHE NO EXTERIOR (PDSE) &#8211; 2024 Anexo I Termo de Outorga Anexo II Declara\u00e7\u00e3o Reconhecimento da Flu\u00eancia Lingu\u00edstica &#8211; coorientador no exterior Anexo III Declara\u00e7\u00e3o Reconhecimento da Flu\u00eancia Lingu\u00edstica &#8211; Orientador Brasileiro Anexo IV Requisitos para apresenta\u00e7\u00e3o do teste de profici\u00eancia em l\u00edngua estrangeira [&hellip;]<\/p>\n","protected":false},"author":12,"featured_media":0,"parent":0,"menu_order":0,"comment_status":"closed","ping_status":"closed","template":"","meta":{"_acf_changed":false,"_themeisle_gutenberg_block_has_review":false,"footnotes":""},"class_list":["post-3142","page","type-page","status-publish","hentry"],"acf":[],"_links":{"self":[{"href":"https:\/\/sites.uel.br\/proppg\/wp-json\/wp\/v2\/pages\/3142","targetHints":{"allow":["GET"]}}],"collection":[{"href":"https:\/\/sites.uel.br\/proppg\/wp-json\/wp\/v2\/pages"}],"about":[{"href":"https:\/\/sites.uel.br\/proppg\/wp-json\/wp\/v2\/types\/page"}],"author":[{"embeddable":true,"href":"https:\/\/sites.uel.br\/proppg\/wp-json\/wp\/v2\/users\/12"}],"replies":[{"embeddable":true,"href":"https:\/\/sites.uel.br\/proppg\/wp-json\/wp\/v2\/comments?post=3142"}],"version-history":[{"count":4,"href":"https:\/\/sites.uel.br\/proppg\/wp-json\/wp\/v2\/pages\/3142\/revisions"}],"predecessor-version":[{"id":3151,"href":"https:\/\/sites.uel.br\/proppg\/wp-json\/wp\/v2\/pages\/3142\/revisions\/3151"}],"wp:attachment":[{"href":"https:\/\/sites.uel.br\/proppg\/wp-json\/wp\/v2\/media?parent=3142"}],"curies":[{"name":"wp","href":"https:\/\/api.w.org\/{rel}","templated":true}]}}