{"id":2818,"date":"2024-02-08T10:58:32","date_gmt":"2024-02-08T13:58:32","guid":{"rendered":"https:\/\/sites.uel.br\/proppg\/?page_id=2818"},"modified":"2026-04-23T16:39:10","modified_gmt":"2026-04-23T19:39:10","slug":"editais-abertos","status":"publish","type":"page","link":"https:\/\/sites.uel.br\/proppg\/editais-abertos\/","title":{"rendered":"Editais Abertos"},"content":{"rendered":"\n<div style=\"height:30px\" aria-hidden=\"true\" class=\"wp-block-spacer\"><\/div>\n\n\n\n<h1 class=\"wp-block-heading\"><\/h1>\n\n\n\n<p><a href=\"https:\/\/sites.uel.br\/proppg\/editais\/\" target=\"_blank\" rel=\"noreferrer noopener\">Editais PROPPG<\/a><\/p>\n\n\n\n<p><a href=\"https:\/\/sites.uel.br\/proppg\/categoria-edital\/pos-graduacao\/\" target=\"_blank\" rel=\"noreferrer noopener\">P\u00f3s-Gradua\u00e7\u00e3o<\/a><\/p>\n\n\n\n<p>Edital Oferta Especializa\u00e7\u00e3o 2026\/2<\/p>\n","protected":false},"excerpt":{"rendered":"<p>Editais PROPPG P\u00f3s-Gradua\u00e7\u00e3o Edital Oferta Especializa\u00e7\u00e3o 2026\/2<\/p>\n","protected":false},"author":12,"featured_media":0,"parent":0,"menu_order":0,"comment_status":"closed","ping_status":"closed","template":"","meta":{"_acf_changed":false,"_themeisle_gutenberg_block_has_review":false,"footnotes":""},"class_list":["post-2818","page","type-page","status-publish","hentry"],"acf":[],"_links":{"self":[{"href":"https:\/\/sites.uel.br\/proppg\/wp-json\/wp\/v2\/pages\/2818","targetHints":{"allow":["GET"]}}],"collection":[{"href":"https:\/\/sites.uel.br\/proppg\/wp-json\/wp\/v2\/pages"}],"about":[{"href":"https:\/\/sites.uel.br\/proppg\/wp-json\/wp\/v2\/types\/page"}],"author":[{"embeddable":true,"href":"https:\/\/sites.uel.br\/proppg\/wp-json\/wp\/v2\/users\/12"}],"replies":[{"embeddable":true,"href":"https:\/\/sites.uel.br\/proppg\/wp-json\/wp\/v2\/comments?post=2818"}],"version-history":[{"count":8,"href":"https:\/\/sites.uel.br\/proppg\/wp-json\/wp\/v2\/pages\/2818\/revisions"}],"predecessor-version":[{"id":5749,"href":"https:\/\/sites.uel.br\/proppg\/wp-json\/wp\/v2\/pages\/2818\/revisions\/5749"}],"wp:attachment":[{"href":"https:\/\/sites.uel.br\/proppg\/wp-json\/wp\/v2\/media?parent=2818"}],"curies":[{"name":"wp","href":"https:\/\/api.w.org\/{rel}","templated":true}]}}