{"id":2808,"date":"2024-02-05T10:50:00","date_gmt":"2024-02-05T13:50:00","guid":{"rendered":"https:\/\/sites.uel.br\/proppg\/?page_id=2808"},"modified":"2024-02-05T10:55:38","modified_gmt":"2024-02-05T13:55:38","slug":"edital-proppg-06-2024-apoio-a-traducao-e-revisao-de-artigo-cientifico","status":"publish","type":"page","link":"https:\/\/sites.uel.br\/proppg\/edital-proppg-06-2024-apoio-a-traducao-e-revisao-de-artigo-cientifico\/","title":{"rendered":"Edital PROPPG 06\/2024 \u2013 Apoio \u00e0 tradu\u00e7\u00e3o e revis\u00e3o de artigo cient\u00edfico"},"content":{"rendered":"\n<div style=\"height:30px\" aria-hidden=\"true\" class=\"wp-block-spacer\"><\/div>\n\n\n\n<p><strong>CENTRO DE ESCRITA ACAD\u00caMICA DA UNIVERSIDADE ESTADUAL DE LONDRINA<\/strong><\/p>\n\n\n\n<p><a href=\"https:\/\/sites.uel.br\/proppg\/wp-content\/uploads\/2024\/02\/Edital-PROPPG-06-2024-Centro-de-Escrita-Fase-I.pdf\" target=\"_blank\" rel=\"noreferrer noopener\">Edital PROPPG 06\/2024<\/a><\/p>\n\n\n\n<div style=\"height:30px\" aria-hidden=\"true\" class=\"wp-block-spacer\"><\/div>\n\n\n\n<p><a href=\"https:\/\/docs.google.com\/forms\/d\/e\/1FAIpQLScPq92RhJVCW4Zfyl4UhlKgRb7rG3RWv01-UdmW1QRvMtv0Yg\/viewform\" target=\"_blank\" rel=\"noreferrer noopener\">Formul\u00e1rio de Inscri\u00e7\u00e3o Edital PROPPG 06\/2024 &#8211;&nbsp; Apoio \u00e0 tradu\u00e7\u00e3o e revis\u00e3o de artigo cient\u00edfico<\/a><\/p>\n\n\n\n<div style=\"height:30px\" aria-hidden=\"true\" class=\"wp-block-spacer\"><\/div>\n","protected":false},"excerpt":{"rendered":"<p>CENTRO DE ESCRITA ACAD\u00caMICA DA UNIVERSIDADE ESTADUAL DE LONDRINA Edital PROPPG 06\/2024 Formul\u00e1rio de Inscri\u00e7\u00e3o Edital PROPPG 06\/2024 &#8211;&nbsp; Apoio \u00e0 tradu\u00e7\u00e3o e revis\u00e3o de artigo cient\u00edfico<\/p>\n","protected":false},"author":12,"featured_media":0,"parent":0,"menu_order":0,"comment_status":"closed","ping_status":"closed","template":"","meta":{"_acf_changed":false,"_themeisle_gutenberg_block_has_review":false,"footnotes":""},"class_list":["post-2808","page","type-page","status-publish","hentry"],"acf":[],"_links":{"self":[{"href":"https:\/\/sites.uel.br\/proppg\/wp-json\/wp\/v2\/pages\/2808","targetHints":{"allow":["GET"]}}],"collection":[{"href":"https:\/\/sites.uel.br\/proppg\/wp-json\/wp\/v2\/pages"}],"about":[{"href":"https:\/\/sites.uel.br\/proppg\/wp-json\/wp\/v2\/types\/page"}],"author":[{"embeddable":true,"href":"https:\/\/sites.uel.br\/proppg\/wp-json\/wp\/v2\/users\/12"}],"replies":[{"embeddable":true,"href":"https:\/\/sites.uel.br\/proppg\/wp-json\/wp\/v2\/comments?post=2808"}],"version-history":[{"count":2,"href":"https:\/\/sites.uel.br\/proppg\/wp-json\/wp\/v2\/pages\/2808\/revisions"}],"predecessor-version":[{"id":2812,"href":"https:\/\/sites.uel.br\/proppg\/wp-json\/wp\/v2\/pages\/2808\/revisions\/2812"}],"wp:attachment":[{"href":"https:\/\/sites.uel.br\/proppg\/wp-json\/wp\/v2\/media?parent=2808"}],"curies":[{"name":"wp","href":"https:\/\/api.w.org\/{rel}","templated":true}]}}