{"id":2698,"date":"2024-01-12T11:12:44","date_gmt":"2024-01-12T14:12:44","guid":{"rendered":"https:\/\/sites.uel.br\/proppg\/?page_id=2698"},"modified":"2024-01-23T16:40:42","modified_gmt":"2024-01-23T19:40:42","slug":"edital-proppg-01-2024","status":"publish","type":"page","link":"https:\/\/sites.uel.br\/proppg\/edital-proppg-01-2024\/","title":{"rendered":"Edital PROPPG 01\/2024"},"content":{"rendered":"\n<div style=\"height:30px\" aria-hidden=\"true\" class=\"wp-block-spacer\"><\/div>\n\n\n\n<p>Apoio institucional \u00e0 participa\u00e7\u00e3o em eventos t\u00e9cnicos-cient\u00edficos \u2013 1\u00aa Etapa<br>(EVENTOS DE MAR\u00c7O DE 2024 AGOSTO DE 2024)<\/p>\n\n\n\n<div style=\"height:30px\" aria-hidden=\"true\" class=\"wp-block-spacer\"><\/div>\n\n\n\n<ul class=\"wp-block-list\">\n<li><a href=\"https:\/\/sites.uel.br\/proppg\/wp-content\/uploads\/2024\/01\/Edital-Interno-APOIO-PARTICIPACAO-EVENTOS-20241.pdf\" target=\"_blank\" rel=\"noreferrer noopener\">Edital PROPPG 01\/2024<\/a><\/li>\n<\/ul>\n\n\n\n<div style=\"height:30px\" aria-hidden=\"true\" class=\"wp-block-spacer\"><\/div>\n\n\n\n<ul class=\"wp-block-list\">\n<li><a href=\"https:\/\/docs.google.com\/forms\/d\/e\/1FAIpQLScVpO0CEkmxis4SatBrKMJih2ueoSPbCjnOCabhYgMSFhdmvw\/viewform\" data-type=\"link\" data-id=\"https:\/\/docs.google.com\/forms\/d\/e\/1FAIpQLScVpO0CEkmxis4SatBrKMJih2ueoSPbCjnOCabhYgMSFhdmvw\/viewform\" target=\"_blank\" rel=\"noreferrer noopener\">Formul\u00e1rio de inscri\u00e7\u00e3o<\/a><\/li>\n<\/ul>\n\n\n\n<div style=\"height:30px\" aria-hidden=\"true\" class=\"wp-block-spacer\"><\/div>\n\n\n\n<ul class=\"wp-block-list\">\n<li><a href=\"https:\/\/sites.uel.br\/proppg\/tabela-de-avaliacao\/\">Tabelas de Avalia\u00e7\u00f5es<\/a><\/li>\n<\/ul>\n\n\n\n<p><\/p>\n\n\n\n<p><\/p>\n","protected":false},"excerpt":{"rendered":"<p>Apoio institucional \u00e0 participa\u00e7\u00e3o em eventos t\u00e9cnicos-cient\u00edficos \u2013 1\u00aa Etapa(EVENTOS DE MAR\u00c7O DE 2024 AGOSTO DE 2024)<\/p>\n","protected":false},"author":12,"featured_media":0,"parent":0,"menu_order":0,"comment_status":"closed","ping_status":"closed","template":"","meta":{"_acf_changed":false,"_themeisle_gutenberg_block_has_review":false,"footnotes":""},"class_list":["post-2698","page","type-page","status-publish","hentry"],"acf":[],"_links":{"self":[{"href":"https:\/\/sites.uel.br\/proppg\/wp-json\/wp\/v2\/pages\/2698","targetHints":{"allow":["GET"]}}],"collection":[{"href":"https:\/\/sites.uel.br\/proppg\/wp-json\/wp\/v2\/pages"}],"about":[{"href":"https:\/\/sites.uel.br\/proppg\/wp-json\/wp\/v2\/types\/page"}],"author":[{"embeddable":true,"href":"https:\/\/sites.uel.br\/proppg\/wp-json\/wp\/v2\/users\/12"}],"replies":[{"embeddable":true,"href":"https:\/\/sites.uel.br\/proppg\/wp-json\/wp\/v2\/comments?post=2698"}],"version-history":[{"count":4,"href":"https:\/\/sites.uel.br\/proppg\/wp-json\/wp\/v2\/pages\/2698\/revisions"}],"predecessor-version":[{"id":2723,"href":"https:\/\/sites.uel.br\/proppg\/wp-json\/wp\/v2\/pages\/2698\/revisions\/2723"}],"wp:attachment":[{"href":"https:\/\/sites.uel.br\/proppg\/wp-json\/wp\/v2\/media?parent=2698"}],"curies":[{"name":"wp","href":"https:\/\/api.w.org\/{rel}","templated":true}]}}