{"id":2669,"date":"2023-12-21T15:42:41","date_gmt":"2023-12-21T18:42:41","guid":{"rendered":"https:\/\/sites.uel.br\/proppg\/?page_id=2669"},"modified":"2023-12-21T15:42:41","modified_gmt":"2023-12-21T18:42:41","slug":"formularios-da-pos-graduacao","status":"publish","type":"page","link":"https:\/\/sites.uel.br\/proppg\/formularios-da-pos-graduacao\/","title":{"rendered":"Formul\u00e1rios da P\u00f3s-Gradua\u00e7\u00e3o"},"content":{"rendered":"\n<div style=\"height:30px\" aria-hidden=\"true\" class=\"wp-block-spacer\"><\/div>\n\n\n\n<p><strong>INSTRU\u00c7\u00c3O DE SERVI\u00c7O 2022 &#8211;&nbsp; P\u00d3S-GRADUA\u00c7\u00c3O UEL<\/strong><\/p>\n\n\n\n<p>\u25ba\u00a0\u00a0<a href=\"https:\/\/sites.uel.br\/proppg\/wp-content\/uploads\/2023\/12\/Instrucao-de-Servico-0022022-Instrucoes-e-Formularios-para-Defesas-por-meio-de-videoconferencia-eou-outros-suportes-eletronicos-a-distancia-PDF.pdf\" target=\"_blank\" rel=\"noreferrer noopener\">Instru\u00e7\u00e3o de Servi\u00e7o 002\/2022 &#8211; Instru\u00e7\u00f5es e Formul\u00e1rios para Defesas por meio de videoconfer\u00eancia e\/ou outros suportes eletr\u00f4nicos \u00e0 dist\u00e2ncia\u00a0(PDF)<\/a><\/p>\n\n\n\n<p>\u25ba\u00a0\u00a0<a href=\"https:\/\/sites.uel.br\/proppg\/wp-content\/uploads\/2023\/12\/Instrucao-de-Servico-0022022-Formularios-para-Defesas-por-meio-de-videoconferencia-eou-outros-suportes-eletronicos-a-distancia-WORD.doc\" data-type=\"link\" data-id=\"https:\/\/sites.uel.br\/proppg\/wp-content\/uploads\/2023\/12\/Instrucao-de-Servico-0022022-Formularios-para-Defesas-por-meio-de-videoconferencia-eou-outros-suportes-eletronicos-a-distancia-WORD.doc\" target=\"_blank\" rel=\"noreferrer noopener\">Instru\u00e7\u00e3o de Servi\u00e7o 002\/2022 &#8211; Formul\u00e1rios para Defesas por meio de videoconfer\u00eancia e\/ou outros suportes eletr\u00f4nicos \u00e0 dist\u00e2ncia\u00a0(WORD)<\/a><\/p>\n\n\n\n<p>\u25ba\u00a0\u00a0<a href=\"https:\/\/sites.uel.br\/proppg\/wp-content\/uploads\/2023\/12\/IS-PROPPG-02_2022-Anexos.doc\" data-type=\"link\" data-id=\"https:\/\/sites.uel.br\/proppg\/wp-content\/uploads\/2023\/12\/IS-PROPPG-02_2022-Anexos.doc\" target=\"_blank\" rel=\"noreferrer noopener\">Instru\u00e7\u00e3o de Servi\u00e7o 003\/2022 &#8211; Emiss\u00e3o de certificados\/diplomas com conclus\u00e3o de forma remota<\/a><\/p>\n\n\n\n<div style=\"height:30px\" aria-hidden=\"true\" class=\"wp-block-spacer\"><\/div>\n\n\n\n<p><strong>FORMUL\u00c1RIOS P\u00d3S-GRADUA\u00c7\u00c3O UEL<\/strong><\/p>\n\n\n\n<p>\u25ba\u00a0<a href=\"https:\/\/sites.uel.br\/proppg\/wp-content\/uploads\/2023\/12\/Ata-de-Defesa-de-Dissertacao-Tese-em-Ingles.pdf\" target=\"_blank\" rel=\"noreferrer noopener\">Ata de Defesa de Disserta\u00e7\u00e3o\/Tese em Ingl\u00eas<\/a><\/p>\n\n\n\n<p>\u25ba\u00a0<a href=\"https:\/\/sites.uel.br\/proppg\/wp-content\/uploads\/2023\/12\/Implantacao-de-curso-Lato-sensu.doc\" target=\"_blank\" rel=\"noreferrer noopener\">Implanta\u00e7\u00e3o de curso\u00a0<em>Lato sensu<\/em><\/a><\/p>\n\n\n\n<p>\u25ba\u00a0\u00a0<a href=\"https:\/\/sites.uel.br\/proppg\/wp-content\/uploads\/2023\/12\/Requerimento-Matricula-Estudante-de-Outra-Instituicao-Art.-27-do-RPPG-Stricto-sensu.doc\" target=\"_blank\" rel=\"noreferrer noopener\">Requerimento Matr\u00edcula &#8211; Estudante de Outra Institui\u00e7\u00e3o &#8211; Art. 27 do RPPG &#8211;\u00a0<em>Stricto sensu<\/em><\/a><\/p>\n\n\n\n<p>\u25ba\u00a0<a href=\"https:\/\/sites.uel.br\/proppg\/wp-content\/uploads\/2023\/12\/Requerimento-Geral-PROPPG.docx\" data-type=\"link\" data-id=\"https:\/\/sites.uel.br\/proppg\/wp-content\/uploads\/2023\/12\/Requerimento-Geral-PROPPG.docx\" target=\"_blank\" rel=\"noreferrer noopener\">Requerimento Geral PROPPG<\/a><\/p>\n\n\n\n<p>\u25ba\u00a0<a href=\"https:\/\/sites.uel.br\/proppg\/wp-content\/uploads\/2023\/12\/Requerimento-de-Bolsa-Servidor-Dependente.docx\" target=\"_blank\" rel=\"noreferrer noopener\">Requerimento de bolsa Servidor\/Dependente<\/a><\/p>\n\n\n\n<p>\u25ba\u00a0\u00a0<a href=\"https:\/\/sites.uel.br\/proppg\/wp-content\/uploads\/2023\/12\/Formulario-Isencao.docx\" target=\"_blank\" rel=\"noreferrer noopener\">Requerimento Isen\u00e7\u00e3o<\/a><\/p>\n\n\n\n<p>\u25ba\u00a0\u00a0<a href=\"https:\/\/sites.uel.br\/proppg\/wp-content\/uploads\/2023\/12\/Requerimento-Ressarcimento-de-Taxas.doc\" target=\"_blank\" rel=\"noreferrer noopener\">Requerimento Pedido de Ressarcimento de Taxas<\/a><\/p>\n\n\n\n<p>\u25ba\u00a0<a href=\"https:\/\/sites.uel.br\/proppg\/wp-content\/uploads\/2023\/12\/Formulario-Oferta-de-Cursos.docx\" target=\"_blank\" rel=\"noreferrer noopener\">Oferta de Cursos<\/a><\/p>\n\n\n\n<p>\u25ba\u00a0<a href=\"https:\/\/sites.uel.br\/proppg\/wp-content\/uploads\/2023\/12\/Termo-de-autorizacao-para-disponibilizacao-de-Teses-e-Dissertacoes.pdf\" target=\"_blank\" rel=\"noreferrer noopener\">Termo de autoriza\u00e7\u00e3o para disponibiliza\u00e7\u00e3o de Teses e Disserta\u00e7\u00f5es<\/a><\/p>\n\n\n\n<p>\u25ba\u00a0<a href=\"https:\/\/sites.uel.br\/proppg\/wp-content\/uploads\/2023\/12\/Manual-preenchimentoTermo-de-autorizacao-para-disponibilizacao-de-Teses-e-Dissertacoes.pdf\" target=\"_blank\" rel=\"noreferrer noopener\">Manual para o preenchimento do Termo de Autoriza\u00e7\u00e3o de Teses e Disserta\u00e7\u00f5es<\/a><\/p>\n","protected":false},"excerpt":{"rendered":"<p>INSTRU\u00c7\u00c3O DE SERVI\u00c7O 2022 &#8211;&nbsp; P\u00d3S-GRADUA\u00c7\u00c3O UEL \u25ba\u00a0\u00a0Instru\u00e7\u00e3o de Servi\u00e7o 002\/2022 &#8211; Instru\u00e7\u00f5es e Formul\u00e1rios para Defesas por meio de videoconfer\u00eancia e\/ou outros suportes eletr\u00f4nicos \u00e0 dist\u00e2ncia\u00a0(PDF) \u25ba\u00a0\u00a0Instru\u00e7\u00e3o de Servi\u00e7o 002\/2022 &#8211; Formul\u00e1rios para Defesas por meio de videoconfer\u00eancia e\/ou outros suportes eletr\u00f4nicos \u00e0 dist\u00e2ncia\u00a0(WORD) \u25ba\u00a0\u00a0Instru\u00e7\u00e3o de Servi\u00e7o 003\/2022 &#8211; Emiss\u00e3o de certificados\/diplomas com conclus\u00e3o [&hellip;]<\/p>\n","protected":false},"author":12,"featured_media":0,"parent":0,"menu_order":0,"comment_status":"closed","ping_status":"closed","template":"","meta":{"_acf_changed":false,"_themeisle_gutenberg_block_has_review":false,"footnotes":""},"class_list":["post-2669","page","type-page","status-publish","hentry"],"acf":[],"_links":{"self":[{"href":"https:\/\/sites.uel.br\/proppg\/wp-json\/wp\/v2\/pages\/2669","targetHints":{"allow":["GET"]}}],"collection":[{"href":"https:\/\/sites.uel.br\/proppg\/wp-json\/wp\/v2\/pages"}],"about":[{"href":"https:\/\/sites.uel.br\/proppg\/wp-json\/wp\/v2\/types\/page"}],"author":[{"embeddable":true,"href":"https:\/\/sites.uel.br\/proppg\/wp-json\/wp\/v2\/users\/12"}],"replies":[{"embeddable":true,"href":"https:\/\/sites.uel.br\/proppg\/wp-json\/wp\/v2\/comments?post=2669"}],"version-history":[{"count":1,"href":"https:\/\/sites.uel.br\/proppg\/wp-json\/wp\/v2\/pages\/2669\/revisions"}],"predecessor-version":[{"id":2683,"href":"https:\/\/sites.uel.br\/proppg\/wp-json\/wp\/v2\/pages\/2669\/revisions\/2683"}],"wp:attachment":[{"href":"https:\/\/sites.uel.br\/proppg\/wp-json\/wp\/v2\/media?parent=2669"}],"curies":[{"name":"wp","href":"https:\/\/api.w.org\/{rel}","templated":true}]}}