{"id":2645,"date":"2023-12-21T14:54:46","date_gmt":"2023-12-21T17:54:46","guid":{"rendered":"https:\/\/sites.uel.br\/proppg\/?page_id=2645"},"modified":"2026-02-20T11:43:35","modified_gmt":"2026-02-20T14:43:35","slug":"regulamentos-da-pos-graduacao","status":"publish","type":"page","link":"https:\/\/sites.uel.br\/proppg\/regulamentos-da-pos-graduacao\/","title":{"rendered":"Regulamentos da P\u00f3s-Gradua\u00e7\u00e3o"},"content":{"rendered":"\n<div style=\"height:30px\" aria-hidden=\"true\" class=\"wp-block-spacer\"><\/div>\n\n\n\n<p><em><strong><br>LATO SENSU<\/strong><\/em><\/p>\n\n\n\n<p>\u25ba&nbsp;<a href=\"https:\/\/sites.uel.br\/proppg\/wp-content\/uploads\/2023\/12\/Regulamento-Geral-dos-Programas-de-Residencia-Uni-e-Multiprofissional-na-area-da-Saude.pdf\" target=\"_blank\" rel=\"noreferrer noopener\">Regulamento Geral dos Programas de Resid\u00eancia Uni e Multiprofissional na \u00e1rea da Sa\u00fade &#8211; Delibera\u00e7\u00e3o n\u00ba&nbsp; 62\/2020<\/a>&nbsp;<\/p>\n\n\n\n<p>\u25ba&nbsp;<a href=\"https:\/\/sites.uel.br\/proppg\/wp-content\/uploads\/2023\/12\/Cursos-de-Pos-Graduacao-Lato-sensu-Res.332014.pdf\" target=\"_blank\" rel=\"noreferrer noopener\">Cursos de P\u00f3s-Gradua\u00e7\u00e3o<em>&nbsp;Lato sensu<\/em>&nbsp;&#8211; Res.33\/2014<\/a><br>&nbsp; &nbsp;&nbsp;&nbsp;<a href=\"https:\/\/sites.uel.br\/proppg\/wp-content\/uploads\/2023\/12\/Altera-Artigos-Res.-CEPE-13-2021.pdf\" target=\"_blank\" rel=\"noreferrer noopener\">Altera Artigos &#8211; Res. CEPE 13\/2021<\/a><\/p>\n\n\n\n<p>\u25ba <a href=\"https:\/\/sites.uel.br\/proppg\/wp-content\/uploads\/2024\/06\/Resolucao-CA19_2018_Lato-Sensu-conveniados.pdf\" target=\"_blank\" rel=\"noreferrer noopener\">Resolu\u00e7\u00e3o CA19 2018 Lato Sensu (conveniados)<\/a><\/p>\n\n\n\n<p>\u25ba <a href=\"https:\/\/sites.uel.br\/proppg\/wp-content\/uploads\/2024\/06\/Resolucao-CA58_2021_Lato-Sensu-conveniados.pdf\" target=\"_blank\" rel=\"noreferrer noopener\">Resolu\u00e7\u00e3o CA58 2021 Lato Sensu (conveniados)<\/a><\/p>\n\n\n\n<p>\u25ba Procedimentos para oferta de turma e gest\u00e3o acad\u00eamico-administrativa dos Cursos de P\u00f3s-Gradua\u00e7\u00e3o Lato sensu na modalidade a dist\u00e2ncia&nbsp;(EaD) &#8211;&nbsp;(<a href=\"https:\/\/sites.uel.br\/proppg\/wp-content\/uploads\/2023\/12\/Instrucao-de-Servico-PROPPG-062023.pdf\" target=\"_blank\" rel=\"noreferrer noopener\">Instru\u00e7\u00e3o de Servi\u00e7o PROPPG 06\/2023<\/a>) <\/p>\n\n\n\n<p>\u25ba <a href=\"https:\/\/sites.uel.br\/proppg\/wp-content\/uploads\/2024\/02\/INSTRUCAO-DE-SERVICO-N-001-2021.pdf\" target=\"_blank\" rel=\"noreferrer noopener\">Instru\u00e7\u00e3o de Ser<\/a><a href=\"https:\/\/sites.uel.br\/proppg\/wp-content\/uploads\/2024\/02\/INSTRUCAO-DE-SERVICO-N-001-2021.pdf\">vi\u00e7o PROPPG 01\/2021<\/a><\/p>\n\n\n\n<p>\u25ba&nbsp;<a href=\"https:\/\/sites.uel.br\/proppg\/wp-content\/uploads\/2023\/12\/Residencias-Medicas.pdf\" target=\"_blank\" rel=\"noreferrer noopener\">Resid\u00eancias M\u00e9dicas<\/a><\/p>\n\n\n\n<p>\u25ba&nbsp;<a href=\"https:\/\/sites.uel.br\/proppg\/wp-content\/uploads\/2023\/12\/Residencia-em-Enfermagem.pdf\" target=\"_blank\" rel=\"noreferrer noopener\">Resid\u00eancia na \u00c1rea de Enfermagem<\/a><\/p>\n\n\n\n<p>\u25ba&nbsp;<a href=\"https:\/\/sites.uel.br\/proppg\/wp-content\/uploads\/2023\/12\/Residencia-Medicina-Veterinaria.pdf\" target=\"_blank\" rel=\"noreferrer noopener\">Resid\u00eancia na \u00c1rea de Medicina Veterin\u00e1ria<\/a><\/p>\n\n\n\n<p>\u25ba&nbsp;<a href=\"https:\/\/sites.uel.br\/proppg\/wp-content\/uploads\/2023\/12\/Residencia-area-de-Analises-Clinicas.pdf\" target=\"_blank\" rel=\"noreferrer noopener\">Resid\u00eancia na \u00c1rea de An\u00e1lises Cl\u00ednicas<\/a><\/p>\n\n\n\n<p>\u25ba&nbsp;<a href=\"https:\/\/sites.uel.br\/proppg\/wp-content\/uploads\/2023\/12\/Residencia-em-Fisioterapia.pdf\" target=\"_blank\" rel=\"noreferrer noopener\">Resid\u00eancia na \u00c1rea de Fisioterapia<\/a><\/p>\n\n\n\n<div style=\"height:30px\" aria-hidden=\"true\" class=\"wp-block-spacer\"><\/div>\n\n\n\n<div style=\"height:30px\" aria-hidden=\"true\" class=\"wp-block-spacer\"><\/div>\n\n\n\n<p><em><strong>STRICTO SENSU<\/strong><\/em><\/p>\n\n\n\n<div style=\"height:30px\" aria-hidden=\"true\" class=\"wp-block-spacer\"><\/div>\n\n\n\n<p>Ingressantes <strong><em>A PARTIR de 2016\/2<\/em><\/strong><\/p>\n\n\n\n<p>\u25ba&nbsp;<a href=\"https:\/\/sites.uel.br\/proppg\/wp-content\/uploads\/2023\/12\/Programas-de-Pos-Graduacao-Stricto-sensu-Resolucao-CEPE-37-2016.pdf\" target=\"_blank\" rel=\"noreferrer noopener\">Programas de P\u00f3s-Gradua\u00e7\u00e3o&nbsp;<em>Stricto sensu<\/em>&nbsp;&#8211; Resolu\u00e7\u00e3o CEPE 37\/2016<\/a> <\/p>\n\n\n\n<p>\u25ba&nbsp;&nbsp;<a href=\"https:\/\/sites.uel.br\/proppg\/wp-content\/uploads\/2023\/12\/Acoes-Afirmativas-Stricto-sensu-Res.-CEPE-034-2021.pdf\" target=\"_blank\" rel=\"noreferrer noopener\">A\u00e7\u00f5es Afirmativas&nbsp;<em>Stricto sensu<\/em>&nbsp;&#8211; Res. CEPE 034\/2021<\/a><\/p>\n\n\n\n<p>\u25ba <a href=\"https:\/\/sites.uel.br\/proppg\/wp-content\/uploads\/2024\/06\/Instrucao-Servico-PROPPG-001-2022-Procedumentos-para-Bancas-e-Aulas-Remotas.pdf\" target=\"_blank\" rel=\"noreferrer noopener\">Instru\u00e7\u00e3o de Servi\u00e7o PROPPG 001 2022 Procedumentos para Bancas e Aulas Remotas<\/a><\/p>\n\n\n\n<p>\u25ba <a href=\"https:\/\/sites.uel.br\/proppg\/wp-content\/uploads\/2025\/05\/Instrucao-de-Servico_PROPPG_07_2023-Portaria-133-1.pdf\">Instru\u00e7\u00e3o de Servi\u00e7o PROPPG 07\/2023 &#8211; Diretrizes b\u00e1sicas aos Programas de P\u00f3s-Gradua\u00e7\u00e3o Stricto Sensu &#8211; Bolsas.<\/a><\/p>\n\n\n\n<p>\u25ba <a href=\"https:\/\/sites.uel.br\/proppg\/wp-content\/uploads\/2024\/08\/Instrucao_de_Servico_PROPPG_AINTEC_01_2024_Pedido-de-Sigilo-em-Bancas_Assinada.pdf\">Instru\u00e7\u00e3o de Servi\u00e7o PROPPG\/AINTEC 001 2024 Realiza\u00e7\u00e3o de defesa de teses, disserta\u00e7\u00f5es e exames de qualifica\u00e7\u00e3o em se\u00e7\u00f5es fechadas e sigilosas que envolverem conhecimento pass\u00edvel de ser protegido por direitos de propriedade intelectual.<\/a><\/p>\n\n\n\n<p><a href=\"https:\/\/sites.uel.br\/proppg\/wp-content\/uploads\/2024\/08\/AnexosIS_Proppg-AINTEC_Defesa-em-Sigilo_-2024.doc\">Anexo IS PROPPG\/AINTEC 001 2024<\/a><\/p>\n\n\n\n<div style=\"height:30px\" aria-hidden=\"true\" class=\"wp-block-spacer\"><\/div>\n\n\n\n<p>Ingressantes <strong><em>AT\u00c9 2016\/1<\/em><\/strong><\/p>\n\n\n\n<p>\u25ba&nbsp;Programas de P\u00f3s-Gradua\u00e7\u00e3o&nbsp;<em>Stricto sensu<\/em>&nbsp;&#8211; Resolu\u00e7\u00e3o CEPE 174\/2007<\/p>\n\n\n\n<p>\u25ba&nbsp;<a href=\"https:\/\/sites.uel.br\/proppg\/wp-content\/uploads\/2023\/12\/Alteracao-Regulamento-Stricto-sensu-Resolucao-CEPE-121-2008.pdf\" target=\"_blank\" rel=\"noreferrer noopener\">Altera\u00e7\u00e3o Regulamento&nbsp;<em>Stricto sensu<\/em>&nbsp;&#8211; Resolu\u00e7\u00e3o CEPE 121\/2008<\/a><\/p>\n\n\n\n<p>\u25ba&nbsp;<a href=\"https:\/\/sites.uel.br\/proppg\/wp-content\/uploads\/2023\/12\/Alteracao-Regulamento-Stricto-sensu-Resolucao-CEPE-055-2008.pdf\" target=\"_blank\" rel=\"noreferrer noopener\">Altera\u00e7\u00e3o Regulamento&nbsp;<em>Stricto sensu<\/em>&nbsp;&#8211; Resolu\u00e7\u00e3o CEPE 055\/2008<\/a><\/p>\n\n\n\n<p>\u25ba&nbsp;<a href=\"https:\/\/sites.uel.br\/proppg\/wp-content\/uploads\/2023\/12\/Mestrado-Profissional.pdf\" target=\"_blank\" rel=\"noreferrer noopener\">Mestrado Profissional<\/a><\/p>\n\n\n\n<p>\u25ba&nbsp;<a href=\"https:\/\/sites.uel.br\/proppg\/wp-content\/uploads\/2023\/12\/Cotutela-com-Instituicoes-Estrangeiras.pdf\" target=\"_blank\" rel=\"noreferrer noopener\">Cotutela com Institui\u00e7\u00f5es Estrangeiras<\/a><\/p>\n\n\n\n<p>\u25ba <a href=\"https:\/\/sites.uel.br\/proppg\/wp-content\/uploads\/2024\/02\/INSTRUCAO-DE-SERVICO-N-001-2021.pdf\" target=\"_blank\" rel=\"noreferrer noopener\">Instru\u00e7\u00e3o de Ser<\/a><a href=\"https:\/\/sites.uel.br\/proppg\/wp-content\/uploads\/2024\/02\/INSTRUCAO-DE-SERVICO-N-001-2021.pdf\">vi\u00e7o PROPPG 01\/2021<\/a><\/p>\n\n\n\n<div style=\"height:30px\" aria-hidden=\"true\" class=\"wp-block-spacer\"><\/div>\n\n\n\n<p><strong>OUTROS<\/strong><\/p>\n\n\n\n\n\n<p>\u25ba <a href=\"https:\/\/sites.uel.br\/proppg\/wp-content\/uploads\/2026\/02\/Isencao-1.pdf\" data-type=\"attachment\" data-id=\"5356\">Instru\u00e7\u00e3o de Servi\u00e7o PROPPG 01\/2025<\/a><\/p>\n\n\n\n<p>\u25ba\u00a0<a href=\"https:\/\/sites.uel.br\/proppg\/wp-content\/uploads\/2023\/12\/Ingresso-de-estudantes-estrangeiros-com-bolsa-de-estudo-de-agencias-de-fomento-e-de-orgaos-do-pais-de-origem.pdf\" target=\"_blank\" rel=\"noreferrer noopener\">Ingresso de estudantes estrangeiros, com bolsa de estudo de ag\u00eancias de fomento e de \u00f3rg\u00e3os do pa\u00eds de origem<\/a><\/p>\n\n\n\n<p>\u25ba <a href=\"https:\/\/sites.uel.br\/proppg\/wp-content\/uploads\/2024\/01\/Resolucao-CEPE-14-2005-Programa-Pesquisador-Visitante.pdf\" target=\"_blank\" rel=\"noreferrer noopener\">Resolu\u00e7\u00e3o 14\/2005 &#8211; Programa Pesquisador Visitante<\/a><\/p>\n\n\n\n<p>\u25ba <a href=\"https:\/\/sites.uel.br\/proppg\/wp-content\/uploads\/2024\/01\/Resolucao-CEPE-15-2005-Programa-Professor-Visitante.pdf\" target=\"_blank\" rel=\"noreferrer noopener\">Resolu\u00e7\u00e3o 15\/2005 &#8211; Programa Professor Visitante<\/a><\/p>\n\n\n\n<p><a href=\"https:\/\/sites.uel.br\/proppg\/wp-content\/uploads\/2024\/08\/IS-02-2024.pdf\">\u25ba Instru\u00e7\u00e3o de Servi\u00e7o PROPPG 02\/2024<\/a><\/p>\n","protected":false},"excerpt":{"rendered":"<p>LATO SENSU \u25ba&nbsp;Regulamento Geral dos Programas de Resid\u00eancia Uni e Multiprofissional na \u00e1rea da Sa\u00fade &#8211; Delibera\u00e7\u00e3o n\u00ba&nbsp; 62\/2020&nbsp; \u25ba&nbsp;Cursos de P\u00f3s-Gradua\u00e7\u00e3o&nbsp;Lato sensu&nbsp;&#8211; Res.33\/2014&nbsp; &nbsp;&nbsp;&nbsp;Altera Artigos &#8211; Res. CEPE 13\/2021 \u25ba Resolu\u00e7\u00e3o CA19 2018 Lato Sensu (conveniados) \u25ba Resolu\u00e7\u00e3o CA58 2021 Lato Sensu (conveniados) \u25ba Procedimentos para oferta de turma e gest\u00e3o acad\u00eamico-administrativa dos Cursos [&hellip;]<\/p>\n","protected":false},"author":12,"featured_media":0,"parent":0,"menu_order":0,"comment_status":"closed","ping_status":"closed","template":"","meta":{"_acf_changed":false,"_themeisle_gutenberg_block_has_review":false,"footnotes":""},"class_list":["post-2645","page","type-page","status-publish","hentry"],"acf":[],"_links":{"self":[{"href":"https:\/\/sites.uel.br\/proppg\/wp-json\/wp\/v2\/pages\/2645","targetHints":{"allow":["GET"]}}],"collection":[{"href":"https:\/\/sites.uel.br\/proppg\/wp-json\/wp\/v2\/pages"}],"about":[{"href":"https:\/\/sites.uel.br\/proppg\/wp-json\/wp\/v2\/types\/page"}],"author":[{"embeddable":true,"href":"https:\/\/sites.uel.br\/proppg\/wp-json\/wp\/v2\/users\/12"}],"replies":[{"embeddable":true,"href":"https:\/\/sites.uel.br\/proppg\/wp-json\/wp\/v2\/comments?post=2645"}],"version-history":[{"count":20,"href":"https:\/\/sites.uel.br\/proppg\/wp-json\/wp\/v2\/pages\/2645\/revisions"}],"predecessor-version":[{"id":5360,"href":"https:\/\/sites.uel.br\/proppg\/wp-json\/wp\/v2\/pages\/2645\/revisions\/5360"}],"wp:attachment":[{"href":"https:\/\/sites.uel.br\/proppg\/wp-json\/wp\/v2\/media?parent=2645"}],"curies":[{"name":"wp","href":"https:\/\/api.w.org\/{rel}","templated":true}]}}