{"id":2579,"date":"2023-12-18T16:17:52","date_gmt":"2023-12-18T19:17:52","guid":{"rendered":"https:\/\/sites.uel.br\/proppg\/?page_id=2579"},"modified":"2024-10-10T15:43:42","modified_gmt":"2024-10-10T18:43:42","slug":"centro-de-escrita","status":"publish","type":"page","link":"https:\/\/sites.uel.br\/proppg\/centro-de-escrita\/","title":{"rendered":"Centro de Escrita"},"content":{"rendered":"\n<div style=\"height:30px\" aria-hidden=\"true\" class=\"wp-block-spacer\"><\/div>\n\n\n\n<p>O Centro de Escrita da UEL<\/p>\n\n\n\n<p>O Centro de Escrita Acad\u00eamica da UEL foi criado em janeiro de 2022 com o objetivo de fornecer assessoria em tradu\u00e7\u00e3o e revis\u00e3o (ingl\u00eas\/portugu\u00eas) de textos cient\u00edficos para a comunidade acad\u00eamica da UEL. Trata-se de uma parceria realizada pela Universidade Federal do Paran\u00e1 (UFPR), por meio do Centro de Assessoria de Publica\u00e7\u00e3o Acad\u00eamica (CAPA),&nbsp;com as sete Universidades Estaduais do Paran\u00e1 (al\u00e9m da UEL, a UENP, UNESPAR, UNICENTRO, UEPG, UNIOESTE e UEM). O projeto foi idealizado pelo prof. Dr. Ron Martinez da UFPR e tem apoio financeiro da SETI\/PR. Na UEL, o programa \u00e9 apoiado pela PROPPG, por meio do Escrit\u00f3rio de Apoio \u00e0 Pesquisa (EAPq).<\/p>\n\n\n\n<div style=\"height:30px\" aria-hidden=\"true\" class=\"wp-block-spacer\"><\/div>\n\n\n<div class=\"wp-block-image\">\n<figure class=\"aligncenter size-full\"><img loading=\"lazy\" decoding=\"async\" width=\"358\" height=\"624\" src=\"https:\/\/sites.uel.br\/proppg\/wp-content\/uploads\/2023\/12\/image.png\" alt=\"\" class=\"wp-image-2586\" srcset=\"https:\/\/sites.uel.br\/proppg\/wp-content\/uploads\/2023\/12\/image.png 358w, https:\/\/sites.uel.br\/proppg\/wp-content\/uploads\/2023\/12\/image-172x300.png 172w\" sizes=\"auto, (max-width: 358px) 100vw, 358px\" \/><\/figure>\n<\/div>\n\n\n<div style=\"height:30px\" aria-hidden=\"true\" class=\"wp-block-spacer\"><\/div>\n\n\n\n<div id=\"wp-block-themeisle-blocks-accordion-edf3fd13\" class=\"wp-block-themeisle-blocks-accordion exclusive\">\n<details class=\"wp-block-themeisle-blocks-accordion-item\"><summary class=\"wp-block-themeisle-blocks-accordion-item__title\"><div><strong>Editais 2024<\/strong><\/div><\/summary><div class=\"wp-block-themeisle-blocks-accordion-item__content\">\n<p><a href=\"https:\/\/sites.uel.br\/proppg\/edital-proppg-06-2024-apoio-a-traducao-e-revisao-de-artigo-cientifico\/\">Edital PROPPG 06\/2024<\/a><\/p>\n\n\n\n<p>Apoio \u00e0 tradu\u00e7\u00e3o e revis\u00e3o de artigo cient\u00edfico<br>CENTRO DE ESCRITA ACAD\u00caMICA DA UNIVERSIDADE ESTADUAL DE LONDRINA<\/p>\n\n\n\n<p><a href=\"https:\/\/sites.uel.br\/proppg\/wp-content\/uploads\/2024\/03\/Resultado_Edital_01_2024_assinado-1.pdf\" target=\"_blank\" rel=\"noreferrer noopener\">RESULTADO do Edital PROPPG 06\/2024 \u2013 APOIO \u00c0 TRADU\u00c7\u00c3O E REVIS\u00c3O DE ARTIGO CIENT\u00cdFICO<\/a><\/p>\n\n\n\n<div style=\"height:30px\" aria-hidden=\"true\" class=\"wp-block-spacer\"><\/div>\n\n\n\n<p><a href=\"https:\/\/sites.uel.br\/proppg\/wp-content\/uploads\/2024\/05\/Edital_selecao_membros_CEU_assinado-1.pdf\" target=\"_blank\" rel=\"noreferrer noopener\">Edital PROPPG 31\/2024<\/a><\/p>\n\n\n\n<p><a href=\"https:\/\/forms.gle\/RbJs13Wjyp2WZnAk8\">Formul\u00e1rio de inscri\u00e7\u00e3o Edital PROPPG 31\/2014\u2013&nbsp; Sele\u00e7\u00e3o de Membros Discentes bolsistas e volunt\u00e1rios do Centro de Escrita Acad\u00eamica da UEL<\/a><\/p>\n\n\n\n<p>Sele\u00e7\u00e3o de Membros Discentes bolsistas e volunt\u00e1rios do Centro de Escrita Acad\u00eamica<br>da UEL<\/p>\n\n\n\n<p><a href=\"https:\/\/sites.uel.br\/proppg\/wp-content\/uploads\/2024\/06\/Edital-selecao-bolsistas-retificado-final.pdf\" target=\"_blank\" rel=\"noreferrer noopener\">Edital ProPPG 31\/2024 &#8211; RETIFICADO<\/a><\/p>\n\n\n\n<p>Edital com retifica\u00e7\u00e3o do cronograma e com informa\u00e7\u00f5es adicionais referente \u00e0 aplica\u00e7\u00e3o da prova pr\u00e1tica<\/p>\n\n\n\n<p><a href=\"https:\/\/sites.uel.br\/proppg\/wp-content\/uploads\/2024\/07\/Cronograma_entrevistas_selecao_bolsistas__assinado.pdf\" data-type=\"link\" data-id=\"https:\/\/sites.uel.br\/proppg\/wp-content\/uploads\/2024\/07\/Cronograma_entrevistas_selecao_bolsistas__assinado.pdf\" target=\"_blank\" rel=\"noreferrer noopener\">Cronograma de entrevistas com os discentes classificados para a terceira etapa do Edital<\/a><\/p>\n\n\n\n<p><a href=\"https:\/\/sites.uel.br\/proppg\/wp-content\/uploads\/2024\/07\/Edital_35-2024_resultado_selecao_bolsistas_com_classificacao.pdf\" target=\"_blank\" rel=\"noreferrer noopener\">Edital ProPPG 35\/2024<\/a><\/p>\n\n\n\n<p>Resultado da sele\u00e7\u00e3o de Membros Discentes interessados em Est\u00e1gio T\u00e9cnico como bolsistas e volunt\u00e1rios do Centro de Escrita Acad\u00eamica da UEL <\/p>\n\n\n\n<div style=\"height:30px\" aria-hidden=\"true\" class=\"wp-block-spacer\"><\/div>\n\n\n\n<p><a href=\"https:\/\/sites.uel.br\/proppg\/wp-content\/uploads\/2024\/09\/Edital_2024-51_apoio_traducao_e_revisao-2semestre_assinado.pdf\" target=\"_blank\" rel=\"noreferrer noopener\">Edital PROPPG 51\/2024<\/a><\/p>\n\n\n\n<p>Apoio \u00e0 tradu\u00e7\u00e3o e revis\u00e3o de artigo cient\u00edfico &#8211; 2\u00ba semestre<br>CENTRO DE ESCRITA ACAD\u00caMICA DA UNIVERSIDADE ESTADUAL DE LONDRINA<\/p>\n\n\n\n<p><a href=\"https:\/\/sites.uel.br\/proppg\/wp-content\/uploads\/2024\/10\/Resultado_Edital_02_2024_assinado.pdf\" target=\"_blank\" rel=\"noreferrer noopener\">Edital PROPPG 56\/2024<\/a><\/p>\n\n\n\n<p>Resultado do Edital PROPPG 51\/2024 &#8211; Apoio \u00e0 tradu\u00e7\u00e3o e revis\u00e3o de artigo cient\u00edfico pelo Centro de Escrita Acad\u00eamica da UEL &#8211; 2\u00ba semestre<br><\/p>\n<\/div><\/details>\n<\/div>\n\n\n\n<p><\/p>\n","protected":false},"excerpt":{"rendered":"<p>O Centro de Escrita da UEL O Centro de Escrita Acad\u00eamica da UEL foi criado em janeiro de 2022 com o objetivo de fornecer assessoria em tradu\u00e7\u00e3o e revis\u00e3o (ingl\u00eas\/portugu\u00eas) de textos cient\u00edficos para a comunidade acad\u00eamica da UEL. Trata-se de uma parceria realizada pela Universidade Federal do Paran\u00e1 (UFPR), por meio do Centro de [&hellip;]<\/p>\n","protected":false},"author":12,"featured_media":0,"parent":0,"menu_order":0,"comment_status":"closed","ping_status":"closed","template":"","meta":{"_acf_changed":false,"_themeisle_gutenberg_block_has_review":false,"footnotes":""},"class_list":["post-2579","page","type-page","status-publish","hentry"],"acf":[],"_links":{"self":[{"href":"https:\/\/sites.uel.br\/proppg\/wp-json\/wp\/v2\/pages\/2579","targetHints":{"allow":["GET"]}}],"collection":[{"href":"https:\/\/sites.uel.br\/proppg\/wp-json\/wp\/v2\/pages"}],"about":[{"href":"https:\/\/sites.uel.br\/proppg\/wp-json\/wp\/v2\/types\/page"}],"author":[{"embeddable":true,"href":"https:\/\/sites.uel.br\/proppg\/wp-json\/wp\/v2\/users\/12"}],"replies":[{"embeddable":true,"href":"https:\/\/sites.uel.br\/proppg\/wp-json\/wp\/v2\/comments?post=2579"}],"version-history":[{"count":11,"href":"https:\/\/sites.uel.br\/proppg\/wp-json\/wp\/v2\/pages\/2579\/revisions"}],"predecessor-version":[{"id":3780,"href":"https:\/\/sites.uel.br\/proppg\/wp-json\/wp\/v2\/pages\/2579\/revisions\/3780"}],"wp:attachment":[{"href":"https:\/\/sites.uel.br\/proppg\/wp-json\/wp\/v2\/media?parent=2579"}],"curies":[{"name":"wp","href":"https:\/\/api.w.org\/{rel}","templated":true}]}}