{"id":22,"date":"2022-12-15T17:36:31","date_gmt":"2022-12-15T20:36:31","guid":{"rendered":"https:\/\/sites.uel.br\/proppg\/?page_id=22"},"modified":"2023-12-18T09:35:10","modified_gmt":"2023-12-18T12:35:10","slug":"administrativo","status":"publish","type":"page","link":"https:\/\/sites.uel.br\/proppg\/administrativo\/","title":{"rendered":"Sobre a Pr\u00f3-Reitoria"},"content":{"rendered":"\n<div style=\"height:30px\" aria-hidden=\"true\" class=\"wp-block-spacer\"><\/div>\n\n\n\n<p> <\/p>\n\n\n\n<div class=\"wp-block-group\"><div class=\"wp-block-group__inner-container is-layout-constrained wp-block-group-is-layout-constrained\">\n<p> Com o objetivo de dotar a Universidade Estadual de Londrina (UEL) de uma estrutura organizacional direcionada \u00e0 pesquisa e \u00e0 p\u00f3s-gradua\u00e7\u00e3o e considerando a import\u00e2ncia de ambas as a\u00e7\u00f5es para a forma\u00e7\u00e3o de recursos humanos e a gera\u00e7\u00e3o de conhecimento, a UEL criou, em 30 de outubro de 1976, a Coordenadoria de Pesquisa e P\u00f3s-Gradua\u00e7\u00e3o (CPG), por meio da Resolu\u00e7\u00e3o n\u00ba 362\/76. Em 22 de janeiro de 2004, com a edi\u00e7\u00e3o do Ato Executivo n\u00ba 010\/2004, a CPG passou a ser denominada de Pr\u00f3-Reitoria de Pesquisa e P\u00f3s-Gradua\u00e7\u00e3o (PROPPG).<\/p>\n<\/div><\/div>\n\n\n\n<p> A PROPPG \u00e9 respons\u00e1vel pela articula\u00e7\u00e3o e a gest\u00e3o das atividades de pesquisa e p\u00f3s-gradua\u00e7\u00e3o na UEL. Para o cumprimento de seus objetivos a PROPPG disp\u00f5e de uma Diretoria de Pesquisa, uma Diretoria de P\u00f3s-Gradua\u00e7\u00e3o e de uma unidade auxiliar \u2013 o Escrit\u00f3rio de Apoio \u00e0 Pesquisa (EAPq) \u2013, destinado \u00e0 orienta\u00e7\u00e3o dos pesquisadores para a capta\u00e7\u00e3o de recursos externos. A PROPPG gerencia diversos programas institucionais para o desenvolvimento da pesquisa e da p\u00f3s-gradua\u00e7\u00e3o, incentiva a pesquisa em laborat\u00f3rios de natureza multiusu\u00e1ria, orienta processos de revalida\u00e7\u00e3o de diplomas estrangeiros e amplia a inser\u00e7\u00e3o internacional da UEL. Adicionalmente, a Revista Semina, o Comit\u00ea de \u00c9tica de Pesquisa em Seres Humanos e o Comit\u00ea de \u00c9tica no Uso de Animais da UEL s\u00e3o apoiados pela PROPPG.<\/p>\n\n\n\n<p class=\"has-text-align-right has-small-font-size\"><strong>Pr\u00f3-Reitora<\/strong><\/p>\n\n\n\n<p class=\"has-text-align-right has-small-font-size\">Profa. Dra. Silvia M\u00e1rcia Ferreira Meletti<\/p>\n\n\n<div class=\"wp-block-image\">\n<figure class=\"aligncenter size-large\"><img loading=\"lazy\" decoding=\"async\" width=\"1024\" height=\"683\" src=\"https:\/\/sites.uel.br\/proppg\/wp-content\/uploads\/2023\/10\/PROPPG-1024x683.jpg\" alt=\"\" class=\"wp-image-1247\" srcset=\"https:\/\/sites.uel.br\/proppg\/wp-content\/uploads\/2023\/10\/PROPPG-1024x683.jpg 1024w, https:\/\/sites.uel.br\/proppg\/wp-content\/uploads\/2023\/10\/PROPPG-300x200.jpg 300w, https:\/\/sites.uel.br\/proppg\/wp-content\/uploads\/2023\/10\/PROPPG-768x512.jpg 768w, https:\/\/sites.uel.br\/proppg\/wp-content\/uploads\/2023\/10\/PROPPG-1536x1024.jpg 1536w, https:\/\/sites.uel.br\/proppg\/wp-content\/uploads\/2023\/10\/PROPPG-2048x1365.jpg 2048w\" sizes=\"auto, (max-width: 1024px) 100vw, 1024px\" \/><\/figure>\n<\/div>","protected":false},"excerpt":{"rendered":"<p>Com o objetivo de dotar a Universidade Estadual de Londrina (UEL) de uma estrutura organizacional direcionada \u00e0 pesquisa e \u00e0 p\u00f3s-gradua\u00e7\u00e3o e considerando a import\u00e2ncia de ambas as a\u00e7\u00f5es para a forma\u00e7\u00e3o de recursos humanos e a gera\u00e7\u00e3o de conhecimento, a UEL criou, em 30 de outubro de 1976, a Coordenadoria de Pesquisa e P\u00f3s-Gradua\u00e7\u00e3o [&hellip;]<\/p>\n","protected":false},"author":2,"featured_media":0,"parent":0,"menu_order":0,"comment_status":"closed","ping_status":"closed","template":"","meta":{"_acf_changed":false,"_themeisle_gutenberg_block_has_review":false,"footnotes":""},"class_list":["post-22","page","type-page","status-publish","hentry"],"acf":[],"_links":{"self":[{"href":"https:\/\/sites.uel.br\/proppg\/wp-json\/wp\/v2\/pages\/22","targetHints":{"allow":["GET"]}}],"collection":[{"href":"https:\/\/sites.uel.br\/proppg\/wp-json\/wp\/v2\/pages"}],"about":[{"href":"https:\/\/sites.uel.br\/proppg\/wp-json\/wp\/v2\/types\/page"}],"author":[{"embeddable":true,"href":"https:\/\/sites.uel.br\/proppg\/wp-json\/wp\/v2\/users\/2"}],"replies":[{"embeddable":true,"href":"https:\/\/sites.uel.br\/proppg\/wp-json\/wp\/v2\/comments?post=22"}],"version-history":[{"count":12,"href":"https:\/\/sites.uel.br\/proppg\/wp-json\/wp\/v2\/pages\/22\/revisions"}],"predecessor-version":[{"id":2509,"href":"https:\/\/sites.uel.br\/proppg\/wp-json\/wp\/v2\/pages\/22\/revisions\/2509"}],"wp:attachment":[{"href":"https:\/\/sites.uel.br\/proppg\/wp-json\/wp\/v2\/media?parent=22"}],"curies":[{"name":"wp","href":"https:\/\/api.w.org\/{rel}","templated":true}]}}