{"id":2120,"date":"2023-11-05T20:40:37","date_gmt":"2023-11-05T23:40:37","guid":{"rendered":"https:\/\/sites.uel.br\/proppg\/?page_id=2120"},"modified":"2025-05-28T11:24:51","modified_gmt":"2025-05-28T14:24:51","slug":"financeiro","status":"publish","type":"page","link":"https:\/\/sites.uel.br\/proppg\/financeiro\/","title":{"rendered":"Financeiro"},"content":{"rendered":"\n<div style=\"height:34px\" aria-hidden=\"true\" class=\"wp-block-spacer\"><\/div>\n\n\n\n<p><strong>Divis\u00e3o de Gest\u00e3o Financeira da Pesquisa Cient\u00edfica e Tecnol\u00f3gica &#8211;  Pesquisa<\/strong><\/p>\n\n\n\n<div style=\"height:34px\" aria-hidden=\"true\" class=\"wp-block-spacer\"><\/div>\n\n\n\n<p>Gerenciamento dos recursos or\u00e7ament\u00e1rios e financeiros, receitas e despesas, dos projetos de pesquisas, recebidos dos \u00f3rg\u00e3os financiadores de fomento de \u00e0 pesquisa, de fonte externa, como: FINEP, CAPES, FUNDA\u00c7\u00c3O ARAUC\u00c1RIA, EMBRAPA e outros, e tamb\u00e9m de fonte de recursos pr\u00f3prios, no caso dos Fundos de apoio ao ensino, pesquisa e extens\u00e3o &#8211; FAEPE.<\/p>\n\n\n\n<div style=\"height:34px\" aria-hidden=\"true\" class=\"wp-block-spacer\"><\/div>\n\n\n\n<p><strong>Procedimentos<\/strong><\/p>\n\n\n\n<div style=\"height:34px\" aria-hidden=\"true\" class=\"wp-block-spacer\"><\/div>\n\n\n\n<p><strong>1. Procedimento para solicita\u00e7\u00e3o de aquisi\u00e7\u00e3o de materiais de consumo e\/ou equipamentos e material permanente:<\/strong><\/p>\n\n\n\n<ul class=\"wp-block-list\">\n<li>Verificar no SICOR se os materiais previstos e aprovados no projeto, possuem cadastro;<\/li>\n\n\n\n<li>Se tiverem, preencher o formul\u00e1rio de solicita\u00e7\u00e3o de materiais (<a href=\"https:\/\/sites.uel.br\/proppg\/wp-content\/uploads\/2023\/11\/PEDIDO-DE-MATERIAIS.doc\" target=\"_blank\" rel=\"noreferrer noopener\">Clique aqui<\/a>);&nbsp;<\/li>\n\n\n\n<li>Anexar pelo menos 03 or\u00e7amentos dos materiais a serem adquiridos;<\/li>\n\n\n\n<li>Se n\u00e3o tiverem, providenciar o cadastro do material junto ao Setor de Cadastro de Materiais, na Diretoria de Material\/PROAF;<\/li>\n\n\n\n<li>Providenciar pelo menos 03 or\u00e7amentos atualizado dos materiais a serem cadastrados;<\/li>\n\n\n\n<li>Os or\u00e7amentos das empresas dever\u00e3o conter: o nome da raz\u00e3o social da empresa, o CNPJ, o endere\u00e7o completo, contato, especifica\u00e7\u00e3o do bem, valor unit\u00e1rio e validade da proposta;<\/li>\n\n\n\n<li>Encaminhar justificativa bem fundamentada, conforme abaixo.<\/li>\n<\/ul>\n\n\n\n<p>Instru\u00e7\u00e3o da Assessoria Jur\u00eddica quanto ao procedimento de aquisi\u00e7\u00e3o de equipamentos e\/ou produtos para desenvolvimento exclusivamente para pesquisa cient\u00edfica e tecnol\u00f3gica, por dispensa de licita\u00e7\u00e3o, com base no artigo 24, inciso XXI da lei de licita\u00e7\u00e3o 8.666\/1993, introduzido atrav\u00e9s da lei 9.648 de 27\/05\/1998 (anterior a medida provis\u00f3ria 1531-18).<\/p>\n\n\n\n<p>O pesquisador dever\u00e1 encaminhar justificativa, informando sobre a necessidade\/imprescindibilidade da utiliza\u00e7\u00e3o dos materiais que pretende requisitar, atrav\u00e9s de dispensa de licita\u00e7\u00e3o para o desenvolvimento do projeto de pesquisa, relatando de que forma ou de quais m\u00e9todos ser\u00e3o utilizados, para garantir uma boa qualidade daquilo que se pretende analisar ou pesquisar, como tamb\u00e9m relatar os poss\u00edveis danos ou preju\u00edzos, da n\u00e3o aquisi\u00e7\u00e3o destes materiais para o projeto de pesquisa.<\/p>\n\n\n\n<div style=\"height:30px\" aria-hidden=\"true\" class=\"wp-block-spacer\"><\/div>\n\n\n\n<p><strong>2. Procedimentos para aquisi\u00e7\u00e3o de materiais e ou\/servi\u00e7os atrav\u00e9s de importa\u00e7\u00e3o direta:<\/strong><\/p>\n\n\n\n<ul class=\"wp-block-list\">\n<li>Consultar a resolu\u00e7\u00e3o CA n\u00ba 029\/2012, do dia 18.04.2012, antes de encaminhar qualquer pedido de importa\u00e7\u00e3o (<a href=\"https:\/\/sites.uel.br\/proppg\/wp-content\/uploads\/2023\/11\/resolucao_29_2012.pdf\" target=\"_blank\" rel=\"noreferrer noopener\">Clique aqui<\/a>);<\/li>\n\n\n\n<li>Encaminhar solicita\u00e7\u00e3o de material e\/ou servi\u00e7os com a especifica\u00e7\u00e3o do material e\/ou servi\u00e7o;<\/li>\n\n\n\n<li>Informar de qual projeto de pesquisa\/conv\u00eanio, dever\u00e1 ser utilizado os recursos para a compra do bem como tamb\u00e9m para pagamento das taxas de importa\u00e7\u00e3o;<\/li>\n\n\n\n<li>Anexar a proforma invoice (or\u00e7amento em moeda estrangeira);<\/li>\n\n\n\n<li>Anexar justificativa bem fundamentada conforme instru\u00e7\u00e3o acima;<\/li>\n\n\n\n<li>Encaminhar resumo do projeto a qual ser\u00e1 utilizado os bens e\/ou servi\u00e7os;<\/li>\n\n\n\n<li>No caso de importa\u00e7\u00e3o direta de bens e\/ou servi\u00e7os com recursos de auxilio do CNPq, CAPES&nbsp; e outros \u00f3rg\u00e3os de fomento, direto ao pesquisador, contactar \u00e0 PROPPG, para saber da possibilidade de atendimento por importa\u00e7\u00e3o direta;<\/li>\n\n\n\n<li>N\u00e3o \u00e9 necess\u00e1rio o cadastro pr\u00e9vio do equipamento, pois ser\u00e1 realizado pelo pr\u00f3prio setor de importa\u00e7\u00e3o.<\/li>\n<\/ul>\n\n\n\n<div style=\"height:29px\" aria-hidden=\"true\" class=\"wp-block-spacer\"><\/div>\n\n\n\n<p><strong>3. Procedimentos para pagamento de servi\u00e7os terceiros executados por pessoa jur\u00eddica:<\/strong><\/p>\n\n\n\n<ul class=\"wp-block-list\">\n<li>Encaminhar correspond\u00eancia ou preencher o formul\u00e1rio dispon\u00edvel na p\u00e1gina da PROPPG, solicitando o tipo de servi\u00e7os a ser executado e a fonte de recursos e projeto de pesquisa (<a href=\"https:\/\/sites.uel.br\/proppg\/wp-content\/uploads\/2023\/11\/SERVICOS-PESSOA-JURIDICA.doc\" target=\"_blank\" rel=\"noreferrer noopener\">Clique aqu<\/a><a href=\"https:\/\/www.uel.br\/arquivo-proppg\/pages\/arquivos\/pesquisa\/financeiro\/SERVICOS%20PESSOA%20JURIDICA.doc\">i<\/a>);<\/li>\n\n\n\n<li>No caso de manuten\u00e7\u00e3o, conserto e ou revis\u00e3o de equipamentos de laborat\u00f3rios e outros, encaminhar a negativa da Prefeitura do Campus (PCU), informando da n\u00e3o possibilidade de conserto do equipamento;<\/li>\n\n\n\n<li>Anexar 01 or\u00e7amento, no caso de empresa exclusiva para a execu\u00e7\u00e3o do servi\u00e7os solicitados, por ser de determinada marca;<\/li>\n\n\n\n<li>Anexar a carta de exclusividade da empresa com data de vig\u00eancia em vigor;<\/li>\n\n\n\n<li>Se o equipamento pode ser consertado por qualquer empresa de manuten\u00e7\u00e3o, anexar pelo menos 03 (tr\u00eas) or\u00e7amentos;<\/li>\n\n\n\n<li>Encaminhar as certid\u00f5es (CRF, CND, CNDT, Consulta no cadastro de fornecedor do ICMS,&nbsp; necess\u00e1rias para atualiza\u00e7\u00e3o do cadastro do fornecedor;<\/li>\n\n\n\n<li>De posse de todos estes documentos, ser\u00e1 aberto processo e encaminhado \u00e0 Diretoria de Material, pois somente ela \u00e9 que autorizar\u00e1 a execu\u00e7\u00e3o dos servi\u00e7os ou n\u00e3o;<\/li>\n\n\n\n<li>Se a previs\u00e3o de valores for acima de R$ 8.000,00, ser\u00e1 aberto processo licitat\u00f3rio;<\/li>\n\n\n\n<li>Os or\u00e7amentos devem conter a raz\u00e3o social, o endere\u00e7o, o CNPJ, Inscri\u00e7\u00e3o estadual, telefone, email, contato, a especifica\u00e7\u00e3o dos servi\u00e7os, os valores unit\u00e1rios, prazo de validade, prazo de entrega, garantia dos servi\u00e7os e outros;<\/li>\n\n\n\n<li>N\u00e3o autorizar a execu\u00e7\u00e3o dos servi\u00e7os, sem esta autoriza\u00e7\u00e3o, e tamb\u00e9m sem o cadastro do fornecedor.<\/li>\n<\/ul>\n\n\n\n<div style=\"height:30px\" aria-hidden=\"true\" class=\"wp-block-spacer\"><\/div>\n\n\n\n<p><strong>4. Procedimentos para pagamento de servi\u00e7os de terceiros executados por pessoa f\u00edsica:<\/strong><\/p>\n\n\n\n<ul class=\"wp-block-list\">\n<li>Encaminhar correspond\u00eancia ou preencher o formul\u00e1rio dispon\u00edvel da p\u00e1gina da PROPPG, solicitando o tipo de servi\u00e7os a ser executado, citando a fonte de recursos e projeto de pesquisa (<a href=\"https:\/\/sites.uel.br\/proppg\/wp-content\/uploads\/2023\/11\/SERVICOS-PESSOA-FISICA.doc\" target=\"_blank\" rel=\"noreferrer noopener\">Clique aqui<\/a>);<\/li>\n\n\n\n<li>Anexar pelo menos 03 (tr\u00eas) or\u00e7amentos;<\/li>\n\n\n\n<li>Os or\u00e7amentos devem conter:&nbsp; o nome da pessoa que vai executar o servi\u00e7o, o endere\u00e7o, o CNPJ, Inscri\u00e7\u00e3o estadual, telefone, email, contato, a especifica\u00e7\u00e3o dos servi\u00e7os, os valores unit\u00e1rios, prazo de validade, prazo de entrega, garantia dos servi\u00e7os e dados banc\u00e1rios;<\/li>\n\n\n\n<li>A PROPPG providenciar\u00e1 o cadastro no SICOR da pessoa que ofereceu a melhor proposta;<\/li>\n\n\n\n<li>N\u00e3o autorizar a execu\u00e7\u00e3o dos servi\u00e7os, antes de efetuar o cadastro;<\/li>\n\n\n\n<li>Encaminhar o recibo para pagamento (<a href=\"https:\/\/sites.uel.br\/proppg\/wp-content\/uploads\/2023\/11\/Recibo-Pessoa-Fisica-9.1.xls\" target=\"_blank\" rel=\"noreferrer noopener\">Clique Aqui<\/a>).<\/li>\n<\/ul>\n\n\n\n<div style=\"height:30px\" aria-hidden=\"true\" class=\"wp-block-spacer\"><\/div>\n\n\n\n<p><strong>5. Procedimentos para pagamento de auxilio financeiro a estudantes e trabalho de campo:<\/strong><\/p>\n\n\n\n<ul class=\"wp-block-list\">\n<li>Encaminhar correspond\u00eancia solicitando o auxilio ou preencher formul\u00e1rio dispon\u00edvel na p\u00e1gina da PROPPG, justificando qual a finalidade e a necessidade de tal auxilio para o desenvolvimento do projeto de pesquisa, citando a fonte de recursos e projeto de pesquisa (<a rel=\"noreferrer noopener\" href=\"https:\/\/sites.uel.br\/proppg\/wp-content\/uploads\/2023\/11\/AUXILIO-FINANCEIRO-A-ESTUDANTES.doc\" target=\"_blank\">Formul\u00e1rio 01<\/a>) (<a href=\"https:\/\/sites.uel.br\/proppg\/wp-content\/uploads\/2023\/11\/TRABALHO-DE-CAMPO.doc\" target=\"_blank\" rel=\"noreferrer noopener\">Formulario 02<\/a>);<\/li>\n\n\n\n<li>Anexar o formul\u00e1rio de cadastramento preenchido;<\/li>\n\n\n\n<li>A PROPPG providenciar\u00e1 o cadastro no SICOR;<\/li>\n\n\n\n<li>Encaminhar o recibo para pagamento (<a href=\"https:\/\/sites.uel.br\/proppg\/wp-content\/uploads\/2023\/11\/Recibo-nao_tributaveis-v1.0-1.xls\" target=\"_blank\" rel=\"noreferrer noopener\">Clique Aqui<\/a>).<\/li>\n<\/ul>\n\n\n\n<div style=\"height:30px\" aria-hidden=\"true\" class=\"wp-block-spacer\"><\/div>\n\n\n\n<p><strong>6. Procedimentos para solicita\u00e7\u00e3o de di\u00e1rias, t\u00e1xi e passagens terrestres a servidores da UEL, conforme previstos nos projetos de pesquisa e conv\u00eanios aprovados:<\/strong><\/p>\n\n\n\n<ul class=\"wp-block-list\">\n<li>Preencher o formul\u00e1rio de di\u00e1rias\/passagens dispon\u00edvel da PROPPG ou (<a href=\"https:\/\/sites.uel.br\/proppg\/wp-content\/uploads\/2025\/05\/PESQUISA-FORMULARIO-SOLICITACAO-DE-DIARIAS_PASSAGENS_PARA-SERVIDORES.doc\" data-type=\"link\" data-id=\"https:\/\/sites.uel.br\/proppg\/wp-content\/uploads\/2023\/11\/diarias-2016.doc\" target=\"_blank\" rel=\"noreferrer noopener\">Clique aqui)<\/a>;<\/li>\n\n\n\n<li>A solicita\u00e7\u00e3o deve ser preenchida no SICOR, sistema de Di\u00e1rias\/Passagens, sempre com no m\u00ednimo 10 dias de anteced\u00eancia;<\/li>\n\n\n\n<li>A tabela a ser utilizada \u00e9 a do Governo do Estado do Paran\u00e1;<\/li>\n\n\n\n<li>A solicita\u00e7\u00e3o de t\u00e1xi s\u00f3 ser\u00e1 concedida se o edital de chamadas tiver previs\u00e3o para concess\u00e3o desta despesa;<\/li>\n\n\n\n<li>No caso da concess\u00e3o de t\u00e1xi, utilizar o modelo de recibo disponibilizado na p\u00e1gina da PROPPG (<a href=\"https:\/\/sites.uel.br\/proppg\/wp-content\/uploads\/2023\/11\/recibodetaxi-1.doc\" target=\"_blank\" rel=\"noreferrer noopener\">Clique aqui<\/a>);<\/li>\n\n\n\n<li>A solicita\u00e7\u00e3o de passagens terrestres deve ser preenchida com os valores de compra das passagens, para aquisi\u00e7\u00e3o do pr\u00f3prio solicitante, juntamente com as di\u00e1rias;<\/li>\n\n\n\n<li>Sempre solicitar todos os recursos para a viagem de uma \u00fanica vez, para que n\u00e3o haja complementa\u00e7\u00f5es e retrabalhos desnecess\u00e1rios.<\/li>\n<\/ul>\n\n\n\n<div style=\"height:29px\" aria-hidden=\"true\" class=\"wp-block-spacer\"><\/div>\n\n\n\n<p><strong>7. Procedimentos para solicita\u00e7\u00e3o de passagens a\u00e9reas de servidores e de visitantes:<\/strong><\/p>\n\n\n\n<ul class=\"wp-block-list\">\n<li>A partir do momento do conhecimento de uma viagem programada e aprovada no projeto, providenciar junto \u00e0 empresa contratada da UEL, o or\u00e7amento dos poss\u00edveis v\u00f4os do dia de ida e da volta, preenchendo o formul\u00e1rio de professor visitante\/convidado e para servidores o formul\u00e1rio de solicita\u00e7\u00e3o de di\u00e1rias\/passagens\/t\u00e1xi (<a href=\"https:\/\/sites.uel.br\/proppg\/wp-content\/uploads\/2023\/11\/PROFESSORES-VISITANTES.CONVIDADOS-DGFPCT.doc\" target=\"_blank\" rel=\"noreferrer noopener\">Formul\u00e1rio 01<\/a>) (<a href=\"https:\/\/sites.uel.br\/proppg\/wp-content\/uploads\/2023\/11\/recibodetaxi-1-1.doc\" target=\"_blank\" rel=\"noreferrer noopener\">Formul\u00e1rio 02<\/a>);<\/li>\n\n\n\n<li>A escolha devera ser sempre pelo menor pre\u00e7o. N\u00e3o sendo, justificar no pr\u00f3prio sistema de di\u00e1rias e passagens;<\/li>\n\n\n\n<li>Providenciar junto \u00e0s Cias. A\u00e9reas os or\u00e7amentos dos v\u00f4os escolhidos para comparativo de pre\u00e7os entre a ag\u00eancia de viagem e as cias a\u00e9reas, no caso de servidores. Para convidados n\u00e3o ser\u00e1 necess\u00e1rio os or\u00e7amentos das Cias. \u00e1ereas;<\/li>\n\n\n\n<li>Ap\u00f3s, a requisi\u00e7\u00e3o dever\u00e1 ser preenchida no sistema de di\u00e1rias e passagens no SICOR e encaminhada \u00e0 empresa contratada juntamente com o or\u00e7amento da pr\u00f3pria empresa;<\/li>\n<\/ul>\n\n\n\n<p>Encaminhar \u00e0 PROPPG a requisi\u00e7\u00e3o de passagens emitida no Sistema de di\u00e1rias e passagens juntamente com os or\u00e7amentos da ag\u00eancia contratada e os or\u00e7amentos das cias. A\u00e9reas, se for o caso.<\/p>\n\n\n\n<div style=\"height:32px\" aria-hidden=\"true\" class=\"wp-block-spacer\"><\/div>\n\n\n\n<p><strong>8. Procedimentos para presta\u00e7\u00e3o de contas das solicita\u00e7\u00f5es de di\u00e1rias, passagens e t\u00e1xi:<\/strong><\/p>\n\n\n\n<ul class=\"wp-block-list\">\n<li>A presta\u00e7\u00e3o de contas de viagem dever\u00e1 ser realizada at\u00e9 02 (dois) dias \u00fateis do retorno da viagem;<\/li>\n\n\n\n<li>Emitir relat\u00f3rio de viagem na p\u00e1gina da UEL, Sistema UEL, Administrativo, Di\u00e1rias e Passagens;<\/li>\n\n\n\n<li>Quando n\u00e3o houver despesas de t\u00e1xi e passagens terrestres, encaminhar via malote ou pessoalmente o comprovante da viagem, ou seja, ticketes das passagens a\u00e9reas, se tiver, nota fiscal de hospedagens e\/ou refei\u00e7\u00f5es, c\u00f3pia do certificado no caso de participa\u00e7\u00e3o de congressos e similares, declara\u00e7\u00e3o de participa\u00e7\u00e3o de reuni\u00f5es e outros;<\/li>\n\n\n\n<li>Quando houver despesas com t\u00e1xi e ou passagens terrestres, comparecer \u00e0 PROPPG com os comprovantes de despesas e caso n\u00e3o seja comprovado o valor recebido, anexar o comprovante de devolu\u00e7\u00e3o nas contas correntes da UEL;<\/li>\n\n\n\n<li>Quando ultrapassar o prazo de presta\u00e7\u00e3o de contas, dever\u00e1 ser anexado tamb\u00e9m o comprovante do valor da multa por atraso na presta\u00e7\u00e3o de contas.<\/li>\n<\/ul>\n\n\n\n<div style=\"height:32px\" aria-hidden=\"true\" class=\"wp-block-spacer\"><\/div>\n\n\n\n<p><strong>9. Procedimentos para presta\u00e7\u00e3o de contas das solicita\u00e7\u00f5es de passagens dos visitantes:<\/strong><\/p>\n\n\n\n<ul class=\"wp-block-list\">\n<li>Encaminhar os tickets de passagens utilizados pelos visitantes.<\/li>\n<\/ul>\n\n\n\n<div style=\"height:32px\" aria-hidden=\"true\" class=\"wp-block-spacer\"><\/div>\n\n\n\n<p><strong>10. Procedimentos para utiliza\u00e7\u00e3o de hospedagens e alimenta\u00e7\u00e3o de visitantes:<\/strong><\/p>\n\n\n\n<ul class=\"wp-block-list\">\n<li>Preencher o formul\u00e1rio de \u201cSolicita\u00e7\u00e3o de pagamento de professores convidados e visitantes\u201d, dispon\u00edvel na p\u00e1gina da PROPPG (<a href=\"https:\/\/sites.uel.br\/proppg\/wp-content\/uploads\/2023\/11\/PROFESSORES-VISITANTES.CONVIDADOS-DGFPCT-1.doc\" target=\"_blank\" rel=\"noreferrer noopener\">Clique aqui<\/a>);<\/li>\n\n\n\n<li>Encaminhar a requisi\u00e7\u00e3o de hospedagens e alimenta\u00e7\u00e3o ao Hotel contratado pela UEL, para reserva e confirma\u00e7\u00e3o da di\u00e1ria, dispon\u00edvel na p\u00e1gina da PROPPG, junto com a formul\u00e1rio acima (<a href=\"https:\/\/sites.uel.br\/proppg\/wp-content\/uploads\/2023\/11\/REQUISICAO-DE-DIARIAS-HOTEL-SUMATRA-1.doc\" target=\"_blank\" rel=\"noreferrer noopener\">Clique aqu<\/a><a href=\"https:\/\/www.uel.br\/arquivo-proppg\/pages\/arquivos\/pesquisa\/financeiro\/REQUISICAO%20DE%20%20DIARIAS%20HOTEL%20SUMATRA.doc\">i<\/a>);<\/li>\n\n\n\n<li>Quando a alimenta\u00e7\u00e3o n\u00e3o for efetuada no pr\u00f3prio Hotel, preencher a requisi\u00e7\u00e3o de alimenta\u00e7\u00e3o, dispon\u00edvel na p\u00e1gina da PROPPG;<\/li>\n\n\n\n<li>De posse da requisi\u00e7\u00e3o de alimenta\u00e7\u00e3o, dirigir-se a um dos restaurantes cadastrados autorizados, onde dever\u00e1 ser entregue a requisi\u00e7\u00e3o assinada pelo convidado e acompanhante, que ser\u00e1 entregue juntamente com a nota fiscal \u00e0 PROPPG para efetuar o pagamento.<\/li>\n<\/ul>\n\n\n\n<div style=\"height:33px\" aria-hidden=\"true\" class=\"wp-block-spacer\"><\/div>\n\n\n\n<p><strong>11. Procedimentos para pagamento de bolsistas de inicia\u00e7\u00e3o cient\u00edfica, apoio t\u00e9cnico, p\u00f3s-gradua\u00e7\u00e3o, mestrado e doutorado, s\u00eanior, produtividade e outras modalidades:<\/strong><\/p>\n\n\n\n<ul class=\"wp-block-list\">\n<li>Preencher o formul\u00e1rio de cadastramento de bolsista dispon\u00edvel na p\u00e1gina da PROPPG (<a href=\"https:\/\/sites.uel.br\/proppg\/wp-content\/uploads\/2023\/11\/FORMULARIO-PARA-CADASTRO-DE-BOLSISTAS-1.doc\" target=\"_blank\" rel=\"noreferrer noopener\">Clique aqui<\/a>);<\/li>\n\n\n\n<li>Encaminhar este formul\u00e1rio juntamente com correspond\u00eancia assinada pelo coordenador do projeto e\/ou conv\u00eanio autorizando o pagamento ao bolsista.<\/li>\n<\/ul>\n\n\n\n<div style=\"height:32px\" aria-hidden=\"true\" class=\"wp-block-spacer\"><\/div>\n\n\n\n<div id=\"wp-block-themeisle-blocks-button-group-2c371157\" class=\"wp-block-themeisle-blocks-button-group wp-block-buttons\">\n<div id=\"wp-block-themeisle-blocks-button-4b24a1fc\" class=\"wp-block-themeisle-blocks-button wp-block-button\"><a href=\"https:\/\/sites.uel.br\/proppg\/formularios\/\" target=\"_blank\" rel=\"noopener noreferrer\" class=\"wp-block-button__link\"><span><strong>Formul\u00e1rios<\/strong><\/span><\/a><\/div>\n<\/div>\n","protected":false},"excerpt":{"rendered":"<p>Divis\u00e3o de Gest\u00e3o Financeira da Pesquisa Cient\u00edfica e Tecnol\u00f3gica &#8211; Pesquisa Gerenciamento dos recursos or\u00e7ament\u00e1rios e financeiros, receitas e despesas, dos projetos de pesquisas, recebidos dos \u00f3rg\u00e3os financiadores de fomento de \u00e0 pesquisa, de fonte externa, como: FINEP, CAPES, FUNDA\u00c7\u00c3O ARAUC\u00c1RIA, EMBRAPA e outros, e tamb\u00e9m de fonte de recursos pr\u00f3prios, no caso dos Fundos [&hellip;]<\/p>\n","protected":false},"author":12,"featured_media":0,"parent":0,"menu_order":0,"comment_status":"closed","ping_status":"closed","template":"","meta":{"_acf_changed":false,"_themeisle_gutenberg_block_has_review":false,"footnotes":""},"class_list":["post-2120","page","type-page","status-publish","hentry"],"acf":[],"_links":{"self":[{"href":"https:\/\/sites.uel.br\/proppg\/wp-json\/wp\/v2\/pages\/2120","targetHints":{"allow":["GET"]}}],"collection":[{"href":"https:\/\/sites.uel.br\/proppg\/wp-json\/wp\/v2\/pages"}],"about":[{"href":"https:\/\/sites.uel.br\/proppg\/wp-json\/wp\/v2\/types\/page"}],"author":[{"embeddable":true,"href":"https:\/\/sites.uel.br\/proppg\/wp-json\/wp\/v2\/users\/12"}],"replies":[{"embeddable":true,"href":"https:\/\/sites.uel.br\/proppg\/wp-json\/wp\/v2\/comments?post=2120"}],"version-history":[{"count":6,"href":"https:\/\/sites.uel.br\/proppg\/wp-json\/wp\/v2\/pages\/2120\/revisions"}],"predecessor-version":[{"id":4627,"href":"https:\/\/sites.uel.br\/proppg\/wp-json\/wp\/v2\/pages\/2120\/revisions\/4627"}],"wp:attachment":[{"href":"https:\/\/sites.uel.br\/proppg\/wp-json\/wp\/v2\/media?parent=2120"}],"curies":[{"name":"wp","href":"https:\/\/api.w.org\/{rel}","templated":true}]}}