{"id":2070,"date":"2023-11-01T17:00:49","date_gmt":"2023-11-01T20:00:49","guid":{"rendered":"https:\/\/sites.uel.br\/proppg\/?page_id=2070"},"modified":"2024-04-08T11:44:26","modified_gmt":"2024-04-08T14:44:26","slug":"proap","status":"publish","type":"page","link":"https:\/\/sites.uel.br\/proppg\/proap\/","title":{"rendered":"Programa de Apoio \u00e0 P\u00f3s-Gradua\u00e7\u00e3o &#8211; PROAP"},"content":{"rendered":"\n<div style=\"height:20px\" aria-hidden=\"true\" class=\"wp-block-spacer\"><\/div>\n\n\n\n<p>O Programa de Apoio \u00e0 P\u00f3s-gradua\u00e7\u00e3o (PROAP) se destina a proporcionar melhores condi\u00e7\u00f5es para a forma\u00e7\u00e3o de recursos humanos e para a produ\u00e7\u00e3o e o aprofundamento do conhecimento nos cursos de p\u00f3s-gradua\u00e7\u00e3o stricto sensu, mantidos por institui\u00e7\u00f5es p\u00fablicas de ensino superior.<\/p>\n\n\n\n<div style=\"height:20px\" aria-hidden=\"true\" class=\"wp-block-spacer\"><\/div>\n\n\n\n<div id=\"wp-block-themeisle-blocks-accordion-aefad244\" class=\"wp-block-themeisle-blocks-accordion exclusive\">\n<details class=\"wp-block-themeisle-blocks-accordion-item\"><summary class=\"wp-block-themeisle-blocks-accordion-item__title\"><div><strong>Documentos<\/strong><\/div><\/summary><div class=\"wp-block-themeisle-blocks-accordion-item__content\">\n<p><a href=\"https:\/\/sites.uel.br\/proppg\/wp-content\/uploads\/2023\/11\/Diarias-e-Passagens-Convidados.doc\">Di\u00e1rias e Passagens &#8211; Convidados<\/a><\/p>\n\n\n\n<p><a href=\"https:\/\/sites.uel.br\/proppg\/wp-content\/uploads\/2023\/11\/Diarias-e-Passagens-Servidores-da-UEL.doc\">Di\u00e1rias e Passagens &#8211; Servidores da UEL<\/a><\/p>\n\n\n\n<p><a href=\"https:\/\/sites.uel.br\/proppg\/wp-content\/uploads\/2023\/11\/DIARIAS-PROAP-SICONV-EXTERIOR.pdf\">Di\u00e1rias PROAP &#8211; SICONV Exterior<\/a><\/p>\n\n\n\n<p><a href=\"https:\/\/sites.uel.br\/proppg\/wp-content\/uploads\/2023\/11\/RECIBO-CAPES-MODELO-A.doc\">Recibo CAPES &#8211; Modelo A<\/a><\/p>\n\n\n\n<p><a href=\"https:\/\/sites.uel.br\/proppg\/wp-content\/uploads\/2023\/11\/RELATORIO-DE-VIAGEM-EXTERIOR-AUXPE.doc\">Relat\u00f3rio de Viagem &#8211; Exterior<\/a><\/p>\n\n\n\n<p><a href=\"https:\/\/sites.uel.br\/proppg\/wp-content\/uploads\/2023\/11\/RELATORIO-DE-VIAGEM-NACIONAL.doc\">Relat\u00f3rio de Viagem &#8211; Nacional<\/a><\/p>\n<\/div><\/details>\n\n\n\n<details class=\"wp-block-themeisle-blocks-accordion-item\"><summary class=\"wp-block-themeisle-blocks-accordion-item__title\"><div><strong>Instru\u00e7\u00f5es de Servi\u00e7o<\/strong><\/div><\/summary><div class=\"wp-block-themeisle-blocks-accordion-item__content\">\n<p>\u25ba&nbsp;<strong><a href=\"https:\/\/sites.uel.br\/proppg\/wp-content\/uploads\/2023\/11\/IS-PROPPG-001-2016-auxilio-estudantes-de-PG-para-atividades-de-intercambio1-1.pdf\">IS 001\/2016<\/a><\/strong> &#8211; Procedimentos para concess\u00e3o de Aux\u00edlio Financeiro a Estudante de P\u00f3s-Gradua\u00e7\u00e3o para participa\u00e7\u00e3o em atividades de interc\u00e2mbio e parcerias entre Programas de P\u00f3s-Gradua\u00e7\u00e3o (PPGs) e institui\u00e7\u00f5es formalmente associadas.<\/p>\n\n\n\n<p><a href=\"https:\/\/sites.uel.br\/proppg\/wp-content\/uploads\/2024\/04\/Anexo-I-Dados-1a.doc\" data-type=\"link\" data-id=\"https:\/\/sites.uel.br\/proppg\/wp-content\/uploads\/2023\/12\/ANEXO-1-IS-PROPPG-001-2016-auxilio-estudantes-de-PG-para-atividades-de-intercambio.doc\" target=\"_blank\" rel=\"noreferrer noopener\">Anexo I &#8211; Dados<br><\/a><a href=\"https:\/\/sites.uel.br\/proppg\/wp-content\/uploads\/2023\/11\/ANEXO-2-IS-PROPPG-001-2016-auxilio-estudantes-de-PG-para-atividades-de-intercambio.doc\" target=\"_blank\" rel=\"noreferrer noopener\">Anexo II &#8211; Relat\u00f3rio<\/a><br><a href=\"https:\/\/sites.uel.br\/proppg\/wp-content\/uploads\/2023\/11\/ANEXO-3-IS-PROPPG-001-2016-termo-de-ciencia.doc\" target=\"_blank\" rel=\"noreferrer noopener\">Anexo III &#8211; Termo de Ci\u00eancia<\/a><\/p>\n\n\n\n<div style=\"height:10px\" aria-hidden=\"true\" class=\"wp-block-spacer\"><\/div>\n\n\n\n<p>\u25ba&nbsp;<strong><a href=\"https:\/\/sites.uel.br\/proppg\/wp-content\/uploads\/2023\/11\/IS-PROPPG-002-2016-auxilio-estudantes-de-PG-para-atividades-de-coleta-de-dados-no-pais-1.pdf\">IS 002\/2016<\/a><\/strong>&nbsp;&#8211; Procedimentos para concess\u00e3o de Aux\u00edlio Financeiro a Estudante de P\u00f3s-Gradua\u00e7\u00e3o para participa\u00e7\u00e3o em atividade cient\u00edfica na modalidade \u201ccoleta de dados&#8221; no pa\u00eds.<\/p>\n\n\n\n<p><a href=\"https:\/\/sites.uel.br\/proppg\/wp-content\/uploads\/2024\/04\/Anexo-I-Dados-2a.doc\" data-type=\"link\" data-id=\"https:\/\/sites.uel.br\/proppg\/wp-content\/uploads\/2023\/12\/ANEXO-1-IS-PROPPG-001-2016-auxilio-estudantes-de-PG-para-atividades-de-intercambio.doc\" target=\"_blank\" rel=\"noreferrer noopener\">Anexo I &#8211; Dados<\/a><br><a href=\"https:\/\/sites.uel.br\/proppg\/wp-content\/uploads\/2023\/11\/ANEXO-2-IS-PROPPG-002-2016-auxilio-estudantes-de-PG-para-atividades-de-coleta-de-dados-no-pais.doc\" target=\"_blank\" rel=\"noreferrer noopener\">Anexo II &#8211; Relat\u00f3rio<\/a><br><a href=\"https:\/\/sites.uel.br\/proppg\/wp-content\/uploads\/2023\/11\/ANEXO-3-IS-PROPPG-002-2016-termo-de-ciencia.doc\" target=\"_blank\" rel=\"noreferrer noopener\">Anexo III &#8211; Termo de Ci\u00eancia<\/a><\/p>\n\n\n\n<div style=\"height:10px\" aria-hidden=\"true\" class=\"wp-block-spacer\"><\/div>\n\n\n\n<p>\u25ba&nbsp;<strong><a href=\"https:\/\/sites.uel.br\/proppg\/wp-content\/uploads\/2023\/11\/IS-PROPPG-003-2016-auxilio-estudantes-de-PG-para-evento-cientifico-1.pdf\">IS 003\/2016<\/a><\/strong>&nbsp;&#8211; Procedimentos para concess\u00e3o de Aux\u00edlio Financeiro a Estudante de P\u00f3s-Gradua\u00e7\u00e3o para participa\u00e7\u00e3o em evento cient\u00edfico.<\/p>\n\n\n\n<p><a href=\"https:\/\/sites.uel.br\/proppg\/wp-content\/uploads\/2024\/04\/Anexo-I-Dados-3a.doc\" data-type=\"link\" data-id=\"https:\/\/sites.uel.br\/proppg\/wp-content\/uploads\/2023\/12\/ANEXO-1-IS-PROPPG-001-2016-auxilio-estudantes-de-PG-para-atividades-de-intercambio.doc\" target=\"_blank\" rel=\"noreferrer noopener\">Anexo I &#8211; Dados<\/a><br><a href=\"https:\/\/sites.uel.br\/proppg\/wp-content\/uploads\/2023\/11\/ANEXO-2-IS-PROPPG-003-2016-auxilio-estudantes-de-PG-para-evento-cientifico.doc\" target=\"_blank\" rel=\"noreferrer noopener\">Anexo II &#8211; Relat\u00f3rio<\/a><br><a href=\"https:\/\/sites.uel.br\/proppg\/wp-content\/uploads\/2023\/11\/ANEXO-3-IS-PROPPG-003-2016-termo-de-ciencia1.doc\" target=\"_blank\" rel=\"noreferrer noopener\">Anexo III &#8211; Termo de Ci\u00eancia<\/a><\/p>\n<\/div><\/details>\n<\/div>\n\n\n\n<p><strong><a href=\"https:\/\/sites.uel.br\/proppg\/wp-content\/uploads\/2023\/11\/DiA_rias.pdf\">DECRETO N\u00ba 11.117\/2022<\/a><\/strong>&nbsp;&#8211; Disp\u00f5e sobre a concess\u00e3o de di\u00e1rias &#8211; Proap<\/p>\n\n\n\n<p><a href=\"https:\/\/sites.uel.br\/proppg\/wp-content\/uploads\/2024\/02\/arquivo_digitalizado2024-02-22-110222.pdf\" target=\"_blank\" rel=\"noreferrer noopener\">Tabela dos valores para viagem ao exterior &#8211; Proap<\/a><\/p>\n","protected":false},"excerpt":{"rendered":"<p>O Programa de Apoio \u00e0 P\u00f3s-gradua\u00e7\u00e3o (PROAP) se destina a proporcionar melhores condi\u00e7\u00f5es para a forma\u00e7\u00e3o de recursos humanos e para a produ\u00e7\u00e3o e o aprofundamento do conhecimento nos cursos de p\u00f3s-gradua\u00e7\u00e3o stricto sensu, mantidos por institui\u00e7\u00f5es p\u00fablicas de ensino superior. DECRETO N\u00ba 11.117\/2022&nbsp;&#8211; Disp\u00f5e sobre a concess\u00e3o de di\u00e1rias &#8211; Proap Tabela dos valores [&hellip;]<\/p>\n","protected":false},"author":11,"featured_media":0,"parent":0,"menu_order":0,"comment_status":"closed","ping_status":"closed","template":"","meta":{"_acf_changed":false,"_themeisle_gutenberg_block_has_review":false,"footnotes":""},"class_list":["post-2070","page","type-page","status-publish","hentry"],"acf":[],"_links":{"self":[{"href":"https:\/\/sites.uel.br\/proppg\/wp-json\/wp\/v2\/pages\/2070","targetHints":{"allow":["GET"]}}],"collection":[{"href":"https:\/\/sites.uel.br\/proppg\/wp-json\/wp\/v2\/pages"}],"about":[{"href":"https:\/\/sites.uel.br\/proppg\/wp-json\/wp\/v2\/types\/page"}],"author":[{"embeddable":true,"href":"https:\/\/sites.uel.br\/proppg\/wp-json\/wp\/v2\/users\/11"}],"replies":[{"embeddable":true,"href":"https:\/\/sites.uel.br\/proppg\/wp-json\/wp\/v2\/comments?post=2070"}],"version-history":[{"count":12,"href":"https:\/\/sites.uel.br\/proppg\/wp-json\/wp\/v2\/pages\/2070\/revisions"}],"predecessor-version":[{"id":3201,"href":"https:\/\/sites.uel.br\/proppg\/wp-json\/wp\/v2\/pages\/2070\/revisions\/3201"}],"wp:attachment":[{"href":"https:\/\/sites.uel.br\/proppg\/wp-json\/wp\/v2\/media?parent=2070"}],"curies":[{"name":"wp","href":"https:\/\/api.w.org\/{rel}","templated":true}]}}