{"id":200,"date":"2022-12-21T14:41:01","date_gmt":"2022-12-21T17:41:01","guid":{"rendered":"https:\/\/sites.uel.br\/proppg\/?page_id=200"},"modified":"2026-03-24T15:58:27","modified_gmt":"2026-03-24T18:58:27","slug":"editais-2","status":"publish","type":"page","link":"https:\/\/sites.uel.br\/proppg\/editais-2\/","title":{"rendered":"Editais de Apoio \u00e0 Pesquisa"},"content":{"rendered":"\n<div style=\"height:30px\" aria-hidden=\"true\" class=\"wp-block-spacer\"><\/div>\n\n\n\n<div class=\"wp-block-columns is-layout-flex wp-container-core-columns-is-layout-9d6595d7 wp-block-columns-is-layout-flex\">\n<div class=\"wp-block-column is-layout-flow wp-block-column-is-layout-flow\" style=\"flex-basis:100%\">\n<div id=\"wp-block-themeisle-blocks-accordion-3a55c122\" class=\"wp-block-themeisle-blocks-accordion exclusive\">\n<details class=\"wp-block-themeisle-blocks-accordion-item\"><summary class=\"wp-block-themeisle-blocks-accordion-item__title\"><div><strong>Editais 2026<\/strong><\/div><\/summary><div class=\"wp-block-themeisle-blocks-accordion-item__content\">\n<p><strong>Apoio a Eventos T\u00e9cnicos Cient\u00edficos 2026<\/strong><\/p>\n\n\n\n<p>Apoio Institucional \u00e0 Participa\u00e7\u00e3o em Eventos T\u00e9cnico-Cient\u00edficos (Eventos de abril a setembro de 2026)<\/p>\n\n\n\n<ul class=\"wp-block-list\">\n<li><a href=\"https:\/\/sites.uel.br\/proppg\/wp-content\/uploads\/2026\/01\/Edital_Apoio_Participacao_Eventos_2026.pdf\" target=\"_blank\" rel=\"noreferrer noopener\">Edital PROPPG 04\/2026<\/a><\/li>\n\n\n\n<li><a href=\"https:\/\/forms.gle\/m1L22xvJWK5XBsvS7\" target=\"_blank\" rel=\"noreferrer noopener\">Formul\u00e1rio de inscri\u00e7\u00e3o<\/a><\/li>\n\n\n\n<li><a href=\"https:\/\/sites.uel.br\/proppg\/tabelas-de-avaliacao-por-area-do-conhecimento-2025\/\" target=\"_blank\" rel=\"noreferrer noopener\">Tabelas de avalia\u00e7\u00e3o por \u00e1rea do conhecimento<\/a><\/li>\n\n\n\n<li><a href=\"https:\/\/sites.uel.br\/proppg\/wp-content\/uploads\/2026\/03\/Edital_2026-07_Resultado_Apoio_Institucional_a_Participacao_em_eventos_tecnico-cientificos-retificado_r.pdf\" target=\"_blank\" rel=\"noreferrer noopener\">Edital PROPPG 07\/2026<\/a> &#8211; resultado da distribui\u00e7\u00e3o de recursos <mark style=\"color: red; font-size: 60%\">retificado<\/mark><\/li>\n<\/ul>\n\n\n\n<div style=\"height:0px\" aria-hidden=\"true\" class=\"wp-block-spacer\"><\/div>\n\n\n\n<div style=\"height:0px\" aria-hidden=\"true\" class=\"wp-block-spacer\"><\/div>\n\n\n\n<div style=\"height:0px\" aria-hidden=\"true\" class=\"wp-block-spacer\"><\/div>\n<\/div><\/details>\n\n\n\n<details class=\"wp-block-themeisle-blocks-accordion-item\"><summary class=\"wp-block-themeisle-blocks-accordion-item__title\"><div><strong>Editais 2025<\/strong><\/div><\/summary><div class=\"wp-block-themeisle-blocks-accordion-item__content\">\n<p><strong>Apoio a Eventos T\u00e9cnicos Cient\u00edficos 2025<\/strong><\/p>\n\n\n\n<p>APOIO INSTITUCIONAL \u00c0 PARTICIPA\u00c7\u00c3O EM EVENTOS T\u00c9CNICO-CIENT\u00cdFICOS<br>(EVENTOS DE ABRIL DE 2025 A FEVEREIRO DE 2026)<\/p>\n\n\n\n<p><\/p>\n\n\n\n<ul class=\"wp-block-list\">\n<li><a href=\"https:\/\/sites.uel.br\/proppg\/wp-content\/uploads\/2025\/02\/Edital-Interno-APOIO-PARTICIPACAO-EVENTOS-2025.pdf\" target=\"_blank\" rel=\"noreferrer noopener\">Edital PROPPG 05\/2025<\/a><\/li>\n\n\n\n<li><a href=\"https:\/\/docs.google.com\/forms\/d\/e\/1FAIpQLSd33lw4j5-NT7Z7cJmzbruI1x498NuM3cFpEWUbK7kRDSe3VQ\/viewform?usp=header\" target=\"_blank\" rel=\"noreferrer noopener\">Formul\u00e1rio de inscri\u00e7\u00e3o<\/a><\/li>\n\n\n\n<li><a href=\"https:\/\/sites.uel.br\/proppg\/tabelas-de-avaliacao-por-area-do-conhecimento\/\" target=\"_blank\" rel=\"noreferrer noopener\">Tabelas de avalia\u00e7\u00e3o por \u00e1rea do conhecimento<\/a><\/li>\n\n\n\n<li><a href=\"https:\/\/sites.uel.br\/proppg\/wp-content\/uploads\/2025\/03\/Resultado_APOIO_PARTICIPACAO_EVENTOS_2025.pdf\">Edital PROPPG 12\/2025<\/a> &#8211; resultado da distribui\u00e7\u00e3o de recursos<\/li>\n<\/ul>\n\n\n\n<div style=\"height:0px\" aria-hidden=\"true\" class=\"wp-block-spacer\"><\/div>\n\n\n\n<div style=\"height:0px\" aria-hidden=\"true\" class=\"wp-block-spacer\"><\/div>\n\n\n\n<div style=\"height:17px\" aria-hidden=\"true\" class=\"wp-block-spacer\"><\/div>\n\n\n\n<p><strong>Internacionalize 2025 &#8211; Apoio ao pagamento de taxa de publica\u00e7\u00e3o de artigo cient\u00edfico<\/strong><\/p>\n\n\n\n<ul class=\"wp-block-list\">\n<li><a href=\"https:\/\/sites.uel.br\/proppg\/wp-content\/uploads\/2025\/02\/Edital-INTERNACIONALIZE-2025.pdf\" target=\"_blank\" rel=\"noreferrer noopener\"><u>Edital ProPPG 06\/202<\/u>5<\/a><\/li>\n\n\n\n<li><u><a href=\"https:\/\/sites.uel.br\/proppg\/wp-content\/uploads\/2025\/02\/Formulario-Solicitacao-pagamento-de-publicacao-INTERNACIONALIZE-2025.doc\" target=\"_blank\" rel=\"noreferrer noopener\">Formul\u00e1rio de Solicita\u00e7\u00e3o de pagamento<\/a><\/u><\/li>\n<\/ul>\n\n\n\n<div style=\"height:0px\" aria-hidden=\"true\" class=\"wp-block-spacer\"><\/div>\n<\/div><\/details>\n\n\n\n<details class=\"wp-block-themeisle-blocks-accordion-item\"><summary class=\"wp-block-themeisle-blocks-accordion-item__title\"><div><strong>Editais 2024<\/strong><\/div><\/summary><div class=\"wp-block-themeisle-blocks-accordion-item__content\">\n<p><strong>Programa Institucional de Pesquisa Universal (B\u00e1sica e Aplicada)<\/strong><\/p>\n\n\n\n<ul class=\"wp-block-list\">\n<li><a href=\"https:\/\/sites.uel.br\/proppg\/wp-content\/uploads\/2025\/03\/Resultado_definitivo_Edital_PBA_2025_publicacao.pdf\">Edital 019\/2025 &#8211; Resultado<\/a><\/li>\n\n\n\n<li><a href=\"https:\/\/sites.uel.br\/proppg\/wp-content\/uploads\/2025\/03\/Resultado_Preliminar_Edital_PBA_2025.pdf\">Edital 016\/2025 &#8211; Resultado Preliminar<\/a><\/li>\n\n\n\n<li><a href=\"https:\/\/sites.uel.br\/proppg\/wp-content\/uploads\/2025\/03\/Edital_09-2025-Prorrogacao_cronograma.pdf\">Edital 009\/2025 \u2013 Prorroga\u00e7\u00e3o de cronograma<\/a><\/li>\n\n\n\n<li><a href=\"https:\/\/sites.uel.br\/proppg\/wp-content\/uploads\/2024\/12\/Retificacao_-068-2024.pdf\">Edital 068\/2024 \u2013 Retifica\u00e7\u00e3o<\/a><\/li>\n\n\n\n<li><a href=\"https:\/\/sites.uel.br\/proppg\/wp-content\/uploads\/2024\/12\/Edital-PROPPG-PBA-2024.pdf\">Edital PROPPG 067\/2024<\/a>\n<ul class=\"wp-block-list\">\n<li>Anexos \u2013 Tabela de Pontua\u00e7\u00e3o de Produ\u00e7\u00e3o Acad\u00eamica:\n<ul class=\"wp-block-list\">\n<li><a href=\"https:\/\/sites.uel.br\/proppg\/wp-content\/uploads\/2024\/12\/1-Tabela-Ciencias-Extas-e-da-Terra-1.docx\">Ci\u00eancias Exatas e da Terra<\/a><\/li>\n\n\n\n<li><a href=\"https:\/\/sites.uel.br\/proppg\/wp-content\/uploads\/2024\/12\/2-Tabela-Ciencias-Biologicas-1.docx\">Ci\u00eancias Biol\u00f3gicas<\/a><\/li>\n\n\n\n<li><a href=\"https:\/\/sites.uel.br\/proppg\/wp-content\/uploads\/2024\/12\/3-Tabela-Engenharias.docx\">Engenharias<\/a><\/li>\n\n\n\n<li><a href=\"https:\/\/sites.uel.br\/proppg\/wp-content\/uploads\/2024\/12\/4-Tabela-Ciencias-da-Saude.docx\">Ci\u00eancias da Sa\u00fade<\/a><\/li>\n\n\n\n<li><a href=\"https:\/\/sites.uel.br\/proppg\/wp-content\/uploads\/2024\/12\/5-Tabela-Ciencias-Agrarias.docx\">Ci\u00eancias Agr\u00e1rias<\/a><\/li>\n\n\n\n<li><a href=\"https:\/\/sites.uel.br\/proppg\/wp-content\/uploads\/2024\/12\/6-Tabela-Ciencias-Sociais-Aplicadas.docx\">Ci\u00eancias Sociais Aplicadas<\/a><\/li>\n\n\n\n<li><a href=\"https:\/\/sites.uel.br\/proppg\/wp-content\/uploads\/2024\/12\/7-Tabela-Ciencias-Humanas.docx\">Ci\u00eancias Humanas<\/a><\/li>\n\n\n\n<li><a href=\"https:\/\/sites.uel.br\/proppg\/wp-content\/uploads\/2024\/12\/8-Tabela-LLA.docx\">Lingu\u00edstica, Letras e Artes<\/a><\/li>\n<\/ul>\n<\/li>\n<\/ul>\n<\/li>\n<\/ul>\n\n\n\n<div style=\"height:50px\" aria-hidden=\"true\" class=\"wp-block-spacer\"><\/div>\n\n\n\n<p><strong>Apoio a Eventos T\u00e9cnicos Cient\u00edficos 2024<\/strong><\/p>\n\n\n\n<p>Apoio institucional \u00e0 participa\u00e7\u00e3o em eventos t\u00e9cnicos-cient\u00edficos \u2013 1\u00aa Etapa<br>(EVENTOS DE MAR\u00c7O DE 2024 AGOSTO DE 2024)<\/p>\n\n\n\n<ul class=\"wp-block-list\">\n<li><a href=\"https:\/\/sites.uel.br\/proppg\/wp-content\/uploads\/2024\/02\/Resultado-Edital-Interno-APOIO-PARTICIPACAO-EVENTOS-Fase-I-2024.pdf\" data-type=\"link\" data-id=\"https:\/\/sites.uel.br\/proppg\/wp-content\/uploads\/2024\/02\/Resultado-Edital-Interno-APOIO-PARTICIPACAO-EVENTOS-Fase-I-2024.pdf\" target=\"_blank\" rel=\"noreferrer noopener\">Resultado &#8211; Edital PROPPG 01\/2024<\/a><\/li>\n\n\n\n<li><a href=\"https:\/\/sites.uel.br\/proppg\/wp-content\/uploads\/2024\/01\/Edital-Interno-APOIO-PARTICIPACAO-EVENTOS-20241.pdf\" target=\"_blank\" rel=\"noreferrer noopener\">Edital PROPPG 01\/2024<\/a><\/li>\n\n\n\n<li><a href=\"https:\/\/docs.google.com\/forms\/d\/e\/1FAIpQLScVpO0CEkmxis4SatBrKMJih2ueoSPbCjnOCabhYgMSFhdmvw\/viewform\" target=\"_blank\" rel=\"noreferrer noopener\">Formul\u00e1rio de inscri\u00e7\u00e3o<\/a><\/li>\n\n\n\n<li><a href=\"https:\/\/sites.uel.br\/proppg\/tabelas-de-avaliacao-por-area-do-conhecimento\/\" target=\"_blank\" rel=\"noreferrer noopener\">Tabelas de avalia\u00e7\u00e3o por \u00e1rea do conhecimento<\/a><\/li>\n<\/ul>\n\n\n\n<div style=\"height:0px\" aria-hidden=\"true\" class=\"wp-block-spacer\"><\/div>\n\n\n\n<div style=\"height:50px\" aria-hidden=\"true\" class=\"wp-block-spacer\"><\/div>\n\n\n\n<p><strong>Apoio a Eventos T\u00e9cnicos Cient\u00edficos 2024<\/strong><\/p>\n\n\n\n<p>Apoio institucional \u00e0 participa\u00e7\u00e3o em eventos t\u00e9cnicos-cient\u00edficos \u2013 2\u00aa Etapa<br>(EVENTOS DE SETEMBRO DE 2024 A FEVEREIRO DE 2025)<\/p>\n\n\n\n<ul class=\"wp-block-list\">\n<li><a href=\"https:\/\/sites.uel.br\/proppg\/wp-content\/uploads\/2024\/08\/Resultado-Edital-Interno-APOIO-PARTICIPACAO-EVENTOS-Fase-II-2024.pdf\" data-type=\"link\" data-id=\"https:\/\/sites.uel.br\/proppg\/wp-content\/uploads\/2024\/02\/Resultado-Edital-Interno-APOIO-PARTICIPACAO-EVENTOS-Fase-I-2024.pdf\" target=\"_blank\" rel=\"noreferrer noopener\">Resultado &#8211; Edital PROPPG 50\/2024<\/a><\/li>\n\n\n\n<li><a href=\"https:\/\/sites.uel.br\/proppg\/wp-content\/uploads\/2024\/07\/Edital-Interno-APOIO-PARTICIPACAO-EVENTOS-2024-2.pdf\" data-type=\"link\" data-id=\"https:\/\/sites.uel.br\/proppg\/wp-content\/uploads\/2024\/07\/Edital-Interno-APOIO-PARTICIPACAO-EVENTOS-2024-2.pdf\" target=\"_blank\" rel=\"noreferrer noopener\">Edital PROPPG 37\/2024<\/a><\/li>\n\n\n\n<li><a href=\"https:\/\/forms.gle\/3Gi9vqFZZGvovW7N6\" target=\"_blank\" rel=\"noreferrer noopener\">Formul\u00e1rio de inscri\u00e7\u00e3o<\/a><\/li>\n\n\n\n<li><a href=\"https:\/\/sites.uel.br\/proppg\/tabelas-de-avaliacao-por-area-do-conhecimento\/\" target=\"_blank\" rel=\"noreferrer noopener\">Tabelas de avalia\u00e7\u00e3o por \u00e1rea do conhecimento<\/a><\/li>\n<\/ul>\n\n\n\n<p><\/p>\n<\/div><\/details>\n\n\n\n<details class=\"wp-block-themeisle-blocks-accordion-item\"><summary class=\"wp-block-themeisle-blocks-accordion-item__title\"><div><strong>Editais 2023<\/strong><\/div><\/summary><div class=\"wp-block-themeisle-blocks-accordion-item__content\">\n<p><strong>Programa Institucional Bolsa S\u00eanior<\/strong><\/p>\n\n\n\n<ul class=\"wp-block-list\">\n<li><a href=\"https:\/\/sites.uel.br\/proppg\/wp-content\/uploads\/2024\/01\/Edital_PROPPG_Bolsa_Senior_2023.pdf\" target=\"_blank\" rel=\"noreferrer noopener\">Edital PROPPG 20\/2023<\/a><\/li>\n\n\n\n<li><a href=\"https:\/\/sites.uel.br\/proppg\/wp-content\/uploads\/2024\/01\/Edital-PROPPG-01_2016-Edital-de-Elegibilidade.pdf\" target=\"_blank\" rel=\"noreferrer noopener\">Edital de Elegibilidade<\/a><\/li>\n\n\n\n<li><a href=\"https:\/\/sites.uel.br\/proppg\/wp-content\/uploads\/2024\/01\/Edital_DivulgacI_aI_o_de_resultado_preliminar_-_Bolsa_Senior.pdf\" target=\"_blank\" rel=\"noreferrer noopener\">Edital de Resultado Preliminar<\/a><\/li>\n\n\n\n<li><a href=\"https:\/\/sites.uel.br\/proppg\/wp-content\/uploads\/2024\/01\/Edital_DivulgacI_aI_o_de_resultado_definitivo_-_Bolsa_Senior__2_.pdf\" target=\"_blank\" rel=\"noreferrer noopener\">Edital de Resultado Definitivo<\/a><\/li>\n<\/ul>\n\n\n\n<div style=\"height:30px\" aria-hidden=\"true\" class=\"wp-block-spacer\"><\/div>\n\n\n\n<p><strong>Internacionalize 2023 &#8211; Apoio ao pagamento de taxa de publica\u00e7\u00e3o de artigo cient\u00edfico<\/strong><\/p>\n\n\n\n<ul class=\"wp-block-list\">\n<li><u><a href=\"https:\/\/sites.uel.br\/proppg\/wp-content\/uploads\/2023\/10\/2023_Internacionalize_Edital-2.pdf\">Edital ProPPG 06\/2023<\/a><\/u><\/li>\n\n\n\n<li><u><a href=\"https:\/\/sites.uel.br\/proppg\/wp-content\/uploads\/2023\/10\/2023_Internacionalize_Solicitacao_pagamento.doc\">Formul\u00e1rio de Solicita\u00e7\u00e3o de pagamento<\/a><\/u><\/li>\n\n\n\n<li><u><a href=\"https:\/\/sites.uel.br\/proppg\/wp-content\/uploads\/2023\/10\/2023_Internacionalize_Termo_de_Ciencia.docx\">Termo de ci\u00eancia de utiliza\u00e7\u00e3o do recurso<\/a><\/u><\/li>\n<\/ul>\n\n\n\n<div style=\"height:30px\" aria-hidden=\"true\" class=\"wp-block-spacer\"><\/div>\n\n\n\n<p><strong>Apoio a Eventos T\u00e9cnicos Cient\u00edficos 2023<\/strong><\/p>\n\n\n\n<ul class=\"wp-block-list\">\n<li><u><a href=\"https:\/\/sites.uel.br\/proppg\/wp-content\/uploads\/2023\/10\/2023_Apoio_Participacao_Eventos_Edital-1.pdf\">Edital ProPPG 04\/2023<\/a><\/u><\/li>\n\n\n\n<li><a href=\"https:\/\/docs.google.com\/forms\/d\/1vaqf_JkDWVBnDhUledCmiS1e_oiDILTq2jhtHZYCyJ4\/edit\" target=\"_blank\" rel=\"noreferrer noopener\"><u>Formul\u00e1rio de inscri\u00e7\u00e3o<\/u><\/a><\/li>\n\n\n\n<li><u><a href=\"https:\/\/sites.uel.br\/proppg\/wp-content\/uploads\/2023\/10\/2023_Apoio_Participacao_Eventos_Resultado-Fase_II-1.pdf\">Resultado<\/a><\/u><\/li>\n<\/ul>\n\n\n\n<div style=\"height:30px\" aria-hidden=\"true\" class=\"wp-block-spacer\"><\/div>\n<\/div><\/details>\n\n\n\n<details class=\"wp-block-themeisle-blocks-accordion-item\"><summary class=\"wp-block-themeisle-blocks-accordion-item__title\"><div><strong>Editais 2022<\/strong><\/div><\/summary><div class=\"wp-block-themeisle-blocks-accordion-item__content\">\n<p><a href=\"https:\/\/sites.uel.br\/proppg\/centro-de-escrita\/\" target=\"_blank\" rel=\"noreferrer noopener\"><strong>AWARD &#8211; CENTRO DE ESCRITA DA UNIVERSIDADE ESTADUAL DE LONDRINA (2022)<\/strong><\/a><\/p>\n\n\n\n<ul class=\"wp-block-list\">\n<li>Servi\u00e7os de revis\u00e3o e tradu\u00e7\u00e3o gratuitas<\/li>\n\n\n\n<li>Inscri\u00e7\u00f5es 02\/05 a 13\/05\/2022 por meio do e-mail centrodeescrita@uel.br<\/li>\n<\/ul>\n\n\n\n<p><\/p>\n\n\n\n<p><\/p>\n<\/div><\/details>\n\n\n\n<details class=\"wp-block-themeisle-blocks-accordion-item\"><summary class=\"wp-block-themeisle-blocks-accordion-item__title\"><div><strong>Editais 2021<\/strong><\/div><\/summary><div class=\"wp-block-themeisle-blocks-accordion-item__content\">\n<p><strong>PESQUISA B\u00c1SICA E APLICADA (PBA) 2021<\/strong><\/p>\n\n\n\n<ul class=\"wp-block-list\">\n<li><a href=\"https:\/\/sites.uel.br\/proppg\/wp-content\/uploads\/2024\/01\/Edital-PBA-2016-RETIFICACAO_09-11-16-1.pdf\" target=\"_blank\" rel=\"noreferrer noopener\">Edital N\u00ba 13\/2021 &#8211; Pesquisa B\u00e1sica e Aplicada (PBA) &#8211; RETIFICADO!<\/a><\/li>\n\n\n\n<li>Inscri\u00e7\u00f5es: de 26\/10 a 26\/11\/2021, atrav\u00e9s da&nbsp;<a href=\"https:\/\/sistemas.uel.br\/portaldodocente\/index\" target=\"_blank\" rel=\"noreferrer noopener\">Plataforma do Docente<\/a>.<\/li>\n\n\n\n<li><a href=\"https:\/\/sites.uel.br\/proppg\/wp-content\/uploads\/2024\/01\/Edital-PBA-2016.pdf\" target=\"_blank\" rel=\"noreferrer noopener\">Edital N\u00ba 13\/2021 &#8211; Pesquisa B\u00e1sica e Aplicada (PBA)<\/a><\/li>\n\n\n\n<li><a href=\"https:\/\/sites.uel.br\/proppg\/wp-content\/uploads\/2024\/01\/Edital-001-2022-RESULTADO-FINAL-PBA-2021-PUBLICADO-19-02-2022.pdf\" data-type=\"link\" data-id=\"https:\/\/sites.uel.br\/proppg\/wp-content\/uploads\/2024\/01\/Edital-001-2022-RESULTADO-FINAL-PBA-2021-PUBLICADO-19-02-2022.pdf\" target=\"_blank\" rel=\"noreferrer noopener\"><u>Edital N\u00ba 01\/2022 &#8211; Resultado Pesquisa B\u00e1sica e Aplicada (PBA)<\/u><\/a><\/li>\n<\/ul>\n\n\n\n<div style=\"height:30px\" aria-hidden=\"true\" class=\"wp-block-spacer\"><\/div>\n<\/div><\/details>\n<\/div>\n<\/div>\n<\/div>\n\n\n\n<div style=\"height:12px\" aria-hidden=\"true\" class=\"wp-block-spacer\"><\/div>\n\n\n\n<div style=\"height:14px\" aria-hidden=\"true\" class=\"wp-block-spacer\"><\/div>\n","protected":false},"excerpt":{"rendered":"","protected":false},"author":2,"featured_media":0,"parent":0,"menu_order":0,"comment_status":"closed","ping_status":"closed","template":"","meta":{"_acf_changed":false,"_themeisle_gutenberg_block_has_review":false,"footnotes":""},"class_list":["post-200","page","type-page","status-publish","hentry"],"acf":[],"_links":{"self":[{"href":"https:\/\/sites.uel.br\/proppg\/wp-json\/wp\/v2\/pages\/200","targetHints":{"allow":["GET"]}}],"collection":[{"href":"https:\/\/sites.uel.br\/proppg\/wp-json\/wp\/v2\/pages"}],"about":[{"href":"https:\/\/sites.uel.br\/proppg\/wp-json\/wp\/v2\/types\/page"}],"author":[{"embeddable":true,"href":"https:\/\/sites.uel.br\/proppg\/wp-json\/wp\/v2\/users\/2"}],"replies":[{"embeddable":true,"href":"https:\/\/sites.uel.br\/proppg\/wp-json\/wp\/v2\/comments?post=200"}],"version-history":[{"count":41,"href":"https:\/\/sites.uel.br\/proppg\/wp-json\/wp\/v2\/pages\/200\/revisions"}],"predecessor-version":[{"id":5662,"href":"https:\/\/sites.uel.br\/proppg\/wp-json\/wp\/v2\/pages\/200\/revisions\/5662"}],"wp:attachment":[{"href":"https:\/\/sites.uel.br\/proppg\/wp-json\/wp\/v2\/media?parent=200"}],"curies":[{"name":"wp","href":"https:\/\/api.w.org\/{rel}","templated":true}]}}