{"id":20,"date":"2022-12-15T17:36:06","date_gmt":"2022-12-15T20:36:06","guid":{"rendered":"https:\/\/sites.uel.br\/proppg\/?page_id=20"},"modified":"2023-06-05T13:58:23","modified_gmt":"2023-06-05T16:58:23","slug":"pesquisa","status":"publish","type":"page","link":"https:\/\/sites.uel.br\/proppg\/pesquisa\/","title":{"rendered":"Pesquisa"},"content":{"rendered":"\n<p>No \u00e2mbito da Pesquisa, a UEL consolida-se pela estreita rela\u00e7\u00e3o com o ensino de Gradua\u00e7\u00e3o e P\u00f3s-Gradua\u00e7\u00e3o. Desde que a UEL instituiu e se organizou em Grupos e Linhas de Pesquisa, utilizando-as como uma das pol\u00edticas de contrata\u00e7\u00e3o e capacita\u00e7\u00e3o docente, avan\u00e7os consider\u00e1veis foram obtidos na capta\u00e7\u00e3o de recursos financeiros em editais de ag\u00eancias de fomento \u00e0 pesquisa tais como&nbsp; FINEP, CNPq, Funda\u00e7\u00e3o Arauc\u00e1ria, MEC, MS, entre outras ag\u00eancias. A UEL tem tradi\u00e7\u00e3o no recebimento de fomento direcionado ao fortalecimento da estrutura de pesquisa, tanto na forma de expans\u00e3o f\u00edsica quanto no aux\u00edlio a projetos, bolsas e organiza\u00e7\u00e3o e participa\u00e7\u00e3o em eventos. Os programas de inicia\u00e7\u00e3o cient\u00edfica e tecnol\u00f3gica s\u00e3o consolidados e contam com centenas de bolsas distribu\u00eddas a alunos de gradua\u00e7\u00e3o, em adi\u00e7\u00e3o \u00e0s bolsas de p\u00f3s-gradua\u00e7\u00e3o (resid\u00eancias, mestrado e doutorado).<\/p>\n\n\n\n<p>Em abril de 2018, a UEL contabilizou 368 Grupos de Pesquisa cadastrados e certificados pela institui\u00e7\u00e3o, na base do CNPq, e 684 linhas de pesquisa.<\/p>\n\n\n\n<p>No ano de 2015 havia cerca de 850 projetos de pesquisa atualmente em andamento, nos quais se inserem 195 bolsistas produtividade (113 do CNPq e 82 da Funda\u00e7\u00e3o Arauc\u00e1ria), cerca de 1.100 professores e 6.500 estudantes.<\/p>\n\n\n\n<p>Recentemente a PROPPG viabilizou um anseio antigo da comunidade acad\u00eamica da UEL e instituiu o Escrit\u00f3rio de Apoio ao Pesquisador (EAPq). O EAPq tem como objetivo facilitar o acesso dos pesquisadores \u00e0s diversas fontes de recursos para pesquisa, buscar informa\u00e7\u00f5es precisas das ag\u00eancias financiadoras e orientar os interessados a montar seus projetos.<\/p>\n\n\n\n<p>A UEL tem fortalecido a racionaliza\u00e7\u00e3o dos recursos na forma de laborat\u00f3rios multiusu\u00e1rios, organizados na forma de uma CENTRAL MULTIUSU\u00c1RIA DE LABORAT\u00d3RIOS DE PESQUISA (CMLP) e caracterizados por terem uma gest\u00e3o central (regulamentada pela Resolu\u00e7\u00e3o UEL &#8211; CA 088\/2009) e abrigarem equipamentos de m\u00e9dio e grande porte compartilhados por diferentes linhas de pesquisa de diferentes departamentos e programas de p\u00f3s-gradua\u00e7\u00e3o. Al\u00e9m destes, a UEL conta com cerca de 250 outros laborat\u00f3rios de pesquisa, muitos deles consolidados nacionalmente e internacionalmente, que tamb\u00e9m atendem diferentes projetos, disciplinas e programas de p\u00f3s-gradua\u00e7\u00e3o.<\/p>\n","protected":false},"excerpt":{"rendered":"<p>No \u00e2mbito da Pesquisa, a UEL consolida-se pela estreita rela\u00e7\u00e3o com o ensino de Gradua\u00e7\u00e3o e P\u00f3s-Gradua\u00e7\u00e3o. Desde que a UEL instituiu e se organizou em Grupos e Linhas de Pesquisa, utilizando-as como uma das pol\u00edticas de contrata\u00e7\u00e3o e capacita\u00e7\u00e3o docente, avan\u00e7os consider\u00e1veis foram obtidos na capta\u00e7\u00e3o de recursos financeiros em editais de ag\u00eancias de [&hellip;]<\/p>\n","protected":false},"author":2,"featured_media":0,"parent":0,"menu_order":0,"comment_status":"closed","ping_status":"closed","template":"","meta":{"_acf_changed":false,"_themeisle_gutenberg_block_has_review":false,"footnotes":""},"class_list":["post-20","page","type-page","status-publish","hentry"],"acf":[],"_links":{"self":[{"href":"https:\/\/sites.uel.br\/proppg\/wp-json\/wp\/v2\/pages\/20","targetHints":{"allow":["GET"]}}],"collection":[{"href":"https:\/\/sites.uel.br\/proppg\/wp-json\/wp\/v2\/pages"}],"about":[{"href":"https:\/\/sites.uel.br\/proppg\/wp-json\/wp\/v2\/types\/page"}],"author":[{"embeddable":true,"href":"https:\/\/sites.uel.br\/proppg\/wp-json\/wp\/v2\/users\/2"}],"replies":[{"embeddable":true,"href":"https:\/\/sites.uel.br\/proppg\/wp-json\/wp\/v2\/comments?post=20"}],"version-history":[{"count":2,"href":"https:\/\/sites.uel.br\/proppg\/wp-json\/wp\/v2\/pages\/20\/revisions"}],"predecessor-version":[{"id":449,"href":"https:\/\/sites.uel.br\/proppg\/wp-json\/wp\/v2\/pages\/20\/revisions\/449"}],"wp:attachment":[{"href":"https:\/\/sites.uel.br\/proppg\/wp-json\/wp\/v2\/media?parent=20"}],"curies":[{"name":"wp","href":"https:\/\/api.w.org\/{rel}","templated":true}]}}