{"id":1800,"date":"2023-10-30T08:11:08","date_gmt":"2023-10-30T11:11:08","guid":{"rendered":"https:\/\/sites.uel.br\/proppg\/?page_id=1800"},"modified":"2023-12-18T09:58:38","modified_gmt":"2023-12-18T12:58:38","slug":"politica-de-pesquisa","status":"publish","type":"page","link":"https:\/\/sites.uel.br\/proppg\/politica-de-pesquisa\/","title":{"rendered":"Pol\u00edtica de Pesquisa"},"content":{"rendered":"\n<div style=\"height:32px\" aria-hidden=\"true\" class=\"wp-block-spacer\"><\/div>\n\n\n\n<p>A <a href=\"https:\/\/sites.uel.br\/proppg\/wp-content\/uploads\/2023\/10\/Resolucao-88.2022-Politica-de-Pesquisa-da-UEL1.pdf\" data-type=\"link\" data-id=\"https:\/\/sites.uel.br\/proppg\/wp-content\/uploads\/2023\/10\/Resolucao-88.2022-Politica-de-Pesquisa-da-UEL1.pdf\" target=\"_blank\" rel=\"noreferrer noopener\">Resolu\u00e7\u00e3o do Conselho Universit\u00e1rio da UEL n. 088\/2022<\/a>\u00a0instituiu a sua Pol\u00edtica da Pesquisa da UEL.<\/p>\n\n\n\n<p>Este \u00e9 o documento norteador de todos os atos normativos relativo \u00e0s atividades de pesquisa realizadas na UEL, seja por docentes, t\u00e9cnicos ou estudantes.<\/p>\n\n\n\n<p>A pol\u00edtica de pesquisa da UEL tem por finalidade orientar o debate e as a\u00e7\u00f5es relativas \u00e0s atividades de pesquisa institucional, respeitando o princ\u00edpio de indissociabilidade entre ensino, pesquisa e extens\u00e3o, estabelecido no Art. 207 da Constitui\u00e7\u00e3o Brasileira.<\/p>\n\n\n\n<p>A indissociabilidade entre ensino, pesquisa e extens\u00e3o \u00e9 entendida, neste documento, como uma rela\u00e7\u00e3o de independ\u00eancia e sinergia, cada uma com suas caracter\u00edsticas, cuja intera\u00e7\u00e3o enriquece mutuamente as partes envolvidas, garantindo assim a constru\u00e7\u00e3o do conhecimento e o desenvolvimento tecnol\u00f3gico como atividades-fim da pesquisa.<\/p>\n\n\n\n<p>A pol\u00edtica de pesquisa da UEL define que, na constru\u00e7\u00e3o do conhecimento, todas as \u00e1reas de pesquisa devem ser tratadas com a mesma import\u00e2ncia e, sobre todo conhecimento, deve-se assumir um igual potencial de desenvolvimento para sociedade.<\/p>\n\n\n\n<p><\/p>\n","protected":false},"excerpt":{"rendered":"<p>A Resolu\u00e7\u00e3o do Conselho Universit\u00e1rio da UEL n. 088\/2022\u00a0instituiu a sua Pol\u00edtica da Pesquisa da UEL. Este \u00e9 o documento norteador de todos os atos normativos relativo \u00e0s atividades de pesquisa realizadas na UEL, seja por docentes, t\u00e9cnicos ou estudantes. A pol\u00edtica de pesquisa da UEL tem por finalidade orientar o debate e as a\u00e7\u00f5es [&hellip;]<\/p>\n","protected":false},"author":12,"featured_media":0,"parent":0,"menu_order":0,"comment_status":"closed","ping_status":"closed","template":"","meta":{"_acf_changed":false,"_themeisle_gutenberg_block_has_review":false,"footnotes":""},"class_list":["post-1800","page","type-page","status-publish","hentry"],"acf":[],"_links":{"self":[{"href":"https:\/\/sites.uel.br\/proppg\/wp-json\/wp\/v2\/pages\/1800","targetHints":{"allow":["GET"]}}],"collection":[{"href":"https:\/\/sites.uel.br\/proppg\/wp-json\/wp\/v2\/pages"}],"about":[{"href":"https:\/\/sites.uel.br\/proppg\/wp-json\/wp\/v2\/types\/page"}],"author":[{"embeddable":true,"href":"https:\/\/sites.uel.br\/proppg\/wp-json\/wp\/v2\/users\/12"}],"replies":[{"embeddable":true,"href":"https:\/\/sites.uel.br\/proppg\/wp-json\/wp\/v2\/comments?post=1800"}],"version-history":[{"count":4,"href":"https:\/\/sites.uel.br\/proppg\/wp-json\/wp\/v2\/pages\/1800\/revisions"}],"predecessor-version":[{"id":2520,"href":"https:\/\/sites.uel.br\/proppg\/wp-json\/wp\/v2\/pages\/1800\/revisions\/2520"}],"wp:attachment":[{"href":"https:\/\/sites.uel.br\/proppg\/wp-json\/wp\/v2\/media?parent=1800"}],"curies":[{"name":"wp","href":"https:\/\/api.w.org\/{rel}","templated":true}]}}