{"id":1779,"date":"2023-10-29T20:25:22","date_gmt":"2023-10-29T23:25:22","guid":{"rendered":"https:\/\/sites.uel.br\/proppg\/?page_id=1779"},"modified":"2026-03-03T12:19:09","modified_gmt":"2026-03-03T15:19:09","slug":"programa-de-iniciacao-em-desenvolvimento-tecnologico-e-inovacao-proiti","status":"publish","type":"page","link":"https:\/\/sites.uel.br\/proppg\/programa-de-iniciacao-em-desenvolvimento-tecnologico-e-inovacao-proiti\/","title":{"rendered":"Roteiro para elabora\u00e7\u00e3o de projeto de inicia\u00e7\u00e3o Tecnol\u00f3gica"},"content":{"rendered":"\n<div style=\"height:35px\" aria-hidden=\"true\" class=\"wp-block-spacer\"><\/div>\n\n\n\n<p>O Projeto de Inicia\u00e7\u00e3o Tecnol\u00f3gica &#8211; PIT, a ser desenvolvido pelo estudante, deve estar relacionado ao projeto de pesquisa do orientador cadastrado na PROPPG, e deve conter obrigatoriamente:<\/p>\n\n\n\n<p>a)&nbsp;&nbsp;&nbsp; T\u00edtulo (espec\u00edfico para o PIT);<\/p>\n\n\n\n<p>b)&nbsp;&nbsp;&nbsp; Nome e n\u00famero de matr\u00edcula do estudante<\/p>\n\n\n\n<p>c) \u00a0\u00a0 Nome e n\u00famero de chapa do orientador<\/p>\n\n\n\n<p>d) &nbsp;&nbsp; Nome e t\u00edtulo do projeto do orientador cadastrado na PROPPG (informar n\u00famero de cadastro tamb\u00e9m);<\/p>\n\n\n\n<p>e)&nbsp;&nbsp;&nbsp; Resumo (de 10 a 15 linhas);<\/p>\n\n\n\n<p>f)&nbsp;&nbsp;&nbsp;&nbsp; Palavras-chave (de 3 a 5);<\/p>\n\n\n\n<p>g) Quando aplic\u00e1vel, indicar em qual dos 17 Objetivos de Desenvolvimento Sustent\u00e1vel (https:\/\/odsbrasil.gov.br) o projeto se enquadra;<\/p>\n\n\n\n<p>h) &nbsp;&nbsp; Problema: escrever um problema real da sociedade que exige solu\u00e7\u00e3o fact\u00edvel e o estado da t\u00e9cnica &#8211; m\u00e1ximo 3000 caracteres com espa\u00e7o;<\/p>\n\n\n\n<p>i) &nbsp;&nbsp;&nbsp; Solu\u00e7\u00e3o: descrever as solu\u00e7\u00f5es propostas pela nova tecnologia, destacando os benef\u00edcios que a nova tecnologia poder\u00e1 proporcionar &#8211; m\u00e1ximo 4000 caracteres com espa\u00e7o;<\/p>\n\n\n\n<p>j) &nbsp;&nbsp;&nbsp; Potencial de Mercado e Diferencial Competitivo: descrever o poss\u00edvel mercado\/cliente (dimensionar o p\u00fablico-alvo e a estimativa do valor total do mercado, se dispon\u00edveis, indicando a fonte da informa\u00e7\u00e3o) e explicar como a solu\u00e7\u00e3o proposta se diferencia daquelas j\u00e1 dispon\u00edveis no mercado &#8211; m\u00e1ximo 2000 caracteres com espa\u00e7o. Especificar qual o potencial de mercado da nova tecnologia, bem como seu diferencial e resultados\/impactos esperados\u2014 m\u00e1ximo 2000 caracteres com espa\u00e7o;<\/p>\n\n\n\n<p>k) &nbsp;&nbsp; M\u00e9todos: dever\u00e1 constar o n\u00famero de aprova\u00e7\u00e3o pelo respectivo Comit\u00ea de \u00c9tica, caso envolva pesquisa com seres humanos ou animais; esta aprova\u00e7\u00e3o dever\u00e1 fazer refer\u00eancia ao projeto de pesquisa informado pelo docente. Dever\u00e1 apresentar o registro junto ao Sistema Nacional de Gest\u00e3o do Patrim\u00f4nio Gen\u00e9tico e do Conhecimento Tradicional Associado\u2013SisGen, caso o PIT envolva patrim\u00f4nio gen\u00e9tico ou o conhecimento tradicional associado;<\/p>\n\n\n\n<p>l) &nbsp;&nbsp;&nbsp; Status da solu\u00e7\u00e3o: descrever o momento no qual se encontra a solu\u00e7\u00e3o. Caso seja a continuidade de um projeto em execu\u00e7\u00e3o, mencionar as inova\u00e7\u00f5es em rela\u00e7\u00e3o aos resultados obtidos previamente no respectivo projeto\u2014m\u00e1ximo 1000 caracteres com espa\u00e7o;<\/p>\n\n\n\n<p>m) Refer\u00eancias;<\/p>\n\n\n\n<p>n) &nbsp;&nbsp; Cronograma abrangendo o per\u00edodo de desenvolvimento da IT.<\/p>\n","protected":false},"excerpt":{"rendered":"<p>O Projeto de Inicia\u00e7\u00e3o Tecnol\u00f3gica &#8211; PIT, a ser desenvolvido pelo estudante, deve estar relacionado ao projeto de pesquisa do orientador cadastrado na PROPPG, e deve conter obrigatoriamente: a)&nbsp;&nbsp;&nbsp; T\u00edtulo (espec\u00edfico para o PIT); b)&nbsp;&nbsp;&nbsp; Nome e n\u00famero de matr\u00edcula do estudante c) \u00a0\u00a0 Nome e n\u00famero de chapa do orientador d) &nbsp;&nbsp; Nome e [&hellip;]<\/p>\n","protected":false},"author":12,"featured_media":0,"parent":0,"menu_order":0,"comment_status":"closed","ping_status":"closed","template":"","meta":{"_acf_changed":false,"_themeisle_gutenberg_block_has_review":false,"footnotes":""},"class_list":["post-1779","page","type-page","status-publish","hentry"],"acf":[],"_links":{"self":[{"href":"https:\/\/sites.uel.br\/proppg\/wp-json\/wp\/v2\/pages\/1779","targetHints":{"allow":["GET"]}}],"collection":[{"href":"https:\/\/sites.uel.br\/proppg\/wp-json\/wp\/v2\/pages"}],"about":[{"href":"https:\/\/sites.uel.br\/proppg\/wp-json\/wp\/v2\/types\/page"}],"author":[{"embeddable":true,"href":"https:\/\/sites.uel.br\/proppg\/wp-json\/wp\/v2\/users\/12"}],"replies":[{"embeddable":true,"href":"https:\/\/sites.uel.br\/proppg\/wp-json\/wp\/v2\/comments?post=1779"}],"version-history":[{"count":5,"href":"https:\/\/sites.uel.br\/proppg\/wp-json\/wp\/v2\/pages\/1779\/revisions"}],"predecessor-version":[{"id":5475,"href":"https:\/\/sites.uel.br\/proppg\/wp-json\/wp\/v2\/pages\/1779\/revisions\/5475"}],"wp:attachment":[{"href":"https:\/\/sites.uel.br\/proppg\/wp-json\/wp\/v2\/media?parent=1779"}],"curies":[{"name":"wp","href":"https:\/\/api.w.org\/{rel}","templated":true}]}}