{"id":1764,"date":"2023-10-29T18:57:20","date_gmt":"2023-10-29T21:57:20","guid":{"rendered":"https:\/\/sites.uel.br\/proppg\/?page_id=1764"},"modified":"2026-03-10T12:57:21","modified_gmt":"2026-03-10T15:57:21","slug":"elaboracao-e-entrega-do-relatorio-de-iniciacao-cientifica","status":"publish","type":"page","link":"https:\/\/sites.uel.br\/proppg\/elaboracao-e-entrega-do-relatorio-de-iniciacao-cientifica\/","title":{"rendered":"Elabora\u00e7\u00e3o e entrega do Relat\u00f3rio de Inicia\u00e7\u00e3o Cient\u00edfica"},"content":{"rendered":"\n<div style=\"height:40px\" aria-hidden=\"true\" class=\"wp-block-spacer\"><\/div>\n\n\n\n<p>Os <a href=\"https:\/\/sites.uel.br\/proppg\/wp-content\/uploads\/2026\/02\/Modelo-de-Relatorio-de-Iniciacao-1.docx\" target=\"_blank\" rel=\"noreferrer noopener\">Relat\u00f3rios de Inicia\u00e7\u00e3o Cient\u00edfica<\/a>,&nbsp;com ou sem bolsa, inclusive&nbsp;inclus\u00e3o social&nbsp;dever\u00e3o ser enviados pelo orientador na&nbsp;<a href=\"https:\/\/www.sistemasweb.uel.br\/index.php?contents=system\/ic\/index.php\" target=\"_blank\" rel=\"noreferrer noopener\">Plataforma do Docente de IC e IT<\/a>; selecionando o edital correspondente e a op\u00e7\u00e3o \u201cEntrega do Relat\u00f3rio\u201d. Ser\u00e1 preciso realizar o&nbsp;<em>upload<\/em>&nbsp;de um arquivo que observe as normas descritas nesta p\u00e1gina.<\/p>\n\n\n\n<div class=\"wp-block-group is-nowrap is-layout-flex wp-container-core-group-is-layout-ad2f72ca wp-block-group-is-layout-flex\">\n<p>Normas para Confec\u00e7\u00e3o do Relat\u00f3rio:<\/p>\n<\/div>\n\n\n\n<ul class=\"wp-block-list\">\n<li>Tamanho: M\u00e1ximo de 25 p\u00e1ginas, considerando todas as se\u00e7\u00f5es do trabalho.<\/li>\n\n\n\n<li>Formato eletr\u00f4nico: PDF com no m\u00e1ximo 3MG (megabytes).<\/li>\n\n\n\n<li><strong>Formato da p\u00e1gina:<\/strong> Tamanho A4, margem esquerda com 2,5 cm e as demais com 2 cm.<\/li>\n\n\n\n<li><strong>Fonte:<\/strong> Arial, tamanho 11<\/li>\n\n\n\n<li><strong>Par\u00e1grafo:<\/strong> justificado com espa\u00e7amento entre linhas de 1,5 vezes<\/li>\n<\/ul>\n\n\n\n<p><a href=\"https:\/\/sites.uel.br\/proppg\/wp-content\/uploads\/2026\/02\/Modelo-de-Relatorio-de-Iniciacao-1.docx\" target=\"_blank\" rel=\"noreferrer noopener\">Modelo de relat\u00f3rio para IC (Microsoft Word)<\/a><\/p>\n\n\n\n<p><a href=\"https:\/\/sites.uel.br\/proppg\/wp-content\/uploads\/Pesquisa\/Iniciacao\/Modelo-de-Relatorio-IC-2026.zip\">Modelo de relat\u00f3rio para IC (LaTeX)<\/a><\/p>\n\n\n\n\n\n<p>D\u00favidas sobre <strong>a elabora\u00e7\u00e3o<\/strong> do relat\u00f3rio:<\/p>\n\n\n\n<ul class=\"wp-block-list\">\n<li>no caso de estudantes, solucionar diretamente com o orientador;<\/li>\n\n\n\n<li>no caso de orientadores, solucionar com um membro do <a href=\"https:\/\/sites.uel.br\/proppg\/comite-assessor-do-programa-de-iniciacao-cientifica\/\">Comit\u00ea Assessor do ProIC<\/a> da sua grande \u00e1rea.<\/li>\n<\/ul>\n\n\n\n<p>&nbsp;&nbsp;&nbsp;&nbsp;&nbsp;&nbsp;<\/p>\n\n\n\n<p>D\u00favidas sobre <strong>o encaminhamento<\/strong> do relat\u00f3rio para avalia\u00e7\u00e3o, entrar em<br>contato pelo endere\u00e7o&nbsp;<a href=\"mailto:iniciacao@uel.br\">iniciacao@uel.br<\/a>&nbsp;informando o n\u00famero de matr\u00edcula (estudantes) ou chapa (docentes) e nome completo.<\/p>\n","protected":false},"excerpt":{"rendered":"<p>Os Relat\u00f3rios de Inicia\u00e7\u00e3o Cient\u00edfica,&nbsp;com ou sem bolsa, inclusive&nbsp;inclus\u00e3o social&nbsp;dever\u00e3o ser enviados pelo orientador na&nbsp;Plataforma do Docente de IC e IT; selecionando o edital correspondente e a op\u00e7\u00e3o \u201cEntrega do Relat\u00f3rio\u201d. Ser\u00e1 preciso realizar o&nbsp;upload&nbsp;de um arquivo que observe as normas descritas nesta p\u00e1gina. Normas para Confec\u00e7\u00e3o do Relat\u00f3rio: Modelo de relat\u00f3rio para IC (Microsoft [&hellip;]<\/p>\n","protected":false},"author":12,"featured_media":0,"parent":0,"menu_order":0,"comment_status":"closed","ping_status":"closed","template":"","meta":{"_acf_changed":false,"_themeisle_gutenberg_block_has_review":false,"footnotes":""},"class_list":["post-1764","page","type-page","status-publish","hentry"],"acf":[],"_links":{"self":[{"href":"https:\/\/sites.uel.br\/proppg\/wp-json\/wp\/v2\/pages\/1764","targetHints":{"allow":["GET"]}}],"collection":[{"href":"https:\/\/sites.uel.br\/proppg\/wp-json\/wp\/v2\/pages"}],"about":[{"href":"https:\/\/sites.uel.br\/proppg\/wp-json\/wp\/v2\/types\/page"}],"author":[{"embeddable":true,"href":"https:\/\/sites.uel.br\/proppg\/wp-json\/wp\/v2\/users\/12"}],"replies":[{"embeddable":true,"href":"https:\/\/sites.uel.br\/proppg\/wp-json\/wp\/v2\/comments?post=1764"}],"version-history":[{"count":14,"href":"https:\/\/sites.uel.br\/proppg\/wp-json\/wp\/v2\/pages\/1764\/revisions"}],"predecessor-version":[{"id":5521,"href":"https:\/\/sites.uel.br\/proppg\/wp-json\/wp\/v2\/pages\/1764\/revisions\/5521"}],"wp:attachment":[{"href":"https:\/\/sites.uel.br\/proppg\/wp-json\/wp\/v2\/media?parent=1764"}],"curies":[{"name":"wp","href":"https:\/\/api.w.org\/{rel}","templated":true}]}}