{"id":1748,"date":"2023-10-29T17:37:35","date_gmt":"2023-10-29T20:37:35","guid":{"rendered":"https:\/\/sites.uel.br\/proppg\/?page_id=1748"},"modified":"2025-03-14T11:05:22","modified_gmt":"2025-03-14T14:05:22","slug":"guia-para-curriculo-lattes","status":"publish","type":"page","link":"https:\/\/sites.uel.br\/proppg\/guia-para-curriculo-lattes\/","title":{"rendered":"Guia para curr\u00edculo Lattes"},"content":{"rendered":"\n<div style=\"height:33px\" aria-hidden=\"true\" class=\"wp-block-spacer\"><\/div>\n\n\n\n<p><a href=\"https:\/\/sites.uel.br\/proppg\/wp-content\/uploads\/2025\/03\/lattes_criar_curriculo.pdf\" data-type=\"link\" data-id=\"https:\/\/sites.uel.br\/proppg\/wp-content\/uploads\/2023\/10\/criar-curriculo-lattes.pdf\">Como criar seu curr\u00edculo Lattes<\/a><\/p>\n\n\n\n<p><a href=\"https:\/\/sites.uel.br\/proppg\/wp-content\/uploads\/2023\/10\/salvar-curriculo-lattes-em-rtf.pdf\" data-type=\"link\" data-id=\"https:\/\/sites.uel.br\/proppg\/wp-content\/uploads\/2023\/10\/salvar-curriculo-lattes-em-rtf.pdf\">Como salvar seu curr\u00edculo Lattes em formato rtf<\/a><\/p>\n\n\n\n<p><a href=\"https:\/\/sites.uel.br\/proppg\/wp-content\/uploads\/2023\/10\/o-numero-identificador-ID-do-seu-curriculo-Lattes.pdf\" data-type=\"link\" data-id=\"https:\/\/sites.uel.br\/proppg\/wp-content\/uploads\/2023\/10\/o-numero-identificador-ID-do-seu-curriculo-Lattes.pdf\">Como obter o n\u00famero identificador (ID)<\/a><\/p>\n\n\n\n<p><a id=\"_msocom_1\"><\/a><\/p>\n\n\n\n<p><\/p>\n","protected":false},"excerpt":{"rendered":"<p>Como criar seu curr\u00edculo Lattes Como salvar seu curr\u00edculo Lattes em formato rtf Como obter o n\u00famero identificador (ID)<\/p>\n","protected":false},"author":12,"featured_media":0,"parent":0,"menu_order":0,"comment_status":"closed","ping_status":"closed","template":"","meta":{"_acf_changed":false,"_themeisle_gutenberg_block_has_review":false,"footnotes":""},"class_list":["post-1748","page","type-page","status-publish","hentry"],"acf":[],"_links":{"self":[{"href":"https:\/\/sites.uel.br\/proppg\/wp-json\/wp\/v2\/pages\/1748","targetHints":{"allow":["GET"]}}],"collection":[{"href":"https:\/\/sites.uel.br\/proppg\/wp-json\/wp\/v2\/pages"}],"about":[{"href":"https:\/\/sites.uel.br\/proppg\/wp-json\/wp\/v2\/types\/page"}],"author":[{"embeddable":true,"href":"https:\/\/sites.uel.br\/proppg\/wp-json\/wp\/v2\/users\/12"}],"replies":[{"embeddable":true,"href":"https:\/\/sites.uel.br\/proppg\/wp-json\/wp\/v2\/comments?post=1748"}],"version-history":[{"count":6,"href":"https:\/\/sites.uel.br\/proppg\/wp-json\/wp\/v2\/pages\/1748\/revisions"}],"predecessor-version":[{"id":4461,"href":"https:\/\/sites.uel.br\/proppg\/wp-json\/wp\/v2\/pages\/1748\/revisions\/4461"}],"wp:attachment":[{"href":"https:\/\/sites.uel.br\/proppg\/wp-json\/wp\/v2\/media?parent=1748"}],"curies":[{"name":"wp","href":"https:\/\/api.w.org\/{rel}","templated":true}]}}