{"id":148,"date":"2022-12-16T09:28:19","date_gmt":"2022-12-16T12:28:19","guid":{"rendered":"https:\/\/sites.uel.br\/proppg\/?page_id=148"},"modified":"2023-12-18T15:09:17","modified_gmt":"2023-12-18T18:09:17","slug":"faq","status":"publish","type":"page","link":"https:\/\/sites.uel.br\/proppg\/faq\/","title":{"rendered":"FAQ"},"content":{"rendered":"\n<div id=\"wp-block-themeisle-blocks-accordion-86fbef0c\" class=\"wp-block-themeisle-blocks-accordion exclusive\">\n<details class=\"wp-block-themeisle-blocks-accordion-item\"><summary class=\"wp-block-themeisle-blocks-accordion-item__title\"><div><strong>1. Quando ser\u00e1 efetuado o pagamento da bolsa?<\/strong><\/div><\/summary><div class=\"wp-block-themeisle-blocks-accordion-item__content\">\n<p>As bolsas do CNPq s\u00e3o pagas at\u00e9 o quinto dia \u00fatil do m\u00eas subsequente, desde que o aluno tenha registrado o termo de aceite no momento da indica\u00e7\u00e3o, e os dados banc\u00e1rios registrados na Plataforma Carlos Chagas.<br>As modalidades pagas pela UEL &#8211; Funda\u00e7\u00e3o Arauc\u00e1ria, Inclus\u00e3o Social, bolsas da institui\u00e7\u00e3o &#8211; ap\u00f3s a confirma\u00e7\u00e3o da libera\u00e7\u00e3o do recurso de conv\u00eanio, do or\u00e7amento do Governo do Estado do Paran\u00e1 e autoriza\u00e7\u00e3o do setor financeiro, a PROPPG providencia o pagamento.<\/p>\n<\/div><\/details>\n\n\n\n<details class=\"wp-block-themeisle-blocks-accordion-item\"><summary class=\"wp-block-themeisle-blocks-accordion-item__title\"><div><strong>2. Fui indicado como bolsista e n\u00e3o sei se a indica\u00e7\u00e3o foi aceita e quais os pr\u00f3ximos passos que devo fazer?<\/strong><\/div><\/summary><div class=\"wp-block-themeisle-blocks-accordion-item__content\">\n<p>Ap\u00f3s a indica\u00e7\u00e3o pelo docente e autoriza\u00e7\u00e3o do pedido, o estudante \u00e9 registrado no projeto informado pelo docente.<br>Se o docente for indicado para bolsa do CNPq, receber\u00e1 automaticamente uma mensagem em seu endere\u00e7o eletr\u00f4nico informado no curr\u00edculo lattes, com as instru\u00e7\u00f5es para registrar o termo de aceite da bolsa.<br>Se o curr\u00edculo lattes do estudante estiver em preeenchimento, a Proppg envia mensagem ao orientador, com c\u00f3pia ao discente, para atualizar o curr\u00edculo e, assim, poder receber a mensagem do CNPq.<br>Para as modalidades pagas pela UEL, o discente deve acompanhar no portal do estudante se consta a sua participa\u00e7\u00e3o como bolsista.<br>Se sim, dever\u00e1 abrir conta corrente na Caixa Econ\u00f4mica Federal (conta em seu nome e n\u00e3o conjunta) e inform\u00e1-la ao endere\u00e7o eletr\u00f4nico: iniciacao@uel.br , informando ag\u00eancia, conta corrente e tipo, e nome completo com o n\u00famero de matr\u00edcula.<\/p>\n<\/div><\/details>\n\n\n\n<details class=\"wp-block-themeisle-blocks-accordion-item\"><summary class=\"wp-block-themeisle-blocks-accordion-item__title\"><div><strong>3. Como fa\u00e7o para ingressar na inicia\u00e7\u00e3o cient\u00edfica ou tecnol\u00f3gica?<\/strong><\/div><\/summary><div class=\"wp-block-themeisle-blocks-accordion-item__content\">\n<p>O estudante interessado em ingressar na <a href=\"https:\/\/sites.uel.br\/proppg\/iniciacao-cientifica-ic\/\" data-type=\"page\" data-id=\"482\" target=\"_blank\" rel=\"noreferrer noopener\">inicia\u00e7\u00e3o cient\u00edfica<\/a> ou <a href=\"https:\/\/sites.uel.br\/proppg\/iniciacao-tecnologica-it\/\" data-type=\"page\" data-id=\"649\" target=\"_blank\" rel=\"noreferrer noopener\">inicia\u00e7\u00e3o tecnol\u00f3gica<\/a> dever\u00e1 buscar por um orientador, contatando o colegiado de seu curso ou centro de estudos ou consultando os docentes que participam de <a href=\"https:\/\/www.sistemasweb.uel.br\/index.php?contents=system\/prj\/pes\/index.php\" target=\"_blank\" rel=\"noreferrer noopener\">projetos de pesquisa<\/a>.<br>Todo pedido de ingresso \u00e9 feito pelo professor atrav\u00e9s de um edital.<\/p>\n<\/div><\/details>\n\n\n\n<details class=\"wp-block-themeisle-blocks-accordion-item\"><summary class=\"wp-block-themeisle-blocks-accordion-item__title\"><div><strong>4. Ainda n\u00e3o tenho o meu certificado de inicia\u00e7\u00e3o cient\u00edfica ou tecnol\u00f3gica, ou colaborador.<\/strong><\/div><\/summary><div class=\"wp-block-themeisle-blocks-accordion-item__content\">\n<p>O estudante dever\u00e1 verificar se entregou o seu <a rel=\"noreferrer noopener\" href=\"https:\/\/www.uel.br\/proppg\/portalnovo\/pages\/normas-e-procedimentos\/entrega-do-relatorio-de-ic-e-it.php\" target=\"_blank\">relat\u00f3rio<\/a> ao orientador que, por sua vez, dever\u00e1 anexar no sistema.<br>O certificado do estudante estar\u00e1 dispon\u00edvel no <a rel=\"noreferrer noopener\" href=\"http:\/\/www.uel.br\/portaldoestudante\/\" target=\"_blank\">Portal do Estudante<\/a> ap\u00f3s a aprova\u00e7\u00e3o do relat\u00f3rio pelo comit\u00ea e ap\u00f3s a apresenta\u00e7\u00e3o do trabalho no <a rel=\"noreferrer noopener\" href=\"http:\/\/www.uel.br\/eventos\/eaic\/\" target=\"_blank\">EAIC<\/a>.<br>O resultado da avalia\u00e7\u00e3o do relat\u00f3rio pode ser consultado pelo orientador na <a rel=\"noreferrer noopener\" href=\"https:\/\/www.sistemasweb.uel.br\/index.php?contents=system\/ic\/index.php\" target=\"_blank\">Plataforma do Professor de IC e IT<\/a> ou por e-mail quando o edital n\u00e3o estiver no sistema.<\/p>\n\n\n\n<p>Para estudantes que participaram em projetos de pesquisa como colaborador dever\u00e3o finalizar usa participa\u00e7\u00e3o no <a rel=\"noreferrer noopener\" href=\"http:\/\/www.uel.br\/portaldoestudante\/\" target=\"_blank\">Portal do Estudante<\/a> e aguardar a tramita\u00e7\u00e3o de seu relat\u00f3rio.<\/p>\n<\/div><\/details>\n\n\n\n<details class=\"wp-block-themeisle-blocks-accordion-item\"><summary class=\"wp-block-themeisle-blocks-accordion-item__title\"><div><strong>5. Quais s\u00e3o as minhas obriga\u00e7\u00f5es como bolsista?<\/strong><\/div><\/summary><div class=\"wp-block-themeisle-blocks-accordion-item__content\">\n<p>O termo de compromisso da bolsa, assumido pelo estudante e orientador &#8211; est\u00e1 dispon\u00edvel no momento da indica\u00e7\u00e3o do discente e tamb\u00e9m no portal da ProPPG &#8211; em Inicia\u00e7\u00e3o Cient\u00edfica ou Tecnol\u00f3gica.<br>Durante a vig\u00eancia da bolsa o estudante dever\u00e1 escrever um artigo cient\u00edfico sobre o projeto de inicia\u00e7\u00e3o apresentado no seu ingresso, e apresentar os resultados finais da bolsa no evento de inicia\u00e7\u00e3o cient\u00edfica (inicia\u00e7\u00e3o cient\u00edfica) ou tecnol\u00f3gica. (inicia\u00e7\u00e3o em desenvolvimento tecnol\u00f3gico e inova\u00e7\u00e3o).<\/p>\n<\/div><\/details>\n\n\n\n<details class=\"wp-block-themeisle-blocks-accordion-item\"><summary class=\"wp-block-themeisle-blocks-accordion-item__title\"><div><strong>6. Posso acumular bolsa ou fazer est\u00e1gio remunerado?<\/strong><\/div><\/summary><div class=\"wp-block-themeisle-blocks-accordion-item__content\">\n<p>Durante a vig\u00eancia da bolsa o estudante n\u00e3o pode ter v\u00ednculo empregat\u00edcio, receber outra bolsa, ou realizar est\u00e1gio remunerado n\u00e3o obrigat\u00f3rio.<br>Somente \u00e9 permitido ser bolsista e acumular est\u00e1gio remunerado, desde que seja obrigat\u00f3rio, que fa\u00e7a parte da grade curricular do curso, e tenha o aval do orientador.<\/p>\n<\/div><\/details>\n\n\n\n<details class=\"wp-block-themeisle-blocks-accordion-item\"><summary class=\"wp-block-themeisle-blocks-accordion-item__title\"><div><strong>7.Quando iniciam as inscri\u00e7\u00f5es do EAIC ou EAITI?<\/strong><\/div><\/summary><div class=\"wp-block-themeisle-blocks-accordion-item__content\">\n<p>As inscri\u00e7\u00f5es geralmente iniciam a partir do segundo semestre e as apresenta\u00e7\u00f5es se realizam em outubro. O estudante deve acompanhar o Portal da ProPPG sobre a abertura de inscri\u00e7\u00f5es e data do evento.<\/p>\n<\/div><\/details>\n\n\n\n<details class=\"wp-block-themeisle-blocks-accordion-item\"><summary class=\"wp-block-themeisle-blocks-accordion-item__title\"><div><strong>8. Quais s\u00e3o os valores da bolsa?<\/strong><\/div><\/summary><div class=\"wp-block-themeisle-blocks-accordion-item__content\">\n<p>Os valores das bolsas pagas pelo <a rel=\"noreferrer noopener\" href=\"https:\/\/www.gov.br\/cnpq\/pt-br\" target=\"_blank\">CNPq<\/a> podem ser consultados na p\u00e1gina <a rel=\"noreferrer noopener\" href=\"http:\/\/memoria2.cnpq.br\/web\/guest\/no-pais\/\" target=\"_blank\">Taxas e Bolsas no Pa\u00eds<\/a>.<br>As bolsas da <a rel=\"noreferrer noopener\" href=\"https:\/\/www.fappr.pr.gov.br\/\" target=\"_blank\">Funda\u00e7\u00e3o Arauc\u00e1ria<\/a> podem ser consultados nas <a href=\"https:\/\/www.fappr.pr.gov.br\/Programas-Abertos\" target=\"_blank\" rel=\"noreferrer noopener\">chamadas p\u00fablicas<\/a>.<\/p>\n<\/div><\/details>\n\n\n\n<details class=\"wp-block-themeisle-blocks-accordion-item\"><summary class=\"wp-block-themeisle-blocks-accordion-item__title\"><div><strong>9. Sou orientador de bolsista e o projeto que est\u00e1 vinculado o discente encerra antes do t\u00e9rmino da bolsa. Irei perder a bolsa?<\/strong><\/div><\/summary><div class=\"wp-block-themeisle-blocks-accordion-item__content\">\n<p>Ap\u00f3s o encerramento do projeto de pesquisa, em que participa o docente e seu orientando, dever\u00e1 vincular o estudante em outro projeto de pesquisa que esteja em execu\u00e7\u00e3o, pelo menos at\u00e9 o t\u00e9rmino da bolsa do discente.<\/p>\n<\/div><\/details>\n\n\n\n<details class=\"wp-block-themeisle-blocks-accordion-item\"><summary class=\"wp-block-themeisle-blocks-accordion-item__title\"><div><strong>10. N\u00e3o tenho v\u00ednculo com a UEL, mas posso participar como colaborador em projetos de pesquisa? E qual o procedimento?<\/strong><\/div><\/summary><div class=\"wp-block-themeisle-blocks-accordion-item__content\">\n<p>Sim, o interessado dever\u00e1 preencher os campos do formul\u00e1rio <a rel=\"noreferrer noopener\" href=\"https:\/\/www.uel.br\/proppg\/portalnovo\/pages\/projetos\/formularios.php\" target=\"_blank\">Inclus\u00e3o de Colaborador Externo<\/a> com seus dados pessoais e passar o formul\u00e1rio para o coordenador do projeto para que ele possa solicitar sua inclus\u00e3o.<\/p>\n<\/div><\/details>\n\n\n\n<details class=\"wp-block-themeisle-blocks-accordion-item\"><summary class=\"wp-block-themeisle-blocks-accordion-item__title\"><div><strong>11. Alunos de P\u00f3s-Gradua\u00e7\u00e3o podem fazer cadastramento de Projetos de Pesquisa?<\/strong><\/div><\/summary><div class=\"wp-block-themeisle-blocks-accordion-item__content\">\n<p>O cadastro de projeto de pesquisa \u00e9 realizado somente pelo orientador.<\/p>\n<\/div><\/details>\n\n\n\n<details class=\"wp-block-themeisle-blocks-accordion-item\"><summary class=\"wp-block-themeisle-blocks-accordion-item__title\"><div><strong>12. Docente da UEL, que est\u00e1 como aluno de P\u00f3s-Gradua\u00e7\u00e3o, pode cadastrar o seu projeto?<\/strong><\/div><\/summary><div class=\"wp-block-themeisle-blocks-accordion-item__content\">\n<p>Embora seja docente da UEL, n\u00e3o \u00e9 poss\u00edvel cadastrar seu projeto de p\u00f3s-gradua\u00e7\u00e3o como estudante. Este cadastro \u00e9 atribui\u00e7\u00e3o exclusiva do orientador.<\/p>\n<\/div><\/details>\n\n\n\n<details class=\"wp-block-themeisle-blocks-accordion-item\"><summary class=\"wp-block-themeisle-blocks-accordion-item__title\"><div><strong>13. Sou docente da UEL e o projeto que cadastrei no sistema de projetos ainda n\u00e3o entrou em execu\u00e7\u00e3o. Como verificar a sua situa\u00e7\u00e3o?<\/strong><\/div><\/summary><div class=\"wp-block-themeisle-blocks-accordion-item__content\">\n<p>O docente que efetuou o cadastro pode consultar o tr\u00e2mite acessando o <a rel=\"noreferrer noopener\" href=\"https:\/\/www.sistemasweb.uel.br\/?contents=system\/prj\/index.php\" target=\"_blank\">Sistema de Projetos<\/a> e verificar em qual inst\u00e2ncia encontra-se no momento. O projeto de pesquisa passa por quatro inst\u00e2ncias para aprova\u00e7\u00e3o: Comiss\u00e3o de Pesquisa do Departamento, Conselho de Departamento, Comiss\u00e3o de Pesquisa do Centro, Conselho de Centro.<\/p>\n<\/div><\/details>\n\n\n\n<details class=\"wp-block-themeisle-blocks-accordion-item\"><summary class=\"wp-block-themeisle-blocks-accordion-item__title\"><div><strong>14. Solicitei inclus\u00e3o de docente em participa\u00e7\u00e3o de projeto de pesquisa. Como verificar se sua situa\u00e7\u00e3o j\u00e1 foi realizada?<\/strong><\/div><\/summary><div class=\"wp-block-themeisle-blocks-accordion-item__content\">\n<p>O interessado dever\u00e1 consultar o sistema de projetos. A inclus\u00e3o somente ser\u00e1 realizada ap\u00f3s tramitar em todas as inst\u00e2ncias no centro de estudos com a sua aprova\u00e7\u00e3o.<\/p>\n<\/div><\/details>\n\n\n\n<details class=\"wp-block-themeisle-blocks-accordion-item\"><summary class=\"wp-block-themeisle-blocks-accordion-item__title\"><div><strong>15. O meu TIDE est\u00e1 vencendo e desejo vincular em outro projeto de pesquisa. Qual o procedimento que devo adotar?<\/strong><\/div><\/summary><div class=\"wp-block-themeisle-blocks-accordion-item__content\">\n<p>Informa\u00e7\u00f5es sobre TIDE e vincula\u00e7\u00e3o em projetos de pesquisa ficam sob a responsabilidade da ProRH.<\/p>\n<\/div><\/details>\n\n\n\n<details class=\"wp-block-themeisle-blocks-accordion-item\"><summary class=\"wp-block-themeisle-blocks-accordion-item__title\"><div><strong>16. Verifiquei e n\u00e3o consigo vincular meu TIDE a projetos de pesquisa, pois estou com san\u00e7\u00e3o em projetos anteriores. Qual o procedimento para regularizar a situa\u00e7\u00e3o?<\/strong><\/div><\/summary><div class=\"wp-block-themeisle-blocks-accordion-item__content\">\n<p>O docente, cujo projeto de pesquisa esteja cancelado com san\u00e7\u00e3o, dever\u00e1 entregar o relat\u00f3rio atrav\u00e9s do <a rel=\"noreferrer noopener\" href=\"https:\/\/www.sistemasweb.uel.br\/?contents=system\/prj\/index.php\" target=\"_blank\">Sistema de Projetos<\/a>.<\/p>\n<\/div><\/details>\n\n\n\n<details class=\"wp-block-themeisle-blocks-accordion-item\"><summary class=\"wp-block-themeisle-blocks-accordion-item__title\"><div><strong>17. Sou microempreendedor individual\u2014MEI. Posso receber bolsa de IC ou IT?<\/strong><\/div><\/summary><div class=\"wp-block-themeisle-blocks-accordion-item__content\">\n<p>N\u00e3o. Os MEI n\u00e3o podem receber bolsa de inicia\u00e7\u00e3o cient\u00edfica ou inicia\u00e7\u00e3o tecnol\u00f3gica.<\/p>\n<\/div><\/details>\n<\/div>\n\n\n\n<p><\/p>\n","protected":false},"excerpt":{"rendered":"","protected":false},"author":2,"featured_media":0,"parent":0,"menu_order":0,"comment_status":"closed","ping_status":"closed","template":"","meta":{"_acf_changed":false,"_themeisle_gutenberg_block_has_review":false,"footnotes":""},"class_list":["post-148","page","type-page","status-publish","hentry"],"acf":[],"_links":{"self":[{"href":"https:\/\/sites.uel.br\/proppg\/wp-json\/wp\/v2\/pages\/148","targetHints":{"allow":["GET"]}}],"collection":[{"href":"https:\/\/sites.uel.br\/proppg\/wp-json\/wp\/v2\/pages"}],"about":[{"href":"https:\/\/sites.uel.br\/proppg\/wp-json\/wp\/v2\/types\/page"}],"author":[{"embeddable":true,"href":"https:\/\/sites.uel.br\/proppg\/wp-json\/wp\/v2\/users\/2"}],"replies":[{"embeddable":true,"href":"https:\/\/sites.uel.br\/proppg\/wp-json\/wp\/v2\/comments?post=148"}],"version-history":[{"count":6,"href":"https:\/\/sites.uel.br\/proppg\/wp-json\/wp\/v2\/pages\/148\/revisions"}],"predecessor-version":[{"id":2560,"href":"https:\/\/sites.uel.br\/proppg\/wp-json\/wp\/v2\/pages\/148\/revisions\/2560"}],"wp:attachment":[{"href":"https:\/\/sites.uel.br\/proppg\/wp-json\/wp\/v2\/media?parent=148"}],"curies":[{"name":"wp","href":"https:\/\/api.w.org\/{rel}","templated":true}]}}