{"id":1373,"date":"2023-10-06T15:45:37","date_gmt":"2023-10-06T18:45:37","guid":{"rendered":"https:\/\/sites.uel.br\/proppg\/?page_id=1373"},"modified":"2023-10-29T19:17:14","modified_gmt":"2023-10-29T22:17:14","slug":"substituicao-de-bolsas","status":"publish","type":"page","link":"https:\/\/sites.uel.br\/proppg\/substituicao-de-bolsas\/","title":{"rendered":"SUBSTITUI\u00c7\u00c3O DE BOLSAS"},"content":{"rendered":"\n<p><\/p>\n\n\n\n<p><\/p>\n\n\n\n<p><strong>BOLSA PROIC (PIBIC\/CNPq&nbsp;<\/strong><strong>IC\/FUND. ARAUC\u00c1RIA, IC\/UEL)<\/strong><\/p>\n\n\n\n<p>Os pedidos de substitui\u00e7\u00e3o dessa modalidade somente ser\u00e3o realizados atrav\u00e9s do sistema Proic.<br>A substitui\u00e7\u00e3o dever\u00e1 ser solicitada pelo orientador, pelo <a href=\"https:\/\/www.sistemasweb.uel.br\/index.php?contents=system\/ic\/index.php\" data-type=\"link\" data-id=\"https:\/\/www.sistemasweb.uel.br\/index.php?contents=system\/ic\/index.php\" target=\"_blank\" rel=\"noreferrer noopener\">Portal do Docente de IC e IT<\/a><\/p>\n\n\n\n<div style=\"height:33px\" aria-hidden=\"true\" class=\"wp-block-spacer\"><\/div>\n\n\n\n<p><strong>BOLSA PROITI (PIBITI\/CNPq, PIBITI\/UEL) &#8211; DESENVOLVIMENTO TECNOL\u00d3GICO E INOVA\u00c7\u00c3O<\/strong><\/p>\n\n\n\n<p>Os pedidos de substitui\u00e7\u00e3o dessa modalidade somente ser\u00e3o realizados atrav\u00e9s do sistema Proiti.<br>A substitui\u00e7\u00e3o dever\u00e1 ser solicitada pelo orientador, pelo <a rel=\"noreferrer noopener\" href=\"https:\/\/www.sistemasweb.uel.br\/index.php?contents=system\/ic\/index.php\" data-type=\"link\" data-id=\"https:\/\/www.sistemasweb.uel.br\/index.php?contents=system\/ic\/index.php\" target=\"_blank\">Portal do Docente de IC e IT<\/a><\/p>\n\n\n\n<div style=\"height:34px\" aria-hidden=\"true\" class=\"wp-block-spacer\"><\/div>\n\n\n\n<p><strong>BOLSA INCLUS\u00c3O SOCIAL<\/strong><\/p>\n\n\n\n<p>Para acessar os formul\u00e1rios de cancelamento e ren\u00fancia da bolsa,&nbsp;<a href=\"http:\/\/www.uel.br\/inclusaosocial\/\" target=\"_blank\" rel=\"noreferrer noopener\"><em><u>clique aqui<\/u><\/em><\/a>.<\/p>\n","protected":false},"excerpt":{"rendered":"<p>BOLSA PROIC (PIBIC\/CNPq&nbsp;IC\/FUND. ARAUC\u00c1RIA, IC\/UEL) Os pedidos de substitui\u00e7\u00e3o dessa modalidade somente ser\u00e3o realizados atrav\u00e9s do sistema Proic.A substitui\u00e7\u00e3o dever\u00e1 ser solicitada pelo orientador, pelo Portal do Docente de IC e IT BOLSA PROITI (PIBITI\/CNPq, PIBITI\/UEL) &#8211; DESENVOLVIMENTO TECNOL\u00d3GICO E INOVA\u00c7\u00c3O Os pedidos de substitui\u00e7\u00e3o dessa modalidade somente ser\u00e3o realizados atrav\u00e9s do sistema Proiti.A substitui\u00e7\u00e3o [&hellip;]<\/p>\n","protected":false},"author":12,"featured_media":0,"parent":0,"menu_order":0,"comment_status":"closed","ping_status":"closed","template":"","meta":{"_acf_changed":false,"_themeisle_gutenberg_block_has_review":false,"footnotes":""},"class_list":["post-1373","page","type-page","status-publish","hentry"],"acf":[],"_links":{"self":[{"href":"https:\/\/sites.uel.br\/proppg\/wp-json\/wp\/v2\/pages\/1373","targetHints":{"allow":["GET"]}}],"collection":[{"href":"https:\/\/sites.uel.br\/proppg\/wp-json\/wp\/v2\/pages"}],"about":[{"href":"https:\/\/sites.uel.br\/proppg\/wp-json\/wp\/v2\/types\/page"}],"author":[{"embeddable":true,"href":"https:\/\/sites.uel.br\/proppg\/wp-json\/wp\/v2\/users\/12"}],"replies":[{"embeddable":true,"href":"https:\/\/sites.uel.br\/proppg\/wp-json\/wp\/v2\/comments?post=1373"}],"version-history":[{"count":3,"href":"https:\/\/sites.uel.br\/proppg\/wp-json\/wp\/v2\/pages\/1373\/revisions"}],"predecessor-version":[{"id":1775,"href":"https:\/\/sites.uel.br\/proppg\/wp-json\/wp\/v2\/pages\/1373\/revisions\/1775"}],"wp:attachment":[{"href":"https:\/\/sites.uel.br\/proppg\/wp-json\/wp\/v2\/media?parent=1373"}],"curies":[{"name":"wp","href":"https:\/\/api.w.org\/{rel}","templated":true}]}}