{"id":136,"date":"2022-12-16T09:26:39","date_gmt":"2022-12-16T12:26:39","guid":{"rendered":"https:\/\/sites.uel.br\/proppg\/?page_id=136"},"modified":"2026-03-30T15:52:40","modified_gmt":"2026-03-30T18:52:40","slug":"grupos-de-pesquisa","status":"publish","type":"page","link":"https:\/\/sites.uel.br\/proppg\/grupos-de-pesquisa\/","title":{"rendered":"Grupos de Pesquisa \/ CNPq"},"content":{"rendered":"\n<div style=\"height:33px\" aria-hidden=\"true\" class=\"wp-block-spacer\"><\/div>\n\n\n\n<div class=\"wp-block-buttons is-layout-flex wp-block-buttons-is-layout-flex\">\n<div class=\"wp-block-button\"><a class=\"wp-block-button__link has-cinza-claro-color has-verde-background-color has-text-color has-background has-link-color wp-element-button\" href=\"https:\/\/sites.uel.br\/proppg\/catalogo-dos-grupos-de-pesquisa-da-uel\/\" target=\"_blank\" rel=\"noreferrer noopener\">Cat\u00e1logo dos Grupos de Pesquisa da UEL<\/a><\/div>\n<\/div>\n\n\n\n<div style=\"height:33px\" aria-hidden=\"true\" class=\"wp-block-spacer\"><\/div>\n\n\n\n<p>Esta p\u00e1gina destina-se aos docentes da UEL interessados no cadastramento\/atualiza\u00e7\u00e3o de grupos de pesquisa junto ao Diret\u00f3rio dos Grupos de Pesquisa no Brasil \u2013 <a rel=\"noreferrer noopener\" href=\"http:\/\/lattes.cnpq.br\/web\/dgp\" target=\"_blank\">CNPq<\/a><\/p>\n\n\n\n<div style=\"height:20px\" aria-hidden=\"true\" class=\"wp-block-spacer\"><\/div>\n\n\n\n<h3 class=\"wp-block-heading\">1. Import\u00e2ncia dos grupos de pesquisa<\/h3>\n\n\n\n<div style=\"height:29px\" aria-hidden=\"true\" class=\"wp-block-spacer\"><\/div>\n\n\n\n<p>O Diret\u00f3rio dos Grupos de Pesquisa no Brasil constitui-se no invent\u00e1rio dos grupos de pesquisa em atividade no Pa\u00eds. As informa\u00e7\u00f5es nele contidas dizem respeito aos recursos humanos constituintes dos grupos (pesquisadores, estudantes e t\u00e9cnicos), linhas de pesquisa em andamento, especialidades do conhecimento, setores de aplica\u00e7\u00e3o envolvidos, produ\u00e7\u00e3o cient\u00edfica, tecnol\u00f3gica e art\u00edstica e parcerias estabelecidas entre os grupos e as institui\u00e7\u00f5es, sobretudo com as empresas do setor produtivo.<\/p>\n\n\n\n<p>As informa\u00e7\u00f5es s\u00e3o atualizadas continuamente pelos l\u00edderes dos grupos e o CNPq realiza Censos bi-anuais que s\u00e3o fotografias dessa base corrente.<\/p>\n\n\n\n<p>Cabe aos dirigentes institucionais de pesquisa das institui\u00e7\u00f5es participantes o cadastramento dos l\u00edderes de grupos e a certifica\u00e7\u00e3o dos mesmos na base de dados.<\/p>\n\n\n\n<div style=\"height:32px\" aria-hidden=\"true\" class=\"wp-block-spacer\"><\/div>\n\n\n\n<h3 class=\"wp-block-heading\">2. Procedimentos para cadastramento\/atualiza\u00e7\u00e3o de grupos de pesquisa<\/h3>\n\n\n\n<div style=\"height:33px\" aria-hidden=\"true\" class=\"wp-block-spacer\"><\/div>\n\n\n\n<p><strong>2.1<\/strong>&nbsp;Todos os participantes (docentes, alunos e t\u00e9cnicos) de Grupos de Pesquisa dever\u00e3o possuir&nbsp;<strong>Curr\u00edculo Lattes<\/strong>&nbsp;cadastrado no <a href=\"http:\/\/lattes.cnpq.br\/\" target=\"_blank\" rel=\"noreferrer noopener\">CNPq<\/a>.<\/p>\n\n\n\n<p><\/p>\n\n\n\n<p><strong>2.2<\/strong> <strong>Cadastro de novos grupos<\/strong><\/p>\n\n\n\n<p><\/p>\n\n\n\n<p>O l\u00edder deve solicitar, via e-mail (<strong>pesquisa@uel.br<\/strong>), a \u201cHabilita\u00e7\u00e3o do(s) L\u00edder(es)\u201d junto \u00e0 PROPPG.&nbsp; Na mensagem dever\u00e1 conter o nome completo do(s) docente(s).<\/p>\n\n\n\n<p>A habilita\u00e7\u00e3o do l\u00edder \u00e9 feita pelo Pr\u00f3-Reitor de Pesquisa e P\u00f3s-Gradua\u00e7\u00e3o. Ap\u00f3s a habilita\u00e7\u00e3o, o l\u00edder dever\u00e1 acessar este <a href=\"https:\/\/lattes.cnpq.br\/web\/dgp\" target=\"_blank\" rel=\"noreferrer noopener\">link<\/a> e preencher os dados para cadastramento do grupo. Depois desse cadastro o grupo que cumprir os pr\u00e9-requisitos para certifica\u00e7\u00e3o (item 3) ser\u00e1 certificado pelo Pr\u00f3-Reitor.<\/p>\n\n\n\n<p><\/p>\n\n\n\n<p><strong>2.3 Atualiza\u00e7\u00f5es<\/strong><\/p>\n\n\n\n<p><\/p>\n\n\n\n<p>As atualiza\u00e7\u00f5es podem ser a inclus\u00e3o ou exclus\u00e3o de pesquisadores, estudantes, t\u00e9cnicos, empresas e linhas de pesquisa.<\/p>\n\n\n\n<p>Para isso, o l\u00edder do grupo deve acessar o diret\u00f3rio com sua senha. Aparecer\u00e1 (\u00e3o) o(s) grupo(s) dos quais o pesquisador \u00e9 l\u00edder. Escolher a op\u00e7\u00e3o \u201calterar grupo\u201d na caixa \u201ca\u00e7\u00f5es\u201d e realizar as altera\u00e7\u00f5es necess\u00e1rias. A seguir clicar em \u201cenviar ao CNPq\u201d.<\/p>\n\n\n\n<p>Para cadastrar novos grupos de l\u00edderes j\u00e1 habilitados escolher a op\u00e7\u00e3o \u201cAdicionar grupo de pesquisa\u201d e preencher os dados solicitados. A seguir clicar em \u201cenviar ao CNPq\u201d.<\/p>\n\n\n\n<div style=\"height:30px\" aria-hidden=\"true\" class=\"wp-block-spacer\"><\/div>\n\n\n\n<h3 class=\"wp-block-heading\">3. Pr\u00e9-requisitos para certifica\u00e7\u00e3o dos grupos pesquisa pela UEL<\/h3>\n\n\n\n<div style=\"height:31px\" aria-hidden=\"true\" class=\"wp-block-spacer\"><\/div>\n\n\n\n<p>Considerando a import\u00e2ncia dos Grupos de Pesquisa, a Pr\u00f3-Reitoria de Pesquisa e P\u00f3s-gradua\u00e7\u00e3o estabeleceu, por delega\u00e7\u00e3o do CNPq, crit\u00e9rios m\u00ednimos para a defini\u00e7\u00e3o de um grupo de pesquisa na UEL e para seu cadastramento no Diret\u00f3rio do CNPq.<\/p>\n\n\n\n<h4 class=\"wp-block-heading\"><strong>Requisitos relacionados \u00e0(s) linha (s) de pesquisa do grupo, aplicados no per\u00edodo dos \u00faltimos 3 (tr\u00eas) anos:<\/strong><\/h4>\n\n\n\n<p><strong>3.1<\/strong>&nbsp;Participa\u00e7\u00e3o de pelo menos um estudante (gradua\u00e7\u00e3o ou p\u00f3s-gradua\u00e7\u00e3o);<\/p>\n\n\n\n<p><strong>3.2<\/strong>&nbsp;Publica\u00e7\u00e3o de 1 (um) artigo Qualis CAPES, ou 1 (um) livro ou cap\u00edtulo de livro, ou 1 (um) registro ou patente de produtos ou processos (aprovado);<\/p>\n\n\n\n<p><strong>3.3<\/strong>&nbsp;Realiza\u00e7\u00e3o de 1 (uma) orienta\u00e7\u00e3o conclu\u00edda de Mestrado ou de Doutorado, ou 2 (duas) orienta\u00e7\u00f5es conclu\u00eddas em: Programas de Inicia\u00e7\u00e3o (Cient\u00edfica ou Tecnol\u00f3gica), ou Trabalho de Conclus\u00e3o de Curso (TCC) ou Monografia de Gradua\u00e7\u00e3o ou de Especializa\u00e7\u00e3o.<\/p>\n\n\n\n<p> Haver\u00e1 um acompanhamento anual e a perman\u00eancia desses Grupos de Pesquisa est\u00e1 condicionada ao <strong>ATENDIMENTO DO REQUISITO 3.1<\/strong> para todos os grupos e ao <strong>ATENDIMENTO DOS REQUISITOS 3.2 e 3.3<\/strong> para a produ\u00e7\u00e3o do l\u00edder do grupo e de <strong>PELO MENOS UM REQUISITO (3.1 ou 3.2)<\/strong> para a produ\u00e7\u00e3o dos demais membros docentes do grupo.<\/p>\n\n\n\n<div style=\"height:31px\" aria-hidden=\"true\" class=\"wp-block-spacer\"><\/div>\n\n\n\n<p>\u25ba&nbsp;<a href=\"https:\/\/sites.uel.br\/proppg\/wp-content\/uploads\/2023\/11\/Salvar_Grupo.pdf\" target=\"_blank\" rel=\"noreferrer noopener\">Salvar Grupo de Pesquisa no Computador<\/a><\/p>\n\n\n\n<p>\u25ba&nbsp;<a href=\"https:\/\/sites.uel.br\/proppg\/wp-content\/uploads\/2023\/11\/Obter_Id_Grupo.pdf\" target=\"_blank\" rel=\"noreferrer noopener\">Obter Id do Grupo de Pesquisa<\/a><\/p>\n\n\n\n<div style=\"height:31px\" aria-hidden=\"true\" class=\"wp-block-spacer\"><\/div>\n\n\n\n<p class=\"has-text-align-center\">Qualquer d\u00favida favor em contato com o endere\u00e7o eletr\u00f4nico:&nbsp;<a href=\"mailto:pesquisa@uel.br\">pesquisa@uel.br<\/a><\/p>\n\n\n\n<div style=\"height:20px\" aria-hidden=\"true\" class=\"wp-block-spacer\"><\/div>\n\n\n\n<p><\/p>\n","protected":false},"excerpt":{"rendered":"<p>Esta p\u00e1gina destina-se aos docentes da UEL interessados no cadastramento\/atualiza\u00e7\u00e3o de grupos de pesquisa junto ao Diret\u00f3rio dos Grupos de Pesquisa no Brasil \u2013 CNPq 1. Import\u00e2ncia dos grupos de pesquisa O Diret\u00f3rio dos Grupos de Pesquisa no Brasil constitui-se no invent\u00e1rio dos grupos de pesquisa em atividade no Pa\u00eds. As informa\u00e7\u00f5es nele contidas dizem [&hellip;]<\/p>\n","protected":false},"author":2,"featured_media":0,"parent":0,"menu_order":0,"comment_status":"closed","ping_status":"closed","template":"","meta":{"_acf_changed":false,"_themeisle_gutenberg_block_has_review":false,"footnotes":""},"class_list":["post-136","page","type-page","status-publish","hentry"],"acf":[],"_links":{"self":[{"href":"https:\/\/sites.uel.br\/proppg\/wp-json\/wp\/v2\/pages\/136","targetHints":{"allow":["GET"]}}],"collection":[{"href":"https:\/\/sites.uel.br\/proppg\/wp-json\/wp\/v2\/pages"}],"about":[{"href":"https:\/\/sites.uel.br\/proppg\/wp-json\/wp\/v2\/types\/page"}],"author":[{"embeddable":true,"href":"https:\/\/sites.uel.br\/proppg\/wp-json\/wp\/v2\/users\/2"}],"replies":[{"embeddable":true,"href":"https:\/\/sites.uel.br\/proppg\/wp-json\/wp\/v2\/comments?post=136"}],"version-history":[{"count":54,"href":"https:\/\/sites.uel.br\/proppg\/wp-json\/wp\/v2\/pages\/136\/revisions"}],"predecessor-version":[{"id":5732,"href":"https:\/\/sites.uel.br\/proppg\/wp-json\/wp\/v2\/pages\/136\/revisions\/5732"}],"wp:attachment":[{"href":"https:\/\/sites.uel.br\/proppg\/wp-json\/wp\/v2\/media?parent=136"}],"curies":[{"name":"wp","href":"https:\/\/api.w.org\/{rel}","templated":true}]}}