{"id":1331,"date":"2023-10-06T11:13:59","date_gmt":"2023-10-06T14:13:59","guid":{"rendered":"https:\/\/sites.uel.br\/proppg\/?page_id=1331"},"modified":"2023-10-06T11:19:37","modified_gmt":"2023-10-06T14:19:37","slug":"regulamentacao","status":"publish","type":"page","link":"https:\/\/sites.uel.br\/proppg\/regulamentacao\/","title":{"rendered":"Regulamenta\u00e7\u00e3o"},"content":{"rendered":"\n<p><\/p>\n\n\n\n<p><\/p>\n\n\n\n<p>\u25ba<a href=\"https:\/\/www.uel.br\/proppg\/portalnovo\/pages\/arquivos\/sisgen\/regulamentacao\/1%20MEDIDA%20PROVIS%C3%93RIA%20No%202_052,%20DE%2029%20DE%20JUNHO%20DE%202000.pdf\">Medida Provis\u00f3ria N\u00ba 2.052, de 29 de junho de 2000<\/a><\/p>\n\n\n\n<p>\u25ba<a href=\"https:\/\/www.uel.br\/proppg\/portalnovo\/pages\/arquivos\/sisgen\/regulamentacao\/2%20MEDIDA%20PROVIS%C3%93RIA%20N%C2%BA%202_186-16,%20DE%2023%20DE%20AGOSTO%20DE%202001%20(revogada%20pela%2013123).pdf\">Medida Provis\u00f3ria N\u00ba 2.186-16, de 23 de agosto de 2001<\/a><\/p>\n\n\n\n<p>\u25ba<a href=\"https:\/\/www.uel.br\/proppg\/portalnovo\/pages\/arquivos\/sisgen\/regulamentacao\/3%20LEI%20N%C2%BA%2013_123,%20DE%2020%20DE%20MAIO%20DE%202015%20(regulamentada%20em%2017_11_15,%20revoga%20MP%202186%20de%202001)%20ler%20art%2012.pdf\">Lei N\u00ba 13.123, de 20 de maio de 2015<\/a><\/p>\n\n\n\n<p>\u25ba<a href=\"https:\/\/www.uel.br\/proppg\/portalnovo\/pages\/arquivos\/sisgen\/regulamentacao\/4%20PORTARIA%201%20CGEN%20(DOU%2003_10_17%20pag%2078%20-%20estabelece%20in%C3%ADcio%20do%20Sisgen%20a%20partir%20de%2006_11_17).pdf\">Portaria N\u00ba 1, de 3 de outubro de 2017<\/a><\/p>\n\n\n\n<p>\u25ba<a href=\"https:\/\/www.uel.br\/proppg\/portalnovo\/pages\/arquivos\/sisgen\/regulamentacao\/5%20DECRETO%20N%C2%BA%208_772,%20DE%2011%20DE%20MAIO%20DE%202016%20(regulamenta%20lei%2013123,%20trata%20das%20pesquisas%20entre%202015%20at%C3%A9%20agora).pdf\">Decreto N\u00ba 8.772, de 11 de maio de 2016<\/a><\/p>\n\n\n\n<p>\u25ba<a href=\"https:\/\/www.uel.br\/proppg\/portalnovo\/pages\/arquivos\/sisgen\/regulamentacao\/6%20PORTARIA%20MMA%20N%C2%BA%20381,%20DE%2003%20DE%20OUTUBRO%20DE%202017%20(Regimento%20interno%20-%20Atribui%C3%A7oes%20do%20CGEN).pdf\">Portaria MMA N\u00ba 381, de 3 de outubro de 2017<\/a><\/p>\n\n\n\n<p>\u25ba<a href=\"https:\/\/www.uel.br\/proppg\/portalnovo\/pages\/arquivos\/sisgen\/regulamentacao\/7%20RESOLU%C3%87%C3%83O%20N%C2%BA%2010%20do%20CGEN%20de%2019%20de%20junho%20de%202018%20(publicada%20no%20DOU%20do%20dia%203%20de%20agosto%20de%202018).pdf\">Resolu\u00e7\u00e3o N\u00ba 10, de 19 de junho de 2018<\/a><\/p>\n\n\n\n<p>\u25ba<a href=\"https:\/\/www.uel.br\/proppg\/portalnovo\/pages\/arquivos\/sisgen\/regulamentacao\/8%20ORIENTA%C3%87%C3%83O%20T%C3%89CNICA%20%20N%C2%BA%205%20de%20de%2019%20de%20junho%20de%202018%20%20(publicada%20no%20DOU%20do%20dia%203%20de%20agosto%20de%202018).pdf\">Orienta\u00e7\u00e3o T\u00e9cnica N\u00ba 5, de 19 de junho de 2018<\/a><\/p>\n","protected":false},"excerpt":{"rendered":"<p>\u25baMedida Provis\u00f3ria N\u00ba 2.052, de 29 de junho de 2000 \u25baMedida Provis\u00f3ria N\u00ba 2.186-16, de 23 de agosto de 2001 \u25baLei N\u00ba 13.123, de 20 de maio de 2015 \u25baPortaria N\u00ba 1, de 3 de outubro de 2017 \u25baDecreto N\u00ba 8.772, de 11 de maio de 2016 \u25baPortaria MMA N\u00ba 381, de 3 de outubro [&hellip;]<\/p>\n","protected":false},"author":12,"featured_media":0,"parent":0,"menu_order":0,"comment_status":"closed","ping_status":"closed","template":"","meta":{"_acf_changed":false,"_themeisle_gutenberg_block_has_review":false,"footnotes":""},"class_list":["post-1331","page","type-page","status-publish","hentry"],"acf":[],"_links":{"self":[{"href":"https:\/\/sites.uel.br\/proppg\/wp-json\/wp\/v2\/pages\/1331","targetHints":{"allow":["GET"]}}],"collection":[{"href":"https:\/\/sites.uel.br\/proppg\/wp-json\/wp\/v2\/pages"}],"about":[{"href":"https:\/\/sites.uel.br\/proppg\/wp-json\/wp\/v2\/types\/page"}],"author":[{"embeddable":true,"href":"https:\/\/sites.uel.br\/proppg\/wp-json\/wp\/v2\/users\/12"}],"replies":[{"embeddable":true,"href":"https:\/\/sites.uel.br\/proppg\/wp-json\/wp\/v2\/comments?post=1331"}],"version-history":[{"count":2,"href":"https:\/\/sites.uel.br\/proppg\/wp-json\/wp\/v2\/pages\/1331\/revisions"}],"predecessor-version":[{"id":1340,"href":"https:\/\/sites.uel.br\/proppg\/wp-json\/wp\/v2\/pages\/1331\/revisions\/1340"}],"wp:attachment":[{"href":"https:\/\/sites.uel.br\/proppg\/wp-json\/wp\/v2\/media?parent=1331"}],"curies":[{"name":"wp","href":"https:\/\/api.w.org\/{rel}","templated":true}]}}