{"id":128,"date":"2022-12-16T09:25:46","date_gmt":"2022-12-16T12:25:46","guid":{"rendered":"https:\/\/sites.uel.br\/proppg\/?page_id=128"},"modified":"2026-03-26T17:36:06","modified_gmt":"2026-03-26T20:36:06","slug":"formularios","status":"publish","type":"page","link":"https:\/\/sites.uel.br\/proppg\/formularios\/","title":{"rendered":"Formul\u00e1rios"},"content":{"rendered":"\n<div style=\"height:20px\" aria-hidden=\"true\" class=\"wp-block-spacer\"><\/div>\n\n\n\n<h3 class=\"wp-block-heading\"><strong>Inicia\u00e7\u00e3o Cient\u00edfica e Inicia\u00e7\u00e3o Tecnol\u00f3gica<\/strong><\/h3>\n\n\n\n<p>\u25ba&nbsp;<a href=\"https:\/\/sites.uel.br\/proppg\/wp-content\/uploads\/2023\/10\/TERMO-COMPROMISSO-PROIC-2016.pdf\">Termo de Compromisso<\/a><\/p>\n\n\n\n<p class=\"has-medium-font-size\">\u25ba&nbsp;<a href=\"https:\/\/www.uel.br\/proppg\/portalnovo\/pages\/arquivos\/iniciacao\/arquivos\/ic_junior\/Como%20registrar%20o%20termo%20de%20aceite%20da%20bolsa.ppt\">Como registrar Termo de Aceite para bolsistas CNPq<\/a><\/p>\n\n\n\n<p class=\"has-medium-font-size\">\u25ba&nbsp;<a href=\"https:\/\/sites.uel.br\/proppg\/elaboracao-e-entrega-do-relatorio-de-iniciacao-cientifica\/\">Confec\u00e7\u00e3o e entrega de Relat\u00f3rio de IC<\/a><\/p>\n\n\n\n<p class=\"has-medium-font-size\">\u25ba&nbsp;<a href=\"https:\/\/sites.uel.br\/proppg\/elaboracao-e-entrega-do-relatorio-de-iniciacao-tecnologica\/\">Confec\u00e7\u00e3o e entrega de Relat\u00f3rio de IT<\/a><\/p>\n\n\n\n<p class=\"has-medium-font-size\">\u25ba&nbsp;<u><a href=\"https:\/\/sites.uel.br\/proppg\/programa-de-iniciacao-cientifica-proic\/\">Roteiro de elabora\u00e7\u00e3o de projeto de inicia\u00e7\u00e3o cient\u00edfica<\/a><\/u><\/p>\n\n\n\n<p class=\"has-medium-font-size\">\u25ba&nbsp;<u><a href=\"https:\/\/sites.uel.br\/proppg\/programa-de-iniciacao-em-desenvolvimento-tecnologico-e-inovacao-proiti\/\">Roteiro de elabora\u00e7\u00e3o de projeto de inicia\u00e7\u00e3o tecnol\u00f3gica<\/a><\/u><\/p>\n\n\n\n<p class=\"has-medium-font-size\">\u25ba&nbsp;<u><a href=\"https:\/\/sites.uel.br\/proppg\/wp-content\/uploads\/2023\/10\/Anexo_V-Plano_de_Trabalho-IC.docx\">Plano de Trabalho<\/a><\/u><\/p>\n\n\n\n<div style=\"height:20px\" aria-hidden=\"true\" class=\"wp-block-spacer\"><\/div>\n\n\n\n<h3 class=\"wp-block-heading\">&nbsp;<strong>IC Junior<\/strong><\/h3>\n\n\n\n<p>\u25ba&nbsp;<a href=\"https:\/\/sites.uel.br\/proppg\/wp-content\/uploads\/2023\/10\/TermoDeCompromissoEResponsabilidadeICjr-1.docx\">Termo de Compromisso e Responsabilidade<\/a><\/p>\n\n\n\n<p>\u25ba&nbsp;<a href=\"https:\/\/sites.uel.br\/proppg\/wp-content\/uploads\/2023\/10\/PlanoDeTrabalhoICjr-1.docx\">Plano de Trabalho<\/a><\/p>\n\n\n\n<p>\u25ba&nbsp;<a href=\"https:\/\/sites.uel.br\/proppg\/wp-content\/uploads\/2023\/10\/RelatorioFinalICjr.docx\">Relat\u00f3rio Final<\/a><\/p>\n\n\n\n<div style=\"height:34px\" aria-hidden=\"true\" class=\"wp-block-spacer\"><\/div>\n\n\n\n<div style=\"height:0px\" aria-hidden=\"true\" class=\"wp-block-spacer\"><\/div>\n\n\n\n<p><strong>Divis\u00e3o de Gest\u00e3o Financeira da Pesquisa Cient\u00edfica e Tecnol\u00f3gica \u2013 Pesquisa<\/strong><\/p>\n\n\n\n<p>\u25ba&nbsp;<a href=\"https:\/\/sites.uel.br\/proppg\/wp-content\/uploads\/2023\/11\/DIARIAS-SERVIDORES-2022.doc\" target=\"_blank\" rel=\"noreferrer noopener\">Di\u00e1rias \/ Passagens<\/a>&nbsp;&#8211; servidores da UEL<\/p>\n\n\n\n<p>\u25ba&nbsp;<a href=\"https:\/\/sites.uel.br\/proppg\/wp-content\/uploads\/2023\/11\/DiA_rias_e_Passagens_-_Convidados_ATUALIZADO-1.docx\" target=\"_blank\" rel=\"noreferrer noopener\">Di\u00e1rias \/ Passagens&nbsp;<\/a>&#8211; externos<\/p>\n\n\n\n<p>\u25ba\u00a0<a href=\"https:\/\/sites.uel.br\/proppg\/wp-content\/uploads\/2026\/03\/REQUISICAO-REFEICAO-atualizada-2026-2.doc\" target=\"_blank\" rel=\"noreferrer noopener\">Guia de Requisi\u00e7\u00e3o de Refei\u00e7\u00f5es<\/a><\/p>\n\n\n\n<p>\u25ba&nbsp;<a href=\"https:\/\/sites.uel.br\/proppg\/wp-content\/uploads\/2025\/01\/Requisicao_de_refeicao_-_Atualizado-25-hotel-1.docx\">Guia de Requisi\u00e7\u00e3o de Refei\u00e7\u00f5es &#8211; Hotel Londristar<\/a><\/p>\n\n\n\n<p>\u25ba&nbsp;<a href=\"https:\/\/sites.uel.br\/proppg\/wp-content\/uploads\/2023\/11\/PROFESSORES-VISITANTES.CONVIDADOS-DGFPCT-2.doc\" target=\"_blank\" rel=\"noreferrer noopener\">Professores Convidados<\/a><\/p>\n\n\n\n<p>\u25ba&nbsp;<a href=\"https:\/\/sites.uel.br\/proppg\/wp-content\/uploads\/2026\/01\/Recibo_de_Pagamento_Pessoa_Fisica_9.5.xls\">Recibo de Pagamento de Pessoa F\u00edsica<\/a>&nbsp;(9.5)<\/p>\n\n\n\n<p>\u25ba&nbsp;<a href=\"https:\/\/www.uel.br\/arquivo-proppg\/pages\/arquivos\/pesquisa\/financeiro\/Recibo%20(nao_tributaveis)%20v1.0.xls\">R<\/a><a href=\"https:\/\/sites.uel.br\/proppg\/wp-content\/uploads\/2024\/03\/Recibo-nao_tributaveis-v1.1.xls\" target=\"_blank\" rel=\"noreferrer noopener\">ecibo de Pagamento N\u00e3o Tribut\u00e1veis<\/a> (1.1)<\/p>\n\n\n\n<p>\u25ba&nbsp;<a href=\"https:\/\/sites.uel.br\/proppg\/wp-content\/uploads\/2023\/11\/recibodetaxi-2.doc\" target=\"_blank\" rel=\"noreferrer noopener\">Recibo de T\u00e1xi<\/a><\/p>\n\n\n\n<p>\u25ba&nbsp;<a href=\"https:\/\/sites.uel.br\/proppg\/wp-content\/uploads\/2023\/11\/SERVICOS-PESSOA-FISICA-1.doc\" target=\"_blank\" rel=\"noreferrer noopener\">Solicita\u00e7\u00e3o de Pagamento de Pessoa F\u00edsica<\/a><\/p>\n\n\n\n<p>\u25ba&nbsp;<a href=\"https:\/\/sites.uel.br\/proppg\/wp-content\/uploads\/2023\/11\/SERVICOS-PESSOA-JURIDICA-1.doc\" target=\"_blank\" rel=\"noreferrer noopener\">Solicita\u00e7\u00e3o de Pagamento de Servi\u00e7os Pessoa Jur\u00eddica<\/a><\/p>\n\n\n\n<p>\u25ba&nbsp;<a href=\"https:\/\/sites.uel.br\/proppg\/wp-content\/uploads\/2026\/03\/REQUISICAO-DE-HOSPEDAGEM-COMFORT-SUITES-MODELO.doc\" data-type=\"link\" data-id=\"https:\/\/sites.uel.br\/proppg\/wp-content\/uploads\/2026\/03\/REQUISICAO-DE-HOSPEDAGEM-COMFORT-SUITES-MODELO.doc\">Requisi\u00e7\u00e3o de Hospedagem<\/a><\/p>\n\n\n\n<p>\u25ba&nbsp;<a href=\"https:\/\/sites.uel.br\/proppg\/wp-content\/uploads\/2023\/11\/FORMULARIO-PARA-CADASTRO-DE-BOLSISTAS-1-1.doc\" target=\"_blank\" rel=\"noreferrer noopener\">Cadastro de Bolsistas<\/a><\/p>\n\n\n\n<p>\u25ba&nbsp;<a href=\"https:\/\/sites.uel.br\/proppg\/wp-content\/uploads\/2023\/11\/PEDIDO-DE-MATERIAIS-1.doc\" target=\"_blank\" rel=\"noreferrer noopener\">Pedido de Materiais<\/a><\/p>\n\n\n\n<p>\u25ba&nbsp;<a href=\"https:\/\/sites.uel.br\/proppg\/wp-content\/uploads\/2023\/11\/TRABALHO-DE-CAMPO-1.doc\" target=\"_blank\" rel=\"noreferrer noopener\">Solicita\u00e7\u00e3o de Pagamento de Trabalho de Campo<\/a><\/p>\n\n\n\n<p>\u25ba&nbsp;<a href=\"https:\/\/www.uel.br\/arquivo-proppg\/pages\/arquivos\/pesquisa\/financeiro\/AUXILIO%20FINANCEIRO%20A%20ESTUDANTES.doc\">S<\/a><a href=\"https:\/\/sites.uel.br\/proppg\/wp-content\/uploads\/2023\/11\/AUXILIO-FINANCEIRO-A-ESTUDANTES-1.doc\" target=\"_blank\" rel=\"noreferrer noopener\">olicita\u00e7\u00e3o de Pagamento de Aux\u00edlio Financeiro a Estudantes<\/a><\/p>\n","protected":false},"excerpt":{"rendered":"<p>Inicia\u00e7\u00e3o Cient\u00edfica e Inicia\u00e7\u00e3o Tecnol\u00f3gica \u25ba&nbsp;Termo de Compromisso \u25ba&nbsp;Como registrar Termo de Aceite para bolsistas CNPq \u25ba&nbsp;Confec\u00e7\u00e3o e entrega de Relat\u00f3rio de IC \u25ba&nbsp;Confec\u00e7\u00e3o e entrega de Relat\u00f3rio de IT \u25ba&nbsp;Roteiro de elabora\u00e7\u00e3o de projeto de inicia\u00e7\u00e3o cient\u00edfica \u25ba&nbsp;Roteiro de elabora\u00e7\u00e3o de projeto de inicia\u00e7\u00e3o tecnol\u00f3gica \u25ba&nbsp;Plano de Trabalho &nbsp;IC Junior \u25ba&nbsp;Termo de Compromisso e [&hellip;]<\/p>\n","protected":false},"author":2,"featured_media":0,"parent":0,"menu_order":0,"comment_status":"closed","ping_status":"closed","template":"","meta":{"_acf_changed":false,"_themeisle_gutenberg_block_has_review":false,"footnotes":""},"class_list":["post-128","page","type-page","status-publish","hentry"],"acf":[],"_links":{"self":[{"href":"https:\/\/sites.uel.br\/proppg\/wp-json\/wp\/v2\/pages\/128","targetHints":{"allow":["GET"]}}],"collection":[{"href":"https:\/\/sites.uel.br\/proppg\/wp-json\/wp\/v2\/pages"}],"about":[{"href":"https:\/\/sites.uel.br\/proppg\/wp-json\/wp\/v2\/types\/page"}],"author":[{"embeddable":true,"href":"https:\/\/sites.uel.br\/proppg\/wp-json\/wp\/v2\/users\/2"}],"replies":[{"embeddable":true,"href":"https:\/\/sites.uel.br\/proppg\/wp-json\/wp\/v2\/comments?post=128"}],"version-history":[{"count":39,"href":"https:\/\/sites.uel.br\/proppg\/wp-json\/wp\/v2\/pages\/128\/revisions"}],"predecessor-version":[{"id":5724,"href":"https:\/\/sites.uel.br\/proppg\/wp-json\/wp\/v2\/pages\/128\/revisions\/5724"}],"wp:attachment":[{"href":"https:\/\/sites.uel.br\/proppg\/wp-json\/wp\/v2\/media?parent=128"}],"curies":[{"name":"wp","href":"https:\/\/api.w.org\/{rel}","templated":true}]}}