{"id":124,"date":"2022-12-16T09:25:06","date_gmt":"2022-12-16T12:25:06","guid":{"rendered":"https:\/\/sites.uel.br\/proppg\/?page_id=124"},"modified":"2025-05-09T14:42:49","modified_gmt":"2025-05-09T17:42:49","slug":"reconhecimento-de-diploma","status":"publish","type":"page","link":"https:\/\/sites.uel.br\/proppg\/reconhecimento-de-diploma\/","title":{"rendered":"Reconhecimento de Diploma"},"content":{"rendered":"\n<div style=\"height:16px\" aria-hidden=\"true\" class=\"wp-block-spacer\"><\/div>\n\n\n\n<p>\u00c9 o processo pelo qual os diplomas de cursos de P\u00f3s-Gradua\u00e7\u00e3o Stricto Sensu (Mestrado e Doutorado), expedidos por institui\u00e7\u00f5es estrangeiras de educa\u00e7\u00e3o superior e pesquisa, podem ser declarados equivalentes aos concedidos no Brasil.<\/p>\n\n\n\n<p>Para terem validade nacional, os diplomas estrangeiros dever\u00e3o ser registrados por universidade brasileira que tenha curso igual ou similar reconhecidos.<\/p>\n\n\n\n<p>Conforme art. 48, \u00a7 3\u00ba da Lei n 9.394\/96, os diplomas de Mestrado e de Doutorado expedidos por Universidades estrangeiras s\u00f3 poder\u00e3o ser reconhecidos por Universidades que possuam cursos de P\u00f3s-Gradua\u00e7\u00e3o reconhecidos e avaliados, na mesma \u00e1rea de conhecimento e em n\u00edvel equivalente ou superior.<\/p>\n\n\n\n<p>A an\u00e1lise de reconhecimento poder\u00e1 ser feita por todos os Programas de P\u00f3s-Gradua\u00e7\u00e3o da UEL, por\u00e9m observados os limites e as possibilidades de cada um dos cursos. Consulte os <a href=\"https:\/\/sites.uel.br\/proppg\/inscricoes\/\" target=\"_blank\" rel=\"noreferrer noopener\">Cursos de Mestrado e Doutorado da UEL<\/a>.<\/p>\n\n\n\n<p>Se n\u00e3o houver o curso na UEL, ou se o curso cong\u00eanere j\u00e1 tiver atingido o limite m\u00e1ximo de solicita\u00e7\u00f5es, consulte a <a rel=\"noreferrer noopener\" href=\"http:\/\/carolinabori.mec.gov.br\" target=\"_blank\">Plataforma Carolina Bori<\/a>, a qual disponibiliza a rela\u00e7\u00e3o de todos os programas de P\u00f3s-Gradua\u00e7\u00e3o Stricto sensu do Brasil avaliados e recomendados pela Coordena\u00e7\u00e3o de Aperfei\u00e7oamento de Pessoal de N\u00edvel Superior &#8211; Capes.<\/p>\n\n\n\n<p>As normas e procedimentos gerais de tramita\u00e7\u00e3o de processos de solicita\u00e7\u00e3o de reconhecimento de diplomas de P\u00f3s-Gradua\u00e7\u00e3o Stricto sensu atender\u00e3o a&nbsp;<u><a href=\"https:\/\/sites.uel.br\/proppg\/wp-content\/uploads\/2023\/11\/PORTARIA-NORMATIVA-n.22-12-2016.pdf\">Portaria MEC n\u00ba 22<\/a><\/u>, de 13 de dezembro de 2016 que regulamenta os procedimentos constantes \u00e0&nbsp;<u><a href=\"https:\/\/sites.uel.br\/proppg\/wp-content\/uploads\/2023\/11\/RESOLUCAO-CNE-CES-n.-3-16.pdf\">Resolu\u00e7\u00e3o CNE\/CES n\u00ba 3<\/a><\/u>, de 22 de junho de 2016 e a&nbsp;<u><a href=\"https:\/\/sites.uel.br\/proppg\/wp-content\/uploads\/2023\/11\/RESOLUCAO-CEPE-022-2017.pdf\">Resolu\u00e7\u00e3o CEPE N\u00ba 022\/2017<\/a><\/u>.<\/p>\n\n\n\n<div style=\"height:20px\" aria-hidden=\"true\" class=\"wp-block-spacer\"><\/div>\n\n\n\n<h4 class=\"wp-block-heading has-medium-font-size\"><strong>PROCEDIMENTO<\/strong><\/h4>\n\n\n\n<p>O pedido de reconhecimento de diploma de Mestrado ou de Doutorado expedido por institui\u00e7\u00e3o de ensino superior estrangeira ser\u00e1 admitido com base no fluxo de tramita\u00e7\u00e3o de processos estabelecidos na <a rel=\"noreferrer noopener\" href=\"http:\/\/carolinabori.mec.gov.br\/\" target=\"_blank\">Plataforma Carolina Bori<\/a>, de responsabilidade do Minist\u00e9rio da Educa\u00e7\u00e3o.<\/p>\n\n\n\n<div style=\"height:20px\" aria-hidden=\"true\" class=\"wp-block-spacer\"><\/div>\n\n\n\n<h4 class=\"wp-block-heading has-medium-font-size\"><strong>DOCUMENTA\u00c7\u00c3O<\/strong><\/h4>\n\n\n\n<p>O pedido de reconhecimento deve ser instru\u00eddo com todos os documentos que constam na Resolu\u00e7\u00e3o CEPE \u2116 022\/2017.<\/p>\n\n\n\n<p>\u25ba&nbsp;<u><a href=\"https:\/\/sites.uel.br\/proppg\/wp-content\/uploads\/2023\/11\/Ficha-de-inscricao.doc\">Ficha de cadastro da UEL<\/a><\/u><\/p>\n\n\n\n<p>\u25ba&nbsp;<u><a href=\"https:\/\/sites.uel.br\/proppg\/wp-content\/uploads\/2023\/11\/Termo_de_Aceitacao_de_Condicoes.doc\">Termo de Aceita\u00e7\u00e3o de Condi\u00e7\u00f5es e Compromissos<\/a><\/u><\/p>\n\n\n\n<div style=\"height:20px\" aria-hidden=\"true\" class=\"wp-block-spacer\"><\/div>\n\n\n\n<h4 class=\"wp-block-heading has-medium-font-size\"><strong>TAXAS<\/strong><\/h4>\n\n\n\n<p>Constatada a adequa\u00e7\u00e3o da documenta\u00e7\u00e3o e a exist\u00eancia do curso equivalente, a UEL emitir\u00e1 o boleto banc\u00e1rio para pagamento da taxa incidente sobre o pedido.<\/p>\n\n\n\n<p>As taxas correspondentes \u00e0 avalia\u00e7\u00e3o de reconhecimento de diplomas de mestrado e doutorado ser\u00e3o, respectivamente, equivalentes aos valores das bolsas de mestrado (R$ 2.100,00) e doutorado (R$ 3.100,00) da CAPES\/DS, vigentes no momento em que o interessado solicitar o reconhecimento.<\/p>\n\n\n\n<div style=\"height:20px\" aria-hidden=\"true\" class=\"wp-block-spacer\"><\/div>\n\n\n\n<h4 class=\"wp-block-heading has-medium-font-size\">D\u00daVIDAS<\/h4>\n\n\n\n<p>Demais esclarecimentos poder\u00e3o ser obtidos junto a Divis\u00e3o de Colegiados de Cursos e Programas de P\u00f3s-Gradua\u00e7\u00e3o da PROPPG, por meio do Email:&nbsp;<strong><u>reconhecediploma@uel.br<\/u><\/strong>&nbsp;ou pelo Telefone: (43) 3371-4264.<\/p>\n\n\n\n<div style=\"height:20px\" aria-hidden=\"true\" class=\"wp-block-spacer\"><\/div>\n\n\n\n<h4 class=\"wp-block-heading has-medium-font-size\"><strong>LEGISLA\u00c7\u00c3O<\/strong><\/h4>\n\n\n\n<p>\u25ba&nbsp;<u><a href=\"https:\/\/sites.uel.br\/proppg\/wp-content\/uploads\/2023\/11\/RESOLUCAO-CNE-CES-n.-3-16-1.pdf\">Resolu\u00e7\u00e3o CNE\/CES n\u00ba 3\/16<\/a><\/u><\/p>\n\n\n\n<p>\u25ba&nbsp;<u><a href=\"https:\/\/sites.uel.br\/proppg\/wp-content\/uploads\/2023\/11\/PORTARIA-NORMATIVA-n.22-12-2016-1.pdf\">Portaria Normativa n\u00ba 22\/16<\/a><\/u><\/p>\n\n\n\n<p>\u25ba&nbsp;<u><a href=\"https:\/\/sites.uel.br\/proppg\/wp-content\/uploads\/2023\/11\/RESOLUCAO-CEPE-022-2017-1.pdf\">Resolu\u00e7\u00e3o CEPE n\u00ba 022\/2017<\/a><\/u><\/p>\n","protected":false},"excerpt":{"rendered":"<p>\u00c9 o processo pelo qual os diplomas de cursos de P\u00f3s-Gradua\u00e7\u00e3o Stricto Sensu (Mestrado e Doutorado), expedidos por institui\u00e7\u00f5es estrangeiras de educa\u00e7\u00e3o superior e pesquisa, podem ser declarados equivalentes aos concedidos no Brasil. Para terem validade nacional, os diplomas estrangeiros dever\u00e3o ser registrados por universidade brasileira que tenha curso igual ou similar reconhecidos. Conforme art. [&hellip;]<\/p>\n","protected":false},"author":2,"featured_media":0,"parent":0,"menu_order":0,"comment_status":"closed","ping_status":"closed","template":"","meta":{"_acf_changed":false,"_themeisle_gutenberg_block_has_review":false,"footnotes":""},"class_list":["post-124","page","type-page","status-publish","hentry"],"acf":[],"_links":{"self":[{"href":"https:\/\/sites.uel.br\/proppg\/wp-json\/wp\/v2\/pages\/124","targetHints":{"allow":["GET"]}}],"collection":[{"href":"https:\/\/sites.uel.br\/proppg\/wp-json\/wp\/v2\/pages"}],"about":[{"href":"https:\/\/sites.uel.br\/proppg\/wp-json\/wp\/v2\/types\/page"}],"author":[{"embeddable":true,"href":"https:\/\/sites.uel.br\/proppg\/wp-json\/wp\/v2\/users\/2"}],"replies":[{"embeddable":true,"href":"https:\/\/sites.uel.br\/proppg\/wp-json\/wp\/v2\/comments?post=124"}],"version-history":[{"count":9,"href":"https:\/\/sites.uel.br\/proppg\/wp-json\/wp\/v2\/pages\/124\/revisions"}],"predecessor-version":[{"id":4579,"href":"https:\/\/sites.uel.br\/proppg\/wp-json\/wp\/v2\/pages\/124\/revisions\/4579"}],"wp:attachment":[{"href":"https:\/\/sites.uel.br\/proppg\/wp-json\/wp\/v2\/media?parent=124"}],"curies":[{"name":"wp","href":"https:\/\/api.w.org\/{rel}","templated":true}]}}