{"id":120,"date":"2022-12-16T09:24:40","date_gmt":"2022-12-16T12:24:40","guid":{"rendered":"https:\/\/sites.uel.br\/proppg\/?page_id=120"},"modified":"2024-03-26T11:01:23","modified_gmt":"2024-03-26T14:01:23","slug":"financeiro-pos","status":"publish","type":"page","link":"https:\/\/sites.uel.br\/proppg\/financeiro-pos\/","title":{"rendered":"Financeiro P\u00f3s"},"content":{"rendered":"\n<div style=\"height:20px\" aria-hidden=\"true\" class=\"wp-block-spacer\"><\/div>\n\n\n\n<h4 class=\"wp-block-heading\" style=\"font-size:25px\"><strong>Procedimentos para utiliza\u00e7\u00e3o dos recursos<\/strong><\/h4>\n\n\n\n<div id=\"wp-block-themeisle-blocks-accordion-8c71e52c\" class=\"wp-block-themeisle-blocks-accordion exclusive\">\n<details class=\"wp-block-themeisle-blocks-accordion-item\"><summary class=\"wp-block-themeisle-blocks-accordion-item__title\"><div><strong>1. Procedimento para aquisi\u00e7\u00e3o de materiais de consumo ou equipamentos permanentes com recusros pr\u00f3prios<\/strong><\/div><\/summary><div class=\"wp-block-themeisle-blocks-accordion-item__content\">\n<p>1 \u2013 Deve ser enviado a requisi\u00e7\u00e3o em anexo com todos os campos preenchidos;<\/p>\n\n\n\n<p><br>2 &#8211; Os materiais de consumos ou equipamentos permanentes dever\u00e3o possuir cadastro no sistema <a href=\"https:\/\/sistemas.uel.br\/sicor\/index\" target=\"_blank\" rel=\"noreferrer noopener\">UEL\/SICOR<\/a>. Caso n\u00e3o possua cadastro ele dever\u00e1 ser providenciado no sistema UEL\/SICOR. Para maior informa\u00e7\u00e3o entrar em contato com a Hissako\/DM\/PROAF;<\/p>\n\n\n\n<p><br>3 &#8211; Os materiais de consumos ou equipamentos permanentes dever\u00e3o possuir cadastro no GMS. Caso n\u00e3o possua cadastro ele dever\u00e1 ser providenciado GMS. Segue em anexo o manual de boas pr\u00e1ticas do GMS\/DECON. Para maior informa\u00e7\u00e3o entrar em contato com a Hissako\/DM\/PROAF;<\/p>\n\n\n\n<p><br>4 &#8211; Os materiais de consumos ou equipamentos permanentes dever\u00e3o possuir cadastro no CatMat= material ou no CatServ= Servi\u00e7o. Para obter esta informa\u00e7\u00e3o deve consultar o endere\u00e7o eletr\u00f4nico: https:\/\/catalogo.compras.gov.br\/cnbs-web\/busca . Caso n\u00e3o possua cadastro ele dever\u00e1 ser providenciado;<\/p>\n\n\n\n<p><br>5 \u2013 Os materiais de consumos ou equipamentos permanentes devem estar com os pre\u00e7os atualizados no sistema <a href=\"https:\/\/sistemas.uel.br\/sicor\/index\" target=\"_blank\" rel=\"noreferrer noopener\">UEL\/SICOR<\/a> com a validade de 180 dias, conforme Decreto Estadual N\u00ba 4993\/16;<\/p>\n\n\n\n<p><br>6 \u2013 Deve ser providenciado o preenchimento do Estudo T\u00e9cnico Preliminar &#8211; ETP em anexo. Dever\u00e1 ser enviado uma via impressa e outra por e-mail para alimentar a requisi\u00e7\u00e3o de compras no sistema <a href=\"https:\/\/sistemas.uel.br\/sicor\/index\" target=\"_blank\" rel=\"noreferrer noopener\">UEL\/SICOR<\/a>;<\/p>\n\n\n\n<p><br>7 \u2013 Deve ser providenciado o preenchimento do Termo de Refer\u00eancia &#8211; TR em anexo. Dever\u00e1 ser enviado uma via impressa e outra por e-mail para alimentar a requisi\u00e7\u00e3o de compras no sistema <a href=\"https:\/\/sistemas.uel.br\/sicor\/index\" data-type=\"link\" data-id=\"https:\/\/sistemas.uel.br\/sicor\/index\" target=\"_blank\" rel=\"noreferrer noopener\">UEL\/SICOR<\/a>;<\/p>\n<\/div><\/details>\n\n\n\n<details class=\"wp-block-themeisle-blocks-accordion-item\"><summary class=\"wp-block-themeisle-blocks-accordion-item__title\"><div><strong>2. Procedimentos para aquisi\u00e7\u00e3o de materiais de consumo ou equipamentos permanentes com recursos de conv\u00eanios estadual ou da Uni\u00e3o<\/strong><\/div><\/summary><div class=\"wp-block-themeisle-blocks-accordion-item__content\">\n<p>1 \u2013 Deve ser enviado a requisi\u00e7\u00e3o em anexo com todos os campos preenchidos;<\/p>\n\n\n\n<p><br>2 &#8211; Os materiais de consumos ou equipamentos permanentes dever\u00e3o possuir cadastro no sistema <a href=\"https:\/\/sistemas.uel.br\/sicor\/index\" target=\"_blank\" rel=\"noreferrer noopener\">UEL\/SICOR<\/a>. Caso n\u00e3o possua cadastro ele dever\u00e1 ser providenciado no sistema UEL\/SICOR. Para maiores informa\u00e7\u00f5es entrar em contato com a Hissako\/DM\/PROAF;<\/p>\n\n\n\n<p><br>3 &#8211; Os materiais de consumos ou equipamentos permanentes dever\u00e3o possuir cadastro no GMS. Caso n\u00e3o possua cadastro ele dever\u00e1 ser providenciado GMS. Segue em anexo o manual de boas pr\u00e1ticas\/DECON. Para maiores informa\u00e7\u00f5es entrar em contato com a Hissako\/DM\/PROAF;<\/p>\n\n\n\n<p><br>4 &#8211; Os materiais de consumos ou equipamentos permanentes dever\u00e3o possuir cadastro no CatMat= material ou no CatServ= Servi\u00e7o. Para obter esta informa\u00e7\u00e3o deve consultar o endere\u00e7o eletr\u00f4nico: https:\/\/catalogo.compras.gov.br\/cnbs-web\/busca . Caso n\u00e3o possua cadastro ele dever\u00e1 ser providenciado;<\/p>\n\n\n\n<p><br>5 \u2013 \u00c9 obrigat\u00f3rio o envio de tr\u00eas or\u00e7amentos de empresas cadastradas no sistema <a href=\"https:\/\/sistemas.uel.br\/sicor\/index\" target=\"_blank\" rel=\"noreferrer noopener\">UEL\/SICOR<\/a>, conforme informativo PROAF\/DM\/DCC 001\/2020;<\/p>\n\n\n\n<p><br>6 \u2013 Deve ser providenciado o preenchimento do Estudo T\u00e9cnico Preliminar &#8211; ETP em anexo. Dever\u00e1 ser enviado uma via impressa e outra por e-mail para alimentar a requisi\u00e7\u00e3o de compras no sistema UEL;<\/p>\n\n\n\n<p><br>7 \u2013 Deve ser providenciado o preenchimento do Termo de Refer\u00eancia &#8211; TR em anexo. Dever\u00e1 ser enviado uma via impressa e outra por e-mail para alimentar a requisi\u00e7\u00e3o de compras no sistema UEL;<\/p>\n\n\n\n<p><br>8 &#8211; Enviar o parecer t\u00e9cnico;<\/p>\n\n\n\n<p><br>9 &#8211; Envio da c\u00f3pia do projeto de pesquisa que ser\u00e3o utilizados os materiais adquiridos (cadastrado na PROPPG)<\/p>\n<\/div><\/details>\n\n\n\n<details class=\"wp-block-themeisle-blocks-accordion-item\"><summary class=\"wp-block-themeisle-blocks-accordion-item__title\"><div><strong>3. Procedimentos para contrata\u00e7\u00e3o de servi\u00e7o de publica\u00e7\u00e3o, revis\u00e3o, pagamento de anuidade e aquisi\u00e7\u00e3o de materiais de consumo ou equipamentos permanentes, em moeda estrangeira com recursos pr\u00f3prios, conv\u00eanios estadual ou da Uni\u00e3o<\/strong><\/div><\/summary><div class=\"wp-block-themeisle-blocks-accordion-item__content\">\n<p>1 \u2013 Deve ser enviado o Of\u00edcio solicitando e autorizando o pagamento, em caso de contrata\u00e7\u00e3o de servi\u00e7o. Se for materiais de consumo ou equipamentos permanentes dever\u00e1 ser enviado a modelo de requisi\u00e7\u00e3o em anexo;<\/p>\n\n\n\n<p>2 &#8211; O Of\u00edcio ou a requisi\u00e7\u00e3o de compra dever\u00e1 ser encaminhado juntamente com o invoice em moeda estrangeira, com o nome e dados banc\u00e1rios do fornecedor para pagamento;<\/p>\n\n\n\n<p>3 \u2013 Deve ser providenciado o preenchimento do Estudo T\u00e9cnico Preliminar<strong> &#8211; <\/strong>ETP em anexo. Dever\u00e1 ser enviado uma via impressa e outra por e-mail para alimentar a requisi\u00e7\u00e3o de compras\/servi\u00e7os no sistema <a href=\"https:\/\/sistemas.uel.br\/sicor\/index\" data-type=\"link\" data-id=\"https:\/\/sistemas.uel.br\/sicor\/index\" target=\"_blank\" rel=\"noreferrer noopener\">UEL\/SICOR<\/a>;<\/p>\n\n\n\n<p>4 \u2013 Deve ser providenciado o preenchimento do Termo de Refer\u00eancia &#8211; TR em anexo. Dever\u00e1 ser enviado uma via impressa e outra por e-mail para alimentar a requisi\u00e7\u00e3o de compras no sistema <a href=\"https:\/\/sistemas.uel.br\/sicor\/index\" target=\"_blank\" rel=\"noreferrer noopener\">UEL\/SICOR<\/a>;<\/p>\n\n\n\n<p>5 &#8211; Enviar o parecer t\u00e9cnico;<\/p>\n<\/div><\/details>\n\n\n\n<details class=\"wp-block-themeisle-blocks-accordion-item\"><summary class=\"wp-block-themeisle-blocks-accordion-item__title\"><div><strong>4.  Procedimentos para aquisi\u00e7\u00e3o de materiais de consumo ou equipamentos permanentes por inexigibilidade \/ carta de exclusividade<\/strong><\/div><\/summary><div class=\"wp-block-themeisle-blocks-accordion-item__content\">\n<p>1 \u2013 Deve ser enviado a requisi\u00e7\u00e3o em anexo com todos os campos preenchidos;<\/p>\n\n\n\n<p>2 &#8211; Os materiais de consumos ou equipamentos permanentes dever\u00e3o possuir cadastro no sistema <a href=\"https:\/\/sistemas.uel.br\/sicor\/index\" target=\"_blank\" rel=\"noreferrer noopener\">UEL\/SICOR<\/a>. Caso n\u00e3o possua cadastro, ele dever\u00e1 ser providenciado no sistema UEL\/SICOR. Para maiores informa\u00e7\u00f5es entrar em contato com a Hissako\/DM\/PROAF;<\/p>\n\n\n\n<p>3 &#8211; Os materiais de consumos ou equipamentos permanentes dever\u00e3o possuir cadastro no GMS. Caso n\u00e3o possua cadastro ele dever\u00e1 ser providenciado GMS. Segue em anexo o manual de boas pr\u00e1ticas do GMS\/DECON. Para maiores informa\u00e7\u00f5es entrar em contato com a Hissako\/DM\/PROAF;<\/p>\n\n\n\n<p>4 \u2013 Os materiais de consumos ou equipamentos permanentes devem estar com os pre\u00e7os atualizados no sistema <a href=\"https:\/\/sistemas.uel.br\/sicor\/index\" target=\"_blank\" rel=\"noreferrer noopener\">UEL\/SICOR<\/a> com a validade de 180 dias, conforme Decreto Estadual N\u00ba 4993\/16;<\/p>\n\n\n\n<p>5 \u2013 Deve ser providenciado o preenchimento do Estudo T\u00e9cnico Preliminar<strong> &#8211; <\/strong>ETP em anexo. Dever\u00e1 ser enviado uma via impressa e outra por e-mail para alimentar a requisi\u00e7\u00e3o de compras no sistema <a href=\"https:\/\/sistemas.uel.br\/sicor\/index\" target=\"_blank\" rel=\"noreferrer noopener\">UEL\/SICOR<\/a>;<\/p>\n\n\n\n<p>6 \u2013 Deve ser providenciado o preenchimento do Termo de Refer\u00eancia &#8211; TR em anexo. Dever\u00e1 ser enviado uma via impressa e outra por e-mail para alimentar a requisi\u00e7\u00e3o de compras no sistema <a href=\"https:\/\/sistemas.uel.br\/sicor\/index\" target=\"_blank\" rel=\"noreferrer noopener\">UEL\/SICOR<\/a>;<\/p>\n\n\n\n<p>7 \u2013 Parecer t\u00e9cnico;<\/p>\n\n\n\n<p>8 \u2013 Motiva\u00e7\u00e3o para a aquisi\u00e7\u00e3o\/compra;<\/p>\n\n\n\n<p>9 &#8211; Carta de Exclusividade com a validade em pleno vigor;<\/p>\n\n\n\n<p>10 &#8211; Declara\u00e7\u00e3o de Mercado. Neste caso \u00e9 necess\u00e1rio que a empresa apresente tr\u00eas NF-e para justificar que o pre\u00e7o cobrado da UEL \u00e9 o mesmo praticado no mercado.<\/p>\n<\/div><\/details>\n\n\n\n<details class=\"wp-block-themeisle-blocks-accordion-item\"><summary class=\"wp-block-themeisle-blocks-accordion-item__title\"><div><strong>5.  Procedimentos para pagamento de auxilio financeiro a estudantes<\/strong><\/div><\/summary><div class=\"wp-block-themeisle-blocks-accordion-item__content\">\n<p>\u2022  Encaminhar correspond\u00eancia solicitando o auxilio financeiro; conforme Instru\u00e7\u00e3o de Servi\u00e7o PROPPG&nbsp;<a href=\"https:\/\/sites.uel.br\/proppg\/wp-content\/uploads\/2023\/11\/IS-PROPPG-001-2016-auxilio-estudantes-de-PG-para-atividades-de-intercambio1.pdf\">001<\/a>,&nbsp;<a href=\"https:\/\/sites.uel.br\/proppg\/wp-content\/uploads\/2023\/11\/IS-PROPPG-002-2016-auxilio-estudantes-de-PG-para-atividades-de-coleta-de-dados-no-pais.pdf\">002<\/a>&nbsp;e&nbsp;<a href=\"https:\/\/sites.uel.br\/proppg\/wp-content\/uploads\/2023\/11\/IS-PROPPG-003-2016-auxilio-estudantes-de-PG-para-evento-cientifico.pdf\">003<\/a>\/2016;<\/p>\n\n\n\n<p>\u2022  A PROPPG providenciar\u00e1 o cadastro no SICOR;<\/p>\n\n\n\n<p>\u2022 Encaminhar o <a rel=\"noreferrer noopener\" href=\"https:\/\/sites.uel.br\/proppg\/wp-content\/uploads\/2023\/10\/Recibo-nao_tributaveis-v1.0.xls\" target=\"_blank\">recibo<\/a> para pagamento.<\/p>\n<\/div><\/details>\n\n\n\n<details class=\"wp-block-themeisle-blocks-accordion-item\"><summary class=\"wp-block-themeisle-blocks-accordion-item__title\"><div><strong>6.<\/strong> <strong>Procedimentos para solicita\u00e7\u00e3o de di\u00e1rias, t\u00e1xi e passagens terrestres a servidores da UEL<\/strong><\/div><\/summary><div class=\"wp-block-themeisle-blocks-accordion-item__content\">\n<p>\u2022 A solicita\u00e7\u00e3o deve ser preenchida no SICOR, sistema de Di\u00e1rias\/Passagens, sempre com no m\u00ednimo 10 dias de anteced\u00eancia;<\/p>\n\n\n\n<p>\u2022 No caso da concess\u00e3o de t\u00e1xi, utilizar o modelo de recibo disponibilizado na p\u00e1gina da PROPPG;<\/p>\n\n\n\n<p>\u2022 A solicita\u00e7\u00e3o de passagens terrestres deve ser preenchida com os valores de compra das passagens, para aquisi\u00e7\u00e3o do pr\u00f3prio solicitante, juntamente com as di\u00e1rias;<\/p>\n\n\n\n<p>\u2022 Sempre solicitar todos os recursos para a viagem de uma \u00fanica vez, para que n\u00e3o haja complementa\u00e7\u00f5es e retrabalhos desnecess\u00e1rios.<\/p>\n<\/div><\/details>\n\n\n\n<details class=\"wp-block-themeisle-blocks-accordion-item\"><summary class=\"wp-block-themeisle-blocks-accordion-item__title\"><div><strong>7.<\/strong> <strong>Procedimentos para solicita\u00e7\u00e3o de passagens a\u00e9reas de servidores e de visitantes<\/strong><\/div><\/summary><div class=\"wp-block-themeisle-blocks-accordion-item__content\">\n<p>\u2022 A partir do momento do conhecimento de uma viagem programada, providenciar junto \u00e0 empresa contratada da UEL, o or\u00e7amento dos poss\u00edveis voos do dia de ida e da volta. A solicita\u00e7\u00e3o deve ser preenchida no SICOR, sistema de Di\u00e1rias\/Passagens;<\/p>\n\n\n\n<p>\u2022 A escolha devera ser sempre pelo menor pre\u00e7o. N\u00e3o sendo, justificar no pr\u00f3prio sistema de di\u00e1rias e passagens;<\/p>\n\n\n\n<p>\u2022 Providenciar junto \u00e0s Cias. A\u00e9reas os or\u00e7amentos dos v\u00f4os escolhidos para comparativo de pre\u00e7os entre a ag\u00eancia de viagem e as cias a\u00e9reas, no caso de servidores. Para convidados n\u00e3o ser\u00e1 necess\u00e1rio os or\u00e7amentos das Cias. a\u00e9reas;<\/p>\n\n\n\n<p>\u2022 Ap\u00f3s, a requisi\u00e7\u00e3o dever\u00e1 ser preenchida no sistema de di\u00e1rias e passagens no SICOR e encaminhada \u00e0 empresa contratada juntamente com o or\u00e7amento da pr\u00f3pria empresa;<\/p>\n\n\n\n<p>\u2022 Encaminhar \u00e0 PROPPG a requisi\u00e7\u00e3o de passagens emitida no Sistema de di\u00e1rias e passagens juntamente com os or\u00e7amentos da ag\u00eancia contratada e os or\u00e7amentos das cias. A\u00e9reas, se for o caso.<\/p>\n<\/div><\/details>\n\n\n\n<details class=\"wp-block-themeisle-blocks-accordion-item\"><summary class=\"wp-block-themeisle-blocks-accordion-item__title\"><div><strong>8.<\/strong> <strong>Procedimentos para presta\u00e7\u00e3o de contas das solicita\u00e7\u00f5es de di\u00e1rias, passagens e t\u00e1xi<\/strong><\/div><\/summary><div class=\"wp-block-themeisle-blocks-accordion-item__content\">\n<p>\u2022 A presta\u00e7\u00e3o de contas de viagem dever\u00e1 ser realizada at\u00e9 02 dias \u00fateis do retorno da viagem;<\/p>\n\n\n\n<p>\u2022 Emitir relat\u00f3rio de viagem na <a rel=\"noreferrer noopener\" href=\"https:\/\/sistemas.uel.br\/sdp\" target=\"_blank\">p\u00e1gina da UEL<\/a>;<\/p>\n\n\n\n<p>\u2022 Quando n\u00e3o houver despesas de t\u00e1xi e passagens terrestres, encaminhar via malote ou pessoalmente o comprovante da viagem, ou seja, ticketes das passagens a\u00e9reas, se tiver, nota fiscal de hospedagens e\/ou refei\u00e7\u00f5es, c\u00f3pia do certificado no caso de participa\u00e7\u00e3o de congressos e similares, declara\u00e7\u00e3o de participa\u00e7\u00e3o de reuni\u00f5es e outros;<\/p>\n\n\n\n<p>\u2022 Quando houver despesas com t\u00e1xi e ou passagens terrestres, comparecer \u00e0 PROPPG com os comprovantes de despesas e caso n\u00e3o seja comprovado o valor recebido, anexar o comprovante de devolu\u00e7\u00e3o nas contas correntes da UEL;<\/p>\n\n\n\n<p>\u2022 Quando ultrapassar o prazo de presta\u00e7\u00e3o de contas, dever\u00e1 ser anexado tamb\u00e9m o comprovante do valor da multa por atraso na presta\u00e7\u00e3o de contas.<\/p>\n<\/div><\/details>\n\n\n\n<details class=\"wp-block-themeisle-blocks-accordion-item\"><summary class=\"wp-block-themeisle-blocks-accordion-item__title\"><div><strong>9.<\/strong> <strong>Procedimentos para presta\u00e7\u00e3o de contas das solicita\u00e7\u00f5es de passagens dos visitantes<\/strong><\/div><\/summary><div class=\"wp-block-themeisle-blocks-accordion-item__content\">\n<p>\u2022  Encaminhar os tickets de passagens utilizados pelos visitantes.<\/p>\n<\/div><\/details>\n\n\n\n<details class=\"wp-block-themeisle-blocks-accordion-item\"><summary class=\"wp-block-themeisle-blocks-accordion-item__title\"><div><strong>10.<\/strong> <strong>Procedimentos para utiliza\u00e7\u00e3o de hospedagens e alimenta\u00e7\u00e3o de visitantes<\/strong><\/div><\/summary><div class=\"wp-block-themeisle-blocks-accordion-item__content\">\n<p>\u2022 Encaminhar a requisi\u00e7\u00e3o de hospedagens e alimenta\u00e7\u00e3o ao Hotel contratado pela UEL, para reserva e confirma\u00e7\u00e3o da di\u00e1ria;<\/p>\n\n\n\n<p>\u2022 Quando a alimenta\u00e7\u00e3o n\u00e3o for efetuada no pr\u00f3prio Hotel, preencher a requisi\u00e7\u00e3o de alimenta\u00e7\u00e3o;<\/p>\n\n\n\n<p>\u2022 De posse da requisi\u00e7\u00e3o de alimenta\u00e7\u00e3o, dirigir-se a um dos restaurantes cadastrados autorizados, onde dever\u00e1 ser entregue a requisi\u00e7\u00e3o assinada pelo convidado e acompanhante, que ser\u00e1 entregue juntamente com a nota fiscal \u00e0 PROPPG para efetuar o pagamento.<\/p>\n<\/div><\/details>\n<\/div>\n\n\n\n<div style=\"height:20px\" aria-hidden=\"true\" class=\"wp-block-spacer\"><\/div>\n\n\n\n<div class=\"wp-block-columns is-layout-flex wp-container-core-columns-is-layout-9d6595d7 wp-block-columns-is-layout-flex\">\n<div class=\"wp-block-column is-layout-flow wp-block-column-is-layout-flow\">\n<div class=\"wp-block-buttons is-layout-flex wp-block-buttons-is-layout-flex\">\n<div class=\"wp-block-button has-custom-width wp-block-button__width-100 has-custom-font-size has-small-font-size\"><a class=\"wp-block-button__link has-cinza-claro-color has-verde-escuro-background-color has-text-color has-background wp-element-button\" href=\"https:\/\/sites.uel.br\/proppg\/proap\/\"><strong>Programa de Apoio \u00e0 P\u00f3s-Gradua\u00e7\u00e3o (PROAP)<\/strong><\/a><\/div>\n<\/div>\n<\/div>\n\n\n\n<div class=\"wp-block-column is-layout-flow wp-block-column-is-layout-flow\"><\/div>\n\n\n\n<div class=\"wp-block-column is-layout-flow wp-block-column-is-layout-flow\">\n<div class=\"wp-block-buttons is-layout-flex wp-block-buttons-is-layout-flex\">\n<div class=\"wp-block-button has-custom-width wp-block-button__width-100 has-custom-font-size has-small-font-size\"><a class=\"wp-block-button__link has-cinza-claro-color has-verde-escuro-background-color has-text-color has-background wp-element-button\" href=\"https:\/\/sites.uel.br\/proppg\/formularios-financeiro-pos\/\"><strong>Formul\u00e1rios &#8211; Financeiro P\u00f3s<\/strong><\/a><\/div>\n<\/div>\n<\/div>\n<\/div>\n\n\n\n<div style=\"height:34px\" aria-hidden=\"true\" class=\"wp-block-spacer\"><\/div>\n\n\n\n<p><a href=\"https:\/\/sites.uel.br\/proppg\/wp-content\/uploads\/2023\/10\/Ato_Executivo_36-2021.docx\" data-type=\"link\" data-id=\"https:\/\/sites.uel.br\/proppg\/wp-content\/uploads\/2023\/10\/Ato_Executivo_36-2021.docx\">Ato Executivo n\u00ba036\/2021<\/a><\/p>\n\n\n\n<div style=\"height:35px\" aria-hidden=\"true\" class=\"wp-block-spacer\"><\/div>\n\n\n\n<div class=\"wp-block-columns is-layout-flex wp-container-core-columns-is-layout-9d6595d7 wp-block-columns-is-layout-flex\">\n<div class=\"wp-block-column is-layout-flow wp-block-column-is-layout-flow\" style=\"flex-basis:10%\">\n<figure class=\"wp-block-image size-full is-resized\"><img loading=\"lazy\" decoding=\"async\" width=\"1583\" height=\"1578\" src=\"https:\/\/sites.uel.br\/proppg\/wp-content\/uploads\/2023\/10\/SIPREC.jpg\" alt=\"\" class=\"wp-image-1310\" style=\"width:undefinedpx;height:110px\" srcset=\"https:\/\/sites.uel.br\/proppg\/wp-content\/uploads\/2023\/10\/SIPREC.jpg 1583w, https:\/\/sites.uel.br\/proppg\/wp-content\/uploads\/2023\/10\/SIPREC-300x300.jpg 300w, https:\/\/sites.uel.br\/proppg\/wp-content\/uploads\/2023\/10\/SIPREC-1024x1021.jpg 1024w, https:\/\/sites.uel.br\/proppg\/wp-content\/uploads\/2023\/10\/SIPREC-150x150.jpg 150w, https:\/\/sites.uel.br\/proppg\/wp-content\/uploads\/2023\/10\/SIPREC-768x766.jpg 768w, https:\/\/sites.uel.br\/proppg\/wp-content\/uploads\/2023\/10\/SIPREC-1536x1531.jpg 1536w\" sizes=\"auto, (max-width: 1583px) 100vw, 1583px\" \/><\/figure>\n<\/div>\n\n\n\n<div class=\"wp-block-column is-layout-flow wp-block-column-is-layout-flow\" style=\"flex-basis:90%\">\n<p><a href=\"https:\/\/sites.uel.br\/proppg\/wp-content\/uploads\/2024\/03\/Manual-SIPREC_CAPES_I.pdf\" data-type=\"link\" data-id=\"https:\/\/drive.google.com\/file\/d\/1zAdC98coejq6yIQB8ocS4JHEXG_zA7dl\/view?usp=drive_link\" target=\"_blank\" rel=\"noreferrer noopener\">Manual SIPREC CAPES I<\/a><br><a href=\"https:\/\/sites.uel.br\/proppg\/wp-content\/uploads\/2024\/03\/Manual-SIPREC_CAPES_II.pdf\" data-type=\"link\" data-id=\"https:\/\/drive.google.com\/file\/d\/1UQGYQrbEcEyUTo1pgaUNqdGdwAUq6YuO\/view?usp=drive_link\" target=\"_blank\" rel=\"noreferrer noopener\">Manual SIPREC CAPES II<\/a><br><a href=\"https:\/\/sites.uel.br\/proppg\/wp-content\/uploads\/2024\/03\/2023_SIPREC_Guia_Rapido-UEL.pdf\" data-type=\"link\" data-id=\"https:\/\/drive.google.com\/file\/d\/1p3YWZ37sqMfvJbECPsGSgajcdgmGsQEt\/view?usp=drive_link\" target=\"_blank\" rel=\"noreferrer noopener\">SIPREC Guia R\u00e1pido<\/a><\/p>\n<\/div>\n<\/div>\n","protected":false},"excerpt":{"rendered":"<p>Procedimentos para utiliza\u00e7\u00e3o dos recursos Ato Executivo n\u00ba036\/2021 Manual SIPREC CAPES IManual SIPREC CAPES IISIPREC Guia R\u00e1pido<\/p>\n","protected":false},"author":2,"featured_media":0,"parent":0,"menu_order":0,"comment_status":"closed","ping_status":"closed","template":"","meta":{"_acf_changed":false,"_themeisle_gutenberg_block_has_review":false,"footnotes":""},"class_list":["post-120","page","type-page","status-publish","hentry"],"acf":[],"_links":{"self":[{"href":"https:\/\/sites.uel.br\/proppg\/wp-json\/wp\/v2\/pages\/120","targetHints":{"allow":["GET"]}}],"collection":[{"href":"https:\/\/sites.uel.br\/proppg\/wp-json\/wp\/v2\/pages"}],"about":[{"href":"https:\/\/sites.uel.br\/proppg\/wp-json\/wp\/v2\/types\/page"}],"author":[{"embeddable":true,"href":"https:\/\/sites.uel.br\/proppg\/wp-json\/wp\/v2\/users\/2"}],"replies":[{"embeddable":true,"href":"https:\/\/sites.uel.br\/proppg\/wp-json\/wp\/v2\/comments?post=120"}],"version-history":[{"count":56,"href":"https:\/\/sites.uel.br\/proppg\/wp-json\/wp\/v2\/pages\/120\/revisions"}],"predecessor-version":[{"id":3168,"href":"https:\/\/sites.uel.br\/proppg\/wp-json\/wp\/v2\/pages\/120\/revisions\/3168"}],"wp:attachment":[{"href":"https:\/\/sites.uel.br\/proppg\/wp-json\/wp\/v2\/media?parent=120"}],"curies":[{"name":"wp","href":"https:\/\/api.w.org\/{rel}","templated":true}]}}