{"id":116,"date":"2022-12-16T09:24:14","date_gmt":"2022-12-16T12:24:14","guid":{"rendered":"https:\/\/sites.uel.br\/proppg\/?page_id=116"},"modified":"2023-12-20T11:27:34","modified_gmt":"2023-12-20T14:27:34","slug":"pos-doutorado","status":"publish","type":"page","link":"https:\/\/sites.uel.br\/proppg\/pos-doutorado\/","title":{"rendered":"P\u00f3s-Doutorado"},"content":{"rendered":"\n<div style=\"height:30px\" aria-hidden=\"true\" class=\"wp-block-spacer\"><\/div>\n\n\n\n<p>Os principais objetivos do est\u00e1gio p\u00f3s-doutoral s\u00e3o promover a realiza\u00e7\u00e3o de pesquisa de alto n\u00edvel, fortalecendo os grupos de pesquisa da Institui\u00e7\u00e3o, assim como, contribuir para a renova\u00e7\u00e3o dos quadros dos Programas de P\u00f3s-Gradua\u00e7\u00e3o atrav\u00e9s do treinamento de recursos humanos de qualidade. Simultaneamente, espera-se consolidar, atualizar, aprofundar e ampliar os conhecimentos cient\u00edficos e tecnol\u00f3gicos do p\u00f3s-doutorando.<\/p>\n\n\n\n<div style=\"height:30px\" aria-hidden=\"true\" class=\"wp-block-spacer\"><\/div>\n\n\n\n<p><a href=\"https:\/\/sites.uel.br\/proppg\/wp-content\/uploads\/2023\/11\/Resolucao-CEPE-no-053-2019-Pos-doutoral.pdf\">Resolu\u00e7\u00e3o 53\/2019<\/a>&nbsp;&#8211;&nbsp;(atualizado em 20\/09\/2019)<\/p>\n\n\n\n<div style=\"height:30px\" aria-hidden=\"true\" class=\"wp-block-spacer\"><\/div>\n\n\n\n<p>\u2666 <a href=\"https:\/\/sites.uel.br\/proppg\/wp-content\/uploads\/2023\/11\/053-2019-ANEXO-I.docx\">Anexo I &#8211; Formul\u00e1rio de Inscri\u00e7\u00e3o em Est\u00e1gio P\u00f3s-Doutoral<\/a><\/p>\n\n\n\n<p>\u2666 <a href=\"https:\/\/sites.uel.br\/proppg\/wp-content\/uploads\/2023\/11\/053-2019-ANEXO-II.docx\">Anexo II &#8211; Solicita\u00e7\u00e3o de Prorroga\u00e7\u00e3o de Est\u00e1gio P\u00f3s-Doutoral<\/a><\/p>\n\n\n\n<p>\u2666 <a href=\"https:\/\/sites.uel.br\/proppg\/wp-content\/uploads\/2023\/11\/053-2019-ANEXO-III.docx\">Anexo III &#8211; Formul\u00e1rio de Avalia\u00e7\u00e3o em Est\u00e1gio P\u00f3s-Doutoral<\/a><\/p>\n","protected":false},"excerpt":{"rendered":"<p>Os principais objetivos do est\u00e1gio p\u00f3s-doutoral s\u00e3o promover a realiza\u00e7\u00e3o de pesquisa de alto n\u00edvel, fortalecendo os grupos de pesquisa da Institui\u00e7\u00e3o, assim como, contribuir para a renova\u00e7\u00e3o dos quadros dos Programas de P\u00f3s-Gradua\u00e7\u00e3o atrav\u00e9s do treinamento de recursos humanos de qualidade. Simultaneamente, espera-se consolidar, atualizar, aprofundar e ampliar os conhecimentos cient\u00edficos e tecnol\u00f3gicos do [&hellip;]<\/p>\n","protected":false},"author":2,"featured_media":0,"parent":0,"menu_order":0,"comment_status":"closed","ping_status":"closed","template":"","meta":{"_acf_changed":false,"_themeisle_gutenberg_block_has_review":false,"footnotes":""},"class_list":["post-116","page","type-page","status-publish","hentry"],"acf":[],"_links":{"self":[{"href":"https:\/\/sites.uel.br\/proppg\/wp-json\/wp\/v2\/pages\/116","targetHints":{"allow":["GET"]}}],"collection":[{"href":"https:\/\/sites.uel.br\/proppg\/wp-json\/wp\/v2\/pages"}],"about":[{"href":"https:\/\/sites.uel.br\/proppg\/wp-json\/wp\/v2\/types\/page"}],"author":[{"embeddable":true,"href":"https:\/\/sites.uel.br\/proppg\/wp-json\/wp\/v2\/users\/2"}],"replies":[{"embeddable":true,"href":"https:\/\/sites.uel.br\/proppg\/wp-json\/wp\/v2\/comments?post=116"}],"version-history":[{"count":12,"href":"https:\/\/sites.uel.br\/proppg\/wp-json\/wp\/v2\/pages\/116\/revisions"}],"predecessor-version":[{"id":2616,"href":"https:\/\/sites.uel.br\/proppg\/wp-json\/wp\/v2\/pages\/116\/revisions\/2616"}],"wp:attachment":[{"href":"https:\/\/sites.uel.br\/proppg\/wp-json\/wp\/v2\/media?parent=116"}],"curies":[{"name":"wp","href":"https:\/\/api.w.org\/{rel}","templated":true}]}}