{"id":1114,"date":"2023-09-29T10:47:59","date_gmt":"2023-09-29T13:47:59","guid":{"rendered":"https:\/\/sites.uel.br\/proppg\/?page_id=1114"},"modified":"2026-03-18T17:05:51","modified_gmt":"2026-03-18T20:05:51","slug":"comite-assessor-do-programa-de-iniciacao-em-desenvolvimento-tecnologico-e-inovacao","status":"publish","type":"page","link":"https:\/\/sites.uel.br\/proppg\/comite-assessor-do-programa-de-iniciacao-em-desenvolvimento-tecnologico-e-inovacao\/","title":{"rendered":"Comit\u00ea Assessor do Programa de Inicia\u00e7\u00e3o em  Desenvolvimento Tecnol\u00f3gico e Inova\u00e7\u00e3o\u2015ProITI"},"content":{"rendered":"\n<div style=\"height:33px\" aria-hidden=\"true\" class=\"wp-block-spacer\"><\/div>\n\n\n\n<p><strong>Presidente<\/strong><\/p>\n\n\n\n<p><a rel=\"noreferrer noopener\" href=\"http:\/\/lattes.cnpq.br\/5687853194494173\" target=\"_blank\">Eduardo Jos\u00e9 de Almeida Araujo<\/a>&nbsp;(&nbsp;<a href=\"mailto:proppgdp@uel.br\">proppgdp@uel.br<\/a>)<br>CCB &#8211; Histologia<br>Desde 06\/02\/2020 at\u00e9 09\/06\/2026 (Portaria&nbsp;<a rel=\"noreferrer noopener\" href=\"https:\/\/sistemas.uel.br\/files\/atonormativo\/PORTARIA\/2020\/450.pdf\" target=\"_blank\"><u>450\/2020<\/u><\/a>&nbsp;e&nbsp;<a rel=\"noreferrer noopener\" href=\"https:\/\/sistemas.uel.br\/files\/atonormativo\/PORTARIA\/2022\/1996.pdf\" target=\"_blank\"><u>1996\/2022<\/u><\/a>)<\/p>\n\n\n\n<p><strong>Diretor da Aintec<\/strong><\/p>\n\n\n\n<p><a rel=\"noreferrer noopener\" href=\"http:\/\/lattes.cnpq.br\/0053674474769569\" target=\"_blank\">Edson Antonio Miura<\/a>&nbsp;(&nbsp;<a href=\"mailto:aintec.uel@gmail.com\">aintec.uel@gmail.com<\/a>)<br>Diretor da AINTEC<br>Desde 10\/06\/2014 at\u00e9 09\/06\/2026 (Portaria&nbsp;<a rel=\"noreferrer noopener\" href=\"https:\/\/sistemas.uel.br\/files\/atonormativo\/PORTARIA\/2014\/3039.pdf\" target=\"_blank\"><u>3039\/2014<\/u><\/a>,&nbsp;<a rel=\"noreferrer noopener\" href=\"https:\/\/sistemas.uel.br\/files\/atonormativo\/PORTARIA\/2018\/2564.pdf\" target=\"_blank\"><u>2564\/2018<\/u><\/a>&nbsp;e&nbsp;<a rel=\"noreferrer noopener\" href=\"https:\/\/sistemas.uel.br\/files\/atonormativo\/PORTARIA\/2022\/2110.pdf\" target=\"_blank\"><u>2110\/2022<\/u><\/a>)<\/p>\n\n\n\n<p><strong>Membros<\/strong><\/p>\n\n\n\n<p><a href=\"http:\/\/lattes.cnpq.br\/0212864823556099\" target=\"_blank\" rel=\"noreferrer noopener\"><u>Admilton Gon\u00e7alves de Oliveira J\u00fanior<\/u><\/a>\u00a0(<a href=\"mailto:admilton@uel.br\">admilton@uel.br<\/a>)<br>CCB &#8211; Microbiologia<br>Desde 02\/03\/2026 at\u00e9 31\/12\/2027 (Portarias\u00a0<a href=\"https:\/\/sistemas.uel.br\/files\/atonormativo\/PORTARIA\/2026\/627.pdf\" target=\"_blank\" rel=\"noreferrer noopener\">627\/2026<\/a>)<\/p>\n\n\n\n<p><a href=\"http:\/\/lattes.cnpq.br\/7095461723956048\" target=\"_blank\" rel=\"noreferrer noopener\"><u>Alexandre Orsato<\/u><\/a>&nbsp;(<a href=\"mailto:orsato@uel.br\" target=\"_blank\" rel=\"noreferrer noopener\">orsato@uel.br<\/a>)<br>CCE &#8211; Qu\u00edmica<br>Desde 28\/02\/2024 at\u00e9 31\/12\/2027 (Portarias&nbsp;<u><a href=\"https:\/\/sistemas.uel.br\/files\/atonormativo\/PORTARIA\/2024\/483.pdf\" target=\"_blank\" rel=\"noreferrer noopener\">483\/2024<\/a><\/u> e 58\/2026)<\/p>\n\n\n\n<p><a href=\"http:\/\/lattes.cnpq.br\/6685937510727967\" target=\"_blank\" rel=\"noreferrer noopener\">Doumit Camilios Neto<\/a>&nbsp;(<a href=\"mailto:camiliosneto@uel.br\">camiliosneto@uel.br<\/a>)<br>CCE &#8211; Bioqu\u00edmica e Biotecnologia<br>Desde 01\/01\/2025 at\u00e9 31\/12\/2026 (Portaria&nbsp;<a href=\"https:\/\/sistemas.uel.br\/files\/atonormativo\/PORTARIA\/2024\/3322.pdf\" target=\"_blank\" rel=\"noreferrer noopener\">3322\/2024<\/a>)<br><span style=\"font-size:12px;color:red;\">Representante na C\u00e2mara de Pesquisa<\/span><\/p>\n\n\n\n<p><a href=\"http:\/\/lattes.cnpq.br\/2532741243269868\" target=\"_blank\" rel=\"noreferrer noopener\">Gerson Nakazato<\/a>&nbsp;(<a href=\"mailto:gnakazato@uel.br\">gnakazato@uel.br<\/a>)<br>CCB &#8211; Microbiologia<br>Desde 08\/01\/2026 at\u00e9 31\/12\/2027 (Portaria 56\/2026)<\/p>\n\n\n\n<p><u><a href=\"http:\/\/lattes.cnpq.br\/9688894769735878\" target=\"_blank\" rel=\"noreferrer noopener\">Josiane Alessandra Vignoli Camilios<\/a><\/u>&nbsp;(<a href=\"mailto:javignoli@uel.br\" target=\"_blank\" rel=\"noreferrer noopener\">javignoli@uel.br<\/a>)<br>CCE &#8211; Bioqu\u00edmica e Biotecnologia<br>Desde 28\/02\/2024 at\u00e9 31\/12\/2026 (Portarias&nbsp;<u><a href=\"https:\/\/sistemas.uel.br\/files\/atonormativo\/PORTARIA\/2024\/440.pdf\" target=\"_blank\" rel=\"noreferrer noopener\">440\/2024<\/a><\/u> e 59\/2026)<\/p>\n\n\n\n<p><u><a href=\"http:\/\/lattes.cnpq.br\/7573020509636418\" target=\"_blank\" rel=\"noreferrer noopener\">Ligia Carla Faccin Galhardi<\/a><\/u>&nbsp;(<a href=\"mailto:javignoli@uel.br\" target=\"_blank\" rel=\"noreferrer noopener\">lgalhardi@uel.br<\/a>)<br>CCB &#8211; Microbiologia<br>Desde 03\/04\/2024 at\u00e9 31\/12\/2027 (Portarias&nbsp;<a href=\"https:\/\/sites.uel.br\/proppg\/wp-content\/uploads\/2024\/04\/2024-942-entrada-Ligia-Carla-Faccin-Galhardi.pdf\" target=\"_blank\" rel=\"noreferrer noopener\"><u>942\/2024<\/u><\/a> e 57\/2026)<\/p>\n\n\n\n<p><a href=\"http:\/\/lattes.cnpq.br\/3449930989342098\" target=\"_blank\" rel=\"noreferrer noopener\">Luciano Aparecido Panagio<\/a>&nbsp;(<a href=\"mailto:lapanagio@uel.br\">lapanagio@uel.br<\/a>)<br>CCB &#8211; Microbiologia<br>Desde 08\/01\/2026 at\u00e9 31\/12\/2027 (Portaria 55\/2026)<\/p>\n\n\n\n<p><a href=\"http:\/\/lattes.cnpq.br\/6079006066073608\">Patr\u00edcia de Mello Souza<\/a> (<a href=\"mailto:patriciademellosouza@gmail.com\">patriciademellosouza@gmail.com<\/a>)<br>CECA &#8211; Design<br>Desde 25\/07\/2025 at\u00e9 31\/12\/2026 (Portaria <a href=\"https:\/\/sistemas.uel.br\/files\/atonormativo\/PORTARIA\/2025\/1898.pdf\">1898\/2025<\/a>)<\/p>\n\n\n\n<p><\/p>\n","protected":false},"excerpt":{"rendered":"<p>Presidente Eduardo Jos\u00e9 de Almeida Araujo&nbsp;(&nbsp;proppgdp@uel.br)CCB &#8211; HistologiaDesde 06\/02\/2020 at\u00e9 09\/06\/2026 (Portaria&nbsp;450\/2020&nbsp;e&nbsp;1996\/2022) Diretor da Aintec Edson Antonio Miura&nbsp;(&nbsp;aintec.uel@gmail.com)Diretor da AINTECDesde 10\/06\/2014 at\u00e9 09\/06\/2026 (Portaria&nbsp;3039\/2014,&nbsp;2564\/2018&nbsp;e&nbsp;2110\/2022) Membros Admilton Gon\u00e7alves de Oliveira J\u00fanior\u00a0(admilton@uel.br)CCB &#8211; MicrobiologiaDesde 02\/03\/2026 at\u00e9 31\/12\/2027 (Portarias\u00a0627\/2026) Alexandre Orsato&nbsp;(orsato@uel.br)CCE &#8211; Qu\u00edmicaDesde 28\/02\/2024 at\u00e9 31\/12\/2027 (Portarias&nbsp;483\/2024 e 58\/2026) Doumit Camilios Neto&nbsp;(camiliosneto@uel.br)CCE &#8211; Bioqu\u00edmica e BiotecnologiaDesde 01\/01\/2025 at\u00e9 [&hellip;]<\/p>\n","protected":false},"author":12,"featured_media":0,"parent":0,"menu_order":0,"comment_status":"closed","ping_status":"closed","template":"","meta":{"_acf_changed":false,"_themeisle_gutenberg_block_has_review":false,"footnotes":""},"class_list":["post-1114","page","type-page","status-publish","hentry"],"acf":[],"_links":{"self":[{"href":"https:\/\/sites.uel.br\/proppg\/wp-json\/wp\/v2\/pages\/1114","targetHints":{"allow":["GET"]}}],"collection":[{"href":"https:\/\/sites.uel.br\/proppg\/wp-json\/wp\/v2\/pages"}],"about":[{"href":"https:\/\/sites.uel.br\/proppg\/wp-json\/wp\/v2\/types\/page"}],"author":[{"embeddable":true,"href":"https:\/\/sites.uel.br\/proppg\/wp-json\/wp\/v2\/users\/12"}],"replies":[{"embeddable":true,"href":"https:\/\/sites.uel.br\/proppg\/wp-json\/wp\/v2\/comments?post=1114"}],"version-history":[{"count":19,"href":"https:\/\/sites.uel.br\/proppg\/wp-json\/wp\/v2\/pages\/1114\/revisions"}],"predecessor-version":[{"id":5609,"href":"https:\/\/sites.uel.br\/proppg\/wp-json\/wp\/v2\/pages\/1114\/revisions\/5609"}],"wp:attachment":[{"href":"https:\/\/sites.uel.br\/proppg\/wp-json\/wp\/v2\/media?parent=1114"}],"curies":[{"name":"wp","href":"https:\/\/api.w.org\/{rel}","templated":true}]}}