{"id":105,"date":"2022-12-16T09:21:41","date_gmt":"2022-12-16T12:21:41","guid":{"rendered":"https:\/\/sites.uel.br\/proppg\/?page_id=105"},"modified":"2026-02-19T15:38:28","modified_gmt":"2026-02-19T18:38:28","slug":"mestrado-e-doutorado","status":"publish","type":"page","link":"https:\/\/sites.uel.br\/proppg\/mestrado-e-doutorado\/","title":{"rendered":"Mestrado e Doutorado"},"content":{"rendered":"\n<div style=\"height:20px\" aria-hidden=\"true\" class=\"wp-block-spacer\"><\/div>\n\n\n\n<div class=\"wp-block-buttons is-layout-flex wp-block-buttons-is-layout-flex\">\n<div class=\"wp-block-button\"><a class=\"wp-block-button__link has-cinza-claro-color has-verde-background-color has-text-color has-background has-link-color wp-element-button\" href=\"https:\/\/sites.uel.br\/proppg\/catalogo-dos-programas-de-pos-graduacao-da-uel\/\" target=\"_blank\" rel=\"noreferrer noopener\">Cat\u00e1logo de Programas de P\u00f3s-Gradua\u00e7\u00e3o <em>Stricto sensu<\/em><\/a><\/div>\n<\/div>\n\n\n\n<div style=\"height:30px\" aria-hidden=\"true\" class=\"wp-block-spacer\"><\/div>\n\n\n\n<p>Os Programas de P\u00f3s-Gradua\u00e7\u00e3o stricto sensu incluem os cursos de mestrado e doutorado, correspondendo ao per\u00edodo de forma\u00e7\u00e3o posterior \u00e0 gradua\u00e7\u00e3o, com objetivo principal de aprofundar a forma\u00e7\u00e3o cient\u00edfica, os quais concedem diplomas e graus acad\u00eamicos pelos t\u00edtulos de mestre ou doutor. <\/p>\n\n\n\n<p>Os mestrados e doutorados podem ser oferecidos na modalidade acad\u00eamica ou profissional. Na UEL hoje, tem-se ao todo 49 Programas de P\u00f3s-Gradua\u00e7\u00e3o, contabilizando 40 mestrados acad\u00eamicos, 7 mestrados profissionais e 34 doutorados acad\u00eamicos reconhecidos pela CAPES (Coordena\u00e7\u00e3o de Aperfei\u00e7oamento de Pessoal de N\u00edvel Superior). Abaixo segue a evolu\u00e7\u00e3o do n\u00famero total de Programas de P\u00f3s-Gradua\u00e7\u00e3o da UEL, e dos conceitos dos mesmos nas avalia\u00e7\u00f5es da CAPES desde o tri\u00eanio 2001\/2003 at\u00e9 o \u00faltimo quadri\u00eanio (2017-2020).<\/p>\n\n\n\n<div style=\"height:20px\" aria-hidden=\"true\" class=\"wp-block-spacer\"><\/div>\n\n\n<div class=\"wp-block-image\">\n<figure class=\"aligncenter size-full\"><img loading=\"lazy\" decoding=\"async\" width=\"866\" height=\"337\" src=\"https:\/\/sites.uel.br\/proppg\/wp-content\/uploads\/2026\/01\/Quadro-Capes-Site.png\" alt=\"\" class=\"wp-image-5232\" srcset=\"https:\/\/sites.uel.br\/proppg\/wp-content\/uploads\/2026\/01\/Quadro-Capes-Site.png 866w, https:\/\/sites.uel.br\/proppg\/wp-content\/uploads\/2026\/01\/Quadro-Capes-Site-300x117.png 300w, https:\/\/sites.uel.br\/proppg\/wp-content\/uploads\/2026\/01\/Quadro-Capes-Site-768x299.png 768w\" sizes=\"auto, (max-width: 866px) 100vw, 866px\" \/><\/figure>\n<\/div>\n\n\n<div style=\"height:30px\" aria-hidden=\"true\" class=\"wp-block-spacer\"><\/div>\n\n\n\n<div style=\"height:12px\" aria-hidden=\"true\" class=\"wp-block-spacer\"><\/div>\n\n\n\n<div class=\"wp-block-uel-card\">\n<h3 class=\"wp-block-heading\">Editais<\/h3>\n\n\n<div class=\"editais-block\"><div class=\"col-md-4\"><a href=\"https:\/\/sites.uel.br\/proppg\/categoria-edital\/dam\/\" rel=\"tag\">DAM<\/a>, <a href=\"https:\/\/sites.uel.br\/proppg\/categoria-edital\/mestrado-e-douotorado\/\" rel=\"tag\">Mestrado e Doutorado<\/a>, <a href=\"https:\/\/sites.uel.br\/proppg\/categoria-edital\/pos-graduacao\/\" rel=\"tag\">P\u00f3s-Gradua\u00e7\u00e3o<\/a><a class=\"editais-block__item-block\" href=\"https:\/\/sites.uel.br\/proppg\/wp-content\/uploads\/pos-graduacao\/editais\/2026\/Edital-005-2026.pdf\"><div class=\"editais-block__titulo\"><span>EDITAL PROPPG\/DAM N\u00ba 005\/2026<\/span><\/div><div class=\"editais-block__resumo\"><span>Inscri\u00e7\u00f5es para os cursos de mestrado e doutorado para o segundo semestre de 2026.<\/span><\/div><div class=\"editais-block__publicado\"><span>2 semanas atr\u00e1s<\/span><\/div><\/a><\/div><div class=\"col-md-4\"><a href=\"https:\/\/sites.uel.br\/proppg\/categoria-edital\/dam\/\" rel=\"tag\">DAM<\/a>, <a href=\"https:\/\/sites.uel.br\/proppg\/categoria-edital\/estudante-especial\/\" rel=\"tag\">Estudante Especial<\/a>, <a href=\"https:\/\/sites.uel.br\/proppg\/categoria-edital\/mestrado-e-douotorado\/\" rel=\"tag\">Mestrado e Doutorado<\/a>, <a href=\"https:\/\/sites.uel.br\/proppg\/categoria-edital\/pos-graduacao\/\" rel=\"tag\">P\u00f3s-Gradua\u00e7\u00e3o<\/a><a class=\"editais-block__item-block\" href=\"https:\/\/sites.uel.br\/proppg\/wp-content\/uploads\/pos-graduacao\/editais\/2026\/Edital-004-2026.pdf\"><div class=\"editais-block__titulo\"><span>EDITAL PROPPG\/DAM N\u00ba 004\/2026<\/span><\/div><div class=\"editais-block__resumo\"><span>Convoca\u00e7\u00e3o para matr\u00edcula dos candidatos selecionados como \u201cEstudante Especial\u201d, com o in\u00edcio no primeiro semestre de 2026.<\/span><\/div><div class=\"editais-block__publicado\"><span>1 m\u00eas atr\u00e1s<\/span><\/div><\/a><\/div><div class=\"col-md-4\"><a href=\"https:\/\/sites.uel.br\/proppg\/categoria-edital\/capes\/\" rel=\"tag\">CAPES<\/a>, <a href=\"https:\/\/sites.uel.br\/proppg\/categoria-edital\/mestrado-e-douotorado\/\" rel=\"tag\">Mestrado e Doutorado<\/a>, <a href=\"https:\/\/sites.uel.br\/proppg\/categoria-edital\/pos-graduacao\/\" rel=\"tag\">P\u00f3s-Gradua\u00e7\u00e3o<\/a><a class=\"editais-block__item-block\" href=\"https:\/\/sites.uel.br\/proppg\/wp-content\/uploads\/2026\/03\/Edital_08_Resultado_Distribuicao_de_Bolsas_CNPq-e-Capes-DS-2026.pdf\"><div class=\"editais-block__titulo\"><span>Edital PROPPG \u2013 08\/2026<\/span><\/div><div class=\"editais-block__resumo\"><span>Resultado da Distribui\u00e7\u00e3o de Bolsas Bolsas de Mestrado e Doutorado Institucionais.<\/span><\/div><div class=\"editais-block__publicado\"><span>1 m\u00eas atr\u00e1s<\/span><\/div><\/a><\/div><div class=\"col-md-4\"><a href=\"https:\/\/sites.uel.br\/proppg\/categoria-edital\/dam\/\" rel=\"tag\">DAM<\/a>, <a href=\"https:\/\/sites.uel.br\/proppg\/categoria-edital\/mestrado-e-douotorado\/\" rel=\"tag\">Mestrado e Doutorado<\/a>, <a href=\"https:\/\/sites.uel.br\/proppg\/categoria-edital\/pos-graduacao\/\" rel=\"tag\">P\u00f3s-Gradua\u00e7\u00e3o<\/a><a class=\"editais-block__item-block\" href=\"https:\/\/sites.uel.br\/proppg\/wp-content\/uploads\/pos-graduacao\/editais\/2026\/Edital-001-2026.pdf\"><div class=\"editais-block__titulo\"><span>EDITAL PROPPG\/DAM N\u00ba 001\/2026<\/span><\/div><div class=\"editais-block__resumo\"><span>Inscri\u00e7\u00e3o para Estudante Especial<\/span><\/div><div class=\"editais-block__publicado\"><span>2 meses atr\u00e1s<\/span><\/div><\/a><\/div><div class=\"col-md-4\"><a href=\"https:\/\/sites.uel.br\/proppg\/categoria-edital\/dam\/\" rel=\"tag\">DAM<\/a>, <a href=\"https:\/\/sites.uel.br\/proppg\/categoria-edital\/mestrado-e-douotorado\/\" rel=\"tag\">Mestrado e Doutorado<\/a>, <a href=\"https:\/\/sites.uel.br\/proppg\/categoria-edital\/pos-graduacao\/\" rel=\"tag\">P\u00f3s-Gradua\u00e7\u00e3o<\/a><a class=\"editais-block__item-block\" href=\"https:\/\/sites.uel.br\/proppg\/wp-content\/uploads\/2025\/12\/Edital-012-2025.pdf\"><div class=\"editais-block__titulo\"><span>EDITAL PROPPG\/DAM N\u00ba 012\/2025<\/span><\/div><div class=\"editais-block__resumo\"><span>Convoca\u00e7\u00e3o para matr\u00edcula dos candidatos classificados para ingresso nos Programas de P\u00f3s-Gradua\u00e7\u00e3o &#8211; Doutorado e Mestrado, com o in\u00edcio no primeiro semestre letivo de 2026, em 16 de mar\u00e7o de 2026.<\/span><\/div><div class=\"editais-block__publicado\"><span>4 meses atr\u00e1s<\/span><\/div><\/a><\/div><div class=\"col-md-4\"><a href=\"https:\/\/sites.uel.br\/proppg\/categoria-edital\/mestrado-e-douotorado\/\" rel=\"tag\">Mestrado e Doutorado<\/a>, <a href=\"https:\/\/sites.uel.br\/proppg\/categoria-edital\/pos-graduacao\/\" rel=\"tag\">P\u00f3s-Gradua\u00e7\u00e3o<\/a><a class=\"editais-block__item-block\" href=\"https:\/\/sites.uel.br\/proppg\/wp-content\/uploads\/pos-graduacao\/editais\/2025\/Edital-010-2025.pdf\"><div class=\"editais-block__titulo\"><span>EDITAL PROPPG\/DAM N\u00ba 010\/2025<\/span><\/div><div class=\"editais-block__resumo\"><span>Inscri\u00e7\u00f5es para sele\u00e7\u00e3o de candidatos aos cursos de mestrado e doutorado, a terem in\u00edcio no primeiro per\u00edodo letivo de 2026.<\/span><\/div><div class=\"editais-block__publicado\"><span>7 meses atr\u00e1s<\/span><\/div><\/a><\/div><div class=\"clearfix\" style=\"width: 100%;\"><\/div><a href=\"https:\/\/sites.uel.br\/proppg\/editais\/\" class=\"mt-4 editais__todas\">Ver mais<\/a><\/div><\/div>\n\n\n\n<p><\/p>\n\n\n\n<div style=\"height:30px\" aria-hidden=\"true\" class=\"wp-block-spacer\"><\/div>\n\n\n\n<div class=\"wp-block-uel-card\">\n<h3 class=\"wp-block-heading\">Links \u00fateis:<\/h3>\n\n\n\n<div style=\"height:20px\" aria-hidden=\"true\" class=\"wp-block-spacer\"><\/div>\n\n\n\n<div class=\"wp-block-columns is-layout-flex wp-container-core-columns-is-layout-9d6595d7 wp-block-columns-is-layout-flex\">\n<div class=\"wp-block-column is-layout-flow wp-block-column-is-layout-flow\">\n<div class=\"wp-block-buttons is-content-justification-center is-layout-flex wp-container-core-buttons-is-layout-16018d1d wp-block-buttons-is-layout-flex\">\n<div class=\"wp-block-button has-custom-width wp-block-button__width-100\"><a class=\"wp-block-button__link has-cinza-claro-color has-verde-escuro-background-color has-text-color has-background has-link-color wp-element-button\" href=\"https:\/\/repositorio.uel.br\/home\">Reposit\u00f3rio de Disserta\u00e7\u00f5es e Teses<\/a><\/div>\n<\/div>\n\n\n\n<p><\/p>\n<\/div>\n\n\n\n<div class=\"wp-block-column is-layout-flow wp-block-column-is-layout-flow\">\n<div class=\"wp-block-buttons is-content-justification-center is-layout-flex wp-container-core-buttons-is-layout-16018d1d wp-block-buttons-is-layout-flex\">\n<div class=\"wp-block-button has-custom-width wp-block-button__width-100\"><a class=\"wp-block-button__link has-cinza-claro-color has-verde-escuro-background-color has-text-color has-background has-link-color wp-element-button\" href=\"https:\/\/sites.uel.br\/proppg\/calendarios\/\">Calend\u00e1rio Acad\u00eamico <em>Stricto sensu<\/em><\/a><\/div>\n<\/div>\n<\/div>\n\n\n\n<div class=\"wp-block-column is-layout-flow wp-block-column-is-layout-flow\">\n<div class=\"wp-block-buttons is-content-justification-center is-layout-flex wp-container-core-buttons-is-layout-16018d1d wp-block-buttons-is-layout-flex\">\n<div class=\"wp-block-button has-custom-width wp-block-button__width-100\"><a class=\"wp-block-button__link has-cinza-claro-color has-verde-escuro-background-color has-text-color has-background has-link-color wp-element-button\" href=\"https:\/\/sites.uel.br\/proppg\/autoavaliacao-institucional-stricto-sensu\/\">Autoavalia\u00e7\u00e3o Institucional<\/a><\/div>\n<\/div>\n<\/div>\n<\/div>\n<\/div>\n\n\n\n<p><\/p>\n","protected":false},"excerpt":{"rendered":"<p>Os Programas de P\u00f3s-Gradua\u00e7\u00e3o stricto sensu incluem os cursos de mestrado e doutorado, correspondendo ao per\u00edodo de forma\u00e7\u00e3o posterior \u00e0 gradua\u00e7\u00e3o, com objetivo principal de aprofundar a forma\u00e7\u00e3o cient\u00edfica, os quais concedem diplomas e graus acad\u00eamicos pelos t\u00edtulos de mestre ou doutor. Os mestrados e doutorados podem ser oferecidos na modalidade acad\u00eamica ou profissional. Na [&hellip;]<\/p>\n","protected":false},"author":2,"featured_media":0,"parent":0,"menu_order":0,"comment_status":"closed","ping_status":"closed","template":"","meta":{"_acf_changed":false,"_themeisle_gutenberg_block_has_review":false,"footnotes":""},"class_list":["post-105","page","type-page","status-publish","hentry"],"acf":[],"_links":{"self":[{"href":"https:\/\/sites.uel.br\/proppg\/wp-json\/wp\/v2\/pages\/105","targetHints":{"allow":["GET"]}}],"collection":[{"href":"https:\/\/sites.uel.br\/proppg\/wp-json\/wp\/v2\/pages"}],"about":[{"href":"https:\/\/sites.uel.br\/proppg\/wp-json\/wp\/v2\/types\/page"}],"author":[{"embeddable":true,"href":"https:\/\/sites.uel.br\/proppg\/wp-json\/wp\/v2\/users\/2"}],"replies":[{"embeddable":true,"href":"https:\/\/sites.uel.br\/proppg\/wp-json\/wp\/v2\/comments?post=105"}],"version-history":[{"count":73,"href":"https:\/\/sites.uel.br\/proppg\/wp-json\/wp\/v2\/pages\/105\/revisions"}],"predecessor-version":[{"id":5350,"href":"https:\/\/sites.uel.br\/proppg\/wp-json\/wp\/v2\/pages\/105\/revisions\/5350"}],"wp:attachment":[{"href":"https:\/\/sites.uel.br\/proppg\/wp-json\/wp\/v2\/media?parent=105"}],"curies":[{"name":"wp","href":"https:\/\/api.w.org\/{rel}","templated":true}]}}