{"id":933,"date":"2023-10-02T09:38:29","date_gmt":"2023-10-02T12:38:29","guid":{"rendered":"https:\/\/sites.uel.br\/proplan\/?page_id=933"},"modified":"2024-07-01T15:50:28","modified_gmt":"2024-07-01T18:50:28","slug":"planos-institucionais","status":"publish","type":"page","link":"https:\/\/sites.uel.br\/proplan\/planos-institucionais\/","title":{"rendered":"Planos Institucionais"},"content":{"rendered":"\n<div style=\"height:20px\" aria-hidden=\"true\" class=\"wp-block-spacer\"><\/div>\n\n\n\n<h3 class=\"wp-block-heading\"><a href=\"https:\/\/sites.uel.br\/pdi\/\">Plano de Desenvolvimento Institucional (PDI)<\/a><\/h3>\n\n\n\n<p>O PDI tem como objetivo apontar diretrizes estrat\u00e9gicas e orientar o processo de gest\u00e3o a curto, m\u00e9dio e longo prazos e a rela\u00e7\u00e3o da Universidade com Londrina e o desenvolvimento regional, e com o sistema educacional do Paran\u00e1.<\/p>\n\n\n\n<div class=\"wp-block-columns is-layout-flex wp-container-core-columns-is-layout-9d6595d7 wp-block-columns-is-layout-flex\">\n<div class=\"wp-block-column is-layout-flow wp-block-column-is-layout-flow\">\n<p><a href=\"https:\/\/sites.uel.br\/pdi\/\">PDI 2024-2028<\/a><\/p>\n\n\n\n<figure class=\"wp-block-image size-large is-resized\"><a href=\"https:\/\/sites.uel.br\/pdi\/\"><img decoding=\"async\" src=\"https:\/\/sites.uel.br\/pdi\/wp-content\/uploads\/2023\/10\/capa-final-e1696967131766-1024x476.jpg\" alt=\"\" style=\"width:577px;height:267px\"\/><\/a><\/figure>\n<\/div>\n\n\n\n<div class=\"wp-block-column is-layout-flow wp-block-column-is-layout-flow\">\n<p class=\"has-text-align-center\"><a href=\"https:\/\/sites.uel.br\/pdi\/wp-content\/uploads\/2024\/05\/PDI_2016_2021_ATUALIZACAO.pdf\">PDI 2016-2021<\/a><\/p>\n\n\n<div class=\"wp-block-image\">\n<figure class=\"aligncenter size-full is-resized\"><img loading=\"lazy\" decoding=\"async\" width=\"446\" height=\"640\" src=\"https:\/\/sites.uel.br\/proplan\/wp-content\/uploads\/2023\/10\/CAPA_PDI_2016_A_2021.jpg\" alt=\"\" class=\"wp-image-934\" style=\"width:186px;height:267px\" srcset=\"https:\/\/sites.uel.br\/proplan\/wp-content\/uploads\/2023\/10\/CAPA_PDI_2016_A_2021.jpg 446w, https:\/\/sites.uel.br\/proplan\/wp-content\/uploads\/2023\/10\/CAPA_PDI_2016_A_2021-209x300.jpg 209w\" sizes=\"auto, (max-width: 446px) 100vw, 446px\" \/><\/figure>\n<\/div><\/div>\n<\/div>\n\n\n\n<h3 class=\"wp-block-heading\">Plano de Desenvolvimento F\u00edsico (PDF)<\/h3>\n\n\n\n<p>A retomada do Plano de Desenvolvimento F\u00edsico (PDF) do Campus Perobal da&nbsp;UEL ocorreu em 2007 com a revis\u00e3o da proposta de 1971 desenvolvida por Bross, Dos Santos &amp; Leitner Arquitetos. Essa rean\u00e1lise foi orientada pelo trabalho que tratou da&nbsp;<a rel=\"noreferrer noopener\" href=\"https:\/\/sites.uel.br\/proplan\/wp-content\/uploads\/2023\/10\/Plano_Diretor_MAIO_07-1.pps\" target=\"_blank\">Situa\u00e7\u00e3o, Hist\u00f3rico de Planejamento e Diagn\u00f3stico do PDF<\/a>&nbsp;do Campus Perobal&nbsp;da&nbsp;UEL.&nbsp;<\/p>\n\n\n\n<p>Como consequ\u00eancia do trabalho de 2007,&nbsp; em 2010 foi publicado e aprovado o&nbsp;<a href=\"https:\/\/sites.uel.br\/proplan\/wp-content\/uploads\/2023\/10\/Plano-Diretor-2010.pdf\" target=\"_blank\" rel=\"noreferrer noopener\">Plano Diretor de Desenvolvimento F\u00edsico<\/a>, cujas diretrizes continuam a ser seguidas e aperfei\u00e7oadas pela Diretoria de Planejamento do Territ\u00f3rio e Edifica\u00e7\u00f5es &#8211; DPTE, antiga DPDF.<\/p>\n","protected":false},"excerpt":{"rendered":"<p>Plano de Desenvolvimento Institucional (PDI) O PDI tem como objetivo apontar diretrizes estrat\u00e9gicas e orientar o processo de gest\u00e3o a curto, m\u00e9dio e longo prazos e a rela\u00e7\u00e3o da Universidade com Londrina e o desenvolvimento regional, e com o sistema educacional do Paran\u00e1. PDI 2024-2028 PDI 2016-2021 Plano de Desenvolvimento F\u00edsico (PDF) A retomada do [&hellip;]<\/p>\n","protected":false},"author":14,"featured_media":0,"parent":0,"menu_order":0,"comment_status":"closed","ping_status":"closed","template":"","meta":{"_themeisle_gutenberg_block_has_review":false,"footnotes":""},"class_list":["post-933","page","type-page","status-publish","hentry"],"acf":[],"yoast_head":"<!-- This site is optimized with the Yoast SEO plugin v24.4 - https:\/\/yoast.com\/wordpress\/plugins\/seo\/ -->\n<title>Planos Institucionais - PROPLAN<\/title>\n<meta name=\"robots\" content=\"index, follow, max-snippet:-1, max-image-preview:large, max-video-preview:-1\" \/>\n<link rel=\"canonical\" href=\"https:\/\/sites.uel.br\/proplan\/planos-institucionais\/\" \/>\n<meta property=\"og:locale\" content=\"pt_BR\" \/>\n<meta property=\"og:type\" content=\"article\" \/>\n<meta property=\"og:title\" content=\"Planos Institucionais - PROPLAN\" \/>\n<meta property=\"og:description\" content=\"Plano de Desenvolvimento Institucional (PDI) O PDI tem como objetivo apontar diretrizes estrat\u00e9gicas e orientar o processo de gest\u00e3o a curto, m\u00e9dio e longo prazos e a rela\u00e7\u00e3o da Universidade com Londrina e o desenvolvimento regional, e com o sistema educacional do Paran\u00e1. PDI 2024-2028 PDI 2016-2021 Plano de Desenvolvimento F\u00edsico (PDF) A retomada do [&hellip;]\" \/>\n<meta property=\"og:url\" content=\"https:\/\/sites.uel.br\/proplan\/planos-institucionais\/\" \/>\n<meta property=\"og:site_name\" content=\"PROPLAN\" \/>\n<meta property=\"article:modified_time\" content=\"2024-07-01T18:50:28+00:00\" \/>\n<meta property=\"og:image\" content=\"https:\/\/sites.uel.br\/pdi\/wp-content\/uploads\/2023\/10\/capa-final-e1696967131766-1024x476.jpg\" \/>\n<meta name=\"twitter:card\" content=\"summary_large_image\" \/>\n<meta name=\"twitter:label1\" content=\"Est. tempo de leitura\" \/>\n\t<meta name=\"twitter:data1\" content=\"1 minuto\" \/>\n<script type=\"application\/ld+json\" class=\"yoast-schema-graph\">{\"@context\":\"https:\/\/schema.org\",\"@graph\":[{\"@type\":\"WebPage\",\"@id\":\"https:\/\/sites.uel.br\/proplan\/planos-institucionais\/\",\"url\":\"https:\/\/sites.uel.br\/proplan\/planos-institucionais\/\",\"name\":\"Planos Institucionais - PROPLAN\",\"isPartOf\":{\"@id\":\"https:\/\/sites.uel.br\/proplan\/#website\"},\"primaryImageOfPage\":{\"@id\":\"https:\/\/sites.uel.br\/proplan\/planos-institucionais\/#primaryimage\"},\"image\":{\"@id\":\"https:\/\/sites.uel.br\/proplan\/planos-institucionais\/#primaryimage\"},\"thumbnailUrl\":\"https:\/\/sites.uel.br\/pdi\/wp-content\/uploads\/2023\/10\/capa-final-e1696967131766-1024x476.jpg\",\"datePublished\":\"2023-10-02T12:38:29+00:00\",\"dateModified\":\"2024-07-01T18:50:28+00:00\",\"breadcrumb\":{\"@id\":\"https:\/\/sites.uel.br\/proplan\/planos-institucionais\/#breadcrumb\"},\"inLanguage\":\"pt-BR\",\"potentialAction\":[{\"@type\":\"ReadAction\",\"target\":[\"https:\/\/sites.uel.br\/proplan\/planos-institucionais\/\"]}]},{\"@type\":\"ImageObject\",\"inLanguage\":\"pt-BR\",\"@id\":\"https:\/\/sites.uel.br\/proplan\/planos-institucionais\/#primaryimage\",\"url\":\"https:\/\/sites.uel.br\/pdi\/wp-content\/uploads\/2023\/10\/capa-final-e1696967131766-1024x476.jpg\",\"contentUrl\":\"https:\/\/sites.uel.br\/pdi\/wp-content\/uploads\/2023\/10\/capa-final-e1696967131766-1024x476.jpg\"},{\"@type\":\"BreadcrumbList\",\"@id\":\"https:\/\/sites.uel.br\/proplan\/planos-institucionais\/#breadcrumb\",\"itemListElement\":[{\"@type\":\"ListItem\",\"position\":1,\"name\":\"In\u00edcio\",\"item\":\"https:\/\/sites.uel.br\/proplan\/\"},{\"@type\":\"ListItem\",\"position\":2,\"name\":\"Planos Institucionais\"}]},{\"@type\":\"WebSite\",\"@id\":\"https:\/\/sites.uel.br\/proplan\/#website\",\"url\":\"https:\/\/sites.uel.br\/proplan\/\",\"name\":\"PROPLAN\",\"description\":\"Pr\u00f3-Reitoria de Planejamento\",\"publisher\":{\"@id\":\"https:\/\/sites.uel.br\/proplan\/#organization\"},\"potentialAction\":[{\"@type\":\"SearchAction\",\"target\":{\"@type\":\"EntryPoint\",\"urlTemplate\":\"https:\/\/sites.uel.br\/proplan\/?s={search_term_string}\"},\"query-input\":{\"@type\":\"PropertyValueSpecification\",\"valueRequired\":true,\"valueName\":\"search_term_string\"}}],\"inLanguage\":\"pt-BR\"},{\"@type\":\"Organization\",\"@id\":\"https:\/\/sites.uel.br\/proplan\/#organization\",\"name\":\"PROPLAN\",\"url\":\"https:\/\/sites.uel.br\/proplan\/\",\"logo\":{\"@type\":\"ImageObject\",\"inLanguage\":\"pt-BR\",\"@id\":\"https:\/\/sites.uel.br\/proplan\/#\/schema\/logo\/image\/\",\"url\":\"https:\/\/sites.uel.br\/proplan\/wp-content\/uploads\/2022\/12\/cropped-LogoUEL_Branco.png-1.webp\",\"contentUrl\":\"https:\/\/sites.uel.br\/proplan\/wp-content\/uploads\/2022\/12\/cropped-LogoUEL_Branco.png-1.webp\",\"width\":1140,\"height\":1140,\"caption\":\"PROPLAN\"},\"image\":{\"@id\":\"https:\/\/sites.uel.br\/proplan\/#\/schema\/logo\/image\/\"}}]}<\/script>\n<!-- \/ Yoast SEO plugin. -->","yoast_head_json":{"title":"Planos Institucionais - PROPLAN","robots":{"index":"index","follow":"follow","max-snippet":"max-snippet:-1","max-image-preview":"max-image-preview:large","max-video-preview":"max-video-preview:-1"},"canonical":"https:\/\/sites.uel.br\/proplan\/planos-institucionais\/","og_locale":"pt_BR","og_type":"article","og_title":"Planos Institucionais - PROPLAN","og_description":"Plano de Desenvolvimento Institucional (PDI) O PDI tem como objetivo apontar diretrizes estrat\u00e9gicas e orientar o processo de gest\u00e3o a curto, m\u00e9dio e longo prazos e a rela\u00e7\u00e3o da Universidade com Londrina e o desenvolvimento regional, e com o sistema educacional do Paran\u00e1. PDI 2024-2028 PDI 2016-2021 Plano de Desenvolvimento F\u00edsico (PDF) A retomada do [&hellip;]","og_url":"https:\/\/sites.uel.br\/proplan\/planos-institucionais\/","og_site_name":"PROPLAN","article_modified_time":"2024-07-01T18:50:28+00:00","og_image":[{"url":"https:\/\/sites.uel.br\/pdi\/wp-content\/uploads\/2023\/10\/capa-final-e1696967131766-1024x476.jpg","type":"","width":"","height":""}],"twitter_card":"summary_large_image","twitter_misc":{"Est. tempo de leitura":"1 minuto"},"schema":{"@context":"https:\/\/schema.org","@graph":[{"@type":"WebPage","@id":"https:\/\/sites.uel.br\/proplan\/planos-institucionais\/","url":"https:\/\/sites.uel.br\/proplan\/planos-institucionais\/","name":"Planos Institucionais - PROPLAN","isPartOf":{"@id":"https:\/\/sites.uel.br\/proplan\/#website"},"primaryImageOfPage":{"@id":"https:\/\/sites.uel.br\/proplan\/planos-institucionais\/#primaryimage"},"image":{"@id":"https:\/\/sites.uel.br\/proplan\/planos-institucionais\/#primaryimage"},"thumbnailUrl":"https:\/\/sites.uel.br\/pdi\/wp-content\/uploads\/2023\/10\/capa-final-e1696967131766-1024x476.jpg","datePublished":"2023-10-02T12:38:29+00:00","dateModified":"2024-07-01T18:50:28+00:00","breadcrumb":{"@id":"https:\/\/sites.uel.br\/proplan\/planos-institucionais\/#breadcrumb"},"inLanguage":"pt-BR","potentialAction":[{"@type":"ReadAction","target":["https:\/\/sites.uel.br\/proplan\/planos-institucionais\/"]}]},{"@type":"ImageObject","inLanguage":"pt-BR","@id":"https:\/\/sites.uel.br\/proplan\/planos-institucionais\/#primaryimage","url":"https:\/\/sites.uel.br\/pdi\/wp-content\/uploads\/2023\/10\/capa-final-e1696967131766-1024x476.jpg","contentUrl":"https:\/\/sites.uel.br\/pdi\/wp-content\/uploads\/2023\/10\/capa-final-e1696967131766-1024x476.jpg"},{"@type":"BreadcrumbList","@id":"https:\/\/sites.uel.br\/proplan\/planos-institucionais\/#breadcrumb","itemListElement":[{"@type":"ListItem","position":1,"name":"In\u00edcio","item":"https:\/\/sites.uel.br\/proplan\/"},{"@type":"ListItem","position":2,"name":"Planos Institucionais"}]},{"@type":"WebSite","@id":"https:\/\/sites.uel.br\/proplan\/#website","url":"https:\/\/sites.uel.br\/proplan\/","name":"PROPLAN","description":"Pr\u00f3-Reitoria de Planejamento","publisher":{"@id":"https:\/\/sites.uel.br\/proplan\/#organization"},"potentialAction":[{"@type":"SearchAction","target":{"@type":"EntryPoint","urlTemplate":"https:\/\/sites.uel.br\/proplan\/?s={search_term_string}"},"query-input":{"@type":"PropertyValueSpecification","valueRequired":true,"valueName":"search_term_string"}}],"inLanguage":"pt-BR"},{"@type":"Organization","@id":"https:\/\/sites.uel.br\/proplan\/#organization","name":"PROPLAN","url":"https:\/\/sites.uel.br\/proplan\/","logo":{"@type":"ImageObject","inLanguage":"pt-BR","@id":"https:\/\/sites.uel.br\/proplan\/#\/schema\/logo\/image\/","url":"https:\/\/sites.uel.br\/proplan\/wp-content\/uploads\/2022\/12\/cropped-LogoUEL_Branco.png-1.webp","contentUrl":"https:\/\/sites.uel.br\/proplan\/wp-content\/uploads\/2022\/12\/cropped-LogoUEL_Branco.png-1.webp","width":1140,"height":1140,"caption":"PROPLAN"},"image":{"@id":"https:\/\/sites.uel.br\/proplan\/#\/schema\/logo\/image\/"}}]}},"_links":{"self":[{"href":"https:\/\/sites.uel.br\/proplan\/wp-json\/wp\/v2\/pages\/933","targetHints":{"allow":["GET"]}}],"collection":[{"href":"https:\/\/sites.uel.br\/proplan\/wp-json\/wp\/v2\/pages"}],"about":[{"href":"https:\/\/sites.uel.br\/proplan\/wp-json\/wp\/v2\/types\/page"}],"author":[{"embeddable":true,"href":"https:\/\/sites.uel.br\/proplan\/wp-json\/wp\/v2\/users\/14"}],"replies":[{"embeddable":true,"href":"https:\/\/sites.uel.br\/proplan\/wp-json\/wp\/v2\/comments?post=933"}],"version-history":[{"count":11,"href":"https:\/\/sites.uel.br\/proplan\/wp-json\/wp\/v2\/pages\/933\/revisions"}],"predecessor-version":[{"id":1369,"href":"https:\/\/sites.uel.br\/proplan\/wp-json\/wp\/v2\/pages\/933\/revisions\/1369"}],"wp:attachment":[{"href":"https:\/\/sites.uel.br\/proplan\/wp-json\/wp\/v2\/media?parent=933"}],"curies":[{"name":"wp","href":"https:\/\/api.w.org\/{rel}","templated":true}]}}