{"id":731,"date":"2023-03-30T15:05:00","date_gmt":"2023-03-30T18:05:00","guid":{"rendered":"https:\/\/sites.uel.br\/proplan\/?page_id=731"},"modified":"2024-06-11T14:56:43","modified_gmt":"2024-06-11T17:56:43","slug":"canais-de-atendimento","status":"publish","type":"page","link":"https:\/\/sites.uel.br\/proplan\/canais-de-atendimento\/","title":{"rendered":"Canais de Atendimento"},"content":{"rendered":"\n<div style=\"height:10px\" aria-hidden=\"true\" class=\"wp-block-spacer\"><\/div>\n\n\n\n<h2 class=\"wp-block-heading\">Atendimento Presencial<\/h2>\n\n\n\n<div class=\"wp-block-columns is-layout-flex wp-container-core-columns-is-layout-9d6595d7 wp-block-columns-is-layout-flex\">\n<div class=\"wp-block-column is-layout-flow wp-block-column-is-layout-flow\" style=\"flex-basis:350px\">\n<p><strong>Dias da semana: <\/strong><br>Segunda \u00e0 Sexta<\/p>\n\n\n\n<p><strong>Hor\u00e1rios:<\/strong><br><strong> <\/strong>08h00 \u00e0s 11h30<br>14h00 \u00e0s 17h00<\/p>\n\n\n\n<p><strong>Local:<\/strong><br>Pr\u00f3-Reitoria de Planejamento (PROPLAN)<\/p>\n\n\n\n<p><strong>E-mail:<\/strong> <br><a href=\"mailto:proplan@uel.br\">proplan@uel.br<\/a><\/p>\n\n\n\n<p><strong>Telefone: <\/strong><br>3371 \u2013 4431<\/p>\n\n\n\n<p><\/p>\n<\/div>\n\n\n\n<div class=\"wp-block-column is-layout-flow wp-block-column-is-layout-flow\">\n<div class=\"wp-block-columns is-layout-flex wp-container-core-columns-is-layout-9d6595d7 wp-block-columns-is-layout-flex\">\n<div class=\"wp-block-column is-layout-flow wp-block-column-is-layout-flow\" style=\"flex-basis:100%\">\n<iframe src=\"https:\/\/www.google.com\/maps\/embed?pb=!1m18!1m12!1m3!1d3663.695740520658!2d-51.19726272393772!3d-23.326795578961697!2m3!1f0!2f0!3f0!3m2!1i1024!2i768!4f13.1!3m3!1m2!1s0x94eb5ca6a92302d1%3A0x202deb0f596ed8a6!2sPROPLAN%20-%20Pr%C3%B3-Reitoria%20de%20Planejamento!5e0!3m2!1spt-BR!2sbr!4v1698253420688!5m2!1spt-BR!2sbr\" width=\"600\" height=\"450\" style=\"border:0;\" allowfullscreen=\"\" loading=\"lazy\" referrerpolicy=\"no-referrer-when-downgrade\"><\/iframe>\n<\/div>\n<\/div>\n<\/div>\n<\/div>\n\n\n\n<h2 class=\"wp-block-heading\">Atendimento Especializado<\/h2>\n\n\n\n<h3 class=\"wp-block-heading\"><\/h3>\n\n\n\n<div class=\"wp-block-columns is-layout-flex wp-container-core-columns-is-layout-9d6595d7 wp-block-columns-is-layout-flex\">\n<div class=\"wp-block-column is-layout-flow wp-block-column-is-layout-flow\">\n<h4 class=\"wp-block-heading\">Planejamento e Desenvolvimento Administrativo<\/h4>\n\n\n\n<p><a href=\"mailto:dpda@uel.br\">dpda@uel.br<\/a> <br>(43) 3371-4511<br>(43) 3371-4113<br>(43) 3371-4705 (Conv\u00eanios)<\/p>\n<\/div>\n\n\n\n<div class=\"wp-block-column is-layout-flow wp-block-column-is-layout-flow\">\n<h4 class=\"wp-block-heading\">Planejamento e Integra\u00e7\u00e3o Acad\u00eamica<\/h4>\n\n\n\n<p><a href=\"mailto:planejamento@uel.br\">planejamento@uel.br<\/a> <br>(43) 3371-4019<br>(43) 3371-4461<\/p>\n<\/div>\n\n\n\n<div class=\"wp-block-column is-layout-flow wp-block-column-is-layout-flow\">\n<h4 class=\"wp-block-heading\">Planejamento do Territ\u00f3rio e Edifica\u00e7\u00f5es<\/h4>\n\n\n\n<p><a href=\"mailto:dpte@uel.br\">dpte@uel.br<\/a> <br>(43) 3371-4643<br>(43) 3371-4031 (Arquitetos)<br>(43) 3371-4034 (Engenheiros)<br>(43) 3371-4378 (Desenhistas)<br>(43) 3371-5943 (Assessor)<\/p>\n<\/div>\n<\/div>\n\n\n\n<div class=\"wp-block-columns is-layout-flex wp-container-core-columns-is-layout-9d6595d7 wp-block-columns-is-layout-flex\">\n<div class=\"wp-block-column is-layout-flow wp-block-column-is-layout-flow\">\n<h4 class=\"wp-block-heading\">Avalia\u00e7\u00e3o e Informa\u00e7\u00e3o Institucional<\/h4>\n\n\n\n<p><a href=\"mailto:proplandaai@uel.br\">proplandaai@uel.br<\/a> <br>(43) 3371-4112<br>(43) 3371-4451<\/p>\n<\/div>\n\n\n\n<div class=\"wp-block-column is-layout-flow wp-block-column-is-layout-flow\">\n<h4 class=\"wp-block-heading\">Or\u00e7amento e Programa\u00e7\u00e3o<\/h4>\n\n\n\n<p><a href=\"mailto:proplan.dop@uel.br\">proplan.dop@uel.br<\/a> <br>(43) 3371-4484<br>(43) 3371-4891<\/p>\n<\/div>\n\n\n\n<div class=\"wp-block-column is-layout-flow wp-block-column-is-layout-flow\"><\/div>\n<\/div>\n\n\n\n<p>N\u00e3o encontrou o que procurava? Acesse a p\u00e1gina da PROPLAN na <a href=\"https:\/\/sites.uel.br\/proplan\/lista-telefonica-da-uel\/\" data-type=\"page\" data-id=\"1291\">Lista Telef\u00f4nica da UEL<\/a>.<\/p>\n","protected":false},"excerpt":{"rendered":"<p>Atendimento Presencial Dias da semana: Segunda \u00e0 Sexta Hor\u00e1rios: 08h00 \u00e0s 11h3014h00 \u00e0s 17h00 Local:Pr\u00f3-Reitoria de Planejamento (PROPLAN) E-mail: proplan@uel.br Telefone: 3371 \u2013 4431 Atendimento Especializado Planejamento e Desenvolvimento Administrativo dpda@uel.br (43) 3371-4511(43) 3371-4113(43) 3371-4705 (Conv\u00eanios) Planejamento e Integra\u00e7\u00e3o Acad\u00eamica planejamento@uel.br (43) 3371-4019(43) 3371-4461 Planejamento do Territ\u00f3rio e Edifica\u00e7\u00f5es dpte@uel.br (43) 3371-4643(43) 3371-4031 (Arquitetos)(43) 3371-4034 [&hellip;]<\/p>\n","protected":false},"author":2,"featured_media":0,"parent":0,"menu_order":0,"comment_status":"closed","ping_status":"closed","template":"","meta":{"_themeisle_gutenberg_block_has_review":false,"footnotes":""},"class_list":["post-731","page","type-page","status-publish","hentry"],"acf":[],"yoast_head":"<!-- This site is optimized with the Yoast SEO plugin v24.4 - https:\/\/yoast.com\/wordpress\/plugins\/seo\/ -->\n<title>Canais de Atendimento - PROPLAN<\/title>\n<meta name=\"robots\" content=\"index, follow, max-snippet:-1, max-image-preview:large, max-video-preview:-1\" \/>\n<link rel=\"canonical\" href=\"https:\/\/sites.uel.br\/proplan\/canais-de-atendimento\/\" \/>\n<meta property=\"og:locale\" content=\"pt_BR\" \/>\n<meta property=\"og:type\" content=\"article\" \/>\n<meta property=\"og:title\" content=\"Canais de Atendimento - PROPLAN\" \/>\n<meta property=\"og:description\" content=\"Atendimento Presencial Dias da semana: Segunda \u00e0 Sexta Hor\u00e1rios: 08h00 \u00e0s 11h3014h00 \u00e0s 17h00 Local:Pr\u00f3-Reitoria de Planejamento (PROPLAN) E-mail: proplan@uel.br Telefone: 3371 \u2013 4431 Atendimento Especializado Planejamento e Desenvolvimento Administrativo dpda@uel.br (43) 3371-4511(43) 3371-4113(43) 3371-4705 (Conv\u00eanios) Planejamento e Integra\u00e7\u00e3o Acad\u00eamica planejamento@uel.br (43) 3371-4019(43) 3371-4461 Planejamento do Territ\u00f3rio e Edifica\u00e7\u00f5es dpte@uel.br (43) 3371-4643(43) 3371-4031 (Arquitetos)(43) 3371-4034 [&hellip;]\" \/>\n<meta property=\"og:url\" content=\"https:\/\/sites.uel.br\/proplan\/canais-de-atendimento\/\" \/>\n<meta property=\"og:site_name\" content=\"PROPLAN\" \/>\n<meta property=\"article:modified_time\" content=\"2024-06-11T17:56:43+00:00\" \/>\n<meta name=\"twitter:card\" content=\"summary_large_image\" \/>\n<meta name=\"twitter:label1\" content=\"Est. tempo de leitura\" \/>\n\t<meta name=\"twitter:data1\" content=\"1 minuto\" \/>\n<script type=\"application\/ld+json\" class=\"yoast-schema-graph\">{\"@context\":\"https:\/\/schema.org\",\"@graph\":[{\"@type\":\"WebPage\",\"@id\":\"https:\/\/sites.uel.br\/proplan\/canais-de-atendimento\/\",\"url\":\"https:\/\/sites.uel.br\/proplan\/canais-de-atendimento\/\",\"name\":\"Canais de Atendimento - PROPLAN\",\"isPartOf\":{\"@id\":\"https:\/\/sites.uel.br\/proplan\/#website\"},\"datePublished\":\"2023-03-30T18:05:00+00:00\",\"dateModified\":\"2024-06-11T17:56:43+00:00\",\"breadcrumb\":{\"@id\":\"https:\/\/sites.uel.br\/proplan\/canais-de-atendimento\/#breadcrumb\"},\"inLanguage\":\"pt-BR\",\"potentialAction\":[{\"@type\":\"ReadAction\",\"target\":[\"https:\/\/sites.uel.br\/proplan\/canais-de-atendimento\/\"]}]},{\"@type\":\"BreadcrumbList\",\"@id\":\"https:\/\/sites.uel.br\/proplan\/canais-de-atendimento\/#breadcrumb\",\"itemListElement\":[{\"@type\":\"ListItem\",\"position\":1,\"name\":\"In\u00edcio\",\"item\":\"https:\/\/sites.uel.br\/proplan\/\"},{\"@type\":\"ListItem\",\"position\":2,\"name\":\"Canais de Atendimento\"}]},{\"@type\":\"WebSite\",\"@id\":\"https:\/\/sites.uel.br\/proplan\/#website\",\"url\":\"https:\/\/sites.uel.br\/proplan\/\",\"name\":\"PROPLAN\",\"description\":\"Pr\u00f3-Reitoria de Planejamento\",\"publisher\":{\"@id\":\"https:\/\/sites.uel.br\/proplan\/#organization\"},\"potentialAction\":[{\"@type\":\"SearchAction\",\"target\":{\"@type\":\"EntryPoint\",\"urlTemplate\":\"https:\/\/sites.uel.br\/proplan\/?s={search_term_string}\"},\"query-input\":{\"@type\":\"PropertyValueSpecification\",\"valueRequired\":true,\"valueName\":\"search_term_string\"}}],\"inLanguage\":\"pt-BR\"},{\"@type\":\"Organization\",\"@id\":\"https:\/\/sites.uel.br\/proplan\/#organization\",\"name\":\"PROPLAN\",\"url\":\"https:\/\/sites.uel.br\/proplan\/\",\"logo\":{\"@type\":\"ImageObject\",\"inLanguage\":\"pt-BR\",\"@id\":\"https:\/\/sites.uel.br\/proplan\/#\/schema\/logo\/image\/\",\"url\":\"https:\/\/sites.uel.br\/proplan\/wp-content\/uploads\/2022\/12\/cropped-LogoUEL_Branco.png-1.webp\",\"contentUrl\":\"https:\/\/sites.uel.br\/proplan\/wp-content\/uploads\/2022\/12\/cropped-LogoUEL_Branco.png-1.webp\",\"width\":1140,\"height\":1140,\"caption\":\"PROPLAN\"},\"image\":{\"@id\":\"https:\/\/sites.uel.br\/proplan\/#\/schema\/logo\/image\/\"}}]}<\/script>\n<!-- \/ Yoast SEO plugin. -->","yoast_head_json":{"title":"Canais de Atendimento - PROPLAN","robots":{"index":"index","follow":"follow","max-snippet":"max-snippet:-1","max-image-preview":"max-image-preview:large","max-video-preview":"max-video-preview:-1"},"canonical":"https:\/\/sites.uel.br\/proplan\/canais-de-atendimento\/","og_locale":"pt_BR","og_type":"article","og_title":"Canais de Atendimento - PROPLAN","og_description":"Atendimento Presencial Dias da semana: Segunda \u00e0 Sexta Hor\u00e1rios: 08h00 \u00e0s 11h3014h00 \u00e0s 17h00 Local:Pr\u00f3-Reitoria de Planejamento (PROPLAN) E-mail: proplan@uel.br Telefone: 3371 \u2013 4431 Atendimento Especializado Planejamento e Desenvolvimento Administrativo dpda@uel.br (43) 3371-4511(43) 3371-4113(43) 3371-4705 (Conv\u00eanios) Planejamento e Integra\u00e7\u00e3o Acad\u00eamica planejamento@uel.br (43) 3371-4019(43) 3371-4461 Planejamento do Territ\u00f3rio e Edifica\u00e7\u00f5es dpte@uel.br (43) 3371-4643(43) 3371-4031 (Arquitetos)(43) 3371-4034 [&hellip;]","og_url":"https:\/\/sites.uel.br\/proplan\/canais-de-atendimento\/","og_site_name":"PROPLAN","article_modified_time":"2024-06-11T17:56:43+00:00","twitter_card":"summary_large_image","twitter_misc":{"Est. tempo de leitura":"1 minuto"},"schema":{"@context":"https:\/\/schema.org","@graph":[{"@type":"WebPage","@id":"https:\/\/sites.uel.br\/proplan\/canais-de-atendimento\/","url":"https:\/\/sites.uel.br\/proplan\/canais-de-atendimento\/","name":"Canais de Atendimento - PROPLAN","isPartOf":{"@id":"https:\/\/sites.uel.br\/proplan\/#website"},"datePublished":"2023-03-30T18:05:00+00:00","dateModified":"2024-06-11T17:56:43+00:00","breadcrumb":{"@id":"https:\/\/sites.uel.br\/proplan\/canais-de-atendimento\/#breadcrumb"},"inLanguage":"pt-BR","potentialAction":[{"@type":"ReadAction","target":["https:\/\/sites.uel.br\/proplan\/canais-de-atendimento\/"]}]},{"@type":"BreadcrumbList","@id":"https:\/\/sites.uel.br\/proplan\/canais-de-atendimento\/#breadcrumb","itemListElement":[{"@type":"ListItem","position":1,"name":"In\u00edcio","item":"https:\/\/sites.uel.br\/proplan\/"},{"@type":"ListItem","position":2,"name":"Canais de Atendimento"}]},{"@type":"WebSite","@id":"https:\/\/sites.uel.br\/proplan\/#website","url":"https:\/\/sites.uel.br\/proplan\/","name":"PROPLAN","description":"Pr\u00f3-Reitoria de Planejamento","publisher":{"@id":"https:\/\/sites.uel.br\/proplan\/#organization"},"potentialAction":[{"@type":"SearchAction","target":{"@type":"EntryPoint","urlTemplate":"https:\/\/sites.uel.br\/proplan\/?s={search_term_string}"},"query-input":{"@type":"PropertyValueSpecification","valueRequired":true,"valueName":"search_term_string"}}],"inLanguage":"pt-BR"},{"@type":"Organization","@id":"https:\/\/sites.uel.br\/proplan\/#organization","name":"PROPLAN","url":"https:\/\/sites.uel.br\/proplan\/","logo":{"@type":"ImageObject","inLanguage":"pt-BR","@id":"https:\/\/sites.uel.br\/proplan\/#\/schema\/logo\/image\/","url":"https:\/\/sites.uel.br\/proplan\/wp-content\/uploads\/2022\/12\/cropped-LogoUEL_Branco.png-1.webp","contentUrl":"https:\/\/sites.uel.br\/proplan\/wp-content\/uploads\/2022\/12\/cropped-LogoUEL_Branco.png-1.webp","width":1140,"height":1140,"caption":"PROPLAN"},"image":{"@id":"https:\/\/sites.uel.br\/proplan\/#\/schema\/logo\/image\/"}}]}},"_links":{"self":[{"href":"https:\/\/sites.uel.br\/proplan\/wp-json\/wp\/v2\/pages\/731","targetHints":{"allow":["GET"]}}],"collection":[{"href":"https:\/\/sites.uel.br\/proplan\/wp-json\/wp\/v2\/pages"}],"about":[{"href":"https:\/\/sites.uel.br\/proplan\/wp-json\/wp\/v2\/types\/page"}],"author":[{"embeddable":true,"href":"https:\/\/sites.uel.br\/proplan\/wp-json\/wp\/v2\/users\/2"}],"replies":[{"embeddable":true,"href":"https:\/\/sites.uel.br\/proplan\/wp-json\/wp\/v2\/comments?post=731"}],"version-history":[{"count":31,"href":"https:\/\/sites.uel.br\/proplan\/wp-json\/wp\/v2\/pages\/731\/revisions"}],"predecessor-version":[{"id":1357,"href":"https:\/\/sites.uel.br\/proplan\/wp-json\/wp\/v2\/pages\/731\/revisions\/1357"}],"wp:attachment":[{"href":"https:\/\/sites.uel.br\/proplan\/wp-json\/wp\/v2\/media?parent=731"}],"curies":[{"name":"wp","href":"https:\/\/api.w.org\/{rel}","templated":true}]}}