{"id":65,"date":"2022-12-21T14:38:25","date_gmt":"2022-12-21T17:38:25","guid":{"rendered":"https:\/\/sites.uel.br\/proplan\/?page_id=65"},"modified":"2023-10-02T10:13:05","modified_gmt":"2023-10-02T13:13:05","slug":"galeria-de-pro-reitores","status":"publish","type":"page","link":"https:\/\/sites.uel.br\/proplan\/galeria-de-pro-reitores\/","title":{"rendered":"Galeria de Pr\u00f3-Reitores"},"content":{"rendered":"\n<div style=\"height:20px\" aria-hidden=\"true\" class=\"wp-block-spacer\"><\/div>\n\n\n\n<div class=\"wp-block-columns is-layout-flex wp-container-core-columns-is-layout-9d6595d7 wp-block-columns-is-layout-flex\">\n<div class=\"wp-block-column is-layout-flow wp-block-column-is-layout-flow\">\n<p style=\"font-size:25px\"><strong>2022-2026 &#8211; Sergio Carlos de Carvalho<\/strong><\/p>\n\n\n\n<p><strong>2018-2022<\/strong> &#8211; M\u00e1rio S\u00e9rgio Mantovani<\/p>\n\n\n\n<p><strong>2015-2018<\/strong> &#8211; Cleuza Catsue Takeda Kuwabara<\/p>\n\n\n\n<p><strong>2014-2015<\/strong> &#8211; Gilson Jacob Bergoc<\/p>\n\n\n\n<p><strong>2014 <\/strong>&#8211; N\u00e1dina Aparecida Moreno<\/p>\n\n\n\n<p><strong>2013-2014<\/strong> &#8211; Luis Fernando Pinto Dias<\/p>\n\n\n\n<p><strong>2012-2013<\/strong> &#8211; Antonio Alves de Lima Neto<\/p>\n\n\n\n<p><strong>2010-2012<\/strong> &#8211; Marcos de Castro Falleiros<\/p>\n<\/div>\n\n\n\n<div class=\"wp-block-column is-layout-flow wp-block-column-is-layout-flow\">\n<p><strong>2006-2010<\/strong> &#8211; Ot\u00e1vio Yassuo Shimba<\/p>\n\n\n\n<p><strong>2003-2006<\/strong> &#8211; Marcos de Toledo Tito<\/p>\n\n\n\n<p><strong>2003<\/strong> &#8211; Ana Cleide Chiarotti Cesario<\/p>\n\n\n\n<p><strong>2002<\/strong> &#8211; Marcos de Toledo Tito<\/p>\n\n\n\n<p><strong>2001-2002<\/strong> &#8211; Ercilia Hitomi Hirota<\/p>\n\n\n\n<p><strong>2001<\/strong> &#8211; N\u00e1dina Aparecida Moreno<\/p>\n\n\n\n<p><strong>1996-2001<\/strong> &#8211; Marcos Fagundes Barnabe<\/p>\n<\/div>\n<\/div>\n","protected":false},"excerpt":{"rendered":"<p>2022-2026 &#8211; Sergio Carlos de Carvalho 2018-2022 &#8211; M\u00e1rio S\u00e9rgio Mantovani 2015-2018 &#8211; Cleuza Catsue Takeda Kuwabara 2014-2015 &#8211; Gilson Jacob Bergoc 2014 &#8211; N\u00e1dina Aparecida Moreno 2013-2014 &#8211; Luis Fernando Pinto Dias 2012-2013 &#8211; Antonio Alves de Lima Neto 2010-2012 &#8211; Marcos de Castro Falleiros 2006-2010 &#8211; Ot\u00e1vio Yassuo Shimba 2003-2006 &#8211; Marcos de [&hellip;]<\/p>\n","protected":false},"author":2,"featured_media":0,"parent":0,"menu_order":0,"comment_status":"closed","ping_status":"closed","template":"","meta":{"_themeisle_gutenberg_block_has_review":false,"footnotes":""},"class_list":["post-65","page","type-page","status-publish","hentry"],"acf":[],"yoast_head":"<!-- This site is optimized with the Yoast SEO plugin v24.4 - https:\/\/yoast.com\/wordpress\/plugins\/seo\/ -->\n<title>Galeria de Pr\u00f3-Reitores - PROPLAN<\/title>\n<meta name=\"robots\" content=\"index, follow, max-snippet:-1, max-image-preview:large, max-video-preview:-1\" \/>\n<link rel=\"canonical\" href=\"https:\/\/sites.uel.br\/proplan\/galeria-de-pro-reitores\/\" \/>\n<meta property=\"og:locale\" content=\"pt_BR\" \/>\n<meta property=\"og:type\" content=\"article\" \/>\n<meta property=\"og:title\" content=\"Galeria de Pr\u00f3-Reitores - PROPLAN\" \/>\n<meta property=\"og:description\" content=\"2022-2026 &#8211; Sergio Carlos de Carvalho 2018-2022 &#8211; M\u00e1rio S\u00e9rgio Mantovani 2015-2018 &#8211; Cleuza Catsue Takeda Kuwabara 2014-2015 &#8211; Gilson Jacob Bergoc 2014 &#8211; N\u00e1dina Aparecida Moreno 2013-2014 &#8211; Luis Fernando Pinto Dias 2012-2013 &#8211; Antonio Alves de Lima Neto 2010-2012 &#8211; Marcos de Castro Falleiros 2006-2010 &#8211; Ot\u00e1vio Yassuo Shimba 2003-2006 &#8211; Marcos de [&hellip;]\" \/>\n<meta property=\"og:url\" content=\"https:\/\/sites.uel.br\/proplan\/galeria-de-pro-reitores\/\" \/>\n<meta property=\"og:site_name\" content=\"PROPLAN\" \/>\n<meta property=\"article:modified_time\" content=\"2023-10-02T13:13:05+00:00\" \/>\n<meta name=\"twitter:card\" content=\"summary_large_image\" \/>\n<script type=\"application\/ld+json\" class=\"yoast-schema-graph\">{\"@context\":\"https:\/\/schema.org\",\"@graph\":[{\"@type\":\"WebPage\",\"@id\":\"https:\/\/sites.uel.br\/proplan\/galeria-de-pro-reitores\/\",\"url\":\"https:\/\/sites.uel.br\/proplan\/galeria-de-pro-reitores\/\",\"name\":\"Galeria de Pr\u00f3-Reitores - PROPLAN\",\"isPartOf\":{\"@id\":\"https:\/\/sites.uel.br\/proplan\/#website\"},\"datePublished\":\"2022-12-21T17:38:25+00:00\",\"dateModified\":\"2023-10-02T13:13:05+00:00\",\"breadcrumb\":{\"@id\":\"https:\/\/sites.uel.br\/proplan\/galeria-de-pro-reitores\/#breadcrumb\"},\"inLanguage\":\"pt-BR\",\"potentialAction\":[{\"@type\":\"ReadAction\",\"target\":[\"https:\/\/sites.uel.br\/proplan\/galeria-de-pro-reitores\/\"]}]},{\"@type\":\"BreadcrumbList\",\"@id\":\"https:\/\/sites.uel.br\/proplan\/galeria-de-pro-reitores\/#breadcrumb\",\"itemListElement\":[{\"@type\":\"ListItem\",\"position\":1,\"name\":\"In\u00edcio\",\"item\":\"https:\/\/sites.uel.br\/proplan\/\"},{\"@type\":\"ListItem\",\"position\":2,\"name\":\"Galeria de Pr\u00f3-Reitores\"}]},{\"@type\":\"WebSite\",\"@id\":\"https:\/\/sites.uel.br\/proplan\/#website\",\"url\":\"https:\/\/sites.uel.br\/proplan\/\",\"name\":\"PROPLAN\",\"description\":\"Pr\u00f3-Reitoria de Planejamento\",\"publisher\":{\"@id\":\"https:\/\/sites.uel.br\/proplan\/#organization\"},\"potentialAction\":[{\"@type\":\"SearchAction\",\"target\":{\"@type\":\"EntryPoint\",\"urlTemplate\":\"https:\/\/sites.uel.br\/proplan\/?s={search_term_string}\"},\"query-input\":{\"@type\":\"PropertyValueSpecification\",\"valueRequired\":true,\"valueName\":\"search_term_string\"}}],\"inLanguage\":\"pt-BR\"},{\"@type\":\"Organization\",\"@id\":\"https:\/\/sites.uel.br\/proplan\/#organization\",\"name\":\"PROPLAN\",\"url\":\"https:\/\/sites.uel.br\/proplan\/\",\"logo\":{\"@type\":\"ImageObject\",\"inLanguage\":\"pt-BR\",\"@id\":\"https:\/\/sites.uel.br\/proplan\/#\/schema\/logo\/image\/\",\"url\":\"https:\/\/sites.uel.br\/proplan\/wp-content\/uploads\/2022\/12\/cropped-LogoUEL_Branco.png-1.webp\",\"contentUrl\":\"https:\/\/sites.uel.br\/proplan\/wp-content\/uploads\/2022\/12\/cropped-LogoUEL_Branco.png-1.webp\",\"width\":1140,\"height\":1140,\"caption\":\"PROPLAN\"},\"image\":{\"@id\":\"https:\/\/sites.uel.br\/proplan\/#\/schema\/logo\/image\/\"}}]}<\/script>\n<!-- \/ Yoast SEO plugin. -->","yoast_head_json":{"title":"Galeria de Pr\u00f3-Reitores - PROPLAN","robots":{"index":"index","follow":"follow","max-snippet":"max-snippet:-1","max-image-preview":"max-image-preview:large","max-video-preview":"max-video-preview:-1"},"canonical":"https:\/\/sites.uel.br\/proplan\/galeria-de-pro-reitores\/","og_locale":"pt_BR","og_type":"article","og_title":"Galeria de Pr\u00f3-Reitores - PROPLAN","og_description":"2022-2026 &#8211; Sergio Carlos de Carvalho 2018-2022 &#8211; M\u00e1rio S\u00e9rgio Mantovani 2015-2018 &#8211; Cleuza Catsue Takeda Kuwabara 2014-2015 &#8211; Gilson Jacob Bergoc 2014 &#8211; N\u00e1dina Aparecida Moreno 2013-2014 &#8211; Luis Fernando Pinto Dias 2012-2013 &#8211; Antonio Alves de Lima Neto 2010-2012 &#8211; Marcos de Castro Falleiros 2006-2010 &#8211; Ot\u00e1vio Yassuo Shimba 2003-2006 &#8211; Marcos de [&hellip;]","og_url":"https:\/\/sites.uel.br\/proplan\/galeria-de-pro-reitores\/","og_site_name":"PROPLAN","article_modified_time":"2023-10-02T13:13:05+00:00","twitter_card":"summary_large_image","schema":{"@context":"https:\/\/schema.org","@graph":[{"@type":"WebPage","@id":"https:\/\/sites.uel.br\/proplan\/galeria-de-pro-reitores\/","url":"https:\/\/sites.uel.br\/proplan\/galeria-de-pro-reitores\/","name":"Galeria de Pr\u00f3-Reitores - PROPLAN","isPartOf":{"@id":"https:\/\/sites.uel.br\/proplan\/#website"},"datePublished":"2022-12-21T17:38:25+00:00","dateModified":"2023-10-02T13:13:05+00:00","breadcrumb":{"@id":"https:\/\/sites.uel.br\/proplan\/galeria-de-pro-reitores\/#breadcrumb"},"inLanguage":"pt-BR","potentialAction":[{"@type":"ReadAction","target":["https:\/\/sites.uel.br\/proplan\/galeria-de-pro-reitores\/"]}]},{"@type":"BreadcrumbList","@id":"https:\/\/sites.uel.br\/proplan\/galeria-de-pro-reitores\/#breadcrumb","itemListElement":[{"@type":"ListItem","position":1,"name":"In\u00edcio","item":"https:\/\/sites.uel.br\/proplan\/"},{"@type":"ListItem","position":2,"name":"Galeria de Pr\u00f3-Reitores"}]},{"@type":"WebSite","@id":"https:\/\/sites.uel.br\/proplan\/#website","url":"https:\/\/sites.uel.br\/proplan\/","name":"PROPLAN","description":"Pr\u00f3-Reitoria de Planejamento","publisher":{"@id":"https:\/\/sites.uel.br\/proplan\/#organization"},"potentialAction":[{"@type":"SearchAction","target":{"@type":"EntryPoint","urlTemplate":"https:\/\/sites.uel.br\/proplan\/?s={search_term_string}"},"query-input":{"@type":"PropertyValueSpecification","valueRequired":true,"valueName":"search_term_string"}}],"inLanguage":"pt-BR"},{"@type":"Organization","@id":"https:\/\/sites.uel.br\/proplan\/#organization","name":"PROPLAN","url":"https:\/\/sites.uel.br\/proplan\/","logo":{"@type":"ImageObject","inLanguage":"pt-BR","@id":"https:\/\/sites.uel.br\/proplan\/#\/schema\/logo\/image\/","url":"https:\/\/sites.uel.br\/proplan\/wp-content\/uploads\/2022\/12\/cropped-LogoUEL_Branco.png-1.webp","contentUrl":"https:\/\/sites.uel.br\/proplan\/wp-content\/uploads\/2022\/12\/cropped-LogoUEL_Branco.png-1.webp","width":1140,"height":1140,"caption":"PROPLAN"},"image":{"@id":"https:\/\/sites.uel.br\/proplan\/#\/schema\/logo\/image\/"}}]}},"_links":{"self":[{"href":"https:\/\/sites.uel.br\/proplan\/wp-json\/wp\/v2\/pages\/65","targetHints":{"allow":["GET"]}}],"collection":[{"href":"https:\/\/sites.uel.br\/proplan\/wp-json\/wp\/v2\/pages"}],"about":[{"href":"https:\/\/sites.uel.br\/proplan\/wp-json\/wp\/v2\/types\/page"}],"author":[{"embeddable":true,"href":"https:\/\/sites.uel.br\/proplan\/wp-json\/wp\/v2\/users\/2"}],"replies":[{"embeddable":true,"href":"https:\/\/sites.uel.br\/proplan\/wp-json\/wp\/v2\/comments?post=65"}],"version-history":[{"count":4,"href":"https:\/\/sites.uel.br\/proplan\/wp-json\/wp\/v2\/pages\/65\/revisions"}],"predecessor-version":[{"id":950,"href":"https:\/\/sites.uel.br\/proplan\/wp-json\/wp\/v2\/pages\/65\/revisions\/950"}],"wp:attachment":[{"href":"https:\/\/sites.uel.br\/proplan\/wp-json\/wp\/v2\/media?parent=65"}],"curies":[{"name":"wp","href":"https:\/\/api.w.org\/{rel}","templated":true}]}}