{"id":5,"date":"2022-12-15T15:57:00","date_gmt":"2022-12-15T18:57:00","guid":{"rendered":"https:\/\/sites.uel.br\/proplan\/?page_id=5"},"modified":"2025-08-12T16:23:21","modified_gmt":"2025-08-12T19:23:21","slug":"pagina-inicial","status":"publish","type":"page","link":"https:\/\/sites.uel.br\/proplan\/","title":{"rendered":"P\u00e1gina Inicial"},"content":{"rendered":"\n<div class=\"wp-block-uel-card\">\n<h3 class=\"wp-block-heading is-style-highlighted-heading\">ACESSO R\u00c1PIDO<\/h3>\n\n\n\n<hr class=\"wp-block-separator has-text-color has-alpha-channel-opacity has-background is-style-wide\" style=\"background-color:#4d4d4d66;color:#4d4d4d66\"\/>\n\n\n<div id=\"metaslider-id-771\" style=\"width: 100%; margin: 0 auto;\" class=\"ml-slider-3-29-1 metaslider metaslider-flex metaslider-771 ml-slider nav-hidden\">\n    <div id=\"metaslider_container_771\">\n        <div id=\"metaslider_771\">\n            <ul aria-live=\"polite\" class=\"slides\">\n                <li style=\"display: none; width: 100%;\" class=\"slide-775 ms-image\"><a href=\"https:\/\/sites.uel.br\/prorh\/calendario-administrativo\/\" target=\"_self\"><img loading=\"lazy\" decoding=\"async\" width=\"2022\" height=\"2023\" src=\"https:\/\/sites.uel.br\/proplan\/wp-content\/uploads\/2023\/04\/Prancheta-13.png\" class=\"slider-771 slide-775\" alt=\"\" rel=\"\" title=\"Calend\u00e1rio Administrativo\" srcset=\"https:\/\/sites.uel.br\/proplan\/wp-content\/uploads\/2023\/04\/Prancheta-13.png 2022w, https:\/\/sites.uel.br\/proplan\/wp-content\/uploads\/2023\/04\/Prancheta-13-300x300.png 300w, https:\/\/sites.uel.br\/proplan\/wp-content\/uploads\/2023\/04\/Prancheta-13-1024x1024.png 1024w, https:\/\/sites.uel.br\/proplan\/wp-content\/uploads\/2023\/04\/Prancheta-13-150x150.png 150w, https:\/\/sites.uel.br\/proplan\/wp-content\/uploads\/2023\/04\/Prancheta-13-768x768.png 768w, https:\/\/sites.uel.br\/proplan\/wp-content\/uploads\/2023\/04\/Prancheta-13-1536x1536.png 1536w\" sizes=\"auto, (max-width: 2022px) 100vw, 2022px\" \/><\/a><\/li>\n                <li style=\"display: none; width: 100%;\" class=\"slide-776 ms-image\"><a href=\"https:\/\/sites.uel.br\/proplan\/formularios\/\" target=\"_self\"><img loading=\"lazy\" decoding=\"async\" width=\"2023\" height=\"2023\" src=\"https:\/\/sites.uel.br\/proplan\/wp-content\/uploads\/2023\/04\/Prancheta-15-Copia-2.png\" class=\"slider-771 slide-776\" alt=\"\" rel=\"\" title=\"Formul\u00e1rios\" srcset=\"https:\/\/sites.uel.br\/proplan\/wp-content\/uploads\/2023\/04\/Prancheta-15-Copia-2.png 2023w, https:\/\/sites.uel.br\/proplan\/wp-content\/uploads\/2023\/04\/Prancheta-15-Copia-2-300x300.png 300w, https:\/\/sites.uel.br\/proplan\/wp-content\/uploads\/2023\/04\/Prancheta-15-Copia-2-1024x1024.png 1024w, https:\/\/sites.uel.br\/proplan\/wp-content\/uploads\/2023\/04\/Prancheta-15-Copia-2-150x150.png 150w, https:\/\/sites.uel.br\/proplan\/wp-content\/uploads\/2023\/04\/Prancheta-15-Copia-2-768x768.png 768w, https:\/\/sites.uel.br\/proplan\/wp-content\/uploads\/2023\/04\/Prancheta-15-Copia-2-1536x1536.png 1536w\" sizes=\"auto, (max-width: 2023px) 100vw, 2023px\" \/><\/a><\/li>\n                <li style=\"display: none; width: 100%;\" class=\"slide-777 ms-image\"><a href=\"https:\/\/sistemas.uel.br\/index2\" target=\"_self\"><img loading=\"lazy\" decoding=\"async\" width=\"2023\" height=\"2023\" src=\"https:\/\/sites.uel.br\/proplan\/wp-content\/uploads\/2023\/04\/Prancheta-21-Copia-2.png\" class=\"slider-771 slide-777\" alt=\"\" rel=\"\" title=\"Sistemas\" srcset=\"https:\/\/sites.uel.br\/proplan\/wp-content\/uploads\/2023\/04\/Prancheta-21-Copia-2.png 2023w, https:\/\/sites.uel.br\/proplan\/wp-content\/uploads\/2023\/04\/Prancheta-21-Copia-2-300x300.png 300w, https:\/\/sites.uel.br\/proplan\/wp-content\/uploads\/2023\/04\/Prancheta-21-Copia-2-1024x1024.png 1024w, https:\/\/sites.uel.br\/proplan\/wp-content\/uploads\/2023\/04\/Prancheta-21-Copia-2-150x150.png 150w, https:\/\/sites.uel.br\/proplan\/wp-content\/uploads\/2023\/04\/Prancheta-21-Copia-2-768x768.png 768w, https:\/\/sites.uel.br\/proplan\/wp-content\/uploads\/2023\/04\/Prancheta-21-Copia-2-1536x1536.png 1536w\" sizes=\"auto, (max-width: 2023px) 100vw, 2023px\" \/><\/a><\/li>\n                <li style=\"display: none; width: 100%;\" class=\"slide-967 ms-image\"><a href=\"https:\/\/sistemas.uel.br\/portaltransparencia\/index\" target=\"_self\"><img loading=\"lazy\" decoding=\"async\" width=\"2023\" height=\"2023\" src=\"https:\/\/sites.uel.br\/proplan\/wp-content\/uploads\/2023\/10\/botao-transparencia.png\" class=\"slider-771 slide-967\" alt=\"\" rel=\"\" title=\"botao-transparencia\" srcset=\"https:\/\/sites.uel.br\/proplan\/wp-content\/uploads\/2023\/10\/botao-transparencia.png 2023w, https:\/\/sites.uel.br\/proplan\/wp-content\/uploads\/2023\/10\/botao-transparencia-300x300.png 300w, https:\/\/sites.uel.br\/proplan\/wp-content\/uploads\/2023\/10\/botao-transparencia-1024x1024.png 1024w, https:\/\/sites.uel.br\/proplan\/wp-content\/uploads\/2023\/10\/botao-transparencia-150x150.png 150w, https:\/\/sites.uel.br\/proplan\/wp-content\/uploads\/2023\/10\/botao-transparencia-768x768.png 768w, https:\/\/sites.uel.br\/proplan\/wp-content\/uploads\/2023\/10\/botao-transparencia-1536x1536.png 1536w\" sizes=\"auto, (max-width: 2023px) 100vw, 2023px\" \/><\/a><\/li>\n                <li style=\"display: none; width: 100%;\" class=\"slide-973 ms-image\"><a href=\"https:\/\/sites.uel.br\/proplan\/orcamento\/\" target=\"_self\"><img loading=\"lazy\" decoding=\"async\" width=\"2023\" height=\"2023\" src=\"https:\/\/sites.uel.br\/proplan\/wp-content\/uploads\/2023\/10\/ORCAMENTO.png\" class=\"slider-771 slide-973\" alt=\"\" rel=\"\" title=\"ORC\u0327AMENTO\" srcset=\"https:\/\/sites.uel.br\/proplan\/wp-content\/uploads\/2023\/10\/ORCAMENTO.png 2023w, https:\/\/sites.uel.br\/proplan\/wp-content\/uploads\/2023\/10\/ORCAMENTO-300x300.png 300w, https:\/\/sites.uel.br\/proplan\/wp-content\/uploads\/2023\/10\/ORCAMENTO-1024x1024.png 1024w, https:\/\/sites.uel.br\/proplan\/wp-content\/uploads\/2023\/10\/ORCAMENTO-150x150.png 150w, https:\/\/sites.uel.br\/proplan\/wp-content\/uploads\/2023\/10\/ORCAMENTO-768x768.png 768w, https:\/\/sites.uel.br\/proplan\/wp-content\/uploads\/2023\/10\/ORCAMENTO-1536x1536.png 1536w\" sizes=\"auto, (max-width: 2023px) 100vw, 2023px\" \/><\/a><\/li>\n                <li style=\"display: none; width: 100%;\" class=\"slide-972 ms-image\"><a href=\"https:\/\/sites.uel.br\/proplan\/uel-em-dados\/\" target=\"_self\"><img loading=\"lazy\" decoding=\"async\" width=\"2023\" height=\"2023\" src=\"https:\/\/sites.uel.br\/proplan\/wp-content\/uploads\/2023\/10\/UEL-DADOS-2.png\" class=\"slider-771 slide-972\" alt=\"\" rel=\"\" title=\"UEL-DADOS-2\" srcset=\"https:\/\/sites.uel.br\/proplan\/wp-content\/uploads\/2023\/10\/UEL-DADOS-2.png 2023w, https:\/\/sites.uel.br\/proplan\/wp-content\/uploads\/2023\/10\/UEL-DADOS-2-300x300.png 300w, https:\/\/sites.uel.br\/proplan\/wp-content\/uploads\/2023\/10\/UEL-DADOS-2-1024x1024.png 1024w, https:\/\/sites.uel.br\/proplan\/wp-content\/uploads\/2023\/10\/UEL-DADOS-2-150x150.png 150w, https:\/\/sites.uel.br\/proplan\/wp-content\/uploads\/2023\/10\/UEL-DADOS-2-768x768.png 768w, https:\/\/sites.uel.br\/proplan\/wp-content\/uploads\/2023\/10\/UEL-DADOS-2-1536x1536.png 1536w\" sizes=\"auto, (max-width: 2023px) 100vw, 2023px\" \/><\/a><\/li>\n            <\/ul>\n        <\/div>\n        \n    <\/div>\n<\/div>\n<\/div>\n\n\n\n<div class=\"wp-block-columns is-layout-flex wp-container-core-columns-is-layout-9d6595d7 wp-block-columns-is-layout-flex\">\n<div class=\"wp-block-column is-layout-flow wp-block-column-is-layout-flow\" style=\"flex-basis:75%\">\n<div class=\"wp-block-uel-card\">\n<h3 class=\"wp-block-heading is-style-highlighted-heading\">PUBLICA\u00c7\u00d5ES<\/h3>\n\n\n\n<hr class=\"wp-block-separator has-text-color has-alpha-channel-opacity has-background is-style-wide\" style=\"background-color:#4d4d4d66;color:#4d4d4d66\"\/>\n\n\n\n<div style=\"height:13px\" aria-hidden=\"true\" class=\"wp-block-spacer\"><\/div>\n\n\n<div class=\"noticias-recentes\"><a class=\"noticia-padrao d-flex flex-column flex-md-row align-items-start\" href=\"https:\/\/sites.uel.br\/proplan\/is\/2023\/06\/02\/instrucao-de-servico-proex-proplan-no-001-2023\/\"><article class=\"ml-0 ml-md-2 corpo-noticia-padrao\"><p class=\"antetitulo mb-0\"><\/p><p class=\"titulo mb-2\">Instru\u00e7\u00e3o de Servi\u00e7o PROEX\/PROPLAN N\u00ba 001\/2023<\/p><p class=\"descricao\">Damos conhecimento a Comunidade Universit\u00e1ria da Instru\u00e7\u00e3o de Servi\u00e7o PROEX\/PROPLAN n\u00ba 001\/2023, que aprimora o fluxo de tr\u00e2mite dos projetos de presta\u00e7\u00e3o de servi\u00e7os.<\/p><\/article><\/a><hr class=\"mt-2 mb-2 d-none d-md-block\"><a class=\"noticia-padrao d-flex flex-column flex-md-row align-items-start\" href=\"https:\/\/sites.uel.br\/proplan\/is\/2022\/12\/16\/instrucao-de-servico-proplan-proaf-no-001-2021\/\"><article class=\"ml-0 ml-md-2 corpo-noticia-padrao\"><p class=\"antetitulo mb-0\"><\/p><p class=\"titulo mb-2\">Instru\u00e7\u00e3o de Servi\u00e7o PROPLAN\/PROAF N\u00ba 001\/2022<\/p><p class=\"descricao\">Damos conhecimento a Comunidade Universit\u00e1ria da Instru\u00e7\u00e3o de Servi\u00e7o PROPLAN\/PROAF N\u00ba 001\/2022, que instrui procedimentos das Funda\u00e7\u00f5es de Apoio, conforme regras estabelecidas pela Lei 20357\/2021, Decreto 11024\/2021 e Resolu\u00e7\u00e3o CA 046\/2020.<\/p><\/article><\/a><div class=\"clearfix\" style=\"width: 100%;\"><\/div><a href=\"https:\/\/sites.uel.br\/proplan\/posts\" class=\"mt-4 noticias-recentes_todas\">Ver mais<\/a><\/div><\/div>\n<\/div>\n\n\n\n<div class=\"wp-block-column is-layout-flow wp-block-column-is-layout-flow\" style=\"flex-basis:25%\">\n<div class=\"gcse-search\"><\/div>\n\n\n\n<div class=\"wp-block-buttons is-layout-flex wp-block-buttons-is-layout-flex\">\n<div class=\"wp-block-button has-custom-width wp-block-button__width-100 is-style-outline is-style-outline--1\"><a class=\"wp-block-button__link has-white-color has-text-color has-background has-medium-font-size has-custom-font-size wp-element-button\" href=\"https:\/\/sites.uel.br\/pdi\/\" style=\"border-radius:0px;background-color:#00753b\">PDI<\/a><\/div>\n\n\n\n<div class=\"wp-block-button has-custom-width wp-block-button__width-100 is-style-outline is-style-outline--2\"><a class=\"wp-block-button__link has-white-color has-text-color has-background has-medium-font-size has-custom-font-size wp-element-button\" href=\"https:\/\/sistemas.uel.br\/portaltransparencia\" style=\"border-radius:0px;background-color:#00753b\">Portal da Transpar\u00eancia<\/a><\/div>\n\n\n\n<div class=\"wp-block-button has-custom-width wp-block-button__width-100 is-style-outline is-style-outline--3\"><a class=\"wp-block-button__link has-white-color has-text-color has-background has-medium-font-size has-custom-font-size wp-element-button\" href=\"https:\/\/sites.uel.br\/sustentabilidade\/\" style=\"border-radius:0px;background-color:#00753b\" target=\"_blank\" rel=\"noreferrer noopener\">Portal  da Sustentabilidade<\/a><\/div>\n\n\n\n<div class=\"wp-block-button has-custom-width wp-block-button__width-100 is-style-outline is-style-outline--4\"><a class=\"wp-block-button__link has-white-color has-text-color has-background has-medium-font-size has-custom-font-size wp-element-button\" href=\"https:\/\/sites.uel.br\/portal-do-egresso\/\" style=\"border-radius:0px;background-color:#00753b\" target=\"_blank\" rel=\"noreferrer noopener\">Portal do Egresso<\/a><\/div>\n\n\n\n<div class=\"wp-block-button has-custom-width wp-block-button__width-100 is-style-outline is-style-outline--5\"><a class=\"wp-block-button__link has-white-color has-text-color has-background has-medium-font-size has-custom-font-size wp-element-button\" href=\"https:\/\/sites.uel.br\/proplan\/lista-telefonica-da-uel\/\" style=\"border-radius:0px;background-color:#00753b\">Lista Telef\u00f4nica<\/a><\/div>\n<\/div>\n\n\n\n<div style=\"height:20px\" aria-hidden=\"true\" class=\"wp-block-spacer\"><\/div>\n\n\n\n<figure class=\"wp-block-image size-large is-resized\"><a href=\"https:\/\/operobal.uel.br\/tag\/uel-contra-o-racismo\/\"><img loading=\"lazy\" decoding=\"async\" width=\"1024\" height=\"576\" src=\"https:\/\/sites.uel.br\/proplan\/wp-content\/uploads\/2023\/10\/campanha-1024x576.png\" alt=\"\" class=\"wp-image-1140\" style=\"aspect-ratio:1.7777777777777777;width:256px;height:auto\" srcset=\"https:\/\/sites.uel.br\/proplan\/wp-content\/uploads\/2023\/10\/campanha-1024x576.png 1024w, https:\/\/sites.uel.br\/proplan\/wp-content\/uploads\/2023\/10\/campanha-300x169.png 300w, https:\/\/sites.uel.br\/proplan\/wp-content\/uploads\/2023\/10\/campanha-768x432.png 768w, https:\/\/sites.uel.br\/proplan\/wp-content\/uploads\/2023\/10\/campanha-1536x864.png 1536w, https:\/\/sites.uel.br\/proplan\/wp-content\/uploads\/2023\/10\/campanha-2048x1152.png 2048w\" sizes=\"auto, (max-width: 1024px) 100vw, 1024px\" \/><\/a><\/figure>\n<\/div>\n<\/div>\n","protected":false},"excerpt":{"rendered":"","protected":false},"author":2,"featured_media":0,"parent":0,"menu_order":0,"comment_status":"closed","ping_status":"closed","template":"","meta":{"_themeisle_gutenberg_block_has_review":false,"footnotes":""},"class_list":["post-5","page","type-page","status-publish","hentry"],"acf":[],"yoast_head":"<!-- This site is optimized with the Yoast SEO plugin v24.4 - https:\/\/yoast.com\/wordpress\/plugins\/seo\/ -->\n<title>P\u00e1gina Inicial - PROPLAN<\/title>\n<meta name=\"robots\" content=\"index, follow, max-snippet:-1, max-image-preview:large, max-video-preview:-1\" \/>\n<link rel=\"canonical\" href=\"https:\/\/sites.uel.br\/proplan\/\" \/>\n<meta property=\"og:locale\" content=\"pt_BR\" \/>\n<meta property=\"og:type\" content=\"article\" \/>\n<meta property=\"og:title\" content=\"P\u00e1gina Inicial - PROPLAN\" \/>\n<meta property=\"og:url\" content=\"https:\/\/sites.uel.br\/proplan\/\" \/>\n<meta property=\"og:site_name\" content=\"PROPLAN\" \/>\n<meta property=\"article:modified_time\" content=\"2025-08-12T19:23:21+00:00\" \/>\n<meta property=\"og:image\" content=\"https:\/\/sites.uel.br\/proplan\/wp-content\/uploads\/2023\/10\/campanha-1024x576.png\" \/>\n<meta name=\"twitter:card\" content=\"summary_large_image\" \/>\n<meta name=\"twitter:label1\" content=\"Est. tempo de leitura\" \/>\n\t<meta name=\"twitter:data1\" content=\"1 minuto\" \/>\n<script type=\"application\/ld+json\" class=\"yoast-schema-graph\">{\"@context\":\"https:\/\/schema.org\",\"@graph\":[{\"@type\":\"WebPage\",\"@id\":\"https:\/\/sites.uel.br\/proplan\/\",\"url\":\"https:\/\/sites.uel.br\/proplan\/\",\"name\":\"P\u00e1gina Inicial - PROPLAN\",\"isPartOf\":{\"@id\":\"https:\/\/sites.uel.br\/proplan\/#website\"},\"primaryImageOfPage\":{\"@id\":\"https:\/\/sites.uel.br\/proplan\/#primaryimage\"},\"image\":{\"@id\":\"https:\/\/sites.uel.br\/proplan\/#primaryimage\"},\"thumbnailUrl\":\"https:\/\/sites.uel.br\/proplan\/wp-content\/uploads\/2023\/10\/campanha-1024x576.png\",\"datePublished\":\"2022-12-15T18:57:00+00:00\",\"dateModified\":\"2025-08-12T19:23:21+00:00\",\"breadcrumb\":{\"@id\":\"https:\/\/sites.uel.br\/proplan\/#breadcrumb\"},\"inLanguage\":\"pt-BR\",\"potentialAction\":[{\"@type\":\"ReadAction\",\"target\":[\"https:\/\/sites.uel.br\/proplan\/\"]}]},{\"@type\":\"ImageObject\",\"inLanguage\":\"pt-BR\",\"@id\":\"https:\/\/sites.uel.br\/proplan\/#primaryimage\",\"url\":\"https:\/\/sites.uel.br\/proplan\/wp-content\/uploads\/2023\/10\/campanha.png\",\"contentUrl\":\"https:\/\/sites.uel.br\/proplan\/wp-content\/uploads\/2023\/10\/campanha.png\",\"width\":2052,\"height\":1154},{\"@type\":\"BreadcrumbList\",\"@id\":\"https:\/\/sites.uel.br\/proplan\/#breadcrumb\",\"itemListElement\":[{\"@type\":\"ListItem\",\"position\":1,\"name\":\"In\u00edcio\",\"item\":\"https:\/\/sites.uel.br\/proplan\/\"},{\"@type\":\"ListItem\",\"position\":2,\"name\":\"P\u00e1gina Inicial\"}]},{\"@type\":\"WebSite\",\"@id\":\"https:\/\/sites.uel.br\/proplan\/#website\",\"url\":\"https:\/\/sites.uel.br\/proplan\/\",\"name\":\"PROPLAN\",\"description\":\"Pr\u00f3-Reitoria de Planejamento\",\"publisher\":{\"@id\":\"https:\/\/sites.uel.br\/proplan\/#organization\"},\"potentialAction\":[{\"@type\":\"SearchAction\",\"target\":{\"@type\":\"EntryPoint\",\"urlTemplate\":\"https:\/\/sites.uel.br\/proplan\/?s={search_term_string}\"},\"query-input\":{\"@type\":\"PropertyValueSpecification\",\"valueRequired\":true,\"valueName\":\"search_term_string\"}}],\"inLanguage\":\"pt-BR\"},{\"@type\":\"Organization\",\"@id\":\"https:\/\/sites.uel.br\/proplan\/#organization\",\"name\":\"PROPLAN\",\"url\":\"https:\/\/sites.uel.br\/proplan\/\",\"logo\":{\"@type\":\"ImageObject\",\"inLanguage\":\"pt-BR\",\"@id\":\"https:\/\/sites.uel.br\/proplan\/#\/schema\/logo\/image\/\",\"url\":\"https:\/\/sites.uel.br\/proplan\/wp-content\/uploads\/2022\/12\/cropped-LogoUEL_Branco.png-1.webp\",\"contentUrl\":\"https:\/\/sites.uel.br\/proplan\/wp-content\/uploads\/2022\/12\/cropped-LogoUEL_Branco.png-1.webp\",\"width\":1140,\"height\":1140,\"caption\":\"PROPLAN\"},\"image\":{\"@id\":\"https:\/\/sites.uel.br\/proplan\/#\/schema\/logo\/image\/\"}}]}<\/script>\n<!-- \/ Yoast SEO plugin. -->","yoast_head_json":{"title":"P\u00e1gina Inicial - PROPLAN","robots":{"index":"index","follow":"follow","max-snippet":"max-snippet:-1","max-image-preview":"max-image-preview:large","max-video-preview":"max-video-preview:-1"},"canonical":"https:\/\/sites.uel.br\/proplan\/","og_locale":"pt_BR","og_type":"article","og_title":"P\u00e1gina Inicial - PROPLAN","og_url":"https:\/\/sites.uel.br\/proplan\/","og_site_name":"PROPLAN","article_modified_time":"2025-08-12T19:23:21+00:00","og_image":[{"url":"https:\/\/sites.uel.br\/proplan\/wp-content\/uploads\/2023\/10\/campanha-1024x576.png","type":"","width":"","height":""}],"twitter_card":"summary_large_image","twitter_misc":{"Est. tempo de leitura":"1 minuto"},"schema":{"@context":"https:\/\/schema.org","@graph":[{"@type":"WebPage","@id":"https:\/\/sites.uel.br\/proplan\/","url":"https:\/\/sites.uel.br\/proplan\/","name":"P\u00e1gina Inicial - PROPLAN","isPartOf":{"@id":"https:\/\/sites.uel.br\/proplan\/#website"},"primaryImageOfPage":{"@id":"https:\/\/sites.uel.br\/proplan\/#primaryimage"},"image":{"@id":"https:\/\/sites.uel.br\/proplan\/#primaryimage"},"thumbnailUrl":"https:\/\/sites.uel.br\/proplan\/wp-content\/uploads\/2023\/10\/campanha-1024x576.png","datePublished":"2022-12-15T18:57:00+00:00","dateModified":"2025-08-12T19:23:21+00:00","breadcrumb":{"@id":"https:\/\/sites.uel.br\/proplan\/#breadcrumb"},"inLanguage":"pt-BR","potentialAction":[{"@type":"ReadAction","target":["https:\/\/sites.uel.br\/proplan\/"]}]},{"@type":"ImageObject","inLanguage":"pt-BR","@id":"https:\/\/sites.uel.br\/proplan\/#primaryimage","url":"https:\/\/sites.uel.br\/proplan\/wp-content\/uploads\/2023\/10\/campanha.png","contentUrl":"https:\/\/sites.uel.br\/proplan\/wp-content\/uploads\/2023\/10\/campanha.png","width":2052,"height":1154},{"@type":"BreadcrumbList","@id":"https:\/\/sites.uel.br\/proplan\/#breadcrumb","itemListElement":[{"@type":"ListItem","position":1,"name":"In\u00edcio","item":"https:\/\/sites.uel.br\/proplan\/"},{"@type":"ListItem","position":2,"name":"P\u00e1gina Inicial"}]},{"@type":"WebSite","@id":"https:\/\/sites.uel.br\/proplan\/#website","url":"https:\/\/sites.uel.br\/proplan\/","name":"PROPLAN","description":"Pr\u00f3-Reitoria de Planejamento","publisher":{"@id":"https:\/\/sites.uel.br\/proplan\/#organization"},"potentialAction":[{"@type":"SearchAction","target":{"@type":"EntryPoint","urlTemplate":"https:\/\/sites.uel.br\/proplan\/?s={search_term_string}"},"query-input":{"@type":"PropertyValueSpecification","valueRequired":true,"valueName":"search_term_string"}}],"inLanguage":"pt-BR"},{"@type":"Organization","@id":"https:\/\/sites.uel.br\/proplan\/#organization","name":"PROPLAN","url":"https:\/\/sites.uel.br\/proplan\/","logo":{"@type":"ImageObject","inLanguage":"pt-BR","@id":"https:\/\/sites.uel.br\/proplan\/#\/schema\/logo\/image\/","url":"https:\/\/sites.uel.br\/proplan\/wp-content\/uploads\/2022\/12\/cropped-LogoUEL_Branco.png-1.webp","contentUrl":"https:\/\/sites.uel.br\/proplan\/wp-content\/uploads\/2022\/12\/cropped-LogoUEL_Branco.png-1.webp","width":1140,"height":1140,"caption":"PROPLAN"},"image":{"@id":"https:\/\/sites.uel.br\/proplan\/#\/schema\/logo\/image\/"}}]}},"_links":{"self":[{"href":"https:\/\/sites.uel.br\/proplan\/wp-json\/wp\/v2\/pages\/5","targetHints":{"allow":["GET"]}}],"collection":[{"href":"https:\/\/sites.uel.br\/proplan\/wp-json\/wp\/v2\/pages"}],"about":[{"href":"https:\/\/sites.uel.br\/proplan\/wp-json\/wp\/v2\/types\/page"}],"author":[{"embeddable":true,"href":"https:\/\/sites.uel.br\/proplan\/wp-json\/wp\/v2\/users\/2"}],"replies":[{"embeddable":true,"href":"https:\/\/sites.uel.br\/proplan\/wp-json\/wp\/v2\/comments?post=5"}],"version-history":[{"count":25,"href":"https:\/\/sites.uel.br\/proplan\/wp-json\/wp\/v2\/pages\/5\/revisions"}],"predecessor-version":[{"id":1658,"href":"https:\/\/sites.uel.br\/proplan\/wp-json\/wp\/v2\/pages\/5\/revisions\/1658"}],"wp:attachment":[{"href":"https:\/\/sites.uel.br\/proplan\/wp-json\/wp\/v2\/media?parent=5"}],"curies":[{"name":"wp","href":"https:\/\/api.w.org\/{rel}","templated":true}]}}