{"id":49,"date":"2022-12-16T15:05:39","date_gmt":"2022-12-16T18:05:39","guid":{"rendered":"https:\/\/sites.uel.br\/proplan\/?page_id=49"},"modified":"2024-06-20T10:55:19","modified_gmt":"2024-06-20T13:55:19","slug":"formularios","status":"publish","type":"page","link":"https:\/\/sites.uel.br\/proplan\/formularios\/","title":{"rendered":"Formul\u00e1rios"},"content":{"rendered":"\n<h3 class=\"wp-block-heading has-text-align-left\"><strong>Formul\u00e1rio para Previs\u00e3o or\u00e7ament\u00e1ria para cursos de Especializa\u00e7\u00e3o<\/strong><\/h3>\n\n\n\n<ul class=\"wp-block-list\">\n<li><a href=\"https:\/\/sites.uel.br\/proplan\/wp-content\/uploads\/2024\/06\/Cursos_Conveniados_Net_Versao_2024.xls\" target=\"_blank\" rel=\"noreferrer noopener\"><strong>Cursos ofertados atrav\u00e9s de parceria<\/strong><\/a><\/li>\n\n\n\n<li><a href=\"https:\/\/sites.uel.br\/proplan\/wp-content\/uploads\/2024\/06\/Cursos_Casa_Net_Versao_2024.xls\" target=\"_blank\" rel=\"noreferrer noopener\"><strong>Cursos ofertados pela pr\u00f3pria institui\u00e7\u00e3o\u00a0<\/strong><\/a><\/li>\n<\/ul>\n\n\n\n<p>Na planilha do Excel, preencher somente os campos em amarelo.<br><span style=\"color: red\">* Aten\u00e7\u00e3o, n\u00e3o alterar as f\u00f3rmulas ou as c\u00e9lulas que n\u00e3o estejam em amarelo.<\/span><br><\/p>\n\n\n\n<p>Esta previs\u00e3o deve ser anexada ao processo de cria\u00e7\u00e3o do curso ou reformula\u00e7\u00e3o acad\u00eamica\/financeira.<\/p>\n\n\n\n<p>Esclarecimentos devem ser solicitados junto \u00e0 PROPLAN\/DPDA\/DC, atrav\u00e9s dos ramais 4113 ou 4271, falar com Claudio, Luciano ou Luis Fernando.<\/p>\n\n\n\n<h3 class=\"wp-block-heading\"><b><strong>Formul\u00e1rio para Ramal Telef\u00f4nico<br><\/strong><\/b><\/h3>\n\n\n\n<ul class=\"wp-block-list\">\n<li><a href=\"https:\/\/sites.uel.br\/proplan\/wp-content\/uploads\/2023\/03\/Req_Ramal_Novo.doc\"><strong>Requerimento de Ramal Telef\u00f4nico<\/strong><\/a><\/li>\n\n\n\n<li><a href=\"https:\/\/sites.uel.br\/proplan\/wp-content\/uploads\/2023\/03\/Req_Alteracao_Categoria_Ramal.doc\"><strong>Altera\u00e7\u00e3o de Categoria de Ramal Telef\u00f4nico<\/strong><\/a><\/li>\n<\/ul>\n\n\n\n<p><a href=\"https:\/\/sites.uel.br\/proplan\/wp-content\/uploads\/2023\/03\/Ramais_Colegiados.pdf\">Lista dos Ramais dos Colegiados dos Cursos de Gradua\u00e7\u00e3o<\/a><\/p>\n\n\n\n<p><u>Instru\u00e7\u00f5es<\/u>: Ap\u00f3s o preenchimento e assinatura nos campos indicados, protocolar no SAUEL, Divis\u00e3o de Protocolo e Comunica\u00e7\u00e3o.<\/p>\n\n\n\n<p>Em caso de d\u00favidas e maiores esclarecimentos poder\u00e3o ser solucionadas pelo ramal 4511.<\/p>\n","protected":false},"excerpt":{"rendered":"<p>Formul\u00e1rio para Previs\u00e3o or\u00e7ament\u00e1ria para cursos de Especializa\u00e7\u00e3o Na planilha do Excel, preencher somente os campos em amarelo.* Aten\u00e7\u00e3o, n\u00e3o alterar as f\u00f3rmulas ou as c\u00e9lulas que n\u00e3o estejam em amarelo. Esta previs\u00e3o deve ser anexada ao processo de cria\u00e7\u00e3o do curso ou reformula\u00e7\u00e3o acad\u00eamica\/financeira. Esclarecimentos devem ser solicitados junto \u00e0 PROPLAN\/DPDA\/DC, atrav\u00e9s dos ramais [&hellip;]<\/p>\n","protected":false},"author":2,"featured_media":0,"parent":0,"menu_order":0,"comment_status":"closed","ping_status":"closed","template":"","meta":{"_themeisle_gutenberg_block_has_review":false,"footnotes":""},"class_list":["post-49","page","type-page","status-publish","hentry"],"acf":[],"yoast_head":"<!-- This site is optimized with the Yoast SEO plugin v24.4 - https:\/\/yoast.com\/wordpress\/plugins\/seo\/ -->\n<title>Formul\u00e1rios - PROPLAN<\/title>\n<meta name=\"robots\" content=\"index, follow, max-snippet:-1, max-image-preview:large, max-video-preview:-1\" \/>\n<link rel=\"canonical\" href=\"https:\/\/sites.uel.br\/proplan\/formularios\/\" \/>\n<meta property=\"og:locale\" content=\"pt_BR\" \/>\n<meta property=\"og:type\" content=\"article\" \/>\n<meta property=\"og:title\" content=\"Formul\u00e1rios - PROPLAN\" \/>\n<meta property=\"og:description\" content=\"Formul\u00e1rio para Previs\u00e3o or\u00e7ament\u00e1ria para cursos de Especializa\u00e7\u00e3o Na planilha do Excel, preencher somente os campos em amarelo.* Aten\u00e7\u00e3o, n\u00e3o alterar as f\u00f3rmulas ou as c\u00e9lulas que n\u00e3o estejam em amarelo. Esta previs\u00e3o deve ser anexada ao processo de cria\u00e7\u00e3o do curso ou reformula\u00e7\u00e3o acad\u00eamica\/financeira. Esclarecimentos devem ser solicitados junto \u00e0 PROPLAN\/DPDA\/DC, atrav\u00e9s dos ramais [&hellip;]\" \/>\n<meta property=\"og:url\" content=\"https:\/\/sites.uel.br\/proplan\/formularios\/\" \/>\n<meta property=\"og:site_name\" content=\"PROPLAN\" \/>\n<meta property=\"article:modified_time\" content=\"2024-06-20T13:55:19+00:00\" \/>\n<meta name=\"twitter:card\" content=\"summary_large_image\" \/>\n<meta name=\"twitter:label1\" content=\"Est. tempo de leitura\" \/>\n\t<meta name=\"twitter:data1\" content=\"1 minuto\" \/>\n<script type=\"application\/ld+json\" class=\"yoast-schema-graph\">{\"@context\":\"https:\/\/schema.org\",\"@graph\":[{\"@type\":\"WebPage\",\"@id\":\"https:\/\/sites.uel.br\/proplan\/formularios\/\",\"url\":\"https:\/\/sites.uel.br\/proplan\/formularios\/\",\"name\":\"Formul\u00e1rios - PROPLAN\",\"isPartOf\":{\"@id\":\"https:\/\/sites.uel.br\/proplan\/#website\"},\"datePublished\":\"2022-12-16T18:05:39+00:00\",\"dateModified\":\"2024-06-20T13:55:19+00:00\",\"breadcrumb\":{\"@id\":\"https:\/\/sites.uel.br\/proplan\/formularios\/#breadcrumb\"},\"inLanguage\":\"pt-BR\",\"potentialAction\":[{\"@type\":\"ReadAction\",\"target\":[\"https:\/\/sites.uel.br\/proplan\/formularios\/\"]}]},{\"@type\":\"BreadcrumbList\",\"@id\":\"https:\/\/sites.uel.br\/proplan\/formularios\/#breadcrumb\",\"itemListElement\":[{\"@type\":\"ListItem\",\"position\":1,\"name\":\"In\u00edcio\",\"item\":\"https:\/\/sites.uel.br\/proplan\/\"},{\"@type\":\"ListItem\",\"position\":2,\"name\":\"Formul\u00e1rios\"}]},{\"@type\":\"WebSite\",\"@id\":\"https:\/\/sites.uel.br\/proplan\/#website\",\"url\":\"https:\/\/sites.uel.br\/proplan\/\",\"name\":\"PROPLAN\",\"description\":\"Pr\u00f3-Reitoria de Planejamento\",\"publisher\":{\"@id\":\"https:\/\/sites.uel.br\/proplan\/#organization\"},\"potentialAction\":[{\"@type\":\"SearchAction\",\"target\":{\"@type\":\"EntryPoint\",\"urlTemplate\":\"https:\/\/sites.uel.br\/proplan\/?s={search_term_string}\"},\"query-input\":{\"@type\":\"PropertyValueSpecification\",\"valueRequired\":true,\"valueName\":\"search_term_string\"}}],\"inLanguage\":\"pt-BR\"},{\"@type\":\"Organization\",\"@id\":\"https:\/\/sites.uel.br\/proplan\/#organization\",\"name\":\"PROPLAN\",\"url\":\"https:\/\/sites.uel.br\/proplan\/\",\"logo\":{\"@type\":\"ImageObject\",\"inLanguage\":\"pt-BR\",\"@id\":\"https:\/\/sites.uel.br\/proplan\/#\/schema\/logo\/image\/\",\"url\":\"https:\/\/sites.uel.br\/proplan\/wp-content\/uploads\/2022\/12\/cropped-LogoUEL_Branco.png-1.webp\",\"contentUrl\":\"https:\/\/sites.uel.br\/proplan\/wp-content\/uploads\/2022\/12\/cropped-LogoUEL_Branco.png-1.webp\",\"width\":1140,\"height\":1140,\"caption\":\"PROPLAN\"},\"image\":{\"@id\":\"https:\/\/sites.uel.br\/proplan\/#\/schema\/logo\/image\/\"}}]}<\/script>\n<!-- \/ Yoast SEO plugin. -->","yoast_head_json":{"title":"Formul\u00e1rios - PROPLAN","robots":{"index":"index","follow":"follow","max-snippet":"max-snippet:-1","max-image-preview":"max-image-preview:large","max-video-preview":"max-video-preview:-1"},"canonical":"https:\/\/sites.uel.br\/proplan\/formularios\/","og_locale":"pt_BR","og_type":"article","og_title":"Formul\u00e1rios - PROPLAN","og_description":"Formul\u00e1rio para Previs\u00e3o or\u00e7ament\u00e1ria para cursos de Especializa\u00e7\u00e3o Na planilha do Excel, preencher somente os campos em amarelo.* Aten\u00e7\u00e3o, n\u00e3o alterar as f\u00f3rmulas ou as c\u00e9lulas que n\u00e3o estejam em amarelo. Esta previs\u00e3o deve ser anexada ao processo de cria\u00e7\u00e3o do curso ou reformula\u00e7\u00e3o acad\u00eamica\/financeira. Esclarecimentos devem ser solicitados junto \u00e0 PROPLAN\/DPDA\/DC, atrav\u00e9s dos ramais [&hellip;]","og_url":"https:\/\/sites.uel.br\/proplan\/formularios\/","og_site_name":"PROPLAN","article_modified_time":"2024-06-20T13:55:19+00:00","twitter_card":"summary_large_image","twitter_misc":{"Est. tempo de leitura":"1 minuto"},"schema":{"@context":"https:\/\/schema.org","@graph":[{"@type":"WebPage","@id":"https:\/\/sites.uel.br\/proplan\/formularios\/","url":"https:\/\/sites.uel.br\/proplan\/formularios\/","name":"Formul\u00e1rios - PROPLAN","isPartOf":{"@id":"https:\/\/sites.uel.br\/proplan\/#website"},"datePublished":"2022-12-16T18:05:39+00:00","dateModified":"2024-06-20T13:55:19+00:00","breadcrumb":{"@id":"https:\/\/sites.uel.br\/proplan\/formularios\/#breadcrumb"},"inLanguage":"pt-BR","potentialAction":[{"@type":"ReadAction","target":["https:\/\/sites.uel.br\/proplan\/formularios\/"]}]},{"@type":"BreadcrumbList","@id":"https:\/\/sites.uel.br\/proplan\/formularios\/#breadcrumb","itemListElement":[{"@type":"ListItem","position":1,"name":"In\u00edcio","item":"https:\/\/sites.uel.br\/proplan\/"},{"@type":"ListItem","position":2,"name":"Formul\u00e1rios"}]},{"@type":"WebSite","@id":"https:\/\/sites.uel.br\/proplan\/#website","url":"https:\/\/sites.uel.br\/proplan\/","name":"PROPLAN","description":"Pr\u00f3-Reitoria de Planejamento","publisher":{"@id":"https:\/\/sites.uel.br\/proplan\/#organization"},"potentialAction":[{"@type":"SearchAction","target":{"@type":"EntryPoint","urlTemplate":"https:\/\/sites.uel.br\/proplan\/?s={search_term_string}"},"query-input":{"@type":"PropertyValueSpecification","valueRequired":true,"valueName":"search_term_string"}}],"inLanguage":"pt-BR"},{"@type":"Organization","@id":"https:\/\/sites.uel.br\/proplan\/#organization","name":"PROPLAN","url":"https:\/\/sites.uel.br\/proplan\/","logo":{"@type":"ImageObject","inLanguage":"pt-BR","@id":"https:\/\/sites.uel.br\/proplan\/#\/schema\/logo\/image\/","url":"https:\/\/sites.uel.br\/proplan\/wp-content\/uploads\/2022\/12\/cropped-LogoUEL_Branco.png-1.webp","contentUrl":"https:\/\/sites.uel.br\/proplan\/wp-content\/uploads\/2022\/12\/cropped-LogoUEL_Branco.png-1.webp","width":1140,"height":1140,"caption":"PROPLAN"},"image":{"@id":"https:\/\/sites.uel.br\/proplan\/#\/schema\/logo\/image\/"}}]}},"_links":{"self":[{"href":"https:\/\/sites.uel.br\/proplan\/wp-json\/wp\/v2\/pages\/49","targetHints":{"allow":["GET"]}}],"collection":[{"href":"https:\/\/sites.uel.br\/proplan\/wp-json\/wp\/v2\/pages"}],"about":[{"href":"https:\/\/sites.uel.br\/proplan\/wp-json\/wp\/v2\/types\/page"}],"author":[{"embeddable":true,"href":"https:\/\/sites.uel.br\/proplan\/wp-json\/wp\/v2\/users\/2"}],"replies":[{"embeddable":true,"href":"https:\/\/sites.uel.br\/proplan\/wp-json\/wp\/v2\/comments?post=49"}],"version-history":[{"count":23,"href":"https:\/\/sites.uel.br\/proplan\/wp-json\/wp\/v2\/pages\/49\/revisions"}],"predecessor-version":[{"id":1367,"href":"https:\/\/sites.uel.br\/proplan\/wp-json\/wp\/v2\/pages\/49\/revisions\/1367"}],"wp:attachment":[{"href":"https:\/\/sites.uel.br\/proplan\/wp-json\/wp\/v2\/media?parent=49"}],"curies":[{"name":"wp","href":"https:\/\/api.w.org\/{rel}","templated":true}]}}