{"id":345,"date":"2023-03-08T08:40:37","date_gmt":"2023-03-08T11:40:37","guid":{"rendered":"https:\/\/sites.uel.br\/proplan\/?page_id=345"},"modified":"2023-11-07T11:49:18","modified_gmt":"2023-11-07T14:49:18","slug":"registro-de-fundacoes-de-apoio-a-uel","status":"publish","type":"page","link":"https:\/\/sites.uel.br\/proplan\/registro-de-fundacoes-de-apoio-a-uel\/","title":{"rendered":"Registro de Funda\u00e7\u00f5es de Apoio \u00e0 UEL"},"content":{"rendered":"<p> &nbsp; <\/p>\n\n\n<ul class=\"wp-block-list\">\n<li><a href=\"https:\/\/hutec.org.br\/\" target=\"_blank\" rel=\"noreferrer noopener\">HUTec &#8211; Funda\u00e7\u00e3o de Apoio ao Desenvolvimento do Hospital Universit\u00e1rio Regional do Norte do Paran\u00e1<\/a><\/li>\n\n\n\n<li><a rel=\"noreferrer noopener\" href=\"https:\/\/www.fauel.org.br\/index.php\" target=\"_blank\">FAUEL &#8211; Funda\u00e7\u00e3o de Apoio e Desenvolvimento da UEL<\/a><\/li>\n\n\n\n<li><a href=\"https:\/\/funcetic.org.br\/home\/\" target=\"_blank\" rel=\"noreferrer noopener\">FUNCETIC &#8211; Funda\u00e7\u00e3o de Fomento \u00e0 Ci\u00eancia, Tecnologia, Inova\u00e7\u00e3o e Cultura<\/a><\/li>\n<\/ul>\n","protected":false},"excerpt":{"rendered":"<p>&nbsp;<\/p>\n","protected":false},"author":8,"featured_media":0,"parent":0,"menu_order":0,"comment_status":"closed","ping_status":"closed","template":"","meta":{"_themeisle_gutenberg_block_has_review":false,"footnotes":""},"class_list":["post-345","page","type-page","status-publish","hentry"],"acf":[],"yoast_head":"<!-- This site is optimized with the Yoast SEO plugin v24.4 - https:\/\/yoast.com\/wordpress\/plugins\/seo\/ -->\n<title>Registro de Funda\u00e7\u00f5es de Apoio \u00e0 UEL - PROPLAN<\/title>\n<meta name=\"robots\" content=\"index, follow, max-snippet:-1, max-image-preview:large, max-video-preview:-1\" \/>\n<link rel=\"canonical\" href=\"https:\/\/sites.uel.br\/proplan\/registro-de-fundacoes-de-apoio-a-uel\/\" \/>\n<meta property=\"og:locale\" content=\"pt_BR\" \/>\n<meta property=\"og:type\" content=\"article\" \/>\n<meta property=\"og:title\" content=\"Registro de Funda\u00e7\u00f5es de Apoio \u00e0 UEL - PROPLAN\" \/>\n<meta property=\"og:description\" content=\"&nbsp;\" \/>\n<meta property=\"og:url\" content=\"https:\/\/sites.uel.br\/proplan\/registro-de-fundacoes-de-apoio-a-uel\/\" \/>\n<meta property=\"og:site_name\" content=\"PROPLAN\" \/>\n<meta property=\"article:modified_time\" content=\"2023-11-07T14:49:18+00:00\" \/>\n<meta name=\"twitter:card\" content=\"summary_large_image\" \/>\n<script type=\"application\/ld+json\" class=\"yoast-schema-graph\">{\"@context\":\"https:\/\/schema.org\",\"@graph\":[{\"@type\":\"WebPage\",\"@id\":\"https:\/\/sites.uel.br\/proplan\/registro-de-fundacoes-de-apoio-a-uel\/\",\"url\":\"https:\/\/sites.uel.br\/proplan\/registro-de-fundacoes-de-apoio-a-uel\/\",\"name\":\"Registro de Funda\u00e7\u00f5es de Apoio \u00e0 UEL - PROPLAN\",\"isPartOf\":{\"@id\":\"https:\/\/sites.uel.br\/proplan\/#website\"},\"datePublished\":\"2023-03-08T11:40:37+00:00\",\"dateModified\":\"2023-11-07T14:49:18+00:00\",\"breadcrumb\":{\"@id\":\"https:\/\/sites.uel.br\/proplan\/registro-de-fundacoes-de-apoio-a-uel\/#breadcrumb\"},\"inLanguage\":\"pt-BR\",\"potentialAction\":[{\"@type\":\"ReadAction\",\"target\":[\"https:\/\/sites.uel.br\/proplan\/registro-de-fundacoes-de-apoio-a-uel\/\"]}]},{\"@type\":\"BreadcrumbList\",\"@id\":\"https:\/\/sites.uel.br\/proplan\/registro-de-fundacoes-de-apoio-a-uel\/#breadcrumb\",\"itemListElement\":[{\"@type\":\"ListItem\",\"position\":1,\"name\":\"In\u00edcio\",\"item\":\"https:\/\/sites.uel.br\/proplan\/\"},{\"@type\":\"ListItem\",\"position\":2,\"name\":\"Registro de Funda\u00e7\u00f5es de Apoio \u00e0 UEL\"}]},{\"@type\":\"WebSite\",\"@id\":\"https:\/\/sites.uel.br\/proplan\/#website\",\"url\":\"https:\/\/sites.uel.br\/proplan\/\",\"name\":\"PROPLAN\",\"description\":\"Pr\u00f3-Reitoria de Planejamento\",\"publisher\":{\"@id\":\"https:\/\/sites.uel.br\/proplan\/#organization\"},\"potentialAction\":[{\"@type\":\"SearchAction\",\"target\":{\"@type\":\"EntryPoint\",\"urlTemplate\":\"https:\/\/sites.uel.br\/proplan\/?s={search_term_string}\"},\"query-input\":{\"@type\":\"PropertyValueSpecification\",\"valueRequired\":true,\"valueName\":\"search_term_string\"}}],\"inLanguage\":\"pt-BR\"},{\"@type\":\"Organization\",\"@id\":\"https:\/\/sites.uel.br\/proplan\/#organization\",\"name\":\"PROPLAN\",\"url\":\"https:\/\/sites.uel.br\/proplan\/\",\"logo\":{\"@type\":\"ImageObject\",\"inLanguage\":\"pt-BR\",\"@id\":\"https:\/\/sites.uel.br\/proplan\/#\/schema\/logo\/image\/\",\"url\":\"https:\/\/sites.uel.br\/proplan\/wp-content\/uploads\/2022\/12\/cropped-LogoUEL_Branco.png-1.webp\",\"contentUrl\":\"https:\/\/sites.uel.br\/proplan\/wp-content\/uploads\/2022\/12\/cropped-LogoUEL_Branco.png-1.webp\",\"width\":1140,\"height\":1140,\"caption\":\"PROPLAN\"},\"image\":{\"@id\":\"https:\/\/sites.uel.br\/proplan\/#\/schema\/logo\/image\/\"}}]}<\/script>\n<!-- \/ Yoast SEO plugin. -->","yoast_head_json":{"title":"Registro de Funda\u00e7\u00f5es de Apoio \u00e0 UEL - PROPLAN","robots":{"index":"index","follow":"follow","max-snippet":"max-snippet:-1","max-image-preview":"max-image-preview:large","max-video-preview":"max-video-preview:-1"},"canonical":"https:\/\/sites.uel.br\/proplan\/registro-de-fundacoes-de-apoio-a-uel\/","og_locale":"pt_BR","og_type":"article","og_title":"Registro de Funda\u00e7\u00f5es de Apoio \u00e0 UEL - PROPLAN","og_description":"&nbsp;","og_url":"https:\/\/sites.uel.br\/proplan\/registro-de-fundacoes-de-apoio-a-uel\/","og_site_name":"PROPLAN","article_modified_time":"2023-11-07T14:49:18+00:00","twitter_card":"summary_large_image","schema":{"@context":"https:\/\/schema.org","@graph":[{"@type":"WebPage","@id":"https:\/\/sites.uel.br\/proplan\/registro-de-fundacoes-de-apoio-a-uel\/","url":"https:\/\/sites.uel.br\/proplan\/registro-de-fundacoes-de-apoio-a-uel\/","name":"Registro de Funda\u00e7\u00f5es de Apoio \u00e0 UEL - PROPLAN","isPartOf":{"@id":"https:\/\/sites.uel.br\/proplan\/#website"},"datePublished":"2023-03-08T11:40:37+00:00","dateModified":"2023-11-07T14:49:18+00:00","breadcrumb":{"@id":"https:\/\/sites.uel.br\/proplan\/registro-de-fundacoes-de-apoio-a-uel\/#breadcrumb"},"inLanguage":"pt-BR","potentialAction":[{"@type":"ReadAction","target":["https:\/\/sites.uel.br\/proplan\/registro-de-fundacoes-de-apoio-a-uel\/"]}]},{"@type":"BreadcrumbList","@id":"https:\/\/sites.uel.br\/proplan\/registro-de-fundacoes-de-apoio-a-uel\/#breadcrumb","itemListElement":[{"@type":"ListItem","position":1,"name":"In\u00edcio","item":"https:\/\/sites.uel.br\/proplan\/"},{"@type":"ListItem","position":2,"name":"Registro de Funda\u00e7\u00f5es de Apoio \u00e0 UEL"}]},{"@type":"WebSite","@id":"https:\/\/sites.uel.br\/proplan\/#website","url":"https:\/\/sites.uel.br\/proplan\/","name":"PROPLAN","description":"Pr\u00f3-Reitoria de Planejamento","publisher":{"@id":"https:\/\/sites.uel.br\/proplan\/#organization"},"potentialAction":[{"@type":"SearchAction","target":{"@type":"EntryPoint","urlTemplate":"https:\/\/sites.uel.br\/proplan\/?s={search_term_string}"},"query-input":{"@type":"PropertyValueSpecification","valueRequired":true,"valueName":"search_term_string"}}],"inLanguage":"pt-BR"},{"@type":"Organization","@id":"https:\/\/sites.uel.br\/proplan\/#organization","name":"PROPLAN","url":"https:\/\/sites.uel.br\/proplan\/","logo":{"@type":"ImageObject","inLanguage":"pt-BR","@id":"https:\/\/sites.uel.br\/proplan\/#\/schema\/logo\/image\/","url":"https:\/\/sites.uel.br\/proplan\/wp-content\/uploads\/2022\/12\/cropped-LogoUEL_Branco.png-1.webp","contentUrl":"https:\/\/sites.uel.br\/proplan\/wp-content\/uploads\/2022\/12\/cropped-LogoUEL_Branco.png-1.webp","width":1140,"height":1140,"caption":"PROPLAN"},"image":{"@id":"https:\/\/sites.uel.br\/proplan\/#\/schema\/logo\/image\/"}}]}},"_links":{"self":[{"href":"https:\/\/sites.uel.br\/proplan\/wp-json\/wp\/v2\/pages\/345","targetHints":{"allow":["GET"]}}],"collection":[{"href":"https:\/\/sites.uel.br\/proplan\/wp-json\/wp\/v2\/pages"}],"about":[{"href":"https:\/\/sites.uel.br\/proplan\/wp-json\/wp\/v2\/types\/page"}],"author":[{"embeddable":true,"href":"https:\/\/sites.uel.br\/proplan\/wp-json\/wp\/v2\/users\/8"}],"replies":[{"embeddable":true,"href":"https:\/\/sites.uel.br\/proplan\/wp-json\/wp\/v2\/comments?post=345"}],"version-history":[{"count":6,"href":"https:\/\/sites.uel.br\/proplan\/wp-json\/wp\/v2\/pages\/345\/revisions"}],"predecessor-version":[{"id":1155,"href":"https:\/\/sites.uel.br\/proplan\/wp-json\/wp\/v2\/pages\/345\/revisions\/1155"}],"wp:attachment":[{"href":"https:\/\/sites.uel.br\/proplan\/wp-json\/wp\/v2\/media?parent=345"}],"curies":[{"name":"wp","href":"https:\/\/api.w.org\/{rel}","templated":true}]}}