{"id":28,"date":"2022-12-16T15:00:38","date_gmt":"2022-12-16T18:00:38","guid":{"rendered":"https:\/\/sites.uel.br\/proplan\/?page_id=28"},"modified":"2023-10-02T10:40:19","modified_gmt":"2023-10-02T13:40:19","slug":"historico","status":"publish","type":"page","link":"https:\/\/sites.uel.br\/proplan\/historico\/","title":{"rendered":"Sobre a Pr\u00f3-Reitoria"},"content":{"rendered":"\n<p><\/p>\n\n\n\n<p>A Coordenadoria de Planejamento foi constitu\u00edda pelo Ato Executivo no 042 de 27 de julho de 1971. Em 04 de setembro de 1973 a Resolu\u00e7\u00e3o CA no 175 aprovou o Regimento da Reitoria relacionando a Assessoria de Planejamento e Controle com a Se\u00e7\u00e3o de Engenharia e Arquitetura.<\/p>\n\n\n\n<p>A Resolu\u00e7\u00e3o CA no 329, de 24 de mar\u00e7o de 1976 transformou a Assessoria em Secretaria de Planejamento e Controle composta pelas Subsecretarias de Or\u00e7amento e Finan\u00e7as, Recursos Humanos e Acad\u00eamicos, de Sistemas e M\u00e9todos e Planejamento F\u00edsico.<\/p>\n\n\n\n<p>Em 29 de julho de 1977, a Resolu\u00e7\u00e3o CA no 402 d\u00e1 nova reda\u00e7\u00e3o ao Regimento da Reitoria, relacionando todos os seus \u00f3rg\u00e3os e o Ato Executivo n\u00ba 411 de 04 de agosto de 1977 e cria a Assessoria de Planejamento e Controle. Em 30 de abril de 1985, o Ato Executivo n\u00ba 756 cria na Assessoria as divis\u00f5es Acad\u00eamica, Administrativa e de Avalia\u00e7\u00e3o e a Resolu\u00e7\u00e3o CA no 2.816 de 31 de maio de 1995, estabelece a estrutura da Assessoria compreendendo as Diretorias de Planejamento e Desenvolvimento Acad\u00eamico, de Planejamento e Desenvolvimento Administrativo, de Planejamento e Desenvolvimento F\u00edsico, Diretoria de Avalia\u00e7\u00e3o e Acompanhamento Institucional e de Or\u00e7amento e Programa\u00e7\u00e3o.<\/p>\n\n\n\n<p>A Pr\u00f3-Reitoria de Planejamento (PROPLAN) foi criada pela Resolu\u00e7\u00e3o CU n\u00ba 01 e 02 de 20 de janeiro de 2004 e a partir de 22 de janeiro de 2004 vigora o Estatuto e Regimento Geral da UEL.<\/p>\n\n\n\n<figure class=\"wp-block-image size-large\"><img loading=\"lazy\" decoding=\"async\" width=\"1024\" height=\"682\" src=\"https:\/\/sites.uel.br\/proplan\/wp-content\/uploads\/2023\/10\/proplan-uel-1024x682.jpeg\" alt=\"\" class=\"wp-image-953\" srcset=\"https:\/\/sites.uel.br\/proplan\/wp-content\/uploads\/2023\/10\/proplan-uel-1024x682.jpeg 1024w, https:\/\/sites.uel.br\/proplan\/wp-content\/uploads\/2023\/10\/proplan-uel-300x200.jpeg 300w, https:\/\/sites.uel.br\/proplan\/wp-content\/uploads\/2023\/10\/proplan-uel-768x512.jpeg 768w, https:\/\/sites.uel.br\/proplan\/wp-content\/uploads\/2023\/10\/proplan-uel-1536x1023.jpeg 1536w, https:\/\/sites.uel.br\/proplan\/wp-content\/uploads\/2023\/10\/proplan-uel.jpeg 1600w\" sizes=\"auto, (max-width: 1024px) 100vw, 1024px\" \/><\/figure>\n","protected":false},"excerpt":{"rendered":"<p>A Coordenadoria de Planejamento foi constitu\u00edda pelo Ato Executivo no 042 de 27 de julho de 1971. Em 04 de setembro de 1973 a Resolu\u00e7\u00e3o CA no 175 aprovou o Regimento da Reitoria relacionando a Assessoria de Planejamento e Controle com a Se\u00e7\u00e3o de Engenharia e Arquitetura. A Resolu\u00e7\u00e3o CA no 329, de 24 de [&hellip;]<\/p>\n","protected":false},"author":2,"featured_media":0,"parent":0,"menu_order":0,"comment_status":"closed","ping_status":"closed","template":"","meta":{"_themeisle_gutenberg_block_has_review":false,"footnotes":""},"class_list":["post-28","page","type-page","status-publish","hentry"],"acf":[],"yoast_head":"<!-- This site is optimized with the Yoast SEO plugin v24.4 - https:\/\/yoast.com\/wordpress\/plugins\/seo\/ -->\n<title>Sobre a Pr\u00f3-Reitoria - PROPLAN<\/title>\n<meta name=\"robots\" content=\"index, follow, max-snippet:-1, max-image-preview:large, max-video-preview:-1\" \/>\n<link rel=\"canonical\" href=\"https:\/\/sites.uel.br\/proplan\/historico\/\" \/>\n<meta property=\"og:locale\" content=\"pt_BR\" \/>\n<meta property=\"og:type\" content=\"article\" \/>\n<meta property=\"og:title\" content=\"Sobre a Pr\u00f3-Reitoria - PROPLAN\" \/>\n<meta property=\"og:description\" content=\"A Coordenadoria de Planejamento foi constitu\u00edda pelo Ato Executivo no 042 de 27 de julho de 1971. Em 04 de setembro de 1973 a Resolu\u00e7\u00e3o CA no 175 aprovou o Regimento da Reitoria relacionando a Assessoria de Planejamento e Controle com a Se\u00e7\u00e3o de Engenharia e Arquitetura. A Resolu\u00e7\u00e3o CA no 329, de 24 de [&hellip;]\" \/>\n<meta property=\"og:url\" content=\"https:\/\/sites.uel.br\/proplan\/historico\/\" \/>\n<meta property=\"og:site_name\" content=\"PROPLAN\" \/>\n<meta property=\"article:modified_time\" content=\"2023-10-02T13:40:19+00:00\" \/>\n<meta property=\"og:image\" content=\"https:\/\/sites.uel.br\/proplan\/wp-content\/uploads\/2023\/10\/proplan-uel-1024x682.jpeg\" \/>\n<meta name=\"twitter:card\" content=\"summary_large_image\" \/>\n<meta name=\"twitter:label1\" content=\"Est. tempo de leitura\" \/>\n\t<meta name=\"twitter:data1\" content=\"1 minuto\" \/>\n<script type=\"application\/ld+json\" class=\"yoast-schema-graph\">{\"@context\":\"https:\/\/schema.org\",\"@graph\":[{\"@type\":\"WebPage\",\"@id\":\"https:\/\/sites.uel.br\/proplan\/historico\/\",\"url\":\"https:\/\/sites.uel.br\/proplan\/historico\/\",\"name\":\"Sobre a Pr\u00f3-Reitoria - PROPLAN\",\"isPartOf\":{\"@id\":\"https:\/\/sites.uel.br\/proplan\/#website\"},\"primaryImageOfPage\":{\"@id\":\"https:\/\/sites.uel.br\/proplan\/historico\/#primaryimage\"},\"image\":{\"@id\":\"https:\/\/sites.uel.br\/proplan\/historico\/#primaryimage\"},\"thumbnailUrl\":\"https:\/\/sites.uel.br\/proplan\/wp-content\/uploads\/2023\/10\/proplan-uel-1024x682.jpeg\",\"datePublished\":\"2022-12-16T18:00:38+00:00\",\"dateModified\":\"2023-10-02T13:40:19+00:00\",\"breadcrumb\":{\"@id\":\"https:\/\/sites.uel.br\/proplan\/historico\/#breadcrumb\"},\"inLanguage\":\"pt-BR\",\"potentialAction\":[{\"@type\":\"ReadAction\",\"target\":[\"https:\/\/sites.uel.br\/proplan\/historico\/\"]}]},{\"@type\":\"ImageObject\",\"inLanguage\":\"pt-BR\",\"@id\":\"https:\/\/sites.uel.br\/proplan\/historico\/#primaryimage\",\"url\":\"https:\/\/sites.uel.br\/proplan\/wp-content\/uploads\/2023\/10\/proplan-uel.jpeg\",\"contentUrl\":\"https:\/\/sites.uel.br\/proplan\/wp-content\/uploads\/2023\/10\/proplan-uel.jpeg\",\"width\":1600,\"height\":1066},{\"@type\":\"BreadcrumbList\",\"@id\":\"https:\/\/sites.uel.br\/proplan\/historico\/#breadcrumb\",\"itemListElement\":[{\"@type\":\"ListItem\",\"position\":1,\"name\":\"In\u00edcio\",\"item\":\"https:\/\/sites.uel.br\/proplan\/\"},{\"@type\":\"ListItem\",\"position\":2,\"name\":\"Sobre a Pr\u00f3-Reitoria\"}]},{\"@type\":\"WebSite\",\"@id\":\"https:\/\/sites.uel.br\/proplan\/#website\",\"url\":\"https:\/\/sites.uel.br\/proplan\/\",\"name\":\"PROPLAN\",\"description\":\"Pr\u00f3-Reitoria de Planejamento\",\"publisher\":{\"@id\":\"https:\/\/sites.uel.br\/proplan\/#organization\"},\"potentialAction\":[{\"@type\":\"SearchAction\",\"target\":{\"@type\":\"EntryPoint\",\"urlTemplate\":\"https:\/\/sites.uel.br\/proplan\/?s={search_term_string}\"},\"query-input\":{\"@type\":\"PropertyValueSpecification\",\"valueRequired\":true,\"valueName\":\"search_term_string\"}}],\"inLanguage\":\"pt-BR\"},{\"@type\":\"Organization\",\"@id\":\"https:\/\/sites.uel.br\/proplan\/#organization\",\"name\":\"PROPLAN\",\"url\":\"https:\/\/sites.uel.br\/proplan\/\",\"logo\":{\"@type\":\"ImageObject\",\"inLanguage\":\"pt-BR\",\"@id\":\"https:\/\/sites.uel.br\/proplan\/#\/schema\/logo\/image\/\",\"url\":\"https:\/\/sites.uel.br\/proplan\/wp-content\/uploads\/2022\/12\/cropped-LogoUEL_Branco.png-1.webp\",\"contentUrl\":\"https:\/\/sites.uel.br\/proplan\/wp-content\/uploads\/2022\/12\/cropped-LogoUEL_Branco.png-1.webp\",\"width\":1140,\"height\":1140,\"caption\":\"PROPLAN\"},\"image\":{\"@id\":\"https:\/\/sites.uel.br\/proplan\/#\/schema\/logo\/image\/\"}}]}<\/script>\n<!-- \/ Yoast SEO plugin. -->","yoast_head_json":{"title":"Sobre a Pr\u00f3-Reitoria - PROPLAN","robots":{"index":"index","follow":"follow","max-snippet":"max-snippet:-1","max-image-preview":"max-image-preview:large","max-video-preview":"max-video-preview:-1"},"canonical":"https:\/\/sites.uel.br\/proplan\/historico\/","og_locale":"pt_BR","og_type":"article","og_title":"Sobre a Pr\u00f3-Reitoria - PROPLAN","og_description":"A Coordenadoria de Planejamento foi constitu\u00edda pelo Ato Executivo no 042 de 27 de julho de 1971. Em 04 de setembro de 1973 a Resolu\u00e7\u00e3o CA no 175 aprovou o Regimento da Reitoria relacionando a Assessoria de Planejamento e Controle com a Se\u00e7\u00e3o de Engenharia e Arquitetura. A Resolu\u00e7\u00e3o CA no 329, de 24 de [&hellip;]","og_url":"https:\/\/sites.uel.br\/proplan\/historico\/","og_site_name":"PROPLAN","article_modified_time":"2023-10-02T13:40:19+00:00","og_image":[{"url":"https:\/\/sites.uel.br\/proplan\/wp-content\/uploads\/2023\/10\/proplan-uel-1024x682.jpeg","type":"","width":"","height":""}],"twitter_card":"summary_large_image","twitter_misc":{"Est. tempo de leitura":"1 minuto"},"schema":{"@context":"https:\/\/schema.org","@graph":[{"@type":"WebPage","@id":"https:\/\/sites.uel.br\/proplan\/historico\/","url":"https:\/\/sites.uel.br\/proplan\/historico\/","name":"Sobre a Pr\u00f3-Reitoria - PROPLAN","isPartOf":{"@id":"https:\/\/sites.uel.br\/proplan\/#website"},"primaryImageOfPage":{"@id":"https:\/\/sites.uel.br\/proplan\/historico\/#primaryimage"},"image":{"@id":"https:\/\/sites.uel.br\/proplan\/historico\/#primaryimage"},"thumbnailUrl":"https:\/\/sites.uel.br\/proplan\/wp-content\/uploads\/2023\/10\/proplan-uel-1024x682.jpeg","datePublished":"2022-12-16T18:00:38+00:00","dateModified":"2023-10-02T13:40:19+00:00","breadcrumb":{"@id":"https:\/\/sites.uel.br\/proplan\/historico\/#breadcrumb"},"inLanguage":"pt-BR","potentialAction":[{"@type":"ReadAction","target":["https:\/\/sites.uel.br\/proplan\/historico\/"]}]},{"@type":"ImageObject","inLanguage":"pt-BR","@id":"https:\/\/sites.uel.br\/proplan\/historico\/#primaryimage","url":"https:\/\/sites.uel.br\/proplan\/wp-content\/uploads\/2023\/10\/proplan-uel.jpeg","contentUrl":"https:\/\/sites.uel.br\/proplan\/wp-content\/uploads\/2023\/10\/proplan-uel.jpeg","width":1600,"height":1066},{"@type":"BreadcrumbList","@id":"https:\/\/sites.uel.br\/proplan\/historico\/#breadcrumb","itemListElement":[{"@type":"ListItem","position":1,"name":"In\u00edcio","item":"https:\/\/sites.uel.br\/proplan\/"},{"@type":"ListItem","position":2,"name":"Sobre a Pr\u00f3-Reitoria"}]},{"@type":"WebSite","@id":"https:\/\/sites.uel.br\/proplan\/#website","url":"https:\/\/sites.uel.br\/proplan\/","name":"PROPLAN","description":"Pr\u00f3-Reitoria de Planejamento","publisher":{"@id":"https:\/\/sites.uel.br\/proplan\/#organization"},"potentialAction":[{"@type":"SearchAction","target":{"@type":"EntryPoint","urlTemplate":"https:\/\/sites.uel.br\/proplan\/?s={search_term_string}"},"query-input":{"@type":"PropertyValueSpecification","valueRequired":true,"valueName":"search_term_string"}}],"inLanguage":"pt-BR"},{"@type":"Organization","@id":"https:\/\/sites.uel.br\/proplan\/#organization","name":"PROPLAN","url":"https:\/\/sites.uel.br\/proplan\/","logo":{"@type":"ImageObject","inLanguage":"pt-BR","@id":"https:\/\/sites.uel.br\/proplan\/#\/schema\/logo\/image\/","url":"https:\/\/sites.uel.br\/proplan\/wp-content\/uploads\/2022\/12\/cropped-LogoUEL_Branco.png-1.webp","contentUrl":"https:\/\/sites.uel.br\/proplan\/wp-content\/uploads\/2022\/12\/cropped-LogoUEL_Branco.png-1.webp","width":1140,"height":1140,"caption":"PROPLAN"},"image":{"@id":"https:\/\/sites.uel.br\/proplan\/#\/schema\/logo\/image\/"}}]}},"_links":{"self":[{"href":"https:\/\/sites.uel.br\/proplan\/wp-json\/wp\/v2\/pages\/28","targetHints":{"allow":["GET"]}}],"collection":[{"href":"https:\/\/sites.uel.br\/proplan\/wp-json\/wp\/v2\/pages"}],"about":[{"href":"https:\/\/sites.uel.br\/proplan\/wp-json\/wp\/v2\/types\/page"}],"author":[{"embeddable":true,"href":"https:\/\/sites.uel.br\/proplan\/wp-json\/wp\/v2\/users\/2"}],"replies":[{"embeddable":true,"href":"https:\/\/sites.uel.br\/proplan\/wp-json\/wp\/v2\/comments?post=28"}],"version-history":[{"count":5,"href":"https:\/\/sites.uel.br\/proplan\/wp-json\/wp\/v2\/pages\/28\/revisions"}],"predecessor-version":[{"id":954,"href":"https:\/\/sites.uel.br\/proplan\/wp-json\/wp\/v2\/pages\/28\/revisions\/954"}],"wp:attachment":[{"href":"https:\/\/sites.uel.br\/proplan\/wp-json\/wp\/v2\/media?parent=28"}],"curies":[{"name":"wp","href":"https:\/\/api.w.org\/{rel}","templated":true}]}}