{"id":26,"date":"2022-12-16T15:00:27","date_gmt":"2022-12-16T18:00:27","guid":{"rendered":"https:\/\/sites.uel.br\/proplan\/?page_id=26"},"modified":"2024-12-13T15:04:45","modified_gmt":"2024-12-13T18:04:45","slug":"equipe","status":"publish","type":"page","link":"https:\/\/sites.uel.br\/proplan\/equipe\/","title":{"rendered":"Equipe e Estrutura"},"content":{"rendered":"\n<div style=\"height:24px\" aria-hidden=\"true\" class=\"wp-block-spacer\"><\/div>\n\n\n\n<h4 class=\"wp-block-heading\" style=\"font-size:25px\">Administra\u00e7\u00e3o<\/h4>\n\n\n\n<p><strong>Pr\u00f3-Reitor de Planejamento<\/strong><br>Prof. Dr. S\u00e9rgio Carlos de Carvalho &#8211;&nbsp;<a href=\"mailto:proaf@uel.br\">proplan@uel.br<\/a><\/p>\n\n\n\n<p><strong>Secret\u00e1ria Designada<\/strong><br>Simone Yuriko Kobayashi<\/p>\n\n\n\n<div style=\"height:8px\" aria-hidden=\"true\" class=\"wp-block-spacer\"><\/div>\n\n\n\n<div id=\"wp-block-themeisle-blocks-accordion-d7dce959\" class=\"wp-block-themeisle-blocks-accordion exclusive  is-style-default\">\n<details class=\"wp-block-themeisle-blocks-accordion-item\"><summary class=\"wp-block-themeisle-blocks-accordion-item__title\"><div><strong>Diretoria de Avalia\u00e7\u00e3o e Informa\u00e7\u00e3o Institucional <\/strong><\/div><\/summary><div class=\"wp-block-themeisle-blocks-accordion-item__content\">\n<p><strong>Diretor: <\/strong>Prof. Dr. Alexandre Urbano<\/p>\n\n\n\n<p>\u00c9 respons\u00e1vel por manter e divulgar dados atualizados relacionados \u00e0 produ\u00e7\u00e3o acad\u00eamica, normativas governamentais e indicadores institucionais. Ela acompanha a evolu\u00e7\u00e3o da institui\u00e7\u00e3o por meio desses indicadores, recomendando medidas para aprimorar sua qualidade. Al\u00e9m disso, prop\u00f5e instrumentos de diagn\u00f3stico e colabora com outras \u00e1reas para melhorar a qualidade dos dados acad\u00eamicos. A diretoria tamb\u00e9m promove uma cultura de avalia\u00e7\u00e3o na institui\u00e7\u00e3o e emite pareceres sobre quest\u00f5es de avalia\u00e7\u00e3o acad\u00eamica, com base em regulamenta\u00e7\u00f5es governamentais. Ela fornece informa\u00e7\u00f5es \u00e0 Comiss\u00e3o Permanente de Avalia\u00e7\u00e3o (CPA) e coordena a elabora\u00e7\u00e3o do Plano de Desenvolvimento Institucional, contribuindo significativamente para a melhoria cont\u00ednua da universidade.<\/p>\n<\/div><\/details>\n\n\n\n<details class=\"wp-block-themeisle-blocks-accordion-item\"><summary class=\"wp-block-themeisle-blocks-accordion-item__title\"><div><strong>Diretoria de Or\u00e7amento e Programa\u00e7\u00e3o<\/strong><\/div><\/summary><div class=\"wp-block-themeisle-blocks-accordion-item__content\">\n<p><strong>Diretor<\/strong>: Al\u00e9cio Martins Fontes<\/p>\n\n\n\n<p>\u00c9 respons\u00e1vel pela elabora\u00e7\u00e3o e acompanhamento do or\u00e7amento. Isso inclui a confec\u00e7\u00e3o do Plano Plurianual (PPA), a elabora\u00e7\u00e3o da proposta or\u00e7ament\u00e1ria anual, o acompanhamento da execu\u00e7\u00e3o or\u00e7ament\u00e1ria e a busca por recursos externos. A diretoria desempenha um papel crucial na garantia da efici\u00eancia financeira da institui\u00e7\u00e3o.<\/p>\n<\/div><\/details>\n\n\n\n<details class=\"wp-block-themeisle-blocks-accordion-item\"><summary class=\"wp-block-themeisle-blocks-accordion-item__title\"><div><strong>Diretoria de Planejamento e Desenvolvimento Administrativo<\/strong><\/div><\/summary><div class=\"wp-block-themeisle-blocks-accordion-item__content\">\n<p><strong>Diretor: <\/strong>Luis Fernando Casarim<\/p>\n\n\n\n<p>\u00c9 respons\u00e1vel por coordenar pol\u00edticas e diretrizes que aprimoram o suporte \u00e0s atividades acad\u00eamicas, otimizando o desempenho administrativo, avaliando viabilidade econ\u00f4mica de projetos, desenvolvendo sistemas de custos, revisando normativos, melhorando processos, colaborando com TI, atualizando regulamentos de pessoal, gerenciando conv\u00eanios e fortalecendo parcerias, garantindo efici\u00eancia nas opera\u00e7\u00f5es administrativas da Universidade.<\/p>\n<\/div><\/details>\n\n\n\n<details class=\"wp-block-themeisle-blocks-accordion-item\"><summary class=\"wp-block-themeisle-blocks-accordion-item__title\"><div><strong>Diretoria de Planejamento e Integra\u00e7\u00e3o Acad\u00eamica<\/strong><\/div><\/summary><div class=\"wp-block-themeisle-blocks-accordion-item__content\">\n<p><strong>Diretor: <\/strong>Prof. Dr. Sergio Henrique Gerelus<\/p>\n\n\n\n<p>\u00c9 respons\u00e1vel por incluir a coordena\u00e7\u00e3o das pol\u00edticas acad\u00eamicas, melhoria da qualidade do ensino, pesquisa e extens\u00e3o, an\u00e1lise de novos cursos, promo\u00e7\u00e3o da indissociabilidade entre ensino, pesquisa e extens\u00e3o, colabora\u00e7\u00e3o na capta\u00e7\u00e3o de recursos e apoio t\u00e9cnico a projetos institucionais. Seu foco central \u00e9 a excel\u00eancia acad\u00eamica e o desenvolvimento estrat\u00e9gico da institui\u00e7\u00e3o<\/p>\n<\/div><\/details>\n\n\n\n<details class=\"wp-block-themeisle-blocks-accordion-item\"><summary class=\"wp-block-themeisle-blocks-accordion-item__title\"><div><strong>Diretoria de Planejamento do Territ\u00f3rio e Edifica\u00e7\u00f5es<\/strong><\/div><\/summary><div class=\"wp-block-themeisle-blocks-accordion-item__content\">\n<p><strong>Diretor: <\/strong>Prof. Dr. Aron Lopes Petrucci<\/p>\n\n\n\n<p>\u00c9 respons\u00e1vel por gerenciar o espa\u00e7o f\u00edsico da universidade, incluindo a condu\u00e7\u00e3o de projetos de Engenharia e Arquitetura, an\u00e1lise de demandas de constru\u00e7\u00e3o e reforma, manuten\u00e7\u00e3o de informa\u00e7\u00f5es t\u00e9cnicas e cadastro f\u00edsico-territorial, elabora\u00e7\u00e3o de estudos de viabilidade, gerenciamento de contratos, aprova\u00e7\u00e3o de projetos nos \u00f3rg\u00e3os competentes e documenta\u00e7\u00e3o relacionada a obras e servi\u00e7os de arquitetura e engenharia. Seu trabalho \u00e9 crucial para o planejamento e manuten\u00e7\u00e3o eficazes das instala\u00e7\u00f5es da institui\u00e7\u00e3o.<\/p>\n<\/div><\/details>\n<\/div>\n\n\n\n<div style=\"height:16px\" aria-hidden=\"true\" class=\"wp-block-spacer\"><\/div>\n","protected":false},"excerpt":{"rendered":"<p>Administra\u00e7\u00e3o Pr\u00f3-Reitor de PlanejamentoProf. Dr. S\u00e9rgio Carlos de Carvalho &#8211;&nbsp;proplan@uel.br Secret\u00e1ria DesignadaSimone Yuriko Kobayashi<\/p>\n","protected":false},"author":2,"featured_media":0,"parent":0,"menu_order":0,"comment_status":"closed","ping_status":"closed","template":"","meta":{"_themeisle_gutenberg_block_has_review":false,"footnotes":""},"class_list":["post-26","page","type-page","status-publish","hentry"],"acf":[],"yoast_head":"<!-- This site is optimized with the Yoast SEO plugin v24.4 - https:\/\/yoast.com\/wordpress\/plugins\/seo\/ -->\n<title>Equipe e Estrutura - PROPLAN<\/title>\n<meta name=\"robots\" content=\"index, follow, max-snippet:-1, max-image-preview:large, max-video-preview:-1\" \/>\n<link rel=\"canonical\" href=\"https:\/\/sites.uel.br\/proplan\/equipe\/\" \/>\n<meta property=\"og:locale\" content=\"pt_BR\" \/>\n<meta property=\"og:type\" content=\"article\" \/>\n<meta property=\"og:title\" content=\"Equipe e Estrutura - PROPLAN\" \/>\n<meta property=\"og:description\" content=\"Administra\u00e7\u00e3o Pr\u00f3-Reitor de PlanejamentoProf. Dr. S\u00e9rgio Carlos de Carvalho &#8211;&nbsp;proplan@uel.br Secret\u00e1ria DesignadaSimone Yuriko Kobayashi\" \/>\n<meta property=\"og:url\" content=\"https:\/\/sites.uel.br\/proplan\/equipe\/\" \/>\n<meta property=\"og:site_name\" content=\"PROPLAN\" \/>\n<meta property=\"article:modified_time\" content=\"2024-12-13T18:04:45+00:00\" \/>\n<meta name=\"twitter:card\" content=\"summary_large_image\" \/>\n<meta name=\"twitter:label1\" content=\"Est. tempo de leitura\" \/>\n\t<meta name=\"twitter:data1\" content=\"2 minutos\" \/>\n<script type=\"application\/ld+json\" class=\"yoast-schema-graph\">{\"@context\":\"https:\/\/schema.org\",\"@graph\":[{\"@type\":\"WebPage\",\"@id\":\"https:\/\/sites.uel.br\/proplan\/equipe\/\",\"url\":\"https:\/\/sites.uel.br\/proplan\/equipe\/\",\"name\":\"Equipe e Estrutura - PROPLAN\",\"isPartOf\":{\"@id\":\"https:\/\/sites.uel.br\/proplan\/#website\"},\"datePublished\":\"2022-12-16T18:00:27+00:00\",\"dateModified\":\"2024-12-13T18:04:45+00:00\",\"breadcrumb\":{\"@id\":\"https:\/\/sites.uel.br\/proplan\/equipe\/#breadcrumb\"},\"inLanguage\":\"pt-BR\",\"potentialAction\":[{\"@type\":\"ReadAction\",\"target\":[\"https:\/\/sites.uel.br\/proplan\/equipe\/\"]}]},{\"@type\":\"BreadcrumbList\",\"@id\":\"https:\/\/sites.uel.br\/proplan\/equipe\/#breadcrumb\",\"itemListElement\":[{\"@type\":\"ListItem\",\"position\":1,\"name\":\"In\u00edcio\",\"item\":\"https:\/\/sites.uel.br\/proplan\/\"},{\"@type\":\"ListItem\",\"position\":2,\"name\":\"Equipe e Estrutura\"}]},{\"@type\":\"WebSite\",\"@id\":\"https:\/\/sites.uel.br\/proplan\/#website\",\"url\":\"https:\/\/sites.uel.br\/proplan\/\",\"name\":\"PROPLAN\",\"description\":\"Pr\u00f3-Reitoria de Planejamento\",\"publisher\":{\"@id\":\"https:\/\/sites.uel.br\/proplan\/#organization\"},\"potentialAction\":[{\"@type\":\"SearchAction\",\"target\":{\"@type\":\"EntryPoint\",\"urlTemplate\":\"https:\/\/sites.uel.br\/proplan\/?s={search_term_string}\"},\"query-input\":{\"@type\":\"PropertyValueSpecification\",\"valueRequired\":true,\"valueName\":\"search_term_string\"}}],\"inLanguage\":\"pt-BR\"},{\"@type\":\"Organization\",\"@id\":\"https:\/\/sites.uel.br\/proplan\/#organization\",\"name\":\"PROPLAN\",\"url\":\"https:\/\/sites.uel.br\/proplan\/\",\"logo\":{\"@type\":\"ImageObject\",\"inLanguage\":\"pt-BR\",\"@id\":\"https:\/\/sites.uel.br\/proplan\/#\/schema\/logo\/image\/\",\"url\":\"https:\/\/sites.uel.br\/proplan\/wp-content\/uploads\/2022\/12\/cropped-LogoUEL_Branco.png-1.webp\",\"contentUrl\":\"https:\/\/sites.uel.br\/proplan\/wp-content\/uploads\/2022\/12\/cropped-LogoUEL_Branco.png-1.webp\",\"width\":1140,\"height\":1140,\"caption\":\"PROPLAN\"},\"image\":{\"@id\":\"https:\/\/sites.uel.br\/proplan\/#\/schema\/logo\/image\/\"}}]}<\/script>\n<!-- \/ Yoast SEO plugin. -->","yoast_head_json":{"title":"Equipe e Estrutura - PROPLAN","robots":{"index":"index","follow":"follow","max-snippet":"max-snippet:-1","max-image-preview":"max-image-preview:large","max-video-preview":"max-video-preview:-1"},"canonical":"https:\/\/sites.uel.br\/proplan\/equipe\/","og_locale":"pt_BR","og_type":"article","og_title":"Equipe e Estrutura - PROPLAN","og_description":"Administra\u00e7\u00e3o Pr\u00f3-Reitor de PlanejamentoProf. Dr. S\u00e9rgio Carlos de Carvalho &#8211;&nbsp;proplan@uel.br Secret\u00e1ria DesignadaSimone Yuriko Kobayashi","og_url":"https:\/\/sites.uel.br\/proplan\/equipe\/","og_site_name":"PROPLAN","article_modified_time":"2024-12-13T18:04:45+00:00","twitter_card":"summary_large_image","twitter_misc":{"Est. tempo de leitura":"2 minutos"},"schema":{"@context":"https:\/\/schema.org","@graph":[{"@type":"WebPage","@id":"https:\/\/sites.uel.br\/proplan\/equipe\/","url":"https:\/\/sites.uel.br\/proplan\/equipe\/","name":"Equipe e Estrutura - PROPLAN","isPartOf":{"@id":"https:\/\/sites.uel.br\/proplan\/#website"},"datePublished":"2022-12-16T18:00:27+00:00","dateModified":"2024-12-13T18:04:45+00:00","breadcrumb":{"@id":"https:\/\/sites.uel.br\/proplan\/equipe\/#breadcrumb"},"inLanguage":"pt-BR","potentialAction":[{"@type":"ReadAction","target":["https:\/\/sites.uel.br\/proplan\/equipe\/"]}]},{"@type":"BreadcrumbList","@id":"https:\/\/sites.uel.br\/proplan\/equipe\/#breadcrumb","itemListElement":[{"@type":"ListItem","position":1,"name":"In\u00edcio","item":"https:\/\/sites.uel.br\/proplan\/"},{"@type":"ListItem","position":2,"name":"Equipe e Estrutura"}]},{"@type":"WebSite","@id":"https:\/\/sites.uel.br\/proplan\/#website","url":"https:\/\/sites.uel.br\/proplan\/","name":"PROPLAN","description":"Pr\u00f3-Reitoria de Planejamento","publisher":{"@id":"https:\/\/sites.uel.br\/proplan\/#organization"},"potentialAction":[{"@type":"SearchAction","target":{"@type":"EntryPoint","urlTemplate":"https:\/\/sites.uel.br\/proplan\/?s={search_term_string}"},"query-input":{"@type":"PropertyValueSpecification","valueRequired":true,"valueName":"search_term_string"}}],"inLanguage":"pt-BR"},{"@type":"Organization","@id":"https:\/\/sites.uel.br\/proplan\/#organization","name":"PROPLAN","url":"https:\/\/sites.uel.br\/proplan\/","logo":{"@type":"ImageObject","inLanguage":"pt-BR","@id":"https:\/\/sites.uel.br\/proplan\/#\/schema\/logo\/image\/","url":"https:\/\/sites.uel.br\/proplan\/wp-content\/uploads\/2022\/12\/cropped-LogoUEL_Branco.png-1.webp","contentUrl":"https:\/\/sites.uel.br\/proplan\/wp-content\/uploads\/2022\/12\/cropped-LogoUEL_Branco.png-1.webp","width":1140,"height":1140,"caption":"PROPLAN"},"image":{"@id":"https:\/\/sites.uel.br\/proplan\/#\/schema\/logo\/image\/"}}]}},"_links":{"self":[{"href":"https:\/\/sites.uel.br\/proplan\/wp-json\/wp\/v2\/pages\/26","targetHints":{"allow":["GET"]}}],"collection":[{"href":"https:\/\/sites.uel.br\/proplan\/wp-json\/wp\/v2\/pages"}],"about":[{"href":"https:\/\/sites.uel.br\/proplan\/wp-json\/wp\/v2\/types\/page"}],"author":[{"embeddable":true,"href":"https:\/\/sites.uel.br\/proplan\/wp-json\/wp\/v2\/users\/2"}],"replies":[{"embeddable":true,"href":"https:\/\/sites.uel.br\/proplan\/wp-json\/wp\/v2\/comments?post=26"}],"version-history":[{"count":48,"href":"https:\/\/sites.uel.br\/proplan\/wp-json\/wp\/v2\/pages\/26\/revisions"}],"predecessor-version":[{"id":1545,"href":"https:\/\/sites.uel.br\/proplan\/wp-json\/wp\/v2\/pages\/26\/revisions\/1545"}],"wp:attachment":[{"href":"https:\/\/sites.uel.br\/proplan\/wp-json\/wp\/v2\/media?parent=26"}],"curies":[{"name":"wp","href":"https:\/\/api.w.org\/{rel}","templated":true}]}}