{"id":1626,"date":"2025-07-18T11:00:44","date_gmt":"2025-07-18T14:00:44","guid":{"rendered":"https:\/\/sites.uel.br\/proplan\/?page_id=1626"},"modified":"2025-07-23T16:16:45","modified_gmt":"2025-07-23T19:16:45","slug":"instrumentos-referenciais","status":"publish","type":"page","link":"https:\/\/sites.uel.br\/proplan\/instrumentos-referenciais\/","title":{"rendered":"Instrumentos Referenciais"},"content":{"rendered":"\n<p><\/p>\n\n\n\n<p>Instrumento Referencial para credenciamento de professores de outras institui\u00e7\u00f5es no quadro de docentes de Programas de P\u00f3s-Gradua\u00e7\u00e3o <em>Stricto sensu<\/em> da Universidade Estadual de Londrina.<\/p>\n\n\n\n<p><a href=\"https:\/\/sites.uel.br\/proplan\/wp-content\/uploads\/2025\/07\/PARECER_REFERENCIAL_012025.pdf\" target=\"_blank\" rel=\"noreferrer noopener\">Parecer Referencial N\u00ba 01\/2025 &#8211; PJU\/UEL<\/a><br><a href=\"https:\/\/sites.uel.br\/proplan\/wp-content\/uploads\/2025\/07\/DESPACHO_DECISORIO_003_2025.pdf\" target=\"_blank\" rel=\"noreferrer noopener\">Despacho Decis\u00f3rio n\u00ba 003\/2025 &#8211; PJU\/UEL<\/a><br><a href=\"https:\/\/sites.uel.br\/proplan\/wp-content\/uploads\/2025\/07\/Publicacao_Diario_Oficial.pdf\" target=\"_blank\" rel=\"noreferrer noopener\">Publica\u00e7\u00e3o em Di\u00e1rio Oficial do Paran\u00e1<\/a><\/p>\n\n\n\n<p>________________________________________________________________________________________________________________________________<\/p>\n\n\n\n<p>Celebra\u00e7\u00e3o de Acordo de Coopera\u00e7\u00e3o com Funda\u00e7\u00f5es de Apoio credenciadas na Universidade Estadual de Londrina para a gest\u00e3o administrativa de cursos de P\u00f3s Gradua\u00e7\u00e3o <em>Lato sensu<\/em> com fulcro na Lei Estadual n. 20.537\/2021.<\/p>\n\n\n\n<p><a href=\"https:\/\/sites.uel.br\/proplan\/wp-content\/uploads\/2025\/07\/PARECERREFERENCIAL0220241.pdf\" target=\"_blank\" rel=\"noreferrer noopener\">Parecer Referencial n\u00ba 02\/2024 &#8211; PJU\/UEL<\/a><br><a href=\"https:\/\/sites.uel.br\/proplan\/wp-content\/uploads\/2025\/07\/DESPACHODECISORION.005_2025.pdf\" target=\"_blank\" rel=\"noreferrer noopener\">Despacho Decis\u00f3rio n\u00ba 005\/2025 &#8211; PJU\/UEL<\/a><br><a href=\"https:\/\/sites.uel.br\/proplan\/wp-content\/uploads\/2025\/07\/CI_2025-07-23.pdf\" target=\"_blank\" rel=\"noreferrer noopener\">Publica\u00e7\u00e3o em Di\u00e1rio Oficial do Paran\u00e1<\/a><\/p>\n\n\n\n<p><\/p>\n","protected":false},"excerpt":{"rendered":"<p>Instrumento Referencial para credenciamento de professores de outras institui\u00e7\u00f5es no quadro de docentes de Programas de P\u00f3s-Gradua\u00e7\u00e3o Stricto sensu da Universidade Estadual de Londrina. Parecer Referencial N\u00ba 01\/2025 &#8211; PJU\/UELDespacho Decis\u00f3rio n\u00ba 003\/2025 &#8211; PJU\/UELPublica\u00e7\u00e3o em Di\u00e1rio Oficial do Paran\u00e1 ________________________________________________________________________________________________________________________________ Celebra\u00e7\u00e3o de Acordo de Coopera\u00e7\u00e3o com Funda\u00e7\u00f5es de Apoio credenciadas na Universidade Estadual de [&hellip;]<\/p>\n","protected":false},"author":6,"featured_media":0,"parent":0,"menu_order":0,"comment_status":"closed","ping_status":"closed","template":"","meta":{"_themeisle_gutenberg_block_has_review":false,"footnotes":""},"class_list":["post-1626","page","type-page","status-publish","hentry"],"acf":[],"yoast_head":"<!-- This site is optimized with the Yoast SEO plugin v24.4 - https:\/\/yoast.com\/wordpress\/plugins\/seo\/ -->\n<title>Instrumentos Referenciais - PROPLAN<\/title>\n<meta name=\"robots\" content=\"index, follow, max-snippet:-1, max-image-preview:large, max-video-preview:-1\" \/>\n<link rel=\"canonical\" href=\"https:\/\/sites.uel.br\/proplan\/instrumentos-referenciais\/\" \/>\n<meta property=\"og:locale\" content=\"pt_BR\" \/>\n<meta property=\"og:type\" content=\"article\" \/>\n<meta property=\"og:title\" content=\"Instrumentos Referenciais - PROPLAN\" \/>\n<meta property=\"og:description\" content=\"Instrumento Referencial para credenciamento de professores de outras institui\u00e7\u00f5es no quadro de docentes de Programas de P\u00f3s-Gradua\u00e7\u00e3o Stricto sensu da Universidade Estadual de Londrina. Parecer Referencial N\u00ba 01\/2025 &#8211; PJU\/UELDespacho Decis\u00f3rio n\u00ba 003\/2025 &#8211; PJU\/UELPublica\u00e7\u00e3o em Di\u00e1rio Oficial do Paran\u00e1 ________________________________________________________________________________________________________________________________ Celebra\u00e7\u00e3o de Acordo de Coopera\u00e7\u00e3o com Funda\u00e7\u00f5es de Apoio credenciadas na Universidade Estadual de [&hellip;]\" \/>\n<meta property=\"og:url\" content=\"https:\/\/sites.uel.br\/proplan\/instrumentos-referenciais\/\" \/>\n<meta property=\"og:site_name\" content=\"PROPLAN\" \/>\n<meta property=\"article:modified_time\" content=\"2025-07-23T19:16:45+00:00\" \/>\n<meta name=\"twitter:card\" content=\"summary_large_image\" \/>\n<meta name=\"twitter:label1\" content=\"Est. tempo de leitura\" \/>\n\t<meta name=\"twitter:data1\" content=\"1 minuto\" \/>\n<script type=\"application\/ld+json\" class=\"yoast-schema-graph\">{\"@context\":\"https:\/\/schema.org\",\"@graph\":[{\"@type\":\"WebPage\",\"@id\":\"https:\/\/sites.uel.br\/proplan\/instrumentos-referenciais\/\",\"url\":\"https:\/\/sites.uel.br\/proplan\/instrumentos-referenciais\/\",\"name\":\"Instrumentos Referenciais - PROPLAN\",\"isPartOf\":{\"@id\":\"https:\/\/sites.uel.br\/proplan\/#website\"},\"datePublished\":\"2025-07-18T14:00:44+00:00\",\"dateModified\":\"2025-07-23T19:16:45+00:00\",\"breadcrumb\":{\"@id\":\"https:\/\/sites.uel.br\/proplan\/instrumentos-referenciais\/#breadcrumb\"},\"inLanguage\":\"pt-BR\",\"potentialAction\":[{\"@type\":\"ReadAction\",\"target\":[\"https:\/\/sites.uel.br\/proplan\/instrumentos-referenciais\/\"]}]},{\"@type\":\"BreadcrumbList\",\"@id\":\"https:\/\/sites.uel.br\/proplan\/instrumentos-referenciais\/#breadcrumb\",\"itemListElement\":[{\"@type\":\"ListItem\",\"position\":1,\"name\":\"In\u00edcio\",\"item\":\"https:\/\/sites.uel.br\/proplan\/\"},{\"@type\":\"ListItem\",\"position\":2,\"name\":\"Instrumentos Referenciais\"}]},{\"@type\":\"WebSite\",\"@id\":\"https:\/\/sites.uel.br\/proplan\/#website\",\"url\":\"https:\/\/sites.uel.br\/proplan\/\",\"name\":\"PROPLAN\",\"description\":\"Pr\u00f3-Reitoria de Planejamento\",\"publisher\":{\"@id\":\"https:\/\/sites.uel.br\/proplan\/#organization\"},\"potentialAction\":[{\"@type\":\"SearchAction\",\"target\":{\"@type\":\"EntryPoint\",\"urlTemplate\":\"https:\/\/sites.uel.br\/proplan\/?s={search_term_string}\"},\"query-input\":{\"@type\":\"PropertyValueSpecification\",\"valueRequired\":true,\"valueName\":\"search_term_string\"}}],\"inLanguage\":\"pt-BR\"},{\"@type\":\"Organization\",\"@id\":\"https:\/\/sites.uel.br\/proplan\/#organization\",\"name\":\"PROPLAN\",\"url\":\"https:\/\/sites.uel.br\/proplan\/\",\"logo\":{\"@type\":\"ImageObject\",\"inLanguage\":\"pt-BR\",\"@id\":\"https:\/\/sites.uel.br\/proplan\/#\/schema\/logo\/image\/\",\"url\":\"https:\/\/sites.uel.br\/proplan\/wp-content\/uploads\/2022\/12\/cropped-LogoUEL_Branco.png-1.webp\",\"contentUrl\":\"https:\/\/sites.uel.br\/proplan\/wp-content\/uploads\/2022\/12\/cropped-LogoUEL_Branco.png-1.webp\",\"width\":1140,\"height\":1140,\"caption\":\"PROPLAN\"},\"image\":{\"@id\":\"https:\/\/sites.uel.br\/proplan\/#\/schema\/logo\/image\/\"}}]}<\/script>\n<!-- \/ Yoast SEO plugin. -->","yoast_head_json":{"title":"Instrumentos Referenciais - PROPLAN","robots":{"index":"index","follow":"follow","max-snippet":"max-snippet:-1","max-image-preview":"max-image-preview:large","max-video-preview":"max-video-preview:-1"},"canonical":"https:\/\/sites.uel.br\/proplan\/instrumentos-referenciais\/","og_locale":"pt_BR","og_type":"article","og_title":"Instrumentos Referenciais - PROPLAN","og_description":"Instrumento Referencial para credenciamento de professores de outras institui\u00e7\u00f5es no quadro de docentes de Programas de P\u00f3s-Gradua\u00e7\u00e3o Stricto sensu da Universidade Estadual de Londrina. Parecer Referencial N\u00ba 01\/2025 &#8211; PJU\/UELDespacho Decis\u00f3rio n\u00ba 003\/2025 &#8211; PJU\/UELPublica\u00e7\u00e3o em Di\u00e1rio Oficial do Paran\u00e1 ________________________________________________________________________________________________________________________________ Celebra\u00e7\u00e3o de Acordo de Coopera\u00e7\u00e3o com Funda\u00e7\u00f5es de Apoio credenciadas na Universidade Estadual de [&hellip;]","og_url":"https:\/\/sites.uel.br\/proplan\/instrumentos-referenciais\/","og_site_name":"PROPLAN","article_modified_time":"2025-07-23T19:16:45+00:00","twitter_card":"summary_large_image","twitter_misc":{"Est. tempo de leitura":"1 minuto"},"schema":{"@context":"https:\/\/schema.org","@graph":[{"@type":"WebPage","@id":"https:\/\/sites.uel.br\/proplan\/instrumentos-referenciais\/","url":"https:\/\/sites.uel.br\/proplan\/instrumentos-referenciais\/","name":"Instrumentos Referenciais - PROPLAN","isPartOf":{"@id":"https:\/\/sites.uel.br\/proplan\/#website"},"datePublished":"2025-07-18T14:00:44+00:00","dateModified":"2025-07-23T19:16:45+00:00","breadcrumb":{"@id":"https:\/\/sites.uel.br\/proplan\/instrumentos-referenciais\/#breadcrumb"},"inLanguage":"pt-BR","potentialAction":[{"@type":"ReadAction","target":["https:\/\/sites.uel.br\/proplan\/instrumentos-referenciais\/"]}]},{"@type":"BreadcrumbList","@id":"https:\/\/sites.uel.br\/proplan\/instrumentos-referenciais\/#breadcrumb","itemListElement":[{"@type":"ListItem","position":1,"name":"In\u00edcio","item":"https:\/\/sites.uel.br\/proplan\/"},{"@type":"ListItem","position":2,"name":"Instrumentos Referenciais"}]},{"@type":"WebSite","@id":"https:\/\/sites.uel.br\/proplan\/#website","url":"https:\/\/sites.uel.br\/proplan\/","name":"PROPLAN","description":"Pr\u00f3-Reitoria de Planejamento","publisher":{"@id":"https:\/\/sites.uel.br\/proplan\/#organization"},"potentialAction":[{"@type":"SearchAction","target":{"@type":"EntryPoint","urlTemplate":"https:\/\/sites.uel.br\/proplan\/?s={search_term_string}"},"query-input":{"@type":"PropertyValueSpecification","valueRequired":true,"valueName":"search_term_string"}}],"inLanguage":"pt-BR"},{"@type":"Organization","@id":"https:\/\/sites.uel.br\/proplan\/#organization","name":"PROPLAN","url":"https:\/\/sites.uel.br\/proplan\/","logo":{"@type":"ImageObject","inLanguage":"pt-BR","@id":"https:\/\/sites.uel.br\/proplan\/#\/schema\/logo\/image\/","url":"https:\/\/sites.uel.br\/proplan\/wp-content\/uploads\/2022\/12\/cropped-LogoUEL_Branco.png-1.webp","contentUrl":"https:\/\/sites.uel.br\/proplan\/wp-content\/uploads\/2022\/12\/cropped-LogoUEL_Branco.png-1.webp","width":1140,"height":1140,"caption":"PROPLAN"},"image":{"@id":"https:\/\/sites.uel.br\/proplan\/#\/schema\/logo\/image\/"}}]}},"_links":{"self":[{"href":"https:\/\/sites.uel.br\/proplan\/wp-json\/wp\/v2\/pages\/1626","targetHints":{"allow":["GET"]}}],"collection":[{"href":"https:\/\/sites.uel.br\/proplan\/wp-json\/wp\/v2\/pages"}],"about":[{"href":"https:\/\/sites.uel.br\/proplan\/wp-json\/wp\/v2\/types\/page"}],"author":[{"embeddable":true,"href":"https:\/\/sites.uel.br\/proplan\/wp-json\/wp\/v2\/users\/6"}],"replies":[{"embeddable":true,"href":"https:\/\/sites.uel.br\/proplan\/wp-json\/wp\/v2\/comments?post=1626"}],"version-history":[{"count":7,"href":"https:\/\/sites.uel.br\/proplan\/wp-json\/wp\/v2\/pages\/1626\/revisions"}],"predecessor-version":[{"id":1646,"href":"https:\/\/sites.uel.br\/proplan\/wp-json\/wp\/v2\/pages\/1626\/revisions\/1646"}],"wp:attachment":[{"href":"https:\/\/sites.uel.br\/proplan\/wp-json\/wp\/v2\/media?parent=1626"}],"curies":[{"name":"wp","href":"https:\/\/api.w.org\/{rel}","templated":true}]}}