{"id":157,"date":"2023-03-06T09:58:32","date_gmt":"2023-03-06T12:58:32","guid":{"rendered":"https:\/\/sites.uel.br\/proplan\/?page_id=157"},"modified":"2026-02-06T14:40:15","modified_gmt":"2026-02-06T17:40:15","slug":"documentos-oficiais","status":"publish","type":"page","link":"https:\/\/sites.uel.br\/proplan\/documentos-oficiais\/","title":{"rendered":"Legisla\u00e7\u00f5es da UEL"},"content":{"rendered":"\n<div style=\"height:34px\" aria-hidden=\"true\" class=\"wp-block-spacer\"><\/div>\n\n\n\n<div class=\"wp-block-columns is-layout-flex wp-container-core-columns-is-layout-9d6595d7 wp-block-columns-is-layout-flex\">\n<div class=\"wp-block-column is-layout-flow wp-block-column-is-layout-flow\">\n<div class=\"wp-block-buttons is-layout-flex wp-block-buttons-is-layout-flex\"><\/div>\n<\/div>\n\n\n\n<div class=\"wp-block-column is-layout-flow wp-block-column-is-layout-flow\">\n<div class=\"wp-block-buttons is-layout-flex wp-block-buttons-is-layout-flex\">\n<div class=\"wp-block-button has-custom-width wp-block-button__width-100\"><a class=\"wp-block-button__link has-cinza-claro-color has-verde-escuro-background-color has-text-color has-background has-small-font-size has-custom-font-size wp-element-button\" href=\"https:\/\/sistemas.uel.br\/atosoficiais\/index\" target=\"_blank\" rel=\"noreferrer noopener\"><strong>Consulta a Atos Oficiais<\/strong>*<\/a><\/div>\n<\/div>\n\n\n\n<p style=\"font-size:12px\">*Atos Executivos, Resolu\u00e7\u00f5es, Instru\u00e7\u00f5es de Servi\u00e7os(GR), Portarias, Representante da UEL em \u00d3rg\u00e3o Externo<\/p>\n<\/div>\n\n\n\n<div class=\"wp-block-column is-layout-flow wp-block-column-is-layout-flow\">\n<p style=\"font-size:12px\"><\/p>\n<\/div>\n<\/div>\n\n\n\n<h4 class=\"wp-block-heading is-style-default\" style=\"font-size:25px\">Estatutos<\/h4>\n\n\n\n<div id=\"wp-block-themeisle-blocks-accordion-da16eb13\" class=\"wp-block-themeisle-blocks-accordion exclusive  is-style-default\">\n<details class=\"wp-block-themeisle-blocks-accordion-item\"><summary class=\"wp-block-themeisle-blocks-accordion-item__title\"><div><strong>Estatutos da UEL<\/strong><\/div><\/summary><div class=\"wp-block-themeisle-blocks-accordion-item__content\">\n<p><a href=\"https:\/\/sites.uel.br\/prorh\/wp-content\/uploads\/2023\/05\/EstatutoServidor_6174_70.pdf\">Estatuto do Servidor P\u00fablico (Lei 6174\/70)<\/a><\/p>\n\n\n\n<p><a href=\"https:\/\/sites.uel.br\/prorh\/wp-content\/uploads\/2023\/05\/estatuto_uel.pdf\">Estatuto da UEL<\/a><\/p>\n<\/div><\/details>\n<\/div>\n\n\n\n<div style=\"height:40px\" aria-hidden=\"true\" class=\"wp-block-spacer\"><\/div>\n\n\n\n<h4 class=\"wp-block-heading is-style-default\" style=\"font-size:25px\">Regulamentos<\/h4>\n\n\n\n<div id=\"wp-block-themeisle-blocks-accordion-f388e8dd\" class=\"wp-block-themeisle-blocks-accordion exclusive  is-style-default\">\n<details class=\"wp-block-themeisle-blocks-accordion-item\"><summary class=\"wp-block-themeisle-blocks-accordion-item__title\"><div><strong>Regulamento do Pessoal da UEL<\/strong><\/div><\/summary><div class=\"wp-block-themeisle-blocks-accordion-item__content\">\n<p><a href=\"https:\/\/sites.uel.br\/proplan\/wp-content\/uploads\/2024\/02\/Regulamento_do_Pessoal.pdf\">Regulamento do Pessoal<\/a><\/p>\n<\/div><\/details>\n<\/div>\n\n\n\n<div style=\"height:40px\" aria-hidden=\"true\" class=\"wp-block-spacer\"><\/div>\n\n\n\n<h4 class=\"wp-block-heading\" style=\"font-size:25px\"><strong>Regimentos<\/strong><\/h4>\n\n\n\n<div id=\"wp-block-themeisle-blocks-accordion-b84c5811\" class=\"wp-block-themeisle-blocks-accordion exclusive  is-style-default\">\n<details class=\"wp-block-themeisle-blocks-accordion-item\"><summary class=\"wp-block-themeisle-blocks-accordion-item__title\"><div><strong>Regimento Geral<\/strong><\/div><\/summary><div class=\"wp-block-themeisle-blocks-accordion-item__content\">\n<p><a href=\"https:\/\/sites.uel.br\/proplan\/wp-content\/uploads\/2024\/02\/Regimento_Geral.pdf\" target=\"_blank\" rel=\"noreferrer noopener\">Regimento Geral<\/a><\/p>\n<\/div><\/details>\n\n\n\n<details class=\"wp-block-themeisle-blocks-accordion-item\"><summary class=\"wp-block-themeisle-blocks-accordion-item__title\"><div><strong>Regimento da Reitoria<\/strong><\/div><\/summary><div class=\"wp-block-themeisle-blocks-accordion-item__content\">\n<p><a rel=\"noreferrer noopener\" href=\"https:\/\/sites.uel.br\/proplan\/wp-content\/uploads\/2023\/03\/Regimento_Reitoria1.pdf\" target=\"_blank\">Regimento da Reitoria<\/a><\/p>\n<\/div><\/details>\n\n\n\n<details class=\"wp-block-themeisle-blocks-accordion-item\"><summary class=\"wp-block-themeisle-blocks-accordion-item__title\"><div><strong>Regimento do Conselho de Intera\u00e7\u00e3o<\/strong><\/div><\/summary><div class=\"wp-block-themeisle-blocks-accordion-item__content\">\n<p><a rel=\"noreferrer noopener\" href=\"https:\/\/sites.uel.br\/proplan\/wp-content\/uploads\/2023\/03\/Regimento_Conselho_Interacao-V-01.pdf\" target=\"_blank\">Regimento do Conselho de Intera\u00e7\u00e3o<\/a><\/p>\n<\/div><\/details>\n\n\n\n<details class=\"wp-block-themeisle-blocks-accordion-item\"><summary class=\"wp-block-themeisle-blocks-accordion-item__title\"><div><strong>Regimento do Conselho Universit\u00e1rio<\/strong><\/div><\/summary><div class=\"wp-block-themeisle-blocks-accordion-item__content\">\n<p><a rel=\"noreferrer noopener\" href=\"https:\/\/sites.uel.br\/proplan\/wp-content\/uploads\/2023\/03\/Regimento_Conselho_Universitario.pdf\" target=\"_blank\">Regimento do Conselho Universit\u00e1rio<\/a><\/p>\n<\/div><\/details>\n\n\n\n<details class=\"wp-block-themeisle-blocks-accordion-item\"><summary class=\"wp-block-themeisle-blocks-accordion-item__title\"><div><strong>Regimento do Conselho de Administra\u00e7\u00e3o<\/strong><\/div><\/summary><div class=\"wp-block-themeisle-blocks-accordion-item__content\">\n<p><a rel=\"noreferrer noopener\" href=\"https:\/\/sites.uel.br\/proplan\/wp-content\/uploads\/2023\/03\/regimento_ca.pdf\" target=\"_blank\">Regimento do Conselho de Administra\u00e7\u00e3o<\/a><\/p>\n<\/div><\/details>\n\n\n\n<details class=\"wp-block-themeisle-blocks-accordion-item\"><summary class=\"wp-block-themeisle-blocks-accordion-item__title\"><div><strong>Regimento do Conselho de Ensino, Pesquisa e Extens\u00e3o<\/strong><\/div><\/summary><div class=\"wp-block-themeisle-blocks-accordion-item__content\">\n<p><a href=\"https:\/\/sites.uel.br\/proplan\/wp-content\/uploads\/2023\/03\/Regimento-CEPE.pdf\" target=\"_blank\" rel=\"noreferrer noopener\">Regimento do Conselho de Ensino, Pesquisa e Extens\u00e3o<\/a><\/p>\n<\/div><\/details>\n<\/div>\n\n\n\n<div style=\"height:40px\" aria-hidden=\"true\" class=\"wp-block-spacer\"><\/div>\n\n\n\n<h4 class=\"wp-block-heading\" style=\"font-size:25px\"><strong>Resolu\u00e7\u00f5es<\/strong><\/h4>\n\n\n\n<div id=\"wp-block-themeisle-blocks-accordion-7988a3c0\" class=\"wp-block-themeisle-blocks-accordion exclusive  is-style-default\">\n<details class=\"wp-block-themeisle-blocks-accordion-item\"><summary class=\"wp-block-themeisle-blocks-accordion-item__title\"><div><strong>Resolu\u00e7\u00e3o CA n. 182\/2007<\/strong><\/div><\/summary><div class=\"wp-block-themeisle-blocks-accordion-item__content\">\n<p><a href=\"https:\/\/sites.uel.br\/proplan\/wp-content\/uploads\/2023\/10\/resolucao_ca_182.pdf\" target=\"_blank\" rel=\"noreferrer noopener\">Resolu\u00e7\u00e3o CA n. 182\/2007<\/a><\/p>\n<\/div><\/details>\n\n\n\n<details class=\"wp-block-themeisle-blocks-accordion-item\"><summary class=\"wp-block-themeisle-blocks-accordion-item__title\"><div><strong>Resolu\u00e7\u00e3o CU n. 078\/2006<\/strong><\/div><\/summary><div class=\"wp-block-themeisle-blocks-accordion-item__content\">\n<p><a rel=\"noreferrer noopener\" href=\"https:\/\/sites.uel.br\/proplan\/wp-content\/uploads\/2023\/03\/RESOLUCAO_CU_078_2006_REG_CA.pdf\" target=\"_blank\">Resolu\u00e7\u00e3o CU n. 078\/2006<\/a><\/p>\n<\/div><\/details>\n<\/div>\n\n\n\n<div style=\"height:40px\" aria-hidden=\"true\" class=\"wp-block-spacer\"><\/div>\n\n\n\n<h4 class=\"wp-block-heading is-style-default\" style=\"font-size:25px\"><strong>Documentos hist\u00f3ricos<\/strong><\/h4>\n\n\n\n<div id=\"wp-block-themeisle-blocks-accordion-b3ad691c\" class=\"wp-block-themeisle-blocks-accordion exclusive  is-style-default\">\n<details class=\"wp-block-themeisle-blocks-accordion-item\"><summary class=\"wp-block-themeisle-blocks-accordion-item__title\"><div><strong><strong>Lei de cria\u00e7\u00e3o n\u00ba 6034 &#8211; 06\/11\/1969\u00a0<\/strong><\/strong><\/div><\/summary><div class=\"wp-block-themeisle-blocks-accordion-item__content\">\n<p><a href=\"https:\/\/sites.uel.br\/proplan\/wp-content\/uploads\/2023\/03\/Lei-6034-Criacao-UEL.pdf\" target=\"_blank\" rel=\"noreferrer noopener\">Lei de cria\u00e7\u00e3o n\u00b0 6034 &#8211; 06\/11\/1969<\/a><\/p>\n<\/div><\/details>\n\n\n\n<details class=\"wp-block-themeisle-blocks-accordion-item\"><summary class=\"wp-block-themeisle-blocks-accordion-item__title\"><div><strong><strong>Decreto de Cria\u00e7\u00e3o n\u00ba 18110 \u2013 28\/01\/1970\u00a0<\/strong><\/strong><\/div><\/summary><div class=\"wp-block-themeisle-blocks-accordion-item__content\">\n<p><a href=\"https:\/\/sites.uel.br\/proplan\/wp-content\/uploads\/2023\/03\/Decreto-18110-Criacao-UEL.pdf\" target=\"_blank\" rel=\"noreferrer noopener\">Decreto de Cria\u00e7\u00e3o n\u00b0 18110 &#8211; 28\/01\/1970<\/a><\/p>\n<\/div><\/details>\n\n\n\n<details class=\"wp-block-themeisle-blocks-accordion-item\"><summary class=\"wp-block-themeisle-blocks-accordion-item__title\"><div><strong>Regimento do Conselho de Intera\u00e7\u00e3o<\/strong><\/div><\/summary><div class=\"wp-block-themeisle-blocks-accordion-item__content\">\n<p><a rel=\"noreferrer noopener\" href=\"https:\/\/sites.uel.br\/proplan\/wp-content\/uploads\/2023\/03\/Regimento_Conselho_Interacao-V-01.pdf\" target=\"_blank\">Regimento do Conselho de Intera\u00e7\u00e3o<\/a><\/p>\n<\/div><\/details>\n\n\n\n<details class=\"wp-block-themeisle-blocks-accordion-item\"><summary class=\"wp-block-themeisle-blocks-accordion-item__title\"><div><strong><strong>Decreto de Reconhecimento n\u00ba 69324 \u2013 07\/10\/1971\u00a0<\/strong><\/strong><\/div><\/summary><div class=\"wp-block-themeisle-blocks-accordion-item__content\">\n<p><a rel=\"noreferrer noopener\" href=\"https:\/\/sites.uel.br\/proplan\/wp-content\/uploads\/2023\/03\/Regimento_Conselho_Universitario.pdf\" target=\"_blank\"><\/a><a rel=\"noreferrer noopener\" href=\"https:\/\/sites.uel.br\/proplan\/wp-content\/uploads\/2023\/03\/Decreto-69324-Reconhecimento.pdf\" target=\"_blank\">Decreto de Reconhecimento n\u00ba 69324 \u2013 07\/10\/1971<\/a><\/p>\n<\/div><\/details>\n\n\n\n<details class=\"wp-block-themeisle-blocks-accordion-item\"><summary class=\"wp-block-themeisle-blocks-accordion-item__title\"><div><strong><strong>Decreto de Recredenciamento n\u00ba 4224 \u2013 24\/03\/2020\u00a0<\/strong><\/strong><\/div><\/summary><div class=\"wp-block-themeisle-blocks-accordion-item__content\">\n<p><a rel=\"noreferrer noopener\" href=\"https:\/\/sites.uel.br\/proplan\/wp-content\/uploads\/2023\/03\/Decreto_4224-Recredenciamento.pdf\" target=\"_blank\">Decreto de Recredenciamento n\u00ba 4224 \u2013 24\/03\/2020&nbsp;<\/a><\/p>\n<\/div><\/details>\n<\/div>\n\n\n\n<div style=\"height:40px\" aria-hidden=\"true\" class=\"wp-block-spacer\"><\/div>\n\n\n\n<h4 class=\"wp-block-heading\" style=\"font-size:25px\"><strong>Instru\u00e7\u00f5es de Servi\u00e7os<\/strong><\/h4>\n\n\n\n<div id=\"wp-block-themeisle-blocks-accordion-2ad8acdf\" class=\"wp-block-themeisle-blocks-accordion exclusive  is-style-default\">\n<details class=\"wp-block-themeisle-blocks-accordion-item\"><summary class=\"wp-block-themeisle-blocks-accordion-item__title\"><div><strong>Instru\u00e7\u00e3o de Servi\u00e7o PROPPG\/PROEX\/PROPLAN n\u00ba 01\/2024<\/strong><\/div><\/summary><div class=\"wp-block-themeisle-blocks-accordion-item__content\">\n<p><a href=\"https:\/\/sites.uel.br\/proplan\/wp-content\/uploads\/2025\/09\/Instrucao-de-servico-01-2024.pdf\" target=\"_blank\" rel=\"noreferrer noopener\">Instru\u00e7\u00e3o de Servi\u00e7o PROPPG\/PROEX\/PROPLAN n\u00ba 01\/2024<\/a><\/p>\n<\/div><\/details>\n\n\n\n<details class=\"wp-block-themeisle-blocks-accordion-item\"><summary class=\"wp-block-themeisle-blocks-accordion-item__title\"><div><strong>Instru\u00e7\u00e3o de Servi\u00e7o PROPLAN\/PROAF n\u00ba 001\/2022<\/strong><\/div><\/summary><div class=\"wp-block-themeisle-blocks-accordion-item__content\">\n<p><a href=\"https:\/\/sites.uel.br\/proplan\/wp-content\/uploads\/2023\/10\/Inst_Serv_PROPLAN_PROAF_001_2022.pdf\" target=\"_blank\" rel=\"noreferrer noopener\">Instru\u00e7\u00e3o de Servi\u00e7o PROPLAN\/PROAF n\u00ba 001\/2022<\/a><\/p>\n<\/div><\/details>\n<\/div>\n\n\n\n<div style=\"height:40px\" aria-hidden=\"true\" class=\"wp-block-spacer\"><\/div>\n\n\n\n<h4 class=\"wp-block-heading\" style=\"font-size:25px\">Presta\u00e7\u00f5es de Servi\u00e7o<\/h4>\n\n\n\n<div id=\"wp-block-themeisle-blocks-accordion-b4b168c4\" class=\"wp-block-themeisle-blocks-accordion exclusive  is-style-default\">\n<details class=\"wp-block-themeisle-blocks-accordion-item\"><summary class=\"wp-block-themeisle-blocks-accordion-item__title\"><div><strong>Resolu\u00e7\u00e3o CA n\u00ba 008\/2012<\/strong><\/div><\/summary><div class=\"wp-block-themeisle-blocks-accordion-item__content\">\n<p><a href=\"https:\/\/sites.uel.br\/proplan\/wp-content\/uploads\/2023\/03\/ResCA2012_08.pdf\" target=\"_blank\" rel=\"noreferrer noopener\">Estabelece normas para a execu\u00e7\u00e3o de Programas de Atendimento \u00e0 Sociedade &#8211; PAS, por meio de Conv\u00eanio celebrado entre Universidade Estadual de Londrina e as Funda\u00e7\u00f5es, Institutos e outros Organismos.<\/a><\/p>\n<\/div><\/details>\n\n\n\n<details class=\"wp-block-themeisle-blocks-accordion-item\"><summary class=\"wp-block-themeisle-blocks-accordion-item__title\"><div><strong>Resolu\u00e7\u00e3o CU n\u00ba 80\/97<\/strong><\/div><\/summary><div class=\"wp-block-themeisle-blocks-accordion-item__content\">\n<p><a href=\"https:\/\/sites.uel.br\/proplan\/wp-content\/uploads\/2023\/03\/ResCU1997_80.pdf\" target=\"_blank\" rel=\"noreferrer noopener\">Regulamenta as atividades de Presta\u00e7\u00e3o de Servi\u00e7os<\/a><\/p>\n<\/div><\/details>\n\n\n\n<details class=\"wp-block-themeisle-blocks-accordion-item\"><summary class=\"wp-block-themeisle-blocks-accordion-item__title\"><div><strong>Resolu\u00e7\u00e3o CU n\u00ba 66\/99<\/strong><\/div><\/summary><div class=\"wp-block-themeisle-blocks-accordion-item__content\">\n<p><a href=\"https:\/\/sites.uel.br\/proplan\/wp-content\/uploads\/2023\/03\/ResCU1999_66.pdf\" target=\"_blank\" rel=\"noreferrer noopener\">Regulamenta a explora\u00e7\u00e3o de patente<\/a><\/p>\n<\/div><\/details>\n<\/div>\n\n\n\n<p><\/p>\n","protected":false},"excerpt":{"rendered":"<p>*Atos Executivos, Resolu\u00e7\u00f5es, Instru\u00e7\u00f5es de Servi\u00e7os(GR), Portarias, Representante da UEL em \u00d3rg\u00e3o Externo Estatutos Regulamentos Regimentos Resolu\u00e7\u00f5es Documentos hist\u00f3ricos Instru\u00e7\u00f5es de Servi\u00e7os Presta\u00e7\u00f5es de Servi\u00e7o<\/p>\n","protected":false},"author":8,"featured_media":0,"parent":0,"menu_order":0,"comment_status":"closed","ping_status":"closed","template":"","meta":{"_themeisle_gutenberg_block_has_review":false,"footnotes":""},"class_list":["post-157","page","type-page","status-publish","hentry"],"acf":[],"yoast_head":"<!-- This site is optimized with the Yoast SEO plugin v24.4 - https:\/\/yoast.com\/wordpress\/plugins\/seo\/ -->\n<title>Legisla\u00e7\u00f5es da UEL - PROPLAN<\/title>\n<meta name=\"robots\" content=\"index, follow, max-snippet:-1, max-image-preview:large, max-video-preview:-1\" \/>\n<link rel=\"canonical\" href=\"https:\/\/sites.uel.br\/proplan\/documentos-oficiais\/\" \/>\n<meta property=\"og:locale\" content=\"pt_BR\" \/>\n<meta property=\"og:type\" content=\"article\" \/>\n<meta property=\"og:title\" content=\"Legisla\u00e7\u00f5es da UEL - PROPLAN\" \/>\n<meta property=\"og:description\" content=\"*Atos Executivos, Resolu\u00e7\u00f5es, Instru\u00e7\u00f5es de Servi\u00e7os(GR), Portarias, Representante da UEL em \u00d3rg\u00e3o Externo Estatutos Regulamentos Regimentos Resolu\u00e7\u00f5es Documentos hist\u00f3ricos Instru\u00e7\u00f5es de Servi\u00e7os Presta\u00e7\u00f5es de Servi\u00e7o\" \/>\n<meta property=\"og:url\" content=\"https:\/\/sites.uel.br\/proplan\/documentos-oficiais\/\" \/>\n<meta property=\"og:site_name\" content=\"PROPLAN\" \/>\n<meta property=\"article:modified_time\" content=\"2026-02-06T17:40:15+00:00\" \/>\n<meta name=\"twitter:card\" content=\"summary_large_image\" \/>\n<meta name=\"twitter:label1\" content=\"Est. tempo de leitura\" \/>\n\t<meta name=\"twitter:data1\" content=\"2 minutos\" \/>\n<script type=\"application\/ld+json\" class=\"yoast-schema-graph\">{\"@context\":\"https:\/\/schema.org\",\"@graph\":[{\"@type\":\"WebPage\",\"@id\":\"https:\/\/sites.uel.br\/proplan\/documentos-oficiais\/\",\"url\":\"https:\/\/sites.uel.br\/proplan\/documentos-oficiais\/\",\"name\":\"Legisla\u00e7\u00f5es da UEL - PROPLAN\",\"isPartOf\":{\"@id\":\"https:\/\/sites.uel.br\/proplan\/#website\"},\"datePublished\":\"2023-03-06T12:58:32+00:00\",\"dateModified\":\"2026-02-06T17:40:15+00:00\",\"breadcrumb\":{\"@id\":\"https:\/\/sites.uel.br\/proplan\/documentos-oficiais\/#breadcrumb\"},\"inLanguage\":\"pt-BR\",\"potentialAction\":[{\"@type\":\"ReadAction\",\"target\":[\"https:\/\/sites.uel.br\/proplan\/documentos-oficiais\/\"]}]},{\"@type\":\"BreadcrumbList\",\"@id\":\"https:\/\/sites.uel.br\/proplan\/documentos-oficiais\/#breadcrumb\",\"itemListElement\":[{\"@type\":\"ListItem\",\"position\":1,\"name\":\"In\u00edcio\",\"item\":\"https:\/\/sites.uel.br\/proplan\/\"},{\"@type\":\"ListItem\",\"position\":2,\"name\":\"Legisla\u00e7\u00f5es da UEL\"}]},{\"@type\":\"WebSite\",\"@id\":\"https:\/\/sites.uel.br\/proplan\/#website\",\"url\":\"https:\/\/sites.uel.br\/proplan\/\",\"name\":\"PROPLAN\",\"description\":\"Pr\u00f3-Reitoria de Planejamento\",\"publisher\":{\"@id\":\"https:\/\/sites.uel.br\/proplan\/#organization\"},\"potentialAction\":[{\"@type\":\"SearchAction\",\"target\":{\"@type\":\"EntryPoint\",\"urlTemplate\":\"https:\/\/sites.uel.br\/proplan\/?s={search_term_string}\"},\"query-input\":{\"@type\":\"PropertyValueSpecification\",\"valueRequired\":true,\"valueName\":\"search_term_string\"}}],\"inLanguage\":\"pt-BR\"},{\"@type\":\"Organization\",\"@id\":\"https:\/\/sites.uel.br\/proplan\/#organization\",\"name\":\"PROPLAN\",\"url\":\"https:\/\/sites.uel.br\/proplan\/\",\"logo\":{\"@type\":\"ImageObject\",\"inLanguage\":\"pt-BR\",\"@id\":\"https:\/\/sites.uel.br\/proplan\/#\/schema\/logo\/image\/\",\"url\":\"https:\/\/sites.uel.br\/proplan\/wp-content\/uploads\/2022\/12\/cropped-LogoUEL_Branco.png-1.webp\",\"contentUrl\":\"https:\/\/sites.uel.br\/proplan\/wp-content\/uploads\/2022\/12\/cropped-LogoUEL_Branco.png-1.webp\",\"width\":1140,\"height\":1140,\"caption\":\"PROPLAN\"},\"image\":{\"@id\":\"https:\/\/sites.uel.br\/proplan\/#\/schema\/logo\/image\/\"}}]}<\/script>\n<!-- \/ Yoast SEO plugin. -->","yoast_head_json":{"title":"Legisla\u00e7\u00f5es da UEL - PROPLAN","robots":{"index":"index","follow":"follow","max-snippet":"max-snippet:-1","max-image-preview":"max-image-preview:large","max-video-preview":"max-video-preview:-1"},"canonical":"https:\/\/sites.uel.br\/proplan\/documentos-oficiais\/","og_locale":"pt_BR","og_type":"article","og_title":"Legisla\u00e7\u00f5es da UEL - PROPLAN","og_description":"*Atos Executivos, Resolu\u00e7\u00f5es, Instru\u00e7\u00f5es de Servi\u00e7os(GR), Portarias, Representante da UEL em \u00d3rg\u00e3o Externo Estatutos Regulamentos Regimentos Resolu\u00e7\u00f5es Documentos hist\u00f3ricos Instru\u00e7\u00f5es de Servi\u00e7os Presta\u00e7\u00f5es de Servi\u00e7o","og_url":"https:\/\/sites.uel.br\/proplan\/documentos-oficiais\/","og_site_name":"PROPLAN","article_modified_time":"2026-02-06T17:40:15+00:00","twitter_card":"summary_large_image","twitter_misc":{"Est. tempo de leitura":"2 minutos"},"schema":{"@context":"https:\/\/schema.org","@graph":[{"@type":"WebPage","@id":"https:\/\/sites.uel.br\/proplan\/documentos-oficiais\/","url":"https:\/\/sites.uel.br\/proplan\/documentos-oficiais\/","name":"Legisla\u00e7\u00f5es da UEL - PROPLAN","isPartOf":{"@id":"https:\/\/sites.uel.br\/proplan\/#website"},"datePublished":"2023-03-06T12:58:32+00:00","dateModified":"2026-02-06T17:40:15+00:00","breadcrumb":{"@id":"https:\/\/sites.uel.br\/proplan\/documentos-oficiais\/#breadcrumb"},"inLanguage":"pt-BR","potentialAction":[{"@type":"ReadAction","target":["https:\/\/sites.uel.br\/proplan\/documentos-oficiais\/"]}]},{"@type":"BreadcrumbList","@id":"https:\/\/sites.uel.br\/proplan\/documentos-oficiais\/#breadcrumb","itemListElement":[{"@type":"ListItem","position":1,"name":"In\u00edcio","item":"https:\/\/sites.uel.br\/proplan\/"},{"@type":"ListItem","position":2,"name":"Legisla\u00e7\u00f5es da UEL"}]},{"@type":"WebSite","@id":"https:\/\/sites.uel.br\/proplan\/#website","url":"https:\/\/sites.uel.br\/proplan\/","name":"PROPLAN","description":"Pr\u00f3-Reitoria de Planejamento","publisher":{"@id":"https:\/\/sites.uel.br\/proplan\/#organization"},"potentialAction":[{"@type":"SearchAction","target":{"@type":"EntryPoint","urlTemplate":"https:\/\/sites.uel.br\/proplan\/?s={search_term_string}"},"query-input":{"@type":"PropertyValueSpecification","valueRequired":true,"valueName":"search_term_string"}}],"inLanguage":"pt-BR"},{"@type":"Organization","@id":"https:\/\/sites.uel.br\/proplan\/#organization","name":"PROPLAN","url":"https:\/\/sites.uel.br\/proplan\/","logo":{"@type":"ImageObject","inLanguage":"pt-BR","@id":"https:\/\/sites.uel.br\/proplan\/#\/schema\/logo\/image\/","url":"https:\/\/sites.uel.br\/proplan\/wp-content\/uploads\/2022\/12\/cropped-LogoUEL_Branco.png-1.webp","contentUrl":"https:\/\/sites.uel.br\/proplan\/wp-content\/uploads\/2022\/12\/cropped-LogoUEL_Branco.png-1.webp","width":1140,"height":1140,"caption":"PROPLAN"},"image":{"@id":"https:\/\/sites.uel.br\/proplan\/#\/schema\/logo\/image\/"}}]}},"_links":{"self":[{"href":"https:\/\/sites.uel.br\/proplan\/wp-json\/wp\/v2\/pages\/157","targetHints":{"allow":["GET"]}}],"collection":[{"href":"https:\/\/sites.uel.br\/proplan\/wp-json\/wp\/v2\/pages"}],"about":[{"href":"https:\/\/sites.uel.br\/proplan\/wp-json\/wp\/v2\/types\/page"}],"author":[{"embeddable":true,"href":"https:\/\/sites.uel.br\/proplan\/wp-json\/wp\/v2\/users\/8"}],"replies":[{"embeddable":true,"href":"https:\/\/sites.uel.br\/proplan\/wp-json\/wp\/v2\/comments?post=157"}],"version-history":[{"count":38,"href":"https:\/\/sites.uel.br\/proplan\/wp-json\/wp\/v2\/pages\/157\/revisions"}],"predecessor-version":[{"id":1714,"href":"https:\/\/sites.uel.br\/proplan\/wp-json\/wp\/v2\/pages\/157\/revisions\/1714"}],"wp:attachment":[{"href":"https:\/\/sites.uel.br\/proplan\/wp-json\/wp\/v2\/media?parent=157"}],"curies":[{"name":"wp","href":"https:\/\/api.w.org\/{rel}","templated":true}]}}