{"id":88,"date":"2025-04-29T11:49:42","date_gmt":"2025-04-29T14:49:42","guid":{"rendered":"https:\/\/sites.uel.br\/prope\/?page_id=88"},"modified":"2025-04-29T11:59:28","modified_gmt":"2025-04-29T14:59:28","slug":"politicas-de-cotas","status":"publish","type":"page","link":"https:\/\/sites.uel.br\/prope\/ensino-medio\/politicas-de-cotas\/","title":{"rendered":"Hist\u00f3rico das Pol\u00edticas de Cotas da UEL"},"content":{"rendered":"\n<div style=\"height:15px\" aria-hidden=\"true\" class=\"wp-block-spacer\"><\/div>\n\n\n\n<div id=\"wp-block-themeisle-blocks-timeline-b7ec029d\" class=\"wp-block-themeisle-blocks-timeline\"><div class=\"o-timeline-root\">\n<div id=\"wp-block-themeisle-blocks-timeline-item-b28bc6df\" class=\"wp-block-themeisle-blocks-timeline-item\"><div class=\"o-timeline-container\"><div class=\"o-timeline-icon\"><i class=\"fas fa-circle\"><\/i><\/div><div class=\"o-timeline-content\">\n<p class=\"has-small-font-size\">2001<\/p>\n\n\n\n<h3 class=\"wp-block-heading\">Ingresso Ind\u00edgena<\/h3>\n\n\n\n<p>No dia 19 de abril de 2001, o estado do Paran\u00e1 tornou-se pioneiro no Brasil ao institucionalizar uma pol\u00edtica estadual de ingresso de ind\u00edgenas no ensino superior p\u00fablico. A iniciativa foi formalizada por meio da Lei n\u00ba 13.124, que garantiu a realiza\u00e7\u00e3o de vestibulares espec\u00edficos para essa popula\u00e7\u00e3o.<\/p>\n<\/div><\/div><\/div>\n\n\n\n<div id=\"wp-block-themeisle-blocks-timeline-item-67a71bd3\" class=\"wp-block-themeisle-blocks-timeline-item\"><div class=\"o-timeline-container\"><div class=\"o-timeline-icon\"><i class=\"fas fa-circle\"><\/i><\/div><div class=\"o-timeline-content\">\n<p class=\"has-small-font-size\">2004<\/p>\n\n\n\n<h3 class=\"wp-block-heading\">Cotas UEL<\/h3>\n\n\n\n<p>Em 21 de julho de 2004, fruto das reivindica\u00e7\u00f5es do Movimento Negro Londrinense, liderado por Vilma Santos de Oliveira &#8211; Y\u00e1 Mukumby, o Conselho da Universidade Estadual de Londrina aprovou o Sistema de Cotas. A UEL destacou-se como uma das primeiras institui\u00e7\u00f5es do pa\u00eds a adotar essa pol\u00edtica afirmativa.<\/p>\n<\/div><\/div><\/div>\n\n\n\n<div id=\"wp-block-themeisle-blocks-timeline-item-dc22b50a\" class=\"wp-block-themeisle-blocks-timeline-item\"><div class=\"o-timeline-container\"><div class=\"o-timeline-icon\"><i class=\"fas fa-circle\"><\/i><\/div><div class=\"o-timeline-content\">\n<p class=\"has-small-font-size\">2006<\/p>\n\n\n\n<h3 class=\"wp-block-heading\">Amplia\u00e7\u00e3o de Vagas para Ind\u00edgenas<\/h3>\n\n\n\n<p>Em 9 de janeiro de 2006, a pol\u00edtica estadual de ingresso ind\u00edgena foi atualizada pela Lei n\u00ba 14.995, ampliando o n\u00famero de vagas reservadas para ind\u00edgenas de 3 para 6 em cada universidade estadual.<\/p>\n<\/div><\/div><\/div>\n\n\n\n<div id=\"wp-block-themeisle-blocks-timeline-item-c92bf5d8\" class=\"wp-block-themeisle-blocks-timeline-item\"><div class=\"o-timeline-container\"><div class=\"o-timeline-icon\"><i class=\"fas fa-circle\"><\/i><\/div><div class=\"o-timeline-content\">\n<p class=\"has-small-font-size\">2011<\/p>\n\n\n\n<h3 class=\"wp-block-heading\">Publica\u00e7\u00e3o da Lei de Cotas<\/h3>\n\n\n\n<p>Com a promulga\u00e7\u00e3o da Lei n\u00ba 12.711, em 2011, conhecida como Lei de Cotas, houve uma reformula\u00e7\u00e3o no sistema de reserva de vagas. Antes baseadas na propor\u00e7\u00e3o de inscritos, as cotas passaram a destinar 40% das vagas para estudantes oriundos da rede p\u00fablica de ensino, sendo metade delas reservadas para estudantes negros.<\/p>\n<\/div><\/div><\/div>\n\n\n\n<div id=\"wp-block-themeisle-blocks-timeline-item-0c508052\" class=\"wp-block-themeisle-blocks-timeline-item\"><div class=\"o-timeline-container\"><div class=\"o-timeline-icon\"><i class=\"fas fa-circle\"><\/i><\/div><div class=\"o-timeline-content\">\n<p class=\"has-small-font-size\">2018<\/p>\n\n\n\n<h3 class=\"wp-block-heading\">Cotas para Estudantes Negros<\/h3>\n\n\n\n<p>Em 2018, novas mudan\u00e7as foram implementadas por meio de delibera\u00e7\u00f5es do Conselho Universit\u00e1rio da UEL. A partir desse ano, 5% das vagas passaram a ser reservadas para estudantes negros, independentemente de terem cursado o ensino m\u00e9dio em escolas p\u00fablicas ou privadas.<\/p>\n<\/div><\/div><\/div>\n\n\n\n<div id=\"wp-block-themeisle-blocks-timeline-item-96437824\" class=\"wp-block-themeisle-blocks-timeline-item\"><div class=\"o-timeline-container\"><div class=\"o-timeline-icon\"><i class=\"fas fa-circle\"><\/i><\/div><div class=\"o-timeline-content\">\n<p class=\"has-small-font-size\">2021<\/p>\n\n\n\n<h3 class=\"wp-block-heading\">Cotas para Pessoas com Defici\u00eancia<\/h3>\n\n\n\n<p>Em 19 de agosto de 2021, a UEL aprovou a reserva de vagas para pessoas com defici\u00eancia. A Resolu\u00e7\u00e3o n\u00ba 44\/2021 assegurou a destina\u00e7\u00e3o de 5% das vagas para esse grupo, consolidando mais um importante avan\u00e7o nas pol\u00edticas de inclus\u00e3o e equidade no acesso ao ensino superior.<\/p>\n<\/div><\/div><\/div>\n<\/div><\/div>\n","protected":false},"excerpt":{"rendered":"","protected":false},"author":10,"featured_media":0,"parent":98,"menu_order":0,"comment_status":"closed","ping_status":"closed","template":"","meta":{"_acf_changed":false,"_themeisle_gutenberg_block_has_review":false,"footnotes":""},"class_list":["post-88","page","type-page","status-publish","hentry"],"acf":[],"_links":{"self":[{"href":"https:\/\/sites.uel.br\/prope\/wp-json\/wp\/v2\/pages\/88","targetHints":{"allow":["GET"]}}],"collection":[{"href":"https:\/\/sites.uel.br\/prope\/wp-json\/wp\/v2\/pages"}],"about":[{"href":"https:\/\/sites.uel.br\/prope\/wp-json\/wp\/v2\/types\/page"}],"author":[{"embeddable":true,"href":"https:\/\/sites.uel.br\/prope\/wp-json\/wp\/v2\/users\/10"}],"replies":[{"embeddable":true,"href":"https:\/\/sites.uel.br\/prope\/wp-json\/wp\/v2\/comments?post=88"}],"version-history":[{"count":8,"href":"https:\/\/sites.uel.br\/prope\/wp-json\/wp\/v2\/pages\/88\/revisions"}],"predecessor-version":[{"id":97,"href":"https:\/\/sites.uel.br\/prope\/wp-json\/wp\/v2\/pages\/88\/revisions\/97"}],"up":[{"embeddable":true,"href":"https:\/\/sites.uel.br\/prope\/wp-json\/wp\/v2\/pages\/98"}],"wp:attachment":[{"href":"https:\/\/sites.uel.br\/prope\/wp-json\/wp\/v2\/media?parent=88"}],"curies":[{"name":"wp","href":"https:\/\/api.w.org\/{rel}","templated":true}]}}