{"id":147,"date":"2025-04-30T14:21:00","date_gmt":"2025-04-30T17:21:00","guid":{"rendered":"https:\/\/sites.uel.br\/prope\/?page_id=147"},"modified":"2025-05-20T16:30:42","modified_gmt":"2025-05-20T19:30:42","slug":"apoio-pedagogico","status":"publish","type":"page","link":"https:\/\/sites.uel.br\/prope\/apoio-pedagogico\/","title":{"rendered":"Apoio Pedag\u00f3gico"},"content":{"rendered":"\n<div style=\"height:30px\" aria-hidden=\"true\" class=\"wp-block-spacer\"><\/div>\n\n\n\n<p>Objetiva oferecer apoio pedag\u00f3gico aos estudantes de gradua\u00e7\u00e3o, com vistas a supera\u00e7\u00e3o das lacunas, de forma\u00e7\u00e3o nas \u00e1reas que apresentarem maior dificuldade, com participa\u00e7\u00e3o do LABTED, e do Curso Pr\u00e9-Vestibular na execu\u00e7\u00e3o, contando com a colabora\u00e7\u00e3o dos colegiados de curso.<\/p>\n","protected":false},"excerpt":{"rendered":"<p>Objetiva oferecer apoio pedag\u00f3gico aos estudantes de gradua\u00e7\u00e3o, com vistas a supera\u00e7\u00e3o das lacunas, de forma\u00e7\u00e3o nas \u00e1reas que apresentarem maior dificuldade, com participa\u00e7\u00e3o do LABTED, e do Curso Pr\u00e9-Vestibular na execu\u00e7\u00e3o, contando com a colabora\u00e7\u00e3o dos colegiados de curso.<\/p>\n","protected":false},"author":11,"featured_media":0,"parent":0,"menu_order":0,"comment_status":"closed","ping_status":"closed","template":"","meta":{"_acf_changed":false,"_themeisle_gutenberg_block_has_review":false,"footnotes":""},"class_list":["post-147","page","type-page","status-publish","hentry"],"acf":[],"_links":{"self":[{"href":"https:\/\/sites.uel.br\/prope\/wp-json\/wp\/v2\/pages\/147","targetHints":{"allow":["GET"]}}],"collection":[{"href":"https:\/\/sites.uel.br\/prope\/wp-json\/wp\/v2\/pages"}],"about":[{"href":"https:\/\/sites.uel.br\/prope\/wp-json\/wp\/v2\/types\/page"}],"author":[{"embeddable":true,"href":"https:\/\/sites.uel.br\/prope\/wp-json\/wp\/v2\/users\/11"}],"replies":[{"embeddable":true,"href":"https:\/\/sites.uel.br\/prope\/wp-json\/wp\/v2\/comments?post=147"}],"version-history":[{"count":3,"href":"https:\/\/sites.uel.br\/prope\/wp-json\/wp\/v2\/pages\/147\/revisions"}],"predecessor-version":[{"id":181,"href":"https:\/\/sites.uel.br\/prope\/wp-json\/wp\/v2\/pages\/147\/revisions\/181"}],"wp:attachment":[{"href":"https:\/\/sites.uel.br\/prope\/wp-json\/wp\/v2\/media?parent=147"}],"curies":[{"name":"wp","href":"https:\/\/api.w.org\/{rel}","templated":true}]}}