{"id":133,"date":"2025-04-29T12:55:40","date_gmt":"2025-04-29T15:55:40","guid":{"rendered":"https:\/\/sites.uel.br\/prope\/?page_id=133"},"modified":"2025-05-20T16:35:18","modified_gmt":"2025-05-20T19:35:18","slug":"canais-de-atendimento","status":"publish","type":"page","link":"https:\/\/sites.uel.br\/prope\/canais-de-atendimento\/","title":{"rendered":"Canais de Atendimento"},"content":{"rendered":"\n<div style=\"height:30px\" aria-hidden=\"true\" class=\"wp-block-spacer\"><\/div>\n\n\n\n<div class=\"wp-block-columns is-layout-flex wp-container-core-columns-is-layout-9d6595d7 wp-block-columns-is-layout-flex\">\n<div class=\"wp-block-column is-layout-flow wp-block-column-is-layout-flow\">\n<p><strong>Dias da Semana:<br><\/strong>Segunda \u00e0 Sexta<\/p>\n\n\n\n<p><strong>Hor\u00e1rios<\/strong>:<br>08h:00 \u00e0s 11h:30 e das 14h:30 \u00e0s 18h:00<\/p>\n\n\n\n<p><strong>Local<\/strong><br>Rodovia Celso Garcia Cid, PR-445, Km 380 \u2013 Campus Universit\u00e1rio, Londrina \u2013 PR, 86057-970<\/p>\n\n\n\n<p><strong>Telefone<\/strong><br>(43) 3371-5825 (WhatsApp)<\/p>\n\n\n\n<p><strong>E-mail<\/strong><br>prope@uel.br<\/p>\n<\/div>\n\n\n\n<div class=\"wp-block-column is-layout-flow wp-block-column-is-layout-flow\"><\/div>\n<\/div>\n","protected":false},"excerpt":{"rendered":"<p>Dias da Semana:Segunda \u00e0 Sexta Hor\u00e1rios:08h:00 \u00e0s 11h:30 e das 14h:30 \u00e0s 18h:00 LocalRodovia Celso Garcia Cid, PR-445, Km 380 \u2013 Campus Universit\u00e1rio, Londrina \u2013 PR, 86057-970 Telefone(43) 3371-5825 (WhatsApp) E-mailprope@uel.br<\/p>\n","protected":false},"author":10,"featured_media":0,"parent":0,"menu_order":0,"comment_status":"closed","ping_status":"closed","template":"","meta":{"_acf_changed":false,"_themeisle_gutenberg_block_has_review":false,"footnotes":""},"class_list":["post-133","page","type-page","status-publish","hentry"],"acf":[],"_links":{"self":[{"href":"https:\/\/sites.uel.br\/prope\/wp-json\/wp\/v2\/pages\/133","targetHints":{"allow":["GET"]}}],"collection":[{"href":"https:\/\/sites.uel.br\/prope\/wp-json\/wp\/v2\/pages"}],"about":[{"href":"https:\/\/sites.uel.br\/prope\/wp-json\/wp\/v2\/types\/page"}],"author":[{"embeddable":true,"href":"https:\/\/sites.uel.br\/prope\/wp-json\/wp\/v2\/users\/10"}],"replies":[{"embeddable":true,"href":"https:\/\/sites.uel.br\/prope\/wp-json\/wp\/v2\/comments?post=133"}],"version-history":[{"count":5,"href":"https:\/\/sites.uel.br\/prope\/wp-json\/wp\/v2\/pages\/133\/revisions"}],"predecessor-version":[{"id":182,"href":"https:\/\/sites.uel.br\/prope\/wp-json\/wp\/v2\/pages\/133\/revisions\/182"}],"wp:attachment":[{"href":"https:\/\/sites.uel.br\/prope\/wp-json\/wp\/v2\/media?parent=133"}],"curies":[{"name":"wp","href":"https:\/\/api.w.org\/{rel}","templated":true}]}}