{"id":112,"date":"2025-04-29T12:06:23","date_gmt":"2025-04-29T15:06:23","guid":{"rendered":"https:\/\/sites.uel.br\/prope\/?page_id=112"},"modified":"2025-11-24T12:03:06","modified_gmt":"2025-11-24T15:03:06","slug":"politicas-de-permanencia","status":"publish","type":"page","link":"https:\/\/sites.uel.br\/prope\/aluno-de-graduacao\/politicas-de-permanencia\/","title":{"rendered":"Pol\u00edticas de Perman\u00eancia"},"content":{"rendered":"\n<div style=\"height:30px\" aria-hidden=\"true\" class=\"wp-block-spacer\"><\/div>\n\n\n\n<p>A Universidade Estadual de Londrina (UEL) desenvolve diversas a\u00e7\u00f5es para garantir que seus estudantes de gradua\u00e7\u00e3o tenham condi\u00e7\u00f5es de permanecer na universidade e concluir seus cursos com qualidade. Para isso, oferece um conjunto de bolsas e aux\u00edlios voltados ao apoio acad\u00eamico, cient\u00edfico, tecnol\u00f3gico, extensionista e social.<\/p>\n\n\n\n<div style=\"height:40px\" aria-hidden=\"true\" class=\"wp-block-spacer\"><\/div>\n\n\n\n<h4 class=\"wp-block-heading\">Sele\u00e7\u00f5es Socioecon\u00f4micas<\/h4>\n\n\n\n<p>As <a href=\"https:\/\/sites.uel.br\/sebec\/selecoes-socioeconomicas\/\">Sele\u00e7\u00f5es Socioecon\u00f4micas<\/a> s\u00e3o realizadas pelo Servi\u00e7o Social e pela Divis\u00e3o de Apoio Administrativo do SEBEC por meio de processos seletivos. Essas sele\u00e7\u00f5es buscam garantir a perman\u00eancia estudantil dos estudantes da UEL e comunidade externa.<\/p>\n\n\n\n<p>As sele\u00e7\u00f5es s\u00e3o sazonais e cada uma possui sua especificidade, edital, formul\u00e1rio e documenta\u00e7\u00e3o pr\u00f3pria.<\/p>\n\n\n\n<ul class=\"wp-block-list\">\n<li><a href=\"https:\/\/sites.uel.br\/sustentabilidade\/bolsa-permanencia\/\">Bolsa Perman\u00eancia:<\/a> Este programa oferece um aux\u00edlio financeiro para estudantes em situa\u00e7\u00e3o de vulnerabilidade, visando diminuir desigualdades sociais e contribuir para a perman\u00eancia e a diploma\u00e7\u00e3o dos participantes;<\/li>\n<\/ul>\n\n\n\n<ul class=\"wp-block-list\">\n<li>Vagas na <a href=\"https:\/\/sites.uel.br\/sebec\/sobre-a-moradia-estudantil\/\">Moradia Estudantil<\/a>;<\/li>\n<\/ul>\n\n\n\n<ul class=\"wp-block-list\">\n<li>Subs\u00eddio Ampliado para o uso do <a href=\"https:\/\/sites.uel.br\/sebec\/sobre-o-restaurante-universitario\/\">Restaurante Universit\u00e1rio<\/a>;<\/li>\n<\/ul>\n\n\n\n<ul class=\"wp-block-list\">\n<li><a href=\"https:\/\/sites.uel.br\/sebec\/selecao-para-emprestimo-de-instrumentais-odontologicos\/\">Empr\u00e9stimo de Instrumentos Odontol\u00f3gico<\/a>.<\/li>\n<\/ul>\n\n\n\n<div style=\"height:40px\" aria-hidden=\"true\" class=\"wp-block-spacer\"><\/div>\n\n\n\n<h4 class=\"wp-block-heading\">Bolsas de Estudo, Pesquisa e Extens\u00e3o<\/h4>\n\n\n\n<p>As bolsas t\u00eam como objetivo incentivar a forma\u00e7\u00e3o acad\u00eamica e o envolvimento dos estudantes em projetos que contribuem para sua forma\u00e7\u00e3o integral.<\/p>\n\n\n\n<ul class=\"wp-block-list\">\n<li><a href=\"https:\/\/sites.uel.br\/sebec\/?page_id=898\">Bolsa Funda\u00e7\u00e3o Arauc\u00e1ria<\/a>: Bolsa Funda\u00e7\u00e3o Arauc\u00e1ria \u00e9 destinado aos estudantes cotistas regularmente matriculados da UEL que possuem o interesse em ingressar no Programa Institucional de Apoio \u00e0 Inclus\u00e3o Social Pesquisa e Extens\u00e3o Universidade \u2013 PIBIS;<\/li>\n<\/ul>\n\n\n\n<ul class=\"wp-block-list\">\n<li><a href=\"https:\/\/sites.uel.br\/sebec\/processo-de-selecao-para-programa-de-formacao-de-estudante-empreendedor-a-pfee\/\" target=\"_blank\" rel=\"noreferrer noopener\">Programa de Forma\u00e7\u00e3o de Estudante Empreendedor\/a (PFEE)<\/a>: Tem o objetivo de formar profissionais qualificados para atuarem em diversos setores da economia, fomentando o desenvolvimento de pesquisas, a gera\u00e7\u00e3o de conhecimentos e a utiliza\u00e7\u00e3o de tecnologias que possam ser aplicadas na solu\u00e7\u00e3o de demandas das empresas e da ind\u00fastria. Para isso, proporciona uma forma\u00e7\u00e3o integral que inclui conhecimentos voltados \u00e0 forma\u00e7\u00e3o humana, social, cultural e cient\u00edfica, contribuindo com o desenvolvimento pessoal e profissional dos participantes;<\/li>\n<\/ul>\n\n\n\n<ul class=\"wp-block-list\">\n<li><a href=\"https:\/\/sites.uel.br\/cursinho\/selecao-novos-instrutores-2025\/\">Bolsa Instrutor \u2013 Curso Especial Pr\u00e9-Vestibular (CEPV)<\/a>: \u00c9 permitida a inscri\u00e7\u00e3o de alunos regularmente matriculados em cursos de gradua\u00e7\u00e3o da UEL, exceto os que est\u00e3o no \u00faltimo ano de forma\u00e7\u00e3o ou vinculados a programas de p\u00f3s-gradua\u00e7\u00e3o;<\/li>\n<\/ul>\n\n\n\n<ul class=\"wp-block-list\">\n<li>Bolsa do PROPE: Processo seletivo destinados \u00e0 graduandos e graduados. Os principais objetivos do Prope s\u00e3o\u00a0aprimorar a divulga\u00e7\u00e3o das op\u00e7\u00f5es de cursos de gradua\u00e7\u00e3o da UEL junto \u00e0s escolas de ensino m\u00e9dio e articular as a\u00e7\u00f5es da universidade no campo da assist\u00eancia social e pedag\u00f3gica junto aos estudantes dos 53 cursos de gradua\u00e7\u00e3o;<\/li>\n<\/ul>\n\n\n\n<ul class=\"wp-block-list\">\n<li><a href=\"https:\/\/sites.uel.br\/proppg\/iniciacao-cientifica-ic\/\">Bolsa de Inicia\u00e7\u00e3o Cient\u00edfica<\/a>: Oportuniza aos alunos de gradua\u00e7\u00e3o da UEL contato com grupos de pesquisa liderados por docentes pesquisadores da UEL;<\/li>\n<\/ul>\n\n\n\n<ul class=\"wp-block-list\">\n<li><a href=\"https:\/\/sites.uel.br\/proppg\/iniciacao-tecnologica-it\/\">Bolsa de Inicia\u00e7\u00e3o Tecnol\u00f3gica<\/a>: Oportuniza aos alunos de gradua\u00e7\u00e3o da UEL contato com grupos de pesquisa tecnol\u00f3gica liderados por docentes pesquisadores da UEL;<\/li>\n<\/ul>\n\n\n\n<ul class=\"wp-block-list\">\n<li><a href=\"https:\/\/sites.uel.br\/proex\/bolsa-iniciacao-extensionista-proinex-vigencia-2025-2026\/\">Bolsa de Inicia\u00e7\u00e3o Extensionista<\/a>: O objetivo \u00e9 atender alunos regularmente matriculados em cursos de gradua\u00e7\u00e3o da UEL, visando o desenvolvimento de atividades de extens\u00e3o universit\u00e1ria ligadas a projetos ou programas de extens\u00e3o cadastrados na PROEX.\u00a0<\/li>\n<\/ul>\n\n\n\n<ul class=\"wp-block-list\">\n<li><a href=\"https:\/\/sites.uel.br\/prograd\/programa-de-acompanhamento-de-bolsas-pab\/\">Programa de Acompanhamento de Bolsas (PAB)<\/a>: Programa da Pr\u00f3-Reitoria de Gradua\u00e7\u00e3o (PROGRAD) que incentiva a inicia\u00e7\u00e3o de estudantes de gradua\u00e7\u00e3o em atividades de Pesquisa em Ensino ou Programas de Forma\u00e7\u00e3o Complementar;<\/li>\n<\/ul>\n\n\n\n<ul class=\"wp-block-list\">\n<li><a href=\"https:\/\/sites.uel.br\/prograd\/pibid\/\">Programa Institucional de Bolsas de Inicia\u00e7\u00e3o \u00e0 Doc\u00eancia (PIBID)<\/a>: Fomento da inicia\u00e7\u00e3o \u00e0 doc\u00eancia, contribuindo para o aperfei\u00e7oamento da forma\u00e7\u00e3o de docentes em n\u00edvel superior e para a melhoria da qualidade da educa\u00e7\u00e3o b\u00e1sica p\u00fablica brasileira.<\/li>\n<\/ul>\n\n\n\n<ul class=\"wp-block-list\">\n<li><a href=\"https:\/\/sites.uel.br\/prograd\/programa-de-educacao-tutorial-pet\/\">Programa de Educa\u00e7\u00e3o Tutorial (PET)<\/a>: Desenvolve atividades de ensino, pesquisa e extens\u00e3o e com isso visa desenvolver e estimular a aprendizagem, assim como ampliar a gama das experi\u00eancias\u00a0na forma\u00e7\u00e3o acad\u00eamica de seus membros, indo al\u00e9m do que apenas a gradua\u00e7\u00e3o proporciona, deste modo o programa tem como um de seus objetivos complementar a forma\u00e7\u00e3o de seus membros.<\/li>\n<\/ul>\n\n\n\n<p><\/p>\n","protected":false},"excerpt":{"rendered":"<p>A Universidade Estadual de Londrina (UEL) desenvolve diversas a\u00e7\u00f5es para garantir que seus estudantes de gradua\u00e7\u00e3o tenham condi\u00e7\u00f5es de permanecer na universidade e concluir seus cursos com qualidade. Para isso, oferece um conjunto de bolsas e aux\u00edlios voltados ao apoio acad\u00eamico, cient\u00edfico, tecnol\u00f3gico, extensionista e social. Sele\u00e7\u00f5es Socioecon\u00f4micas As Sele\u00e7\u00f5es Socioecon\u00f4micas s\u00e3o realizadas pelo Servi\u00e7o [&hellip;]<\/p>\n","protected":false},"author":10,"featured_media":0,"parent":110,"menu_order":0,"comment_status":"closed","ping_status":"closed","template":"","meta":{"_acf_changed":false,"_themeisle_gutenberg_block_has_review":false,"footnotes":""},"class_list":["post-112","page","type-page","status-publish","hentry"],"acf":[],"_links":{"self":[{"href":"https:\/\/sites.uel.br\/prope\/wp-json\/wp\/v2\/pages\/112","targetHints":{"allow":["GET"]}}],"collection":[{"href":"https:\/\/sites.uel.br\/prope\/wp-json\/wp\/v2\/pages"}],"about":[{"href":"https:\/\/sites.uel.br\/prope\/wp-json\/wp\/v2\/types\/page"}],"author":[{"embeddable":true,"href":"https:\/\/sites.uel.br\/prope\/wp-json\/wp\/v2\/users\/10"}],"replies":[{"embeddable":true,"href":"https:\/\/sites.uel.br\/prope\/wp-json\/wp\/v2\/comments?post=112"}],"version-history":[{"count":6,"href":"https:\/\/sites.uel.br\/prope\/wp-json\/wp\/v2\/pages\/112\/revisions"}],"predecessor-version":[{"id":191,"href":"https:\/\/sites.uel.br\/prope\/wp-json\/wp\/v2\/pages\/112\/revisions\/191"}],"up":[{"embeddable":true,"href":"https:\/\/sites.uel.br\/prope\/wp-json\/wp\/v2\/pages\/110"}],"wp:attachment":[{"href":"https:\/\/sites.uel.br\/prope\/wp-json\/wp\/v2\/media?parent=112"}],"curies":[{"name":"wp","href":"https:\/\/api.w.org\/{rel}","templated":true}]}}