{"id":101,"date":"2025-04-29T12:01:14","date_gmt":"2025-04-29T15:01:14","guid":{"rendered":"https:\/\/sites.uel.br\/prope\/?page_id=101"},"modified":"2025-05-20T16:28:00","modified_gmt":"2025-05-20T19:28:00","slug":"iniciacao-cientifica-jr","status":"publish","type":"page","link":"https:\/\/sites.uel.br\/prope\/ensino-medio\/iniciacao-cientifica-jr\/","title":{"rendered":"Inicia\u00e7\u00e3o Cient\u00edfica Jr"},"content":{"rendered":"\n<div style=\"height:30px\" aria-hidden=\"true\" class=\"wp-block-spacer\"><\/div>\n\n\n\n<p>O Programa de Inicia\u00e7\u00e3o Cient\u00edfica J\u00fanior(ICjr) da Universidade Estadual de Londrina \u00e9 direcionado aos estudantes do primeiro ou segundo ano do ensino m\u00e9dio de Escolas P\u00fablicas, proporcionando a esses estudantes o aprendizado e desenvolvimento cient\u00edfico.<\/p>\n\n\n\n<p>Para participar, os estudantes interessados devem entrar em contato com a dire\u00e7\u00e3o ou a coordena\u00e7\u00e3o pedag\u00f3gica da sua escola.<\/p>\n\n\n\n<p>A dire\u00e7\u00e3o ou a coordena\u00e7\u00e3o pedag\u00f3gica de escolas interessadas em participar do Programa dever\u00e3o entrar em contato com o Escrit\u00f3rio de Apoio \u00e0 Pesquisa:&nbsp;<strong>eapq@uel.br<\/strong>Estudantes de qualquer escola podem entrar em contato direto com os docentes pesquisadores da UEL e solicitar participa\u00e7\u00e3o em seus projetos de pesquisa como \u201ccolaborador externo\u201d. Essa experi\u00eancia n\u00e3o \u00e9 considerada como uma inicia\u00e7\u00e3o cient\u00edfica formal, mas \u00e9 tamb\u00e9m uma forma de participar de projetos de pesquisa da UEL.<\/p>\n\n\n\n<p>Para consulta de projetos de pesquisa, acesse:&nbsp;<a href=\"https:\/\/www.sistemasweb.uel.br\/index.php?contents=system\/prj\/pes\/index.php\">Projetos de Pesquisa<\/a>&nbsp;<\/p>\n","protected":false},"excerpt":{"rendered":"<p>O Programa de Inicia\u00e7\u00e3o Cient\u00edfica J\u00fanior(ICjr) da Universidade Estadual de Londrina \u00e9 direcionado aos estudantes do primeiro ou segundo ano do ensino m\u00e9dio de Escolas P\u00fablicas, proporcionando a esses estudantes o aprendizado e desenvolvimento cient\u00edfico. Para participar, os estudantes interessados devem entrar em contato com a dire\u00e7\u00e3o ou a coordena\u00e7\u00e3o pedag\u00f3gica da sua escola. A [&hellip;]<\/p>\n","protected":false},"author":10,"featured_media":0,"parent":98,"menu_order":0,"comment_status":"closed","ping_status":"closed","template":"","meta":{"_acf_changed":false,"_themeisle_gutenberg_block_has_review":false,"footnotes":""},"class_list":["post-101","page","type-page","status-publish","hentry"],"acf":[],"_links":{"self":[{"href":"https:\/\/sites.uel.br\/prope\/wp-json\/wp\/v2\/pages\/101","targetHints":{"allow":["GET"]}}],"collection":[{"href":"https:\/\/sites.uel.br\/prope\/wp-json\/wp\/v2\/pages"}],"about":[{"href":"https:\/\/sites.uel.br\/prope\/wp-json\/wp\/v2\/types\/page"}],"author":[{"embeddable":true,"href":"https:\/\/sites.uel.br\/prope\/wp-json\/wp\/v2\/users\/10"}],"replies":[{"embeddable":true,"href":"https:\/\/sites.uel.br\/prope\/wp-json\/wp\/v2\/comments?post=101"}],"version-history":[{"count":2,"href":"https:\/\/sites.uel.br\/prope\/wp-json\/wp\/v2\/pages\/101\/revisions"}],"predecessor-version":[{"id":179,"href":"https:\/\/sites.uel.br\/prope\/wp-json\/wp\/v2\/pages\/101\/revisions\/179"}],"up":[{"embeddable":true,"href":"https:\/\/sites.uel.br\/prope\/wp-json\/wp\/v2\/pages\/98"}],"wp:attachment":[{"href":"https:\/\/sites.uel.br\/prope\/wp-json\/wp\/v2\/media?parent=101"}],"curies":[{"name":"wp","href":"https:\/\/api.w.org\/{rel}","templated":true}]}}